{"id":52985,"date":"2018-11-10T16:52:38","date_gmt":"2018-11-10T16:52:38","guid":{"rendered":"http:\/\/alpha.beronet.com\/beronet-os\/"},"modified":"2019-06-19T12:13:28","modified_gmt":"2019-06-19T12:13:28","slug":"beronet-os","status":"publish","type":"page","link":"https:\/\/www.beronet.com\/de\/beronet-os\/","title":{"rendered":"Vorteile des beroNet Betriebssystems"},"content":{"rendered":"<p>[vc_row full_width=&#8221;stretch_row&#8221; full_height=&#8221;yes&#8221; css=&#8221;.vc_custom_1554830711607{margin-top: -70px !important;padding-top: 30px !important;padding-bottom: 50px !important;background-image: url(https:\/\/www.beronet.com\/wp-content\/uploads\/2018\/11\/BG-gray.jpg?id=52986) !important;background-position: center !important;background-repeat: no-repeat !important;background-size: cover !important;}&#8221;][vc_column][vc_column_text css=&#8221;.vc_custom_1545246940136{margin-top: -15px !important;padding-right: 40px !important;padding-left: 40px !important;}&#8221;]<\/p>\n<h1 style=\"text-align: center;\">Das beroNet Betriebssystem (OS) bietet eine gro\u00dfe Auswahl an intelligenten und anpassbaren Funktionen.<\/h1>\n<p>[\/vc_column_text]<style type=\"text\/css\" data-type=\"the7_shortcodes-inline-css\">#default-btn-33f0b1276d8cbbcecb0f9beb3039de82.ico-right-side > i {\n  margin-right: 0px;\n  margin-left: 8px;\n}\n#default-btn-33f0b1276d8cbbcecb0f9beb3039de82 > i {\n  margin-right: 8px;\n}\n<\/style><div class=\"btn-align-center\"><a href=\"#details\" class=\"default-btn-shortcode dt-btn dt-btn-l link-hover-off anchor-link \" id=\"default-btn-33f0b1276d8cbbcecb0f9beb3039de82\"><span>SPEZIFIKATIONEN UND MERKMALE<\/span><\/a><\/div>[vc_empty_space height=&#8221;35&#8243;]<style type=\"text\/css\" data-type=\"the7_shortcodes-inline-css\">.shortcode-single-image-wrap.shortcode-single-image-6d6d182fa366973c199da4c255d81ece.enable-bg-rollover .rollover i,\n.shortcode-single-image-wrap.shortcode-single-image-6d6d182fa366973c199da4c255d81ece.enable-bg-rollover .rollover-video i {\n  background: -webkit-linear-gradient();\n  background: linear-gradient();\n}\n.shortcode-single-image-wrap.shortcode-single-image-6d6d182fa366973c199da4c255d81ece .rollover-icon {\n  font-size: 32px;\n  color: #ffffff;\n  min-width: 44px;\n  min-height: 44px;\n  line-height: 44px;\n  border-radius: 100px;\n  border-style: solid;\n  border-width: 0px;\n}\n.dt-icon-bg-on.shortcode-single-image-wrap.shortcode-single-image-6d6d182fa366973c199da4c255d81ece .rollover-icon {\n  background: rgba(255,255,255,0.3);\n  box-shadow: none;\n}\n<\/style><div class=\"shortcode-single-image-wrap shortcode-single-image-6d6d182fa366973c199da4c255d81ece alignnone fadeInUp animate-element  enable-bg-rollover dt-icon-bg-off\" style=\"margin-top:0px; margin-bottom:0px; margin-left:0px; margin-right:0px; width:1031px;\"><div class=\"shortcode-single-image\"><div class=\"fancy-media-wrap  layzr-bg\" style=\"\"><img loading=\"lazy\" decoding=\"async\" class=\"preload-me lazy-load\" src=\"data:image\/svg+xml,%3Csvg%20xmlns%3D&#39;http%3A%2F%2Fwww.w3.org%2F2000%2Fsvg&#39;%20viewBox%3D&#39;0%200%201000%20484&#39;%2F%3E\" data-src=\"https:\/\/www.beronet.com\/wp-content\/uploads\/2018\/11\/beroNet-OS-responsive-e1542364292948.png\" data-srcset=\"https:\/\/www.beronet.com\/wp-content\/uploads\/2018\/11\/beroNet-OS-responsive-e1542364292948.png 1000w\" width=\"1000\" height=\"484\"  data-dt-location=\"https:\/\/www.beronet.com\/de\/beronet-os\/attachment\/beronet-os-responsive\/\" style=\"\" alt=\"beroNet OS responsive devices easy installation, apps and XML\" \/><\/div><\/div><\/div>[\/vc_column][\/vc_row][vc_row css=&#8221;.vc_custom_1542747413709{padding-top: 60px !important;padding-right: 20px !important;padding-bottom: 60px !important;padding-left: 20px !important;}&#8221;][vc_column css=&#8221;.vc_custom_1542747300005{padding-right: 15px !important;padding-left: 15px !important;}&#8221;][vc_column_text]<\/p>\n<p>[vc_column_text el_id=&#8221;details&#8221;]<\/p>\n<h2 id=\"#details\" style=\"text-align: center;\">Jedes beroNet VoIP Gateway verf\u00fcgt \u00fcber folgende Funktionen<\/h2>\n<p>[\/vc_column_text][\/vc_column][\/vc_row][vc_row css=&#8221;.vc_custom_1542747312597{padding-right: 15px !important;padding-left: 15px !important;}&#8221;][vc_column width=&#8221;1\/2&#8243;]<div class=\"aio-icon-component    style_1\"><div id=\"Info-box-wrap-1955\" class=\"aio-icon-box left-icon\" style=\"\"  ><div class=\"aio-icon-left\"><div class=\"ult-just-icon-wrapper  \"><div class=\"align-icon\" style=\"text-align:center;\">\n<div class=\"aio-icon-img \" style=\"font-size:85px;display:inline-block;\" >\n\t<img decoding=\"async\" class=\"img-icon\" alt=\"null\" src=\"https:\/\/www.beronet.com\/wp-content\/uploads\/2018\/11\/5-Minute-Installation.png\"\/>\n<\/div><\/div><\/div><\/div><div class=\"aio-ibd-block\"><div class=\"aio-icon-header\" ><h3 class=\"aio-icon-title ult-responsive\"  data-ultimate-target='#Info-box-wrap-1955 .aio-icon-title'  data-responsive-json-new='{\"font-size\":\"desktop:18px;\",\"line-height\":\"\"}'  style=\"\">5 Minuten Installation<\/h3><\/div> <!-- header --><div class=\"aio-icon-description ult-responsive\"  data-ultimate-target='#Info-box-wrap-1955 .aio-icon-description'  data-responsive-json-new='{\"font-size\":\"\",\"line-height\":\"\"}'  style=\"\">Sparen Sie Zeit bei der Dialplan-Konfiguration und Port-Gruppierung durch den Einsatz eines automatischen Konfigurationsassistenten.<\/div> <!-- description --><\/div> <!-- aio-ibd-block --><\/div> <!-- aio-icon-box --><\/div> <!-- aio-icon-component -->[\/vc_column][vc_column width=&#8221;1\/2&#8243;]<div class=\"aio-icon-component    style_1\"><div id=\"Info-box-wrap-6428\" class=\"aio-icon-box left-icon\" style=\"\"  ><div class=\"aio-icon-left\"><div class=\"ult-just-icon-wrapper  \"><div class=\"align-icon\" style=\"text-align:center;\">\n<div class=\"aio-icon-img \" style=\"font-size:85px;display:inline-block;\" >\n\t<img decoding=\"async\" class=\"img-icon\" alt=\"null\" src=\"https:\/\/www.beronet.com\/wp-content\/uploads\/2018\/11\/Compatible.png\"\/>\n<\/div><\/div><\/div><\/div><div class=\"aio-ibd-block\"><div class=\"aio-icon-header\" ><h3 class=\"aio-icon-title ult-responsive\"  data-ultimate-target='#Info-box-wrap-6428 .aio-icon-title'  data-responsive-json-new='{\"font-size\":\"desktop:18px;\",\"line-height\":\"\"}'  style=\"\">Kompatibel mit allen PBX-Systemen<\/h3><\/div> <!-- header --><div class=\"aio-icon-description ult-responsive\"  data-ultimate-target='#Info-box-wrap-6428 .aio-icon-description'  data-responsive-json-new='{\"font-size\":\"\",\"line-height\":\"\"}'  style=\"\">Verwenden Sie Ihr VoIP Gateway mit jeder Telefonanlage oder <strong>IP-PBX-Anlage.<\/strong><\/div> <!-- description --><\/div> <!-- aio-ibd-block --><\/div> <!-- aio-icon-box --><\/div> <!-- aio-icon-component -->[\/vc_column][\/vc_row][vc_row css=&#8221;.vc_custom_1542747320846{padding-right: 15px !important;padding-left: 15px !important;}&#8221;][vc_column width=&#8221;1\/2&#8243;]<div class=\"aio-icon-component    style_1\"><div id=\"Info-box-wrap-9893\" class=\"aio-icon-box left-icon\" style=\"\"  ><div class=\"aio-icon-left\"><div class=\"ult-just-icon-wrapper  \"><div class=\"align-icon\" style=\"text-align:center;\">\n<div class=\"aio-icon-img \" style=\"font-size:85px;display:inline-block;\" >\n\t<img decoding=\"async\" class=\"img-icon\" alt=\"null\" src=\"https:\/\/www.beronet.com\/wp-content\/uploads\/2018\/11\/Compatible.png\"\/>\n<\/div><\/div><\/div><\/div><div class=\"aio-ibd-block\"><div class=\"aio-icon-header\" ><h3 class=\"aio-icon-title ult-responsive\"  data-ultimate-target='#Info-box-wrap-9893 .aio-icon-title'  data-responsive-json-new='{\"font-size\":\"desktop:18px;\",\"line-height\":\"\"}'  style=\"\">Einfach zu konfigurieren<\/h3><\/div> <!-- header --><div class=\"aio-icon-description ult-responsive\"  data-ultimate-target='#Info-box-wrap-9893 .aio-icon-description'  data-responsive-json-new='{\"font-size\":\"\",\"line-height\":\"\"}'  style=\"\">Verwenden Sie eine ansprechbare Web-GUI, um Ihr VoIP Gateway einfach zu konfigurieren.<\/div> <!-- description --><\/div> <!-- aio-ibd-block --><\/div> <!-- aio-icon-box --><\/div> <!-- aio-icon-component -->[\/vc_column][vc_column width=&#8221;1\/2&#8243;]<div class=\"aio-icon-component    style_1\"><div id=\"Info-box-wrap-4661\" class=\"aio-icon-box left-icon\" style=\"\"  ><div class=\"aio-icon-left\"><div class=\"ult-just-icon-wrapper  \"><div class=\"align-icon\" style=\"text-align:center;\">\n<div class=\"aio-icon-img \" style=\"font-size:85px;display:inline-block;\" >\n\t<img decoding=\"async\" class=\"img-icon\" alt=\"null\" src=\"https:\/\/www.beronet.com\/wp-content\/uploads\/2018\/11\/Cloud-managed-and-monitored.png\"\/>\n<\/div><\/div><\/div><\/div><div class=\"aio-ibd-block\"><div class=\"aio-icon-header\" ><h3 class=\"aio-icon-title ult-responsive\"  data-ultimate-target='#Info-box-wrap-4661 .aio-icon-title'  data-responsive-json-new='{\"font-size\":\"desktop:18px;\",\"line-height\":\"\"}'  style=\"\">Verwaltung und \u00dcberwachung \u00fcber die Cloud<\/h3><\/div> <!-- header --><div class=\"aio-icon-description ult-responsive\"  data-ultimate-target='#Info-box-wrap-4661 .aio-icon-description'  data-responsive-json-new='{\"font-size\":\"\",\"line-height\":\"\"}'  style=\"\">Mit der beroCloud haben Sie die <strong>volle Kontrolle<\/strong> \u00fcber Ihr beroNet VoIP Gateway.<\/div> <!-- description --><\/div> <!-- aio-ibd-block --><\/div> <!-- aio-icon-box --><\/div> <!-- aio-icon-component -->[\/vc_column][\/vc_row][vc_row css=&#8221;.vc_custom_1542747347237{padding-right: 15px !important;padding-left: 15px !important;}&#8221;][vc_column width=&#8221;1\/2&#8243;]<div class=\"aio-icon-component    style_1\"><div id=\"Info-box-wrap-9694\" class=\"aio-icon-box left-icon\" style=\"\"  ><div class=\"aio-icon-left\"><div class=\"ult-just-icon-wrapper  \"><div class=\"align-icon\" style=\"text-align:center;\">\n<div class=\"aio-icon-img \" style=\"font-size:85px;display:inline-block;\" >\n\t<img decoding=\"async\" class=\"img-icon\" alt=\"null\" src=\"https:\/\/www.beronet.com\/wp-content\/uploads\/2018\/11\/Provider-Templates.png\"\/>\n<\/div><\/div><\/div><\/div><div class=\"aio-ibd-block\"><div class=\"aio-icon-header\" ><h3 class=\"aio-icon-title ult-responsive\"  data-ultimate-target='#Info-box-wrap-9694 .aio-icon-title'  data-responsive-json-new='{\"font-size\":\"desktop:18px;\",\"line-height\":\"\"}'  style=\"\">Provider Templates f\u00fcr unterst\u00fctzte SIP-Provider<\/h3><\/div> <!-- header --><div class=\"aio-icon-description ult-responsive\"  data-ultimate-target='#Info-box-wrap-9694 .aio-icon-description'  data-responsive-json-new='{\"font-size\":\"\",\"line-height\":\"\"}'  style=\"\">Laden Sie unterst\u00fctzte Provider Templates in die Web-GUI hoch, um die Konfiguration Ihrer SIP-Konten zu vereinfachen.<\/div> <!-- description --><\/div> <!-- aio-ibd-block --><\/div> <!-- aio-icon-box --><\/div> <!-- aio-icon-component -->[\/vc_column][vc_column width=&#8221;1\/2&#8243;]<div class=\"aio-icon-component    style_1\"><div id=\"Info-box-wrap-5680\" class=\"aio-icon-box left-icon\" style=\"\"  ><div class=\"aio-icon-left\"><div class=\"ult-just-icon-wrapper  \"><div class=\"align-icon\" style=\"text-align:center;\">\n<div class=\"aio-icon-img \" style=\"font-size:85px;display:inline-block;\" >\n\t<img decoding=\"async\" class=\"img-icon\" alt=\"null\" src=\"https:\/\/www.beronet.com\/wp-content\/uploads\/2018\/11\/beroNet-App-Market.png\"\/>\n<\/div><\/div><\/div><\/div><div class=\"aio-ibd-block\"><div class=\"aio-icon-description ult-responsive\"  data-ultimate-target='#Info-box-wrap-5680 .aio-icon-description'  data-responsive-json-new='{\"font-size\":\"\",\"line-height\":\"\"}'  style=\"\">Erweitern Sie die Funktionalit\u00e4t Ihres VoIP Gateways durch die Installation von Apps. Zu den Apps geh\u00f6ren die Survival Branch Appliance-, OpenVPN- und Asterisk-App.<\/div> <!-- description --><\/div> <!-- aio-ibd-block --><\/div> <!-- aio-icon-box --><\/div> <!-- aio-icon-component -->[\/vc_column][\/vc_row][vc_row css=&#8221;.vc_custom_1542747356318{padding-right: 15px !important;padding-left: 15px !important;}&#8221;][vc_column width=&#8221;1\/2&#8243;]<div class=\"aio-icon-component    style_1\"><div id=\"Info-box-wrap-5931\" class=\"aio-icon-box left-icon\" style=\"\"  ><div class=\"aio-icon-left\"><div class=\"ult-just-icon-wrapper  \"><div class=\"align-icon\" style=\"text-align:center;\">\n<div class=\"aio-icon-img \" style=\"font-size:85px;display:inline-block;\" >\n\t<img decoding=\"async\" class=\"img-icon\" alt=\"null\" src=\"https:\/\/www.beronet.com\/wp-content\/uploads\/2018\/11\/SBC-Functionality.png\"\/>\n<\/div><\/div><\/div><\/div><div class=\"aio-ibd-block\"><div class=\"aio-icon-header\" ><h3 class=\"aio-icon-title ult-responsive\"  data-ultimate-target='#Info-box-wrap-5931 .aio-icon-title'  data-responsive-json-new='{\"font-size\":\"desktop:18px;\",\"line-height\":\"\"}'  style=\"\">SBC-Funktionalit\u00e4t<\/h3><\/div> <!-- header --><div class=\"aio-icon-description ult-responsive\"  data-ultimate-target='#Info-box-wrap-5931 .aio-icon-description'  data-responsive-json-new='{\"font-size\":\"\",\"line-height\":\"\"}'  style=\"\">Verbinden Sie zwei verschiedene IP-PBX-Systeme und erstellen Sie SIP-Failover-Systeme mit dem integrierten SBC. Verwenden Sie den zus\u00e4tzlichen NIC-Port f\u00fcr die SBC-Funktionalit\u00e4t.<\/div> <!-- description --><\/div> <!-- aio-ibd-block --><\/div> <!-- aio-icon-box --><\/div> <!-- aio-icon-component -->[\/vc_column][vc_column width=&#8221;1\/2&#8243;]<div class=\"aio-icon-component    style_1\"><div id=\"Info-box-wrap-2546\" class=\"aio-icon-box left-icon\" style=\"\"  ><div class=\"aio-icon-left\"><div class=\"ult-just-icon-wrapper  \"><div class=\"align-icon\" style=\"text-align:center;\">\n<div class=\"aio-icon-img \" style=\"font-size:85px;display:inline-block;\" >\n\t<img decoding=\"async\" class=\"img-icon\" alt=\"null\" src=\"https:\/\/www.beronet.com\/wp-content\/uploads\/2018\/11\/XML.png\"\/>\n<\/div><\/div><\/div><\/div><div class=\"aio-ibd-block\"><div class=\"aio-icon-header\" ><h3 class=\"aio-icon-title ult-responsive\"  data-ultimate-target='#Info-box-wrap-2546 .aio-icon-title'  data-responsive-json-new='{\"font-size\":\"desktop:18px;\",\"line-height\":\"\"}'  style=\"\">Einfache Provisionierung mit XML<\/h3><\/div> <!-- header --><div class=\"aio-icon-description ult-responsive\"  data-ultimate-target='#Info-box-wrap-2546 .aio-icon-description'  data-responsive-json-new='{\"font-size\":\"\",\"line-height\":\"\"}'  style=\"\">Direkte Bereitstellung von beroNet Gateways \u00fcber XML.<\/div> <!-- description --><\/div> <!-- aio-ibd-block --><\/div> <!-- aio-icon-box --><\/div> <!-- aio-icon-component -->[\/vc_column][\/vc_row][vc_row][vc_column][vc_empty_space height=&#8221;40&#8243;][\/vc_column][\/vc_row][vc_row full_width=&#8221;stretch_row&#8221; content_placement=&#8221;middle&#8221; bg_type=&#8221;image&#8221; css=&#8221;.vc_custom_1554830724622{margin-top: 70px !important;margin-bottom: -70px !important;padding-top: 80px !important;padding-right: 0px !important;padding-bottom: 80px !important;padding-left: 0px !important;background-image: url(https:\/\/www.beronet.com\/wp-content\/uploads\/2018\/10\/BG-1.jpg?id=53691) !important;background-position: center !important;background-repeat: no-repeat !important;background-size: cover !important;}&#8221;][vc_column css=&#8221;.vc_custom_1540210235282{padding-right: 50px !important;padding-left: 50px !important;background-position: center !important;background-repeat: no-repeat !important;background-size: contain !important;}&#8221;][vc_column_text]<\/p>\n<h4 style=\"text-align: center;\">Ben\u00f6tigen Sie eine Funktion, die Sie nicht finden k\u00f6nnen? Kontaktieren Sie uns direkt, indem Sie eine E-Mail an<span style=\"color: #c0001e;\"><strong> <a style=\"color: #c0001e;\" href=\"mailto:sales@beronet.com\">sales@beronet.com<\/a>.<\/strong><\/span><\/h4>\n<h4 style=\"text-align: center;\">Wenn wir ein Feature nicht haben, k\u00f6nnen wir es entwickeln oder Ihnen unsere API vorstellen.<\/h4>\n<p>[\/vc_column_text][vc_column_text]<\/p>\n<p style=\"text-align: center;\"><strong><a href=\"https:\/\/www.beronet.com\/de\/services\/#development\">KUNDENSPEZIFISCHE ENTWICKLUNG<\/a><\/strong><\/p>\n<p>[\/vc_column_text][\/vc_column][\/vc_row]<\/p>\n","protected":false},"excerpt":{"rendered":"<p>[vc_row full_width=&#8221;stretch_row&#8221; full_height=&#8221;yes&#8221; css=&#8221;.vc_custom_1554830711607{margin-top: -70px !important;padding-top: 30px !important;padding-bottom: 50px !important;background-image: url(https:\/\/www.beronet.com\/wp-content\/uploads\/2018\/11\/BG-gray.jpg?id=52986) !important;background-position: center !important;background-repeat: no-repeat !important;background-size: cover !important;}&#8221;][vc_column][vc_column_text css=&#8221;.vc_custom_1545246940136{margin-top: -15px !important;padding-right: 40px !important;padding-left: 40px !important;}&#8221;] Das beroNet Betriebssystem (OS) bietet eine gro\u00dfe Auswahl an intelligenten und anpassbaren Funktionen. [\/vc_column_text][vc_empty_space height=&#8221;35&#8243;][\/vc_column][\/vc_row][vc_row css=&#8221;.vc_custom_1542747413709{padding-top: 60px !important;padding-right: 20px !important;padding-bottom: 60px !important;padding-left: 20px !important;}&#8221;][vc_column css=&#8221;.vc_custom_1542747300005{padding-right: 15px !important;padding-left: 15px !important;}&#8221;][vc_column_text] [vc_column_text&hellip;<\/p>\n","protected":false},"author":1,"featured_media":0,"parent":0,"menu_order":0,"comment_status":"closed","ping_status":"closed","template":"","meta":{"content-type":""},"tags":[],"class_list":["post-52985","page","type-page","status-publish","hentry","description-off"],"yoast_head":"<!-- This site is optimized with the Yoast SEO plugin v24.1 - https:\/\/yoast.com\/wordpress\/plugins\/seo\/ -->\n<title>Vorteile des beroNet Betriebssystems - beroNet<\/title>\n<meta name=\"description\" content=\"Das beroNet Betriebssystem (OS) bietet eine gro\u00dfe Auswahl an intelligenten und anpassbaren Funktionen: kompatibel mit allen PBX-Systemen, cloud optimierter und mehr.\" \/>\n<meta name=\"robots\" content=\"index, follow, max-snippet:-1, max-image-preview:large, max-video-preview:-1\" \/>\n<link rel=\"canonical\" href=\"https:\/\/www.beronet.com\/de\/beronet-os\/\" \/>\n<meta property=\"og:locale\" content=\"de_DE\" \/>\n<meta property=\"og:type\" content=\"article\" \/>\n<meta property=\"og:title\" content=\"Vorteile des beroNet Betriebssystems - beroNet\" \/>\n<meta property=\"og:description\" content=\"Das beroNet Betriebssystem (OS) bietet eine gro\u00dfe Auswahl an intelligenten und anpassbaren Funktionen: kompatibel mit allen PBX-Systemen, cloud optimierter und mehr.\" \/>\n<meta property=\"og:url\" content=\"https:\/\/www.beronet.com\/de\/beronet-os\/\" \/>\n<meta property=\"og:site_name\" content=\"beroNet\" \/>\n<meta property=\"article:modified_time\" content=\"2019-06-19T12:13:28+00:00\" \/>\n<meta name=\"twitter:card\" content=\"summary_large_image\" \/>\n<meta name=\"twitter:label1\" content=\"Gesch\u00e4tzte Lesezeit\" \/>\n\t<meta name=\"twitter:data1\" content=\"4\u00a0Minuten\" \/>\n<script type=\"application\/ld+json\" class=\"yoast-schema-graph\">{\"@context\":\"https:\/\/schema.org\",\"@graph\":[{\"@type\":\"WebPage\",\"@id\":\"https:\/\/www.beronet.com\/de\/beronet-os\/\",\"url\":\"https:\/\/www.beronet.com\/de\/beronet-os\/\",\"name\":\"Vorteile des beroNet Betriebssystems - beroNet\",\"isPartOf\":{\"@id\":\"https:\/\/www.beronet.com\/de\/#website\"},\"datePublished\":\"2018-11-10T16:52:38+00:00\",\"dateModified\":\"2019-06-19T12:13:28+00:00\",\"description\":\"Das beroNet Betriebssystem (OS) bietet eine gro\u00dfe Auswahl an intelligenten und anpassbaren Funktionen: kompatibel mit allen PBX-Systemen, cloud optimierter und mehr.\",\"breadcrumb\":{\"@id\":\"https:\/\/www.beronet.com\/de\/beronet-os\/#breadcrumb\"},\"inLanguage\":\"de\",\"potentialAction\":[{\"@type\":\"ReadAction\",\"target\":[\"https:\/\/www.beronet.com\/de\/beronet-os\/\"]}]},{\"@type\":\"BreadcrumbList\",\"@id\":\"https:\/\/www.beronet.com\/de\/beronet-os\/#breadcrumb\",\"itemListElement\":[{\"@type\":\"ListItem\",\"position\":1,\"name\":\"Start\",\"item\":\"https:\/\/www.beronet.com\/de\/\"},{\"@type\":\"ListItem\",\"position\":2,\"name\":\"Vorteile des beroNet Betriebssystems\"}]},{\"@type\":\"WebSite\",\"@id\":\"https:\/\/www.beronet.com\/de\/#website\",\"url\":\"https:\/\/www.beronet.com\/de\/\",\"name\":\"beroNet\",\"description\":\"Cloud-optimierte VoIP-Hardware\",\"publisher\":{\"@id\":\"https:\/\/www.beronet.com\/de\/#organization\"},\"potentialAction\":[{\"@type\":\"SearchAction\",\"target\":{\"@type\":\"EntryPoint\",\"urlTemplate\":\"https:\/\/www.beronet.com\/de\/?s={search_term_string}\"},\"query-input\":{\"@type\":\"PropertyValueSpecification\",\"valueRequired\":true,\"valueName\":\"search_term_string\"}}],\"inLanguage\":\"de\"},{\"@type\":\"Organization\",\"@id\":\"https:\/\/www.beronet.com\/de\/#organization\",\"name\":\"beroNet GmbH\",\"url\":\"https:\/\/www.beronet.com\/de\/\",\"logo\":{\"@type\":\"ImageObject\",\"inLanguage\":\"de\",\"@id\":\"https:\/\/www.beronet.com\/de\/#\/schema\/logo\/image\/\",\"url\":\"https:\/\/www.beronet.com\/wp-content\/uploads\/2018\/09\/logo-1.png\",\"contentUrl\":\"https:\/\/www.beronet.com\/wp-content\/uploads\/2018\/09\/logo-1.png\",\"width\":197,\"height\":40,\"caption\":\"beroNet GmbH\"},\"image\":{\"@id\":\"https:\/\/www.beronet.com\/de\/#\/schema\/logo\/image\/\"}}]}<\/script>\n<!-- \/ Yoast SEO plugin. -->","yoast_head_json":{"title":"Vorteile des beroNet Betriebssystems - beroNet","description":"Das beroNet Betriebssystem (OS) bietet eine gro\u00dfe Auswahl an intelligenten und anpassbaren Funktionen: kompatibel mit allen PBX-Systemen, cloud optimierter und mehr.","robots":{"index":"index","follow":"follow","max-snippet":"max-snippet:-1","max-image-preview":"max-image-preview:large","max-video-preview":"max-video-preview:-1"},"canonical":"https:\/\/www.beronet.com\/de\/beronet-os\/","og_locale":"de_DE","og_type":"article","og_title":"Vorteile des beroNet Betriebssystems - beroNet","og_description":"Das beroNet Betriebssystem (OS) bietet eine gro\u00dfe Auswahl an intelligenten und anpassbaren Funktionen: kompatibel mit allen PBX-Systemen, cloud optimierter und mehr.","og_url":"https:\/\/www.beronet.com\/de\/beronet-os\/","og_site_name":"beroNet","article_modified_time":"2019-06-19T12:13:28+00:00","twitter_card":"summary_large_image","twitter_misc":{"Gesch\u00e4tzte Lesezeit":"4\u00a0Minuten"},"schema":{"@context":"https:\/\/schema.org","@graph":[{"@type":"WebPage","@id":"https:\/\/www.beronet.com\/de\/beronet-os\/","url":"https:\/\/www.beronet.com\/de\/beronet-os\/","name":"Vorteile des beroNet Betriebssystems - beroNet","isPartOf":{"@id":"https:\/\/www.beronet.com\/de\/#website"},"datePublished":"2018-11-10T16:52:38+00:00","dateModified":"2019-06-19T12:13:28+00:00","description":"Das beroNet Betriebssystem (OS) bietet eine gro\u00dfe Auswahl an intelligenten und anpassbaren Funktionen: kompatibel mit allen PBX-Systemen, cloud optimierter und mehr.","breadcrumb":{"@id":"https:\/\/www.beronet.com\/de\/beronet-os\/#breadcrumb"},"inLanguage":"de","potentialAction":[{"@type":"ReadAction","target":["https:\/\/www.beronet.com\/de\/beronet-os\/"]}]},{"@type":"BreadcrumbList","@id":"https:\/\/www.beronet.com\/de\/beronet-os\/#breadcrumb","itemListElement":[{"@type":"ListItem","position":1,"name":"Start","item":"https:\/\/www.beronet.com\/de\/"},{"@type":"ListItem","position":2,"name":"Vorteile des beroNet Betriebssystems"}]},{"@type":"WebSite","@id":"https:\/\/www.beronet.com\/de\/#website","url":"https:\/\/www.beronet.com\/de\/","name":"beroNet","description":"Cloud-optimierte VoIP-Hardware","publisher":{"@id":"https:\/\/www.beronet.com\/de\/#organization"},"potentialAction":[{"@type":"SearchAction","target":{"@type":"EntryPoint","urlTemplate":"https:\/\/www.beronet.com\/de\/?s={search_term_string}"},"query-input":{"@type":"PropertyValueSpecification","valueRequired":true,"valueName":"search_term_string"}}],"inLanguage":"de"},{"@type":"Organization","@id":"https:\/\/www.beronet.com\/de\/#organization","name":"beroNet GmbH","url":"https:\/\/www.beronet.com\/de\/","logo":{"@type":"ImageObject","inLanguage":"de","@id":"https:\/\/www.beronet.com\/de\/#\/schema\/logo\/image\/","url":"https:\/\/www.beronet.com\/wp-content\/uploads\/2018\/09\/logo-1.png","contentUrl":"https:\/\/www.beronet.com\/wp-content\/uploads\/2018\/09\/logo-1.png","width":197,"height":40,"caption":"beroNet GmbH"},"image":{"@id":"https:\/\/www.beronet.com\/de\/#\/schema\/logo\/image\/"}}]}},"_links":{"self":[{"href":"https:\/\/www.beronet.com\/de\/wp-json\/wp\/v2\/pages\/52985","targetHints":{"allow":["GET"]}}],"collection":[{"href":"https:\/\/www.beronet.com\/de\/wp-json\/wp\/v2\/pages"}],"about":[{"href":"https:\/\/www.beronet.com\/de\/wp-json\/wp\/v2\/types\/page"}],"author":[{"embeddable":true,"href":"https:\/\/www.beronet.com\/de\/wp-json\/wp\/v2\/users\/1"}],"replies":[{"embeddable":true,"href":"https:\/\/www.beronet.com\/de\/wp-json\/wp\/v2\/comments?post=52985"}],"version-history":[{"count":14,"href":"https:\/\/www.beronet.com\/de\/wp-json\/wp\/v2\/pages\/52985\/revisions"}],"predecessor-version":[{"id":57245,"href":"https:\/\/www.beronet.com\/de\/wp-json\/wp\/v2\/pages\/52985\/revisions\/57245"}],"wp:attachment":[{"href":"https:\/\/www.beronet.com\/de\/wp-json\/wp\/v2\/media?parent=52985"}],"wp:term":[{"taxonomy":"post_tag","embeddable":true,"href":"https:\/\/www.beronet.com\/de\/wp-json\/wp\/v2\/tags?post=52985"}],"curies":[{"name":"wp","href":"https:\/\/api.w.org\/{rel}","templated":true}]}}