{"id":52999,"date":"2018-11-19T10:00:12","date_gmt":"2018-11-19T10:00:12","guid":{"rendered":"http:\/\/alpha.beronet.com\/voip-gateways\/"},"modified":"2024-03-06T15:22:02","modified_gmt":"2024-03-06T15:22:02","slug":"voip-gateways","status":"publish","type":"page","link":"https:\/\/www.beronet.com\/de\/voip-gateways\/","title":{"rendered":"beroNet VoIP Gateways und E-SBCs"},"content":{"rendered":"<p>[vc_row content_placement=&#8221;middle&#8221; css=&#8221;.vc_custom_1550248647897{padding-right: 15px !important;padding-bottom: 50px !important;padding-left: 15px !important;}&#8221;][vc_column width=&#8221;1\/2&#8243;][vc_empty_space][vc_column_text]<\/p>\n<h3>VoIP Gateways und E-SBCs mit beroNet Betriebssystem (OS)<\/h3>\n<p>Das beroNet OS stellt eine intuitive und damit einfach zu nutzende Weboberfl\u00e4che bereit, dank der Sie die volle Kontrolle \u00fcber Ihr beroNet VoIP Gateway oder E-SBC haben. \u00dcber das beroNet OS k\u00f6nnen Sie Ihre Gateways und SBCs mit der beroNet Cloud verbinden, so dass Sie jedes Ihrer installierten beroNet Ger\u00e4te, welches an das Internet angebunden ist, erreichen und \u00fcberwachen k\u00f6nnen.[\/vc_column_text]<style type=\"text\/css\" data-type=\"the7_shortcodes-inline-css\">#default-btn-211faa6cebdc390df63cdf50ac537e95.ico-right-side > i {\n  margin-right: 0px;\n  margin-left: 8px;\n}\n#default-btn-211faa6cebdc390df63cdf50ac537e95 > i {\n  margin-right: 8px;\n}\n<\/style><a href=\"\/de\/beronet-os\/\" class=\"default-btn-shortcode dt-btn dt-btn-s link-hover-off btn-inline-left \" id=\"default-btn-211faa6cebdc390df63cdf50ac537e95\"><span>MEHR ERFAHREN<\/span><\/a>[\/vc_column][vc_column width=&#8221;1\/2&#8243;][vc_single_image image=&#8221;53855&#8243; img_size=&#8221;large&#8221; alignment=&#8221;center&#8221; css=&#8221;.vc_custom_1542988118462{padding-top: 25px !important;padding-bottom: 25px !important;}&#8221;][\/vc_column][\/vc_row][vc_row full_width=&#8221;stretch_row&#8221; content_placement=&#8221;middle&#8221; css=&#8221;.vc_custom_1542988189222{padding-top: 35px !important;padding-bottom: 50px !important;background-color: #f8f8f8 !important;}&#8221;][vc_column width=&#8221;1\/2&#8243;][vc_single_image image=&#8221;59759&#8243; img_size=&#8221;full&#8221; alignment=&#8221;center&#8221;][\/vc_column][vc_column width=&#8221;1\/2&#8243;][vc_empty_space][vc_column_text]<\/p>\n<h3>Idealer Einstieg mit der eSBC Small Business Line<\/h3>\n<p>beroNet eSBC Small Business Line VoIP Gateways sind die ideale und kosteng\u00fcnstige L\u00f6sung f\u00fcr kleinere Unternehmen. Durch das beroNet OS verf\u00fcgen Ger\u00e4te der eSBC Small Business Line \u00fcber die meisten Features der anderen Gateways, abgesehen von der Modulari\u00e4t, die nur den anderen Gateways vorbehalten ist.[\/vc_column_text]<style type=\"text\/css\" data-type=\"the7_shortcodes-inline-css\">#default-btn-f0eec4ddd70f964231d0a753e552c1d2.ico-right-side > i {\n  margin-right: 0px;\n  margin-left: 8px;\n}\n#default-btn-f0eec4ddd70f964231d0a753e552c1d2 > i {\n  margin-right: 8px;\n}\n<\/style><a href=\"\/de\/gateway\/small-business-line-voip-gateway\/\" class=\"default-btn-shortcode dt-btn dt-btn-s link-hover-off btn-inline-left \" id=\"default-btn-f0eec4ddd70f964231d0a753e552c1d2\"><span>MEHR ERFAHREN<\/span><\/a>[vc_empty_space][\/vc_column][\/vc_row][vc_row content_placement=&#8221;middle&#8221; css=&#8221;.vc_custom_1550248609555{padding-top: 35px !important;padding-right: 15px !important;padding-bottom: 50px !important;padding-left: 15px !important;background-color: #ffffff !important;}&#8221;][vc_column width=&#8221;1\/2&#8243; css=&#8221;.vc_custom_1550248203214{padding-right: 15px !important;padding-left: 15px !important;}&#8221;][vc_empty_space height=&#8221;50&#8243;][vc_column_text]<\/p>\n<h3>Modulare SBC VoIP Gateways f\u00fcr jeden Einsatzzweck<\/h3>\n<p>Modulare beroNet VoIP Gateways k\u00f6nnen mit bis zu zwei Modulen (BRI, PRI, FXS und FXO) best\u00fcckt werden, so dass f\u00fcr fast jeden Einsatzzweck die passende Kombination m\u00f6glich ist. Das beroNet Betriebssystem erm\u00f6glicht es Ihnen, SBC-Lizenzen auf Ihrem Gateway zu installieren, um SIP-to-SIP Gespr\u00e4che zu t\u00e4tigen. Apps erm\u00f6glichen es Ihnen hingegen das modulare VoIP Gateway in eine <a href=\"\/de\/gateway\/survival-branch-appliance-sba-app\/\">Survival Branch Appliance<\/a> oder Mini-Appliance zu verwandeln.[\/vc_column_text][vc_column_text]<style type=\"text\/css\" data-type=\"the7_shortcodes-inline-css\">#default-btn-df647a20f6c06f6ca32dc96b0990721b.ico-right-side > i {\n  margin-right: 0px;\n  margin-left: 8px;\n}\n#default-btn-df647a20f6c06f6ca32dc96b0990721b > i {\n  margin-right: 8px;\n}\n<\/style><a href=\"\/de\/voip-gateways\/analog-gateways\/\" class=\"default-btn-shortcode dt-btn dt-btn-m link-hover-off \" id=\"default-btn-df647a20f6c06f6ca32dc96b0990721b\"><span>ANALOG GATEWAYS<\/span><\/a>\u00a0 \u00a0<style type=\"text\/css\" data-type=\"the7_shortcodes-inline-css\">#default-btn-1eaecb13360c1302649314fbb7b0e123.ico-right-side > i {\n  margin-right: 0px;\n  margin-left: 8px;\n}\n#default-btn-1eaecb13360c1302649314fbb7b0e123 > i {\n  margin-right: 8px;\n}\n<\/style><a href=\"\/de\/voip-gateways\/isdn-voip-gateways\/\" class=\"default-btn-shortcode dt-btn dt-btn-m link-hover-off \" id=\"default-btn-1eaecb13360c1302649314fbb7b0e123\"><span>ISDN GATEWAYS<\/span><\/a>[\/vc_column_text][\/vc_column][vc_column width=&#8221;1\/2&#8243;][vc_single_image image=&#8221;59473&#8243; img_size=&#8221;full&#8221; alignment=&#8221;center&#8221;][\/vc_column][\/vc_row][vc_row full_width=&#8221;stretch_row&#8221; content_placement=&#8221;middle&#8221; css=&#8221;.vc_custom_1542631465770{padding-top: 35px !important;padding-bottom: 50px !important;background-color: #f8f8f8 !important;}&#8221;][vc_column width=&#8221;1\/2&#8243;][vc_single_image image=&#8221;57971&#8243; img_size=&#8221;full&#8221; alignment=&#8221;center&#8221;][\/vc_column][vc_column width=&#8221;1\/2&#8243;][vc_column_text]<\/p>\n<h3>LTE f\u00fcr Least Cost Routing, Mobilit\u00e4t und Failover<\/h3>\n<p>beroNet VoLTE E-SBC sind die beste Gateway basierende L\u00f6sung um eine 24\/7 Erreichbarkeit zu gew\u00e4hrleisten. Leiten Sie Mobilfunkanrufe direkt \u00fcber LTE f\u00fcr Least Cost Routing. Das mobile B\u00fcro ist dank VoLTE E-SBC realisierbar geworden. VoLTE E-SBC in der Kombination mit der <a href=\"\/de\/gateway\/survival-branch-appliance-sba-app\/\">beroNet SBA App<\/a> ergeben eine Failover L\u00f6sung, die die Erreichbarkeit gew\u00e4hrleistet, selbst wenn der IP-PBX Host oder der SIP-Provider offline sind.[\/vc_column_text]<style type=\"text\/css\" data-type=\"the7_shortcodes-inline-css\">#default-btn-ace9ecb6a47fb8ad0387d690b4ab2801.ico-right-side > i {\n  margin-right: 0px;\n  margin-left: 8px;\n}\n#default-btn-ace9ecb6a47fb8ad0387d690b4ab2801 > i {\n  margin-right: 8px;\n}\n<\/style><a href=\"\/de\/gateway\/volte-sbc\/\" class=\"default-btn-shortcode dt-btn dt-btn-s link-hover-off btn-inline-left \" id=\"default-btn-ace9ecb6a47fb8ad0387d690b4ab2801\"><span>MEHR ERFAHREN<\/span><\/a>[vc_empty_space height=&#8221;50&#8243;][\/vc_column][\/vc_row][vc_row content_placement=&#8221;middle&#8221; css=&#8221;.vc_custom_1550248636977{padding-top: 35px !important;padding-right: 15px !important;padding-bottom: 60px !important;padding-left: 15px !important;}&#8221;][vc_column width=&#8221;1\/2&#8243;][vc_column_text]<\/p>\n<h3>Ihr Server mit integriertem VoIP Gateway<\/h3>\n<p>Durch eine beroNet VoIP PCIe Karte k\u00f6nnen Sie PRI, BRI, FXS und\/oder FXO zu einem Server hinzuf\u00fcgen. Das Gateway wird als Netzwerkkarte erkannt, ben\u00f6tigt dabei allerdings keinen speziellen Treiber und agiert wie jedes andere VoIP Gateway. Durch die M\u00f6glichkeit mit bis zu zwei Modulen best\u00fcckt zu werden, l\u00e4sst auch die Karte sich an nahezu jeden Einsatzzweck anpassen.[\/vc_column_text]<style type=\"text\/css\" data-type=\"the7_shortcodes-inline-css\">#default-btn-ea64b5679f77acd8534acbd590e32add.ico-right-side > i {\n  margin-right: 0px;\n  margin-left: 8px;\n}\n#default-btn-ea64b5679f77acd8534acbd590e32add > i {\n  margin-right: 8px;\n}\n<\/style><a href=\"\/de\/gateway\/pcie-voip-card\/\" class=\"default-btn-shortcode dt-btn dt-btn-s link-hover-off btn-inline-left \" id=\"default-btn-ea64b5679f77acd8534acbd590e32add\"><span>MEHR ERFAHREN<\/span><\/a>[vc_empty_space height=&#8221;50&#8243;][\/vc_column][vc_column width=&#8221;1\/2&#8243;][vc_single_image image=&#8221;53927&#8243; img_size=&#8221;400X230&#8243; alignment=&#8221;center&#8221;][\/vc_column][\/vc_row][vc_row full_width=&#8221;stretch_row&#8221; content_placement=&#8221;middle&#8221; css=&#8221;.vc_custom_1542988189222{padding-top: 35px !important;padding-bottom: 50px !important;background-color: #f8f8f8 !important;}&#8221;][vc_column width=&#8221;1\/2&#8243;][vc_single_image image=&#8221;55365&#8243; img_size=&#8221;402&#215;210&#8243; alignment=&#8221;center&#8221;][\/vc_column][vc_column width=&#8221;1\/2&#8243;][vc_empty_space][vc_column_text]<\/p>\n<h3>beroNet modulare und cloud verwaltete Enterprise Session Border Controller<\/h3>\n<p>beroNets modularer SBCs sind eine Sicherheitsl\u00f6sung f\u00fcr VoIP-Netzwerke und kombinieren zuverl\u00e4ssige VoIP-Hardware mit moderner Flexibilit\u00e4t und Management. Mit Modellen, die bis zu drei beroNet Module aufnehmen k\u00f6nnen, lassen sich diese E-SBC-Gateways mit jeder beliebigen Kombination von BRI, PRI, FXS und FXO konfigurieren. Erf\u00fcllen Sie die Anforderungen Ihrer Kunden mit der richtigen SBC-Lizenz f\u00fcr SIP-to-SIP Anrufe.[\/vc_column_text]<style type=\"text\/css\" data-type=\"the7_shortcodes-inline-css\">#default-btn-c3f42b5f01893e2ae2fa12eb55117ed8.ico-right-side > i {\n  margin-right: 0px;\n  margin-left: 8px;\n}\n#default-btn-c3f42b5f01893e2ae2fa12eb55117ed8 > i {\n  margin-right: 8px;\n}\n<\/style><a href=\"\/de\/gateway\/session-border-controller\/\" class=\"default-btn-shortcode dt-btn dt-btn-s link-hover-off btn-inline-left \" id=\"default-btn-c3f42b5f01893e2ae2fa12eb55117ed8\"><span>MEHR ERFAHREN<\/span><\/a>[vc_empty_space][\/vc_column][\/vc_row][vc_row content_placement=&#8221;middle&#8221; css=&#8221;.vc_custom_1550248636977{padding-top: 35px !important;padding-right: 15px !important;padding-bottom: 60px !important;padding-left: 15px !important;}&#8221;][vc_column width=&#8221;1\/2&#8243;][vc_column_text]<\/p>\n<h3>Hypervisor basierte beroNet Telephony Appliance<\/h3>\n<p>Nutzen Sie unsere energieeffiziente Telephony Appliance f\u00fcr das IP-PBX System Ihrer Wahl. Der vorinstallierte beroNet Hypervisor erm\u00f6glicht die Virtualisierung verschiedener Systeme und Netzwerkfunktionen. Mit einem Verbrauch von weniger als 25 Watt, gibt Ihnen die Appliance die M\u00f6glichkeit Ihre IP-PBX und Ihr VoIP Gateway in einem Ger\u00e4t zu managen.[\/vc_column_text]<style type=\"text\/css\" data-type=\"the7_shortcodes-inline-css\">#default-btn-44b50ba91933a777460eddd9e1801ecf.ico-right-side > i {\n  margin-right: 0px;\n  margin-left: 8px;\n}\n#default-btn-44b50ba91933a777460eddd9e1801ecf > i {\n  margin-right: 8px;\n}\n<\/style><a href=\"\/de\/gateway\/telephony-appliance\/\" class=\"default-btn-shortcode dt-btn dt-btn-s link-hover-off btn-inline-left \" id=\"default-btn-44b50ba91933a777460eddd9e1801ecf\"><span>MEHR ERFAHREN<\/span><\/a>[vc_empty_space height=&#8221;50&#8243;][\/vc_column][vc_column width=&#8221;1\/2&#8243;][vc_empty_space height=&#8221;50&#8243;][vc_single_image image=&#8221;53246&#8243; img_size=&#8221;full&#8221; alignment=&#8221;center&#8221;][\/vc_column][\/vc_row][vc_row full_width=&#8221;stretch_row&#8221; content_placement=&#8221;middle&#8221; css=&#8221;.vc_custom_1542988189222{padding-top: 35px !important;padding-bottom: 50px !important;background-color: #f8f8f8 !important;}&#8221;][vc_column width=&#8221;1\/2&#8243;][vc_single_image image=&#8221;53228&#8243; img_size=&#8221;full&#8221; alignment=&#8221;center&#8221;][\/vc_column][vc_column width=&#8221;1\/2&#8243;][vc_empty_space][vc_column_text]<\/p>\n<h3>beroNet Failover Switch<\/h3>\n<p>Der beroNet Failover Switch (BNFOS) bietet eine effektive M\u00f6glichkeit mit unerwarteten Ereignissen umzugehen, indem er die Leitungen auf eine Backup-Leitung routet, wenn unerw\u00fcnschte \u00c4nderungen festgestellt werden. Es stellt damit eine zuverl\u00e4ssige L\u00f6sung f\u00fcr TK-Anlagen-Clustering sowie Failover-Szenarien dar, bei denen ein physikalisches Umschalten von analogen, BRI oder PRI Leitungen notwendig werden.[\/vc_column_text]<style type=\"text\/css\" data-type=\"the7_shortcodes-inline-css\">#default-btn-fdd425ffff3a818ded0e84db1e3de6fe.ico-right-side > i {\n  margin-right: 0px;\n  margin-left: 8px;\n}\n#default-btn-fdd425ffff3a818ded0e84db1e3de6fe > i {\n  margin-right: 8px;\n}\n<\/style><a href=\"\/de\/gateway\/failover-switch\/\" class=\"default-btn-shortcode dt-btn dt-btn-s link-hover-off btn-inline-left \" id=\"default-btn-fdd425ffff3a818ded0e84db1e3de6fe\"><span>MEHR ERFAHREN<\/span><\/a>[vc_empty_space][\/vc_column][\/vc_row][vc_row content_placement=&#8221;middle&#8221; css=&#8221;.vc_custom_1550248636977{padding-top: 35px !important;padding-right: 15px !important;padding-bottom: 60px !important;padding-left: 15px !important;}&#8221;][vc_column width=&#8221;1\/2&#8243;][vc_column_text]<\/p>\n<h3>Die weltweit erste SaaS Cloud-basierte L\u00f6sung im VoIP Bereich<\/h3>\n<p>Mit der beroNet Cloud k\u00f6nnen Solution Provider und Carrier ihre im Feld installierten beroNet Ger\u00e4te \u00fcber jeden beliebigen Webbrowser in der Cloud verwalten. Machen Sie mit der beroNet Cloud bequem Updates, kontrollieren Sie beroNet Ger\u00e4te an mehreren Standorten, verwalten Sie Projekte und vieles mehr.[\/vc_column_text]<style type=\"text\/css\" data-type=\"the7_shortcodes-inline-css\">#default-btn-e7e644bd91be0e51db85b2fdea978858.ico-right-side > i {\n  margin-right: 0px;\n  margin-left: 8px;\n}\n#default-btn-e7e644bd91be0e51db85b2fdea978858 > i {\n  margin-right: 8px;\n}\n<\/style><a href=\"\/de\/beronet-cloud-management\/\" class=\"default-btn-shortcode dt-btn dt-btn-s link-hover-off btn-inline-left \" id=\"default-btn-e7e644bd91be0e51db85b2fdea978858\"><span>MEHR ERFAHREN<\/span><\/a>[vc_empty_space height=&#8221;50&#8243;][\/vc_column][vc_column width=&#8221;1\/2&#8243;][vc_empty_space height=&#8221;50&#8243;][vc_single_image image=&#8221;55016&#8243; img_size=&#8221;large&#8221; alignment=&#8221;center&#8221;][\/vc_column][\/vc_row][vc_row][vc_column][vc_empty_space][\/vc_column][\/vc_row][vc_row full_width=&#8221;stretch_row&#8221; content_placement=&#8221;middle&#8221; bg_type=&#8221;image&#8221; css=&#8221;.vc_custom_1560941610029{margin-bottom: -80px !important;padding-top: 70px !important;padding-right: 15px !important;padding-bottom: 70px !important;padding-left: 15px !important;background-image: url(https:\/\/www.beronet.com\/wp-content\/uploads\/2019\/06\/Visit-our-Blog.jpg?id=57221) !important;background-position: center !important;background-repeat: no-repeat !important;background-size: cover !important;}&#8221;][vc_column][vc_column_text]<\/p>\n<h2 style=\"text-align: center;\">M\u00f6chten Sie mehr \u00fcber VoIP Gateways und E-SBCs erfahren?<\/h2>\n<h4 style=\"text-align: center;\">Besuchen Sie unseren Blog! Sie erhalten Nachrichten, Einblicke, kostenlose Whitepaper, hilfreiche Tutorials, die Ihnen weiterhelfen, technische Updates und Sonderangebote.<\/h4>\n<p>[\/vc_column_text][vc_column_text]<\/p>\n<p style=\"text-align: center;\"><strong><a href=\"https:\/\/blog.beronet.com\/de\">BESUCHEN SIE UNSEREN BLOG<\/a><\/strong><\/p>\n<p>[\/vc_column_text][\/vc_column][\/vc_row]<\/p>\n","protected":false},"excerpt":{"rendered":"<p>[vc_row content_placement=&#8221;middle&#8221; css=&#8221;.vc_custom_1550248647897{padding-right: 15px !important;padding-bottom: 50px !important;padding-left: 15px !important;}&#8221;][vc_column width=&#8221;1\/2&#8243;][vc_empty_space][vc_column_text] VoIP Gateways und E-SBCs mit beroNet Betriebssystem (OS) Das beroNet OS stellt eine intuitive und damit einfach zu nutzende Weboberfl\u00e4che bereit, dank der Sie die volle Kontrolle \u00fcber Ihr beroNet VoIP Gateway oder E-SBC haben. \u00dcber das beroNet OS k\u00f6nnen Sie Ihre Gateways und SBCs&hellip;<\/p>\n","protected":false},"author":1,"featured_media":55060,"parent":0,"menu_order":0,"comment_status":"closed","ping_status":"closed","template":"","meta":{"content-type":""},"tags":[],"class_list":["post-52999","page","type-page","status-publish","has-post-thumbnail","hentry","description-off"],"yoast_head":"<!-- This site is optimized with the Yoast SEO plugin v24.1 - https:\/\/yoast.com\/wordpress\/plugins\/seo\/ -->\n<title>Hochwertige VoIP Gateways und E-SBCs mit eigenem Betriebssystem | beroNet<\/title>\n<meta name=\"description\" content=\"Unsere Produkte sind so konzipiert, dass sie einfach zu verstehen und zu konfigurieren sind. Entdecken Sie die Welt der beroNet SBC-Gateways mit beroNet OS!\" \/>\n<meta name=\"robots\" content=\"index, follow, max-snippet:-1, max-image-preview:large, max-video-preview:-1\" \/>\n<link rel=\"canonical\" href=\"https:\/\/www.beronet.com\/de\/voip-gateways\/\" \/>\n<meta property=\"og:locale\" content=\"de_DE\" \/>\n<meta property=\"og:type\" content=\"article\" \/>\n<meta property=\"og:title\" content=\"Hochwertige VoIP Gateways und E-SBCs mit eigenem Betriebssystem | beroNet\" \/>\n<meta property=\"og:description\" content=\"Unsere Produkte sind so konzipiert, dass sie einfach zu verstehen und zu konfigurieren sind. Entdecken Sie die Welt der beroNet SBC-Gateways mit beroNet OS!\" \/>\n<meta property=\"og:url\" content=\"https:\/\/www.beronet.com\/de\/voip-gateways\/\" \/>\n<meta property=\"og:site_name\" content=\"beroNet\" \/>\n<meta property=\"article:modified_time\" content=\"2024-03-06T15:22:02+00:00\" \/>\n<meta property=\"og:image\" content=\"https:\/\/www.beronet.com\/wp-content\/uploads\/2018\/11\/beronet-4-FXS-voIP-gateway.jpg\" \/>\n\t<meta property=\"og:image:width\" content=\"584\" \/>\n\t<meta property=\"og:image:height\" content=\"584\" \/>\n\t<meta property=\"og:image:type\" content=\"image\/jpeg\" \/>\n<meta name=\"twitter:card\" content=\"summary_large_image\" \/>\n<meta name=\"twitter:label1\" content=\"Gesch\u00e4tzte Lesezeit\" \/>\n\t<meta name=\"twitter:data1\" content=\"7\u00a0Minuten\" \/>\n<script type=\"application\/ld+json\" class=\"yoast-schema-graph\">{\"@context\":\"https:\/\/schema.org\",\"@graph\":[{\"@type\":\"WebPage\",\"@id\":\"https:\/\/www.beronet.com\/de\/voip-gateways\/\",\"url\":\"https:\/\/www.beronet.com\/de\/voip-gateways\/\",\"name\":\"Hochwertige VoIP Gateways und E-SBCs mit eigenem Betriebssystem | beroNet\",\"isPartOf\":{\"@id\":\"https:\/\/www.beronet.com\/de\/#website\"},\"primaryImageOfPage\":{\"@id\":\"https:\/\/www.beronet.com\/de\/voip-gateways\/#primaryimage\"},\"image\":{\"@id\":\"https:\/\/www.beronet.com\/de\/voip-gateways\/#primaryimage\"},\"thumbnailUrl\":\"https:\/\/www.beronet.com\/wp-content\/uploads\/2018\/11\/beronet-4-FXS-voIP-gateway.jpg\",\"datePublished\":\"2018-11-19T10:00:12+00:00\",\"dateModified\":\"2024-03-06T15:22:02+00:00\",\"description\":\"Unsere Produkte sind so konzipiert, dass sie einfach zu verstehen und zu konfigurieren sind. Entdecken Sie die Welt der beroNet SBC-Gateways mit beroNet OS!\",\"breadcrumb\":{\"@id\":\"https:\/\/www.beronet.com\/de\/voip-gateways\/#breadcrumb\"},\"inLanguage\":\"de\",\"potentialAction\":[{\"@type\":\"ReadAction\",\"target\":[\"https:\/\/www.beronet.com\/de\/voip-gateways\/\"]}]},{\"@type\":\"ImageObject\",\"inLanguage\":\"de\",\"@id\":\"https:\/\/www.beronet.com\/de\/voip-gateways\/#primaryimage\",\"url\":\"https:\/\/www.beronet.com\/wp-content\/uploads\/2018\/11\/beronet-4-FXS-voIP-gateway.jpg\",\"contentUrl\":\"https:\/\/www.beronet.com\/wp-content\/uploads\/2018\/11\/beronet-4-FXS-voIP-gateway.jpg\",\"width\":584,\"height\":584,\"caption\":\"beronet-4-FXS-voIP-gateway\"},{\"@type\":\"BreadcrumbList\",\"@id\":\"https:\/\/www.beronet.com\/de\/voip-gateways\/#breadcrumb\",\"itemListElement\":[{\"@type\":\"ListItem\",\"position\":1,\"name\":\"Start\",\"item\":\"https:\/\/www.beronet.com\/de\/\"},{\"@type\":\"ListItem\",\"position\":2,\"name\":\"beroNet VoIP Gateways und E-SBCs\"}]},{\"@type\":\"WebSite\",\"@id\":\"https:\/\/www.beronet.com\/de\/#website\",\"url\":\"https:\/\/www.beronet.com\/de\/\",\"name\":\"beroNet\",\"description\":\"Cloud-optimierte VoIP-Hardware\",\"publisher\":{\"@id\":\"https:\/\/www.beronet.com\/de\/#organization\"},\"potentialAction\":[{\"@type\":\"SearchAction\",\"target\":{\"@type\":\"EntryPoint\",\"urlTemplate\":\"https:\/\/www.beronet.com\/de\/?s={search_term_string}\"},\"query-input\":{\"@type\":\"PropertyValueSpecification\",\"valueRequired\":true,\"valueName\":\"search_term_string\"}}],\"inLanguage\":\"de\"},{\"@type\":\"Organization\",\"@id\":\"https:\/\/www.beronet.com\/de\/#organization\",\"name\":\"beroNet GmbH\",\"url\":\"https:\/\/www.beronet.com\/de\/\",\"logo\":{\"@type\":\"ImageObject\",\"inLanguage\":\"de\",\"@id\":\"https:\/\/www.beronet.com\/de\/#\/schema\/logo\/image\/\",\"url\":\"https:\/\/www.beronet.com\/wp-content\/uploads\/2018\/09\/logo-1.png\",\"contentUrl\":\"https:\/\/www.beronet.com\/wp-content\/uploads\/2018\/09\/logo-1.png\",\"width\":197,\"height\":40,\"caption\":\"beroNet GmbH\"},\"image\":{\"@id\":\"https:\/\/www.beronet.com\/de\/#\/schema\/logo\/image\/\"}}]}<\/script>\n<!-- \/ Yoast SEO plugin. -->","yoast_head_json":{"title":"Hochwertige VoIP Gateways und E-SBCs mit eigenem Betriebssystem | beroNet","description":"Unsere Produkte sind so konzipiert, dass sie einfach zu verstehen und zu konfigurieren sind. Entdecken Sie die Welt der beroNet SBC-Gateways mit beroNet OS!","robots":{"index":"index","follow":"follow","max-snippet":"max-snippet:-1","max-image-preview":"max-image-preview:large","max-video-preview":"max-video-preview:-1"},"canonical":"https:\/\/www.beronet.com\/de\/voip-gateways\/","og_locale":"de_DE","og_type":"article","og_title":"Hochwertige VoIP Gateways und E-SBCs mit eigenem Betriebssystem | beroNet","og_description":"Unsere Produkte sind so konzipiert, dass sie einfach zu verstehen und zu konfigurieren sind. Entdecken Sie die Welt der beroNet SBC-Gateways mit beroNet OS!","og_url":"https:\/\/www.beronet.com\/de\/voip-gateways\/","og_site_name":"beroNet","article_modified_time":"2024-03-06T15:22:02+00:00","og_image":[{"width":584,"height":584,"url":"https:\/\/www.beronet.com\/wp-content\/uploads\/2018\/11\/beronet-4-FXS-voIP-gateway.jpg","type":"image\/jpeg"}],"twitter_card":"summary_large_image","twitter_misc":{"Gesch\u00e4tzte Lesezeit":"7\u00a0Minuten"},"schema":{"@context":"https:\/\/schema.org","@graph":[{"@type":"WebPage","@id":"https:\/\/www.beronet.com\/de\/voip-gateways\/","url":"https:\/\/www.beronet.com\/de\/voip-gateways\/","name":"Hochwertige VoIP Gateways und E-SBCs mit eigenem Betriebssystem | beroNet","isPartOf":{"@id":"https:\/\/www.beronet.com\/de\/#website"},"primaryImageOfPage":{"@id":"https:\/\/www.beronet.com\/de\/voip-gateways\/#primaryimage"},"image":{"@id":"https:\/\/www.beronet.com\/de\/voip-gateways\/#primaryimage"},"thumbnailUrl":"https:\/\/www.beronet.com\/wp-content\/uploads\/2018\/11\/beronet-4-FXS-voIP-gateway.jpg","datePublished":"2018-11-19T10:00:12+00:00","dateModified":"2024-03-06T15:22:02+00:00","description":"Unsere Produkte sind so konzipiert, dass sie einfach zu verstehen und zu konfigurieren sind. Entdecken Sie die Welt der beroNet SBC-Gateways mit beroNet OS!","breadcrumb":{"@id":"https:\/\/www.beronet.com\/de\/voip-gateways\/#breadcrumb"},"inLanguage":"de","potentialAction":[{"@type":"ReadAction","target":["https:\/\/www.beronet.com\/de\/voip-gateways\/"]}]},{"@type":"ImageObject","inLanguage":"de","@id":"https:\/\/www.beronet.com\/de\/voip-gateways\/#primaryimage","url":"https:\/\/www.beronet.com\/wp-content\/uploads\/2018\/11\/beronet-4-FXS-voIP-gateway.jpg","contentUrl":"https:\/\/www.beronet.com\/wp-content\/uploads\/2018\/11\/beronet-4-FXS-voIP-gateway.jpg","width":584,"height":584,"caption":"beronet-4-FXS-voIP-gateway"},{"@type":"BreadcrumbList","@id":"https:\/\/www.beronet.com\/de\/voip-gateways\/#breadcrumb","itemListElement":[{"@type":"ListItem","position":1,"name":"Start","item":"https:\/\/www.beronet.com\/de\/"},{"@type":"ListItem","position":2,"name":"beroNet VoIP Gateways und E-SBCs"}]},{"@type":"WebSite","@id":"https:\/\/www.beronet.com\/de\/#website","url":"https:\/\/www.beronet.com\/de\/","name":"beroNet","description":"Cloud-optimierte VoIP-Hardware","publisher":{"@id":"https:\/\/www.beronet.com\/de\/#organization"},"potentialAction":[{"@type":"SearchAction","target":{"@type":"EntryPoint","urlTemplate":"https:\/\/www.beronet.com\/de\/?s={search_term_string}"},"query-input":{"@type":"PropertyValueSpecification","valueRequired":true,"valueName":"search_term_string"}}],"inLanguage":"de"},{"@type":"Organization","@id":"https:\/\/www.beronet.com\/de\/#organization","name":"beroNet GmbH","url":"https:\/\/www.beronet.com\/de\/","logo":{"@type":"ImageObject","inLanguage":"de","@id":"https:\/\/www.beronet.com\/de\/#\/schema\/logo\/image\/","url":"https:\/\/www.beronet.com\/wp-content\/uploads\/2018\/09\/logo-1.png","contentUrl":"https:\/\/www.beronet.com\/wp-content\/uploads\/2018\/09\/logo-1.png","width":197,"height":40,"caption":"beroNet GmbH"},"image":{"@id":"https:\/\/www.beronet.com\/de\/#\/schema\/logo\/image\/"}}]}},"_links":{"self":[{"href":"https:\/\/www.beronet.com\/de\/wp-json\/wp\/v2\/pages\/52999","targetHints":{"allow":["GET"]}}],"collection":[{"href":"https:\/\/www.beronet.com\/de\/wp-json\/wp\/v2\/pages"}],"about":[{"href":"https:\/\/www.beronet.com\/de\/wp-json\/wp\/v2\/types\/page"}],"author":[{"embeddable":true,"href":"https:\/\/www.beronet.com\/de\/wp-json\/wp\/v2\/users\/1"}],"replies":[{"embeddable":true,"href":"https:\/\/www.beronet.com\/de\/wp-json\/wp\/v2\/comments?post=52999"}],"version-history":[{"count":35,"href":"https:\/\/www.beronet.com\/de\/wp-json\/wp\/v2\/pages\/52999\/revisions"}],"predecessor-version":[{"id":59761,"href":"https:\/\/www.beronet.com\/de\/wp-json\/wp\/v2\/pages\/52999\/revisions\/59761"}],"wp:featuredmedia":[{"embeddable":true,"href":"https:\/\/www.beronet.com\/de\/wp-json\/wp\/v2\/media\/55060"}],"wp:attachment":[{"href":"https:\/\/www.beronet.com\/de\/wp-json\/wp\/v2\/media?parent=52999"}],"wp:term":[{"taxonomy":"post_tag","embeddable":true,"href":"https:\/\/www.beronet.com\/de\/wp-json\/wp\/v2\/tags?post=52999"}],"curies":[{"name":"wp","href":"https:\/\/api.w.org\/{rel}","templated":true}]}}