{"id":53009,"date":"2018-10-21T10:19:44","date_gmt":"2018-10-21T10:19:44","guid":{"rendered":"http:\/\/alpha.beronet.com\/careers\/"},"modified":"2022-08-26T09:22:54","modified_gmt":"2022-08-26T09:22:54","slug":"careers","status":"publish","type":"page","link":"https:\/\/www.beronet.com\/de\/careers\/","title":{"rendered":"beroNets offene Stellenangebote"},"content":{"rendered":"<p>[vc_row full_width=&#8221;stretch_row&#8221; content_placement=&#8221;middle&#8221; css=&#8221;.vc_custom_1540144337993{margin-top: -70px !important;padding-top: 50px !important;padding-bottom: 30px !important;background-color: #f9f9f9 !important;}&#8221;][vc_column width=&#8221;1\/6&#8243;][\/vc_column][vc_column width=&#8221;2\/3&#8243;][vc_column_text css=&#8221;.vc_custom_1545300768702{margin-top: -20px !important;}&#8221;]<\/p>\n<h4 style=\"text-align: center;\"><span style=\"color: #8f8f8f;\">Nutzen Sie die Chance, mit uns zu wachsen. Wir sind auf der Suche nach neuen Kollegen, die unser internationales Team bereichern und mit Ihrem Fachwissen, Ihrer Begeisterung und Ihren frischen, kreativen Ideen zum gemeinsamen Erfolg beitragen.<\/span><\/h4>\n<h4 style=\"text-align: center;\"><span style=\"color: #8f8f8f;\">Hier finden Sie unsere aktuellen Stellenangebote &#8211; wir freuen uns darauf, Sie kennenzulernen!<\/span><\/h4>\n<p>[\/vc_column_text][\/vc_column][vc_column width=&#8221;1\/6&#8243;][\/vc_column][\/vc_row][vc_row css=&#8221;.vc_custom_1539199700625{padding-top: 70px !important;padding-bottom: 70px !important;}&#8221;][vc_column width=&#8221;1\/2&#8243;][vc_tta_accordion style=&#8221;modern&#8221; shape=&#8221;square&#8221; color=&#8221;white&#8221; spacing=&#8221;5&#8243; gap=&#8221;5&#8243; c_icon=&#8221;chevron&#8221; c_position=&#8221;right&#8221; active_section=&#8221;8&#8243; no_fill=&#8221;true&#8221; collapsible_all=&#8221;true&#8221; css=&#8221;.vc_custom_1539451898778{border-bottom-width: 0px !important;border-bottom-style: none !important;}&#8221;][vc_tta_section title=&#8221;Kauffrau\/ -mann f\u00fcr B\u00fcromanagement&#8221; tab_id=&#8221;1649677322848-808c457e-980d&#8221;][vc_column_text]<\/p>\n<p data-pm-slice=\"0 0 []\">Wir suchen Dich zum n\u00e4chstm\u00f6glichen Zeitpunkt. Du bist ein tatkr\u00e4ftiges und gewissenhaftes Office- und Kommunikations-Ass, dann komm zu uns und unterst\u00fctze unser Team!<\/p>\n<div class=\"card__body job-opening__description \">\n<h2>Wo wir Dich brauchen:<\/h2>\n<ul>\n<li>Beantwortung von Kundenanfragen<\/li>\n<li>Angebotserstellung<\/li>\n<li>Administration unserer Preislisten<\/li>\n<li>vorbereitende Buchhaltung<\/li>\n<li>Pflege des B\u00fcromateriallagers<\/li>\n<li>Digitalisierung des Posteingangs<\/li>\n<li>Archivierung von Dokumenten<\/li>\n<li>Kassenf\u00fchrung<\/li>\n<li>Reiseplanung und Reisekostenabrechnungen<\/li>\n<\/ul>\n<h2>Was wir bieten:<\/h2>\n<ul>\n<li>faire Bezahlung<\/li>\n<li>flexible Arbeitszeiten und regelm\u00e4\u00dfiges Home-Office m\u00f6glich<\/li>\n<li>Kostenlose Getr\u00e4nke und Kaffee<\/li>\n<li>verschiedene interne Freizeitgestaltungsm\u00f6glichkeit<wbr \/>en (Kicker, BBQ, Nerf)<\/li>\n<li>regelm\u00e4\u00dfige Firmenevents<\/li>\n<li>wir sind kein Startup mit Hipster Kultur, aber f\u00fcr jede Pers\u00f6nlichkeit aufgeschlossen<\/li>\n<\/ul>\n<div>\n<h2>Was Du mitbringen solltest:<\/h2>\n<ul>\n<li>hohe Motivation und selbst\u00e4ndige Arbeitsweise<\/li>\n<li>kaufm\u00e4nnische oder betriebswirtschaftliche Ausbildung oder \u00e4hnliches w\u00fcnschenswert<\/li>\n<li>sicherer Umgang mit g\u00e4ngigen Office Tools<\/li>\n<li>Muttersprachliche Deutschkenntnisse<\/li>\n<li>flie\u00dfend Englisch in Wort und Schrift<\/li>\n<li>Franz\u00f6sischkenntnisse von Vorteil<\/li>\n<\/ul>\n<\/div>\n<\/div>\n<p>[\/vc_column_text][\/vc_tta_section][vc_tta_section title=&#8221;Vertriebsmitarbeiter&#8221; tab_id=&#8221;1539191689330-e714ed66-845f8eb8-af9d&#8221;][vc_column_text]Wir sind an Bewerbungen f\u00fcr Vertriebsmitarbeiter f\u00fcr die folgenden M\u00e4rkte interessiert:<\/p>\n<ul>\n<li>Frankreich<\/li>\n<li>Italien<\/li>\n<li>USA<\/li>\n<\/ul>\n<p>Diese Position erfordert einen mehrsprachigen, kommunikativen und vertriebsorientierten Menschen mit technischem Verst\u00e4ndnis. Die Anforderungen an diese Position<br \/>\nsind:<\/p>\n<ul>\n<li>Sprechen Sie die Sprache des Marktes, f\u00fcr den Sie sich auf muttersprachlicher Ebene bewerben.<\/li>\n<li>Genie\u00dfen Sie es, sich um die Bed\u00fcrfnisse und Anforderungen der Kunden zu k\u00fcmmern.<\/li>\n<\/ul>\n<p>In dieser Position sind Sie verpflichtet, st\u00e4ndig eine Beziehung zu unseren Partnern herzustellen und zu pflegen. Au\u00dferdem m\u00fcssen Sie potenzielle Leads, die sich aus unseren Marketingaktivit\u00e4ten ergeben, anrufen und Termine mit ihnen vereinbaren.<\/p>\n<p>&nbsp;<\/p>\n<p>Wenn Sie interessiert sind, senden Sie Ihren Lebenslauf an jobs@beronet.com[\/vc_column_text][\/vc_tta_section][vc_tta_section title=&#8221;Online Marketing Manager&#8221; tab_id=&#8221;1645438023947-10d0ae37-1c58&#8243;][vc_column_text]<\/p>\n<p data-pm-slice=\"0 0 []\">Wir suchen zum n\u00e4chstm\u00f6glichen Zeitpunkt Dich. Du bist ein kreativer Marketing Allrounder mit Auge f\u00fcrs Detail, dann komm zu uns und unterst\u00fctze unser Team!<\/p>\n<p><strong>Deine Aufgaben<br \/>\n<\/strong><\/p>\n<ul>\n<li>Du Entwickelst und steuerst unsere Marketingaktivit\u00e4ten<\/li>\n<li>Du bewertest und optimierst die verschiedenen Marketing-Kampagnen<\/li>\n<li>Mit minimalem Ressourceneinsatz erreichst du maximalem Impact<\/li>\n<li>Du erstellst Content f\u00fcr Emails, Social Media und Blog<\/li>\n<li>Du pflegst den Content unserer Webseite<\/li>\n<\/ul>\n<p><strong>Dein Profil<br \/>\n<\/strong><\/p>\n<ul>\n<li>Du hast einen Abschluss in einem Studium mit Marketing-Schwerpunkt<\/li>\n<li>Du bist neugierig und denkst unternehmerisch<\/li>\n<li>Du hast ein gutes Auge f\u00fcr Layouts<\/li>\n<li>Du erstellst gerne Texte<\/li>\n<li>Du kommunizierst sicher in Deutsch und Englisch<\/li>\n<\/ul>\n<p><strong>Wir bieten<br \/>\n<\/strong><\/p>\n<ul>\n<li>ein kleines Team mit flachen Hierarchien<\/li>\n<li>Verantwortung vom Tag 1<\/li>\n<li>intensives Onboarding und regelm\u00e4ssiges Training<\/li>\n<li>Teilzeitm\u00f6glichkeit<\/li>\n<li>Modernes B\u00fcro in der n\u00e4he vom Bergmann-Kiez<\/li>\n<li>Startup-like Kultur: no-dresscode, flexible Arbeitszeiten und Orte, Company Events<\/li>\n<li>Alle wichtigen Tools stehen bereit: Hubspot Marketing, Adobe Suite, Google Suite<\/li>\n<\/ul>\n<p>Haben wir dein Interesse geweckt?<\/p>\n<p>schreib uns an <a href=\"mailto:jobs@beronet.com\" rel=\"noopener noreferrer nofollow\" data-link-auto=\"\">jobs@beronet.com<\/a>[\/vc_column_text][\/vc_tta_section][vc_tta_section title=&#8221;IT Systemkaufmann&#8221; tab_id=&#8221;1539191404562-6257f3be-16f58eb8-af9d&#8221;][vc_column_text]<span style=\"font-weight: 400;\">Wir suchen zum n\u00e4chstm\u00f6glichen Zeitpunkt f\u00fcr unseren Standort in Berlin Kreuzberg eine(n) Mitarbeiter(in) in Vollzeit als IT-Systemkaufmann.\u00a0<\/span><\/p>\n<h3><b>Deine Aufgaben<\/b><\/h3>\n<ul>\n<li style=\"font-weight: 400;\"><span style=\"font-weight: 400;\">Kundenanfragen telefonisch und per email beantworten, Angebote und Rechnungen erstellen<\/span><\/li>\n<li style=\"font-weight: 400;\"><span style=\"font-weight: 400;\">Pakete packen und Lieferungen an Kunden vorbereiten<\/span><\/li>\n<li style=\"font-weight: 400;\"><span style=\"font-weight: 400;\">Ger\u00e4te Testen und produzieren (Software aufspielen und in Geh\u00e4use verschrauben)<\/span><\/li>\n<li style=\"font-weight: 400;\"><span style=\"font-weight: 400;\">Warenlager bewirtschaften<\/span><\/li>\n<li style=\"font-weight: 400;\"><span style=\"font-weight: 400;\">Bauteile und Kartonagen bestellen<\/span><\/li>\n<li style=\"font-weight: 400;\"><span style=\"font-weight: 400;\">Pflege unseres Warenwirtschaftssystems<\/span><\/li>\n<\/ul>\n<h3><b>Dein Profil<\/b><\/h3>\n<ul>\n<li style=\"font-weight: 400;\"><span style=\"font-weight: 400;\">Eine Ausbildung als IT-Systemkaufmann, Fachinformatiker oder vergleichbarer technische Ausbildung, oder jahrelange Arbeitserfahrung in diesem Bereich<\/span><\/li>\n<li style=\"font-weight: 400;\"><span style=\"font-weight: 400;\">starke technische Affinit\u00e4t\u00a0<\/span><\/li>\n<li style=\"font-weight: 400;\"><span style=\"font-weight: 400;\">Flei\u00df und Gewissenhaftigkeit<\/span><\/li>\n<li style=\"font-weight: 400;\"><span style=\"font-weight: 400;\">keine Scheu vor gelegentlicher monotoner und (selten) k\u00f6rperlicher Arbeit<\/span><\/li>\n<li style=\"font-weight: 400;\"><span style=\"font-weight: 400;\">gutes Deutsch und Englisch in Wort und Schrift<\/span><\/li>\n<\/ul>\n<h3><b>Was wir bieten<\/b><\/h3>\n<ul>\n<li style=\"font-weight: 400;\"><span style=\"font-weight: 400;\">ein kleines freundliches Team mit flachen Hierarchien<\/span><\/li>\n<li style=\"font-weight: 400;\"><span style=\"font-weight: 400;\">Kaffee \/ Tee \/ Wasser kostenlos<\/span><\/li>\n<li style=\"font-weight: 400;\"><span style=\"font-weight: 400;\">einen Turnierkicker<\/span><\/li>\n<li style=\"font-weight: 400;\"><span style=\"font-weight: 400;\">ein lustiges Sommerfest<\/span><\/li>\n<li style=\"font-weight: 400;\"><span style=\"font-weight: 400;\">Vereinbarkeit von Familie in Beruf mit individuellen Arbeitszeitregelungen<\/span><\/li>\n<\/ul>\n<h3><b>Deine Zukunft bei beroNet<\/b><\/h3>\n<ul>\n<li style=\"font-weight: 400;\"><span style=\"font-weight: 400;\">Langfristige Perspektive in einem innovationsfreudigen Technologieunternehmen<\/span><\/li>\n<li style=\"font-weight: 400;\"><span style=\"font-weight: 400;\">Umfassende Einarbeitung mit kontinuierlicher Betreuung und Produktschulung<\/span><\/li>\n<li style=\"font-weight: 400;\"><span style=\"font-weight: 400;\">Eigenverantwortliches Arbeiten in diversen Aufgaben in kleinem und motiviertem Team<\/span><\/li>\n<li style=\"font-weight: 400;\"><span style=\"font-weight: 400;\">Moderne Strukturen mit offener Kommunikation, flachen Hierarchien und unkompliziertem Miteinander<\/span><\/li>\n<li style=\"font-weight: 400;\"><span style=\"font-weight: 400;\">Einflussnahme auf unsere Produktentwicklung<\/span><\/li>\n<li style=\"font-weight: 400;\"><span style=\"font-weight: 400;\">Attraktives Einkommen und kontinuierliche berufliche Weiterentwicklung<\/span><\/li>\n<\/ul>\n<p><span style=\"font-weight: 400;\">Wir erwarten von jedem Mitarbeiter ein hohes Engagement und Eigenst\u00e4ndigkeit.<\/span><\/p>\n<p><span style=\"font-weight: 400;\">Bitte sende Deine Bewerbung mit einem Lebenslauf an jobs@beronet.com<\/span>[\/vc_column_text][\/vc_tta_section][\/vc_tta_accordion][\/vc_column][vc_column width=&#8221;1\/2&#8243;][vc_tta_accordion style=&#8221;modern&#8221; shape=&#8221;square&#8221; color=&#8221;white&#8221; spacing=&#8221;5&#8243; gap=&#8221;5&#8243; c_icon=&#8221;chevron&#8221; c_position=&#8221;right&#8221; active_section=&#8221;0&#8243; no_fill=&#8221;true&#8221; collapsible_all=&#8221;true&#8221;][vc_tta_section title=&#8221;Technischer Support Frankreich&#8221; tab_id=&#8221;1539193394572-b8839118-33ac8eb8-af9d&#8221;][vc_column_text]<span style=\"font-weight: 400;\">Wir suchen zum n\u00e4chstm\u00f6glichen Zeitpunkt f\u00fcr unseren Standort in Berlin Kreuzberg eine(n) Mitarbeiter(in) in Vollzeit f\u00fcr den technischen Support mit perfekten franz\u00f6sisch Kenntnissen.<\/span><\/p>\n<h3><b>Deine Aufgaben<\/b><\/h3>\n<ul>\n<li style=\"font-weight: 400;\"><span style=\"font-weight: 400;\">Beantwortung technischer Fragen per Email\/Telefon<\/span><\/li>\n<li style=\"font-weight: 400;\"><span style=\"font-weight: 400;\">Analyse von Netzwerktraces<\/span><\/li>\n<li style=\"font-weight: 400;\"><span style=\"font-weight: 400;\">Nachstellung\/Analyse von Setups\/Konfigurationen<\/span><\/li>\n<li style=\"font-weight: 400;\"><span style=\"font-weight: 400;\">Fernwartung von Kundensystemen<\/span><\/li>\n<li style=\"font-weight: 400;\"><span style=\"font-weight: 400;\">kompetente Beratung zu unseren Produktl\u00f6sungen<\/span><\/li>\n<li style=\"font-weight: 400;\"><span style=\"font-weight: 400;\">gelegentliche Reisen zu Kunden und Veranstaltungen\/Messen<\/span><\/li>\n<li style=\"font-weight: 400;\"><span style=\"font-weight: 400;\">Dokumentation von Produkten\/How To&#8217;s\/Workarounds<\/span><\/li>\n<\/ul>\n<h3><b>Dein Profil<\/b><\/h3>\n<ul>\n<li style=\"font-weight: 400;\"><span style=\"font-weight: 400;\">Du hast Erfahrungen im Bereich VoIP und allg. Telekommunikation<\/span><\/li>\n<li style=\"font-weight: 400;\"><span style=\"font-weight: 400;\">Du verf\u00fcgst \u00fcber umfangreiche PC- und Netzwerkkenntnisse<\/span><\/li>\n<li style=\"font-weight: 400;\"><span style=\"font-weight: 400;\">Idealerweise kennst du dich mit Linux aus<\/span><\/li>\n<li style=\"font-weight: 400;\"><span style=\"font-weight: 400;\">Du magst den Umgang mit Kunden und hast Spa\u00df daran<\/span><\/li>\n<li style=\"font-weight: 400;\"><span style=\"font-weight: 400;\">Muttersprachlich franz\u00f6sisch<\/span><\/li>\n<li style=\"font-weight: 400;\"><span style=\"font-weight: 400;\">Sehr gute Kenntnisse von Englisch\/Deutsch in Wort &amp; Schrift<\/span><\/li>\n<li style=\"font-weight: 400;\"><span style=\"font-weight: 400;\">Du \u00fcberzeugst durch schnelle Auffassungsgabe<\/span><\/li>\n<li style=\"font-weight: 400;\"><span style=\"font-weight: 400;\">Du hast ganz allgemein Freude an technischen Produkten<\/span><\/li>\n<\/ul>\n<h3><b>Deine Zukunft bei beroNet<\/b><\/h3>\n<ul>\n<li style=\"font-weight: 400;\"><span style=\"font-weight: 400;\">Langfristige Perspektive in einem innovationsfreudigen Technologieunternehmen<\/span><\/li>\n<li style=\"font-weight: 400;\"><span style=\"font-weight: 400;\">Umfassende Einarbeitung mit kontinuierlicher Betreuung und Produktschulung<\/span><\/li>\n<li style=\"font-weight: 400;\"><span style=\"font-weight: 400;\">Eigenverantwortliches Arbeiten mit anspruchsvollen Aufgaben in kleinem und motiviertem Support-Team<\/span><\/li>\n<li style=\"font-weight: 400;\"><span style=\"font-weight: 400;\">Moderne Strukturen mit offener Kommunikation, flachen Hierarchien und unkompliziertem Miteinander<\/span><\/li>\n<li style=\"font-weight: 400;\"><span style=\"font-weight: 400;\">Einflussnahme auf unsere Produktentwicklung<\/span><\/li>\n<li style=\"font-weight: 400;\"><span style=\"font-weight: 400;\">Attraktives Einkommen und kontinuierliche berufliche Weiterentwicklung<\/span><\/li>\n<\/ul>\n<p><span style=\"font-weight: 400;\">Wir erwarten von jedem Mitarbeiter ein hohes Engagement und Eigenst\u00e4ndigkeit.<\/span><\/p>\n<p><span style=\"font-weight: 400;\">Bitte sende Deine Bewerbung mit einem Lebenslauf an jobs@beronet.com<\/span>[\/vc_column_text][\/vc_tta_section][vc_tta_section title=&#8221;UI Entwickler&#8221; tab_id=&#8221;1539206286084-da29a0af-ed338eb8-af9d&#8221;][vc_column_text]Diese Position erfordert Kenntnisse in Linux, HTML, Javascript, PHP, Python, etc.<\/p>\n<p>Wir suchen UI Entwickler mit Erfahrungen im Bereich cloud\u00a0 computing und payment solutions.<\/p>\n<p><strong>Deine Aufgaben werden sein:<\/strong><\/p>\n<ul>\n<li>Unterst\u00fctzung bei der Entwicklung spezifischer Anwendungen f\u00fcr unsere Ger\u00e4te und Cloud Services<\/li>\n<li>Erstellen von GUIs und Konnektoren zwischen verschiedenen Softwarekomponenten<\/li>\n<\/ul>\n<p>Wenn Sie interessiert sind, senden Sie Ihren Lebenslauf an jobs@beronet.com[\/vc_column_text][\/vc_tta_section][\/vc_tta_accordion][\/vc_column][\/vc_row]<\/p>\n","protected":false},"excerpt":{"rendered":"<p>[vc_row full_width=&#8221;stretch_row&#8221; content_placement=&#8221;middle&#8221; css=&#8221;.vc_custom_1540144337993{margin-top: -70px !important;padding-top: 50px !important;padding-bottom: 30px !important;background-color: #f9f9f9 !important;}&#8221;][vc_column width=&#8221;1\/6&#8243;][\/vc_column][vc_column width=&#8221;2\/3&#8243;][vc_column_text css=&#8221;.vc_custom_1545300768702{margin-top: -20px !important;}&#8221;] Nutzen Sie die Chance, mit uns zu wachsen. Wir sind auf der Suche nach neuen Kollegen, die unser internationales Team bereichern und mit Ihrem Fachwissen, Ihrer Begeisterung und Ihren frischen, kreativen Ideen zum gemeinsamen Erfolg beitragen. Hier finden&hellip;<\/p>\n","protected":false},"author":1,"featured_media":0,"parent":0,"menu_order":0,"comment_status":"closed","ping_status":"closed","template":"","meta":{"content-type":""},"tags":[],"class_list":["post-53009","page","type-page","status-publish","hentry","description-off"],"yoast_head":"<!-- This site is optimized with the Yoast SEO plugin v24.1 - https:\/\/yoast.com\/wordpress\/plugins\/seo\/ -->\n<title>beroNets offene Stellenangebote - beroNet<\/title>\n<meta name=\"description\" content=\"Wir suchen neue Kollegen, die unser Team bereichern und mit Sachkenntnis, Begeisterung und kreativen Ideen zum gemeinsamen Erfolg beitragen.\" \/>\n<meta name=\"robots\" content=\"index, follow, max-snippet:-1, max-image-preview:large, max-video-preview:-1\" \/>\n<link rel=\"canonical\" href=\"https:\/\/www.beronet.com\/de\/careers\/\" \/>\n<meta property=\"og:locale\" content=\"de_DE\" \/>\n<meta property=\"og:type\" content=\"article\" \/>\n<meta property=\"og:title\" content=\"beroNets offene Stellenangebote - beroNet\" \/>\n<meta property=\"og:description\" content=\"Wir suchen neue Kollegen, die unser Team bereichern und mit Sachkenntnis, Begeisterung und kreativen Ideen zum gemeinsamen Erfolg beitragen.\" \/>\n<meta property=\"og:url\" content=\"https:\/\/www.beronet.com\/de\/careers\/\" \/>\n<meta property=\"og:site_name\" content=\"beroNet\" \/>\n<meta property=\"article:modified_time\" content=\"2022-08-26T09:22:54+00:00\" \/>\n<meta name=\"twitter:card\" content=\"summary_large_image\" \/>\n<meta name=\"twitter:label1\" content=\"Gesch\u00e4tzte Lesezeit\" \/>\n\t<meta name=\"twitter:data1\" content=\"6\u00a0Minuten\" \/>\n<script type=\"application\/ld+json\" class=\"yoast-schema-graph\">{\"@context\":\"https:\/\/schema.org\",\"@graph\":[{\"@type\":\"WebPage\",\"@id\":\"https:\/\/www.beronet.com\/de\/careers\/\",\"url\":\"https:\/\/www.beronet.com\/de\/careers\/\",\"name\":\"beroNets offene Stellenangebote - beroNet\",\"isPartOf\":{\"@id\":\"https:\/\/www.beronet.com\/de\/#website\"},\"datePublished\":\"2018-10-21T10:19:44+00:00\",\"dateModified\":\"2022-08-26T09:22:54+00:00\",\"description\":\"Wir suchen neue Kollegen, die unser Team bereichern und mit Sachkenntnis, Begeisterung und kreativen Ideen zum gemeinsamen Erfolg beitragen.\",\"breadcrumb\":{\"@id\":\"https:\/\/www.beronet.com\/de\/careers\/#breadcrumb\"},\"inLanguage\":\"de\",\"potentialAction\":[{\"@type\":\"ReadAction\",\"target\":[\"https:\/\/www.beronet.com\/de\/careers\/\"]}]},{\"@type\":\"BreadcrumbList\",\"@id\":\"https:\/\/www.beronet.com\/de\/careers\/#breadcrumb\",\"itemListElement\":[{\"@type\":\"ListItem\",\"position\":1,\"name\":\"Start\",\"item\":\"https:\/\/www.beronet.com\/de\/\"},{\"@type\":\"ListItem\",\"position\":2,\"name\":\"beroNets offene Stellenangebote\"}]},{\"@type\":\"WebSite\",\"@id\":\"https:\/\/www.beronet.com\/de\/#website\",\"url\":\"https:\/\/www.beronet.com\/de\/\",\"name\":\"beroNet\",\"description\":\"Cloud-optimierte VoIP-Hardware\",\"publisher\":{\"@id\":\"https:\/\/www.beronet.com\/de\/#organization\"},\"potentialAction\":[{\"@type\":\"SearchAction\",\"target\":{\"@type\":\"EntryPoint\",\"urlTemplate\":\"https:\/\/www.beronet.com\/de\/?s={search_term_string}\"},\"query-input\":{\"@type\":\"PropertyValueSpecification\",\"valueRequired\":true,\"valueName\":\"search_term_string\"}}],\"inLanguage\":\"de\"},{\"@type\":\"Organization\",\"@id\":\"https:\/\/www.beronet.com\/de\/#organization\",\"name\":\"beroNet GmbH\",\"url\":\"https:\/\/www.beronet.com\/de\/\",\"logo\":{\"@type\":\"ImageObject\",\"inLanguage\":\"de\",\"@id\":\"https:\/\/www.beronet.com\/de\/#\/schema\/logo\/image\/\",\"url\":\"https:\/\/www.beronet.com\/wp-content\/uploads\/2018\/09\/logo-1.png\",\"contentUrl\":\"https:\/\/www.beronet.com\/wp-content\/uploads\/2018\/09\/logo-1.png\",\"width\":197,\"height\":40,\"caption\":\"beroNet GmbH\"},\"image\":{\"@id\":\"https:\/\/www.beronet.com\/de\/#\/schema\/logo\/image\/\"}}]}<\/script>\n<!-- \/ Yoast SEO plugin. -->","yoast_head_json":{"title":"beroNets offene Stellenangebote - beroNet","description":"Wir suchen neue Kollegen, die unser Team bereichern und mit Sachkenntnis, Begeisterung und kreativen Ideen zum gemeinsamen Erfolg beitragen.","robots":{"index":"index","follow":"follow","max-snippet":"max-snippet:-1","max-image-preview":"max-image-preview:large","max-video-preview":"max-video-preview:-1"},"canonical":"https:\/\/www.beronet.com\/de\/careers\/","og_locale":"de_DE","og_type":"article","og_title":"beroNets offene Stellenangebote - beroNet","og_description":"Wir suchen neue Kollegen, die unser Team bereichern und mit Sachkenntnis, Begeisterung und kreativen Ideen zum gemeinsamen Erfolg beitragen.","og_url":"https:\/\/www.beronet.com\/de\/careers\/","og_site_name":"beroNet","article_modified_time":"2022-08-26T09:22:54+00:00","twitter_card":"summary_large_image","twitter_misc":{"Gesch\u00e4tzte Lesezeit":"6\u00a0Minuten"},"schema":{"@context":"https:\/\/schema.org","@graph":[{"@type":"WebPage","@id":"https:\/\/www.beronet.com\/de\/careers\/","url":"https:\/\/www.beronet.com\/de\/careers\/","name":"beroNets offene Stellenangebote - beroNet","isPartOf":{"@id":"https:\/\/www.beronet.com\/de\/#website"},"datePublished":"2018-10-21T10:19:44+00:00","dateModified":"2022-08-26T09:22:54+00:00","description":"Wir suchen neue Kollegen, die unser Team bereichern und mit Sachkenntnis, Begeisterung und kreativen Ideen zum gemeinsamen Erfolg beitragen.","breadcrumb":{"@id":"https:\/\/www.beronet.com\/de\/careers\/#breadcrumb"},"inLanguage":"de","potentialAction":[{"@type":"ReadAction","target":["https:\/\/www.beronet.com\/de\/careers\/"]}]},{"@type":"BreadcrumbList","@id":"https:\/\/www.beronet.com\/de\/careers\/#breadcrumb","itemListElement":[{"@type":"ListItem","position":1,"name":"Start","item":"https:\/\/www.beronet.com\/de\/"},{"@type":"ListItem","position":2,"name":"beroNets offene Stellenangebote"}]},{"@type":"WebSite","@id":"https:\/\/www.beronet.com\/de\/#website","url":"https:\/\/www.beronet.com\/de\/","name":"beroNet","description":"Cloud-optimierte VoIP-Hardware","publisher":{"@id":"https:\/\/www.beronet.com\/de\/#organization"},"potentialAction":[{"@type":"SearchAction","target":{"@type":"EntryPoint","urlTemplate":"https:\/\/www.beronet.com\/de\/?s={search_term_string}"},"query-input":{"@type":"PropertyValueSpecification","valueRequired":true,"valueName":"search_term_string"}}],"inLanguage":"de"},{"@type":"Organization","@id":"https:\/\/www.beronet.com\/de\/#organization","name":"beroNet GmbH","url":"https:\/\/www.beronet.com\/de\/","logo":{"@type":"ImageObject","inLanguage":"de","@id":"https:\/\/www.beronet.com\/de\/#\/schema\/logo\/image\/","url":"https:\/\/www.beronet.com\/wp-content\/uploads\/2018\/09\/logo-1.png","contentUrl":"https:\/\/www.beronet.com\/wp-content\/uploads\/2018\/09\/logo-1.png","width":197,"height":40,"caption":"beroNet GmbH"},"image":{"@id":"https:\/\/www.beronet.com\/de\/#\/schema\/logo\/image\/"}}]}},"_links":{"self":[{"href":"https:\/\/www.beronet.com\/de\/wp-json\/wp\/v2\/pages\/53009","targetHints":{"allow":["GET"]}}],"collection":[{"href":"https:\/\/www.beronet.com\/de\/wp-json\/wp\/v2\/pages"}],"about":[{"href":"https:\/\/www.beronet.com\/de\/wp-json\/wp\/v2\/types\/page"}],"author":[{"embeddable":true,"href":"https:\/\/www.beronet.com\/de\/wp-json\/wp\/v2\/users\/1"}],"replies":[{"embeddable":true,"href":"https:\/\/www.beronet.com\/de\/wp-json\/wp\/v2\/comments?post=53009"}],"version-history":[{"count":11,"href":"https:\/\/www.beronet.com\/de\/wp-json\/wp\/v2\/pages\/53009\/revisions"}],"predecessor-version":[{"id":59297,"href":"https:\/\/www.beronet.com\/de\/wp-json\/wp\/v2\/pages\/53009\/revisions\/59297"}],"wp:attachment":[{"href":"https:\/\/www.beronet.com\/de\/wp-json\/wp\/v2\/media?parent=53009"}],"wp:term":[{"taxonomy":"post_tag","embeddable":true,"href":"https:\/\/www.beronet.com\/de\/wp-json\/wp\/v2\/tags?post=53009"}],"curies":[{"name":"wp","href":"https:\/\/api.w.org\/{rel}","templated":true}]}}