{"id":54683,"date":"2019-02-26T10:11:38","date_gmt":"2019-02-26T10:11:38","guid":{"rendered":"http:\/\/alpha.beronet.com\/voip-gateways\/analog-gateways\/"},"modified":"2023-02-06T13:12:35","modified_gmt":"2023-02-06T13:12:35","slug":"analog-gateways","status":"publish","type":"page","link":"https:\/\/www.beronet.com\/de\/voip-gateways\/analog-gateways\/","title":{"rendered":"Analog VoIP Gateways"},"content":{"rendered":"<p>[vc_row content_placement=&#8221;middle&#8221; css=&#8221;.vc_custom_1551177975223{padding-right: 15px !important;padding-bottom: 30px !important;padding-left: 15px !important;}&#8221;][vc_column width=&#8221;1\/2&#8243;][vc_empty_space][vc_column_text]<\/p>\n<h3>beroNet 4 FXO SBC VoIP Gateway &#8211; modular und cloud-verwaltet<\/h3>\n<p>Das beroNet 4 FXO SBC Gateway (BNSBC-M-4FXO) ist mit 4 analogen FXO-Ports (Foreign Exchange Office) ausgestattet. Durch die 4 FXO-Ports kann eine Soft-PBX an herk\u00f6mmliche analoge \u00c4mter angeschlossen werden bzw. eine alte analoge Telefonanlage VoIP-f\u00e4hig gemacht werden. Das Gateway verbindet SIP mit Analog zum Anschluss an das \u00f6ffentliche Telefonnetz oder an einen internen analogen Anschluss der TK-Anlage. Es l\u00e4sst sich einfach durch ein zus\u00e4tzliches Modul erweitern und in der beroCloud verwalten.[\/vc_column_text]<style type=\"text\/css\" data-type=\"the7_shortcodes-inline-css\">#default-btn-7e549605f40d7bee142f809b2f0c0143.ico-right-side > i {\n  margin-right: 0px;\n  margin-left: 8px;\n}\n#default-btn-7e549605f40d7bee142f809b2f0c0143 > i {\n  margin-right: 8px;\n}\n<\/style><a href=\"\/de\/gateway\/4-fxo-gateway\/\" class=\"default-btn-shortcode dt-btn dt-btn-s link-hover-off btn-inline-left \" id=\"default-btn-7e549605f40d7bee142f809b2f0c0143\"><span>MEHR ERFAHREN<\/span><\/a>[\/vc_column][vc_column width=&#8221;1\/2&#8243;][vc_single_image image=&#8221;59479&#8243; img_size=&#8221;large&#8221; alignment=&#8221;center&#8221; css=&#8221;.vc_custom_1675688824459{padding-top: 25px !important;padding-bottom: 25px !important;}&#8221;][\/vc_column][\/vc_row][vc_row][vc_column][vc_separator][\/vc_column][\/vc_row][vc_row full_width=&#8221;stretch_row&#8221; content_placement=&#8221;middle&#8221; css=&#8221;.vc_custom_1551177927961{padding-top: 35px !important;padding-bottom: 50px !important;background-color: #ffffff !important;}&#8221;][vc_column width=&#8221;1\/2&#8243;][vc_single_image image=&#8221;59487&#8243; img_size=&#8221;full&#8221; alignment=&#8221;center&#8221;][\/vc_column][vc_column width=&#8221;1\/2&#8243;][vc_empty_space][vc_column_text]<\/p>\n<h3>beroNet 4 FXS SBC VoIP Gateway<\/h3>\n<p>Das beroNet 4 FXS Gateway (BNSBC-M-4FXS) stellt 4 analoge FXS-Ports zum Anschluss von analogen Telefonen oder auch Faxger\u00e4ten zur Verf\u00fcgung. Durch das transparente \u201eHardware-Bridging\u201c der beroNet Gateways k\u00f6nnen auch sensible Dienste wie Modems oder Faxe zuverl\u00e4ssig an \u00f6ffentliche \u00c4mter (ISDN BRI\/PRI) terminiert werden. Das Gateway ist auch als 8 und 12 FXS-Version verf\u00fcgbar (BNSBC-M-8FXS und BNSBC-12FXS).[\/vc_column_text]<style type=\"text\/css\" data-type=\"the7_shortcodes-inline-css\">#default-btn-2ec121fef79968a4218325145733e3db.ico-right-side > i {\n  margin-right: 0px;\n  margin-left: 8px;\n}\n#default-btn-2ec121fef79968a4218325145733e3db > i {\n  margin-right: 8px;\n}\n<\/style><a href=\"\/de\/gateway\/beronet-4-fxs-voip-gateway\/\" class=\"default-btn-shortcode dt-btn dt-btn-s link-hover-off btn-inline-left \" id=\"default-btn-2ec121fef79968a4218325145733e3db\"><span>MEHR ERFAHREN<\/span><\/a>[vc_empty_space][\/vc_column][\/vc_row][vc_row full_width=&#8221;stretch_row&#8221; content_placement=&#8221;middle&#8221; css=&#8221;.vc_custom_1551177927961{padding-top: 35px !important;padding-bottom: 50px !important;background-color: #ffffff !important;}&#8221;][vc_column width=&#8221;1\/2&#8243;][vc_empty_space][vc_column_text]<\/p>\n<h3>beroNet 8 FXS SBC VoIP Gateway<\/h3>\n<p>Das beroNet 8 FXS Gateway (BNSBC-M-8FXS) stellt 8 analoge FXS-Ports zum Anschluss von analogen Telefonen oder auch Faxger\u00e4ten zur Verf\u00fcgung. Durch das transparente \u201eHardware-Bridging\u201c der beroNet Gateways k\u00f6nnen auch sensible Dienste wie Modems oder Faxe zuverl\u00e4ssig an \u00f6ffentliche \u00c4mter (ISDN BRI\/PRI) terminiert werden. Das Gateway ist auch als 12 FXS-Version verf\u00fcgbar (BNSBC-12FXS).[\/vc_column_text]<style type=\"text\/css\" data-type=\"the7_shortcodes-inline-css\">#default-btn-61570f175ddde2f1b82d335acceeda15.ico-right-side > i {\n  margin-right: 0px;\n  margin-left: 8px;\n}\n#default-btn-61570f175ddde2f1b82d335acceeda15 > i {\n  margin-right: 8px;\n}\n<\/style><a href=\"\/de\/gateway\/beronet-8-fxs-voip-gateway\/\" class=\"default-btn-shortcode dt-btn dt-btn-s link-hover-off btn-inline-left \" id=\"default-btn-61570f175ddde2f1b82d335acceeda15\" title=\"beroNet 8 FXS VoIP Gateway\"><span>MEHR ERFAHREN<\/span><\/a>[vc_empty_space][\/vc_column][vc_column width=&#8221;1\/2&#8243;][vc_single_image image=&#8221;59487&#8243; img_size=&#8221;full&#8221; alignment=&#8221;center&#8221;][\/vc_column][\/vc_row][vc_row][vc_column][vc_separator][\/vc_column][\/vc_row][vc_row content_placement=&#8221;middle&#8221; css=&#8221;.vc_custom_1551177958591{padding-right: 15px !important;padding-bottom: 30px !important;padding-left: 15px !important;}&#8221;][vc_column width=&#8221;1\/2&#8243;][vc_single_image image=&#8221;59490&#8243; img_size=&#8221;full&#8221; alignment=&#8221;center&#8221; css=&#8221;.vc_custom_1675689041365{padding-top: 25px !important;padding-bottom: 25px !important;}&#8221;][\/vc_column][vc_column width=&#8221;1\/2&#8243;][vc_empty_space][vc_column_text]<\/p>\n<h3>beroNet 12 FXS SBC VoIP Gateway<\/h3>\n<p>Das beroNet 12 FXS SBC Analog Gateway (BNSBC-12FXS) wurde konzipiert, um eine einfache Integration von \u00e4lteren Telefonsystemen in IP-Infrastrukturen zu erm\u00f6glichen. Es kann bis zu 12 analoge Endger\u00e4te (Telefon oder Fax) an ein IP-Netzwerk anschlie\u00dfen. Mit zwei Netzwerkschnittstellenkarten und einer Auswahl an SBC-Softwarelizenzen sind die beroNet VoIP SBCs die Sicherheitsl\u00f6sung f\u00fcr VoIP-Netzwerke. Sie vereinfachen Konfigurationen und machen IP-Telefonanlagen und VoIP-Anbieter kompatibel. Das 12 FXS Gateway l\u00e4sst sich mit der beroNet Cloud verwalten.[\/vc_column_text]<style type=\"text\/css\" data-type=\"the7_shortcodes-inline-css\">#default-btn-29b52627ab6faf0d7aa74d0e02a9f22b.ico-right-side > i {\n  margin-right: 0px;\n  margin-left: 8px;\n}\n#default-btn-29b52627ab6faf0d7aa74d0e02a9f22b > i {\n  margin-right: 8px;\n}\n<\/style><a href=\"\/de\/gateway\/beronet-24-fxs-sbc-voip-gateway\/\" class=\"default-btn-shortcode dt-btn dt-btn-s link-hover-off btn-inline-left \" id=\"default-btn-29b52627ab6faf0d7aa74d0e02a9f22b\"><span>MEHR ERFAHREN<\/span><\/a>[\/vc_column][\/vc_row]<\/p>\n","protected":false},"excerpt":{"rendered":"<p>[vc_row content_placement=&#8221;middle&#8221; css=&#8221;.vc_custom_1551177975223{padding-right: 15px !important;padding-bottom: 30px !important;padding-left: 15px !important;}&#8221;][vc_column width=&#8221;1\/2&#8243;][vc_empty_space][vc_column_text] beroNet 4 FXO SBC VoIP Gateway &#8211; modular und cloud-verwaltet Das beroNet 4 FXO SBC Gateway (BNSBC-M-4FXO) ist mit 4 analogen FXO-Ports (Foreign Exchange Office) ausgestattet. Durch die 4 FXO-Ports kann eine Soft-PBX an herk\u00f6mmliche analoge \u00c4mter angeschlossen werden bzw. eine alte analoge Telefonanlage VoIP-f\u00e4hig&hellip;<\/p>\n","protected":false},"author":1,"featured_media":0,"parent":52999,"menu_order":0,"comment_status":"closed","ping_status":"closed","template":"","meta":{"content-type":""},"tags":[],"class_list":["post-54683","page","type-page","status-publish","hentry","description-off"],"yoast_head":"<!-- This site is optimized with the Yoast SEO plugin v24.1 - https:\/\/yoast.com\/wordpress\/plugins\/seo\/ -->\n<title>Analog VoIP Gateways | beroNet<\/title>\n<meta name=\"description\" content=\"Mit den beroNet Analog VoIP Gateways wird Ihre veraltete analoge Telefonanlage VoIP-f\u00e4hig. Die Ger\u00e4te sind modular erweiterbar.\" \/>\n<meta name=\"robots\" content=\"index, follow, max-snippet:-1, max-image-preview:large, max-video-preview:-1\" \/>\n<link rel=\"canonical\" href=\"https:\/\/www.beronet.com\/de\/voip-gateways\/analog-gateways\/\" \/>\n<meta property=\"og:locale\" content=\"de_DE\" \/>\n<meta property=\"og:type\" content=\"article\" \/>\n<meta property=\"og:title\" content=\"Analog VoIP Gateways | beroNet\" \/>\n<meta property=\"og:description\" content=\"Mit den beroNet Analog VoIP Gateways wird Ihre veraltete analoge Telefonanlage VoIP-f\u00e4hig. Die Ger\u00e4te sind modular erweiterbar.\" \/>\n<meta property=\"og:url\" content=\"https:\/\/www.beronet.com\/de\/voip-gateways\/analog-gateways\/\" \/>\n<meta property=\"og:site_name\" content=\"beroNet\" \/>\n<meta property=\"article:modified_time\" content=\"2023-02-06T13:12:35+00:00\" \/>\n<meta name=\"twitter:card\" content=\"summary_large_image\" \/>\n<meta name=\"twitter:label1\" content=\"Gesch\u00e4tzte Lesezeit\" \/>\n\t<meta name=\"twitter:data1\" content=\"3\u00a0Minuten\" \/>\n<script type=\"application\/ld+json\" class=\"yoast-schema-graph\">{\"@context\":\"https:\/\/schema.org\",\"@graph\":[{\"@type\":\"WebPage\",\"@id\":\"https:\/\/www.beronet.com\/de\/voip-gateways\/analog-gateways\/\",\"url\":\"https:\/\/www.beronet.com\/de\/voip-gateways\/analog-gateways\/\",\"name\":\"Analog VoIP Gateways | beroNet\",\"isPartOf\":{\"@id\":\"https:\/\/www.beronet.com\/de\/#website\"},\"datePublished\":\"2019-02-26T10:11:38+00:00\",\"dateModified\":\"2023-02-06T13:12:35+00:00\",\"description\":\"Mit den beroNet Analog VoIP Gateways wird Ihre veraltete analoge Telefonanlage VoIP-f\u00e4hig. Die Ger\u00e4te sind modular erweiterbar.\",\"breadcrumb\":{\"@id\":\"https:\/\/www.beronet.com\/de\/voip-gateways\/analog-gateways\/#breadcrumb\"},\"inLanguage\":\"de\",\"potentialAction\":[{\"@type\":\"ReadAction\",\"target\":[\"https:\/\/www.beronet.com\/de\/voip-gateways\/analog-gateways\/\"]}]},{\"@type\":\"BreadcrumbList\",\"@id\":\"https:\/\/www.beronet.com\/de\/voip-gateways\/analog-gateways\/#breadcrumb\",\"itemListElement\":[{\"@type\":\"ListItem\",\"position\":1,\"name\":\"Start\",\"item\":\"https:\/\/www.beronet.com\/de\/\"},{\"@type\":\"ListItem\",\"position\":2,\"name\":\"beroNet VoIP Gateways und E-SBCs\",\"item\":\"https:\/\/www.beronet.com\/de\/voip-gateways\/\"},{\"@type\":\"ListItem\",\"position\":3,\"name\":\"Analog VoIP Gateways\"}]},{\"@type\":\"WebSite\",\"@id\":\"https:\/\/www.beronet.com\/de\/#website\",\"url\":\"https:\/\/www.beronet.com\/de\/\",\"name\":\"beroNet\",\"description\":\"Cloud-optimierte VoIP-Hardware\",\"publisher\":{\"@id\":\"https:\/\/www.beronet.com\/de\/#organization\"},\"potentialAction\":[{\"@type\":\"SearchAction\",\"target\":{\"@type\":\"EntryPoint\",\"urlTemplate\":\"https:\/\/www.beronet.com\/de\/?s={search_term_string}\"},\"query-input\":{\"@type\":\"PropertyValueSpecification\",\"valueRequired\":true,\"valueName\":\"search_term_string\"}}],\"inLanguage\":\"de\"},{\"@type\":\"Organization\",\"@id\":\"https:\/\/www.beronet.com\/de\/#organization\",\"name\":\"beroNet GmbH\",\"url\":\"https:\/\/www.beronet.com\/de\/\",\"logo\":{\"@type\":\"ImageObject\",\"inLanguage\":\"de\",\"@id\":\"https:\/\/www.beronet.com\/de\/#\/schema\/logo\/image\/\",\"url\":\"https:\/\/www.beronet.com\/wp-content\/uploads\/2018\/09\/logo-1.png\",\"contentUrl\":\"https:\/\/www.beronet.com\/wp-content\/uploads\/2018\/09\/logo-1.png\",\"width\":197,\"height\":40,\"caption\":\"beroNet GmbH\"},\"image\":{\"@id\":\"https:\/\/www.beronet.com\/de\/#\/schema\/logo\/image\/\"}}]}<\/script>\n<!-- \/ Yoast SEO plugin. -->","yoast_head_json":{"title":"Analog VoIP Gateways | beroNet","description":"Mit den beroNet Analog VoIP Gateways wird Ihre veraltete analoge Telefonanlage VoIP-f\u00e4hig. Die Ger\u00e4te sind modular erweiterbar.","robots":{"index":"index","follow":"follow","max-snippet":"max-snippet:-1","max-image-preview":"max-image-preview:large","max-video-preview":"max-video-preview:-1"},"canonical":"https:\/\/www.beronet.com\/de\/voip-gateways\/analog-gateways\/","og_locale":"de_DE","og_type":"article","og_title":"Analog VoIP Gateways | beroNet","og_description":"Mit den beroNet Analog VoIP Gateways wird Ihre veraltete analoge Telefonanlage VoIP-f\u00e4hig. Die Ger\u00e4te sind modular erweiterbar.","og_url":"https:\/\/www.beronet.com\/de\/voip-gateways\/analog-gateways\/","og_site_name":"beroNet","article_modified_time":"2023-02-06T13:12:35+00:00","twitter_card":"summary_large_image","twitter_misc":{"Gesch\u00e4tzte Lesezeit":"3\u00a0Minuten"},"schema":{"@context":"https:\/\/schema.org","@graph":[{"@type":"WebPage","@id":"https:\/\/www.beronet.com\/de\/voip-gateways\/analog-gateways\/","url":"https:\/\/www.beronet.com\/de\/voip-gateways\/analog-gateways\/","name":"Analog VoIP Gateways | beroNet","isPartOf":{"@id":"https:\/\/www.beronet.com\/de\/#website"},"datePublished":"2019-02-26T10:11:38+00:00","dateModified":"2023-02-06T13:12:35+00:00","description":"Mit den beroNet Analog VoIP Gateways wird Ihre veraltete analoge Telefonanlage VoIP-f\u00e4hig. Die Ger\u00e4te sind modular erweiterbar.","breadcrumb":{"@id":"https:\/\/www.beronet.com\/de\/voip-gateways\/analog-gateways\/#breadcrumb"},"inLanguage":"de","potentialAction":[{"@type":"ReadAction","target":["https:\/\/www.beronet.com\/de\/voip-gateways\/analog-gateways\/"]}]},{"@type":"BreadcrumbList","@id":"https:\/\/www.beronet.com\/de\/voip-gateways\/analog-gateways\/#breadcrumb","itemListElement":[{"@type":"ListItem","position":1,"name":"Start","item":"https:\/\/www.beronet.com\/de\/"},{"@type":"ListItem","position":2,"name":"beroNet VoIP Gateways und E-SBCs","item":"https:\/\/www.beronet.com\/de\/voip-gateways\/"},{"@type":"ListItem","position":3,"name":"Analog VoIP Gateways"}]},{"@type":"WebSite","@id":"https:\/\/www.beronet.com\/de\/#website","url":"https:\/\/www.beronet.com\/de\/","name":"beroNet","description":"Cloud-optimierte VoIP-Hardware","publisher":{"@id":"https:\/\/www.beronet.com\/de\/#organization"},"potentialAction":[{"@type":"SearchAction","target":{"@type":"EntryPoint","urlTemplate":"https:\/\/www.beronet.com\/de\/?s={search_term_string}"},"query-input":{"@type":"PropertyValueSpecification","valueRequired":true,"valueName":"search_term_string"}}],"inLanguage":"de"},{"@type":"Organization","@id":"https:\/\/www.beronet.com\/de\/#organization","name":"beroNet GmbH","url":"https:\/\/www.beronet.com\/de\/","logo":{"@type":"ImageObject","inLanguage":"de","@id":"https:\/\/www.beronet.com\/de\/#\/schema\/logo\/image\/","url":"https:\/\/www.beronet.com\/wp-content\/uploads\/2018\/09\/logo-1.png","contentUrl":"https:\/\/www.beronet.com\/wp-content\/uploads\/2018\/09\/logo-1.png","width":197,"height":40,"caption":"beroNet GmbH"},"image":{"@id":"https:\/\/www.beronet.com\/de\/#\/schema\/logo\/image\/"}}]}},"_links":{"self":[{"href":"https:\/\/www.beronet.com\/de\/wp-json\/wp\/v2\/pages\/54683","targetHints":{"allow":["GET"]}}],"collection":[{"href":"https:\/\/www.beronet.com\/de\/wp-json\/wp\/v2\/pages"}],"about":[{"href":"https:\/\/www.beronet.com\/de\/wp-json\/wp\/v2\/types\/page"}],"author":[{"embeddable":true,"href":"https:\/\/www.beronet.com\/de\/wp-json\/wp\/v2\/users\/1"}],"replies":[{"embeddable":true,"href":"https:\/\/www.beronet.com\/de\/wp-json\/wp\/v2\/comments?post=54683"}],"version-history":[{"count":21,"href":"https:\/\/www.beronet.com\/de\/wp-json\/wp\/v2\/pages\/54683\/revisions"}],"predecessor-version":[{"id":59545,"href":"https:\/\/www.beronet.com\/de\/wp-json\/wp\/v2\/pages\/54683\/revisions\/59545"}],"up":[{"embeddable":true,"href":"https:\/\/www.beronet.com\/de\/wp-json\/wp\/v2\/pages\/52999"}],"wp:attachment":[{"href":"https:\/\/www.beronet.com\/de\/wp-json\/wp\/v2\/media?parent=54683"}],"wp:term":[{"taxonomy":"post_tag","embeddable":true,"href":"https:\/\/www.beronet.com\/de\/wp-json\/wp\/v2\/tags?post=54683"}],"curies":[{"name":"wp","href":"https:\/\/api.w.org\/{rel}","templated":true}]}}