{"id":54694,"date":"2019-02-26T11:31:00","date_gmt":"2019-02-26T11:31:00","guid":{"rendered":"http:\/\/alpha.beronet.com\/voip-gateways\/isdn-voip-gateways\/"},"modified":"2023-02-06T15:03:53","modified_gmt":"2023-02-06T15:03:53","slug":"isdn-voip-gateways","status":"publish","type":"page","link":"https:\/\/www.beronet.com\/de\/voip-gateways\/isdn-voip-gateways\/","title":{"rendered":"ISDN VoIP Gateways"},"content":{"rendered":"<p>[vc_row content_placement=&#8221;middle&#8221; css=&#8221;.vc_custom_1551181411343{padding-right: 15px !important;padding-bottom: 30px !important;padding-left: 15px !important;}&#8221;][vc_column width=&#8221;1\/2&#8243;][vc_empty_space][vc_column_text]<\/p>\n<h3>beroNet 1 PRI E1 SBC VoIP Gateway<\/h3>\n<p>Die beroNet\u00a0<strong>1 PRI E1 Gateways<\/strong>\u00a0<strong>(BNSBC-M-1PRI, BNSBC-L-1PRI)<\/strong> sind mit dem 1 Port PRI E1 (S2M) Modul (BNMO-1E1) ausgestattet. F\u00fcr M\u00e4rkte, die eine T1-Schnittstelle ben\u00f6tigen, k\u00f6nnen die Modelle BNSBC-M\/ BNSBC-L mit einem 1 Port PRI T1\/E1 Modul (BNMO-1PRI) erg\u00e4nzt werden. Beide Module (BNMO-1E1 und BNMO-1PRI) verf\u00fcgen \u00fcber eine <strong>High Precision Clock (HPC)<\/strong>, um DECT Systeme anzuschlie\u00dfen. Jeder Port kann individuell im NT (Network Termination) oder TE (Terminal Equipment) Modus betrieben werden. \u00dcber eine virtuelle CAPI k\u00f6nnen auch Faxserver angebunden werden. Das Gateway ist kompatibel mit SIP. Eine Anbindung der g\u00e4ngigen PBX-Systeme ist mittels der ISDN Schnittstellen ebenfalls m\u00f6glich.[\/vc_column_text]<style type=\"text\/css\" data-type=\"the7_shortcodes-inline-css\">#default-btn-7f0b3e643061fafadf7a8d7467988a46.ico-right-side > i {\n  margin-right: 0px;\n  margin-left: 8px;\n}\n#default-btn-7f0b3e643061fafadf7a8d7467988a46 > i {\n  margin-right: 8px;\n}\n<\/style><a href=\"\/de\/gateway\/beronet-1-pri-voip-gateway\/\" class=\"default-btn-shortcode dt-btn dt-btn-s link-hover-off btn-inline-left \" id=\"default-btn-7f0b3e643061fafadf7a8d7467988a46\"><span>MEHR ERFAHREN<\/span><\/a>[\/vc_column][vc_column width=&#8221;1\/2&#8243;][vc_single_image image=&#8221;59507&#8243; img_size=&#8221;large&#8221; alignment=&#8221;center&#8221; css=&#8221;.vc_custom_1675694600088{padding-top: 25px !important;padding-bottom: 25px !important;}&#8221;][\/vc_column][\/vc_row][vc_row][vc_column][vc_separator][\/vc_column][\/vc_row][vc_row full_width=&#8221;stretch_row&#8221; content_placement=&#8221;middle&#8221; css=&#8221;.vc_custom_1551181421293{padding-top: 35px !important;padding-bottom: 30px !important;background-color: #ffffff !important;}&#8221;][vc_column width=&#8221;1\/2&#8243;][vc_single_image image=&#8221;59524&#8243; img_size=&#8221;full&#8221; alignment=&#8221;center&#8221;][\/vc_column][vc_column width=&#8221;1\/2&#8243;][vc_empty_space][vc_column_text]<\/p>\n<h3>beroNet 2 PRI E1 SBC VoIP Gateway<\/h3>\n<p>Die beroNet\u00a0<strong>2\u00a0PRI E1 Gateways<\/strong>\u00a0<strong>(BNSBC-L-2PRI, BNSBC-XL-2E1)<\/strong> sind mit dem 2 Port PRI E1 (S2M) Modul (BNMO-2E1) ausgestattet. F\u00fcr M\u00e4rkte, die eine T1-Schnittstelle ben\u00f6tigen, kann das Modell BNSBC-L\/BNSBC-XL um ein 2 Port PRI T1\/E1 Modul (BNMO-2PRI) erg\u00e4nzt werden. Beide Module (BNMO-2E1 und BNMO-2PRI) verf\u00fcgen \u00fcber eine <strong>High Precision Clock (HPC)<\/strong>, um DECT Systeme anzuschlie\u00dfen. Jeder einzelne Port kann individuell im NT (Network Termination) oder TE (Terminal Equipment) Modus betrieben werden. \u00dcber eine virtuelle CAPI k\u00f6nnen auch Faxserver angeschlossen werden. Es ist das ideale Gateway, um eine sanfte Migration (Schritt-f\u00fcr-Schritt Migration von alter TK-Anlage zu moderner VoIP-Anlage) durchzuf\u00fchren. Das Gateway l\u00e4sst sich komfortabel \u00fcber die beroNet Cloud administrieren, updaten und \u00fcberwachen.[\/vc_column_text]<style type=\"text\/css\" data-type=\"the7_shortcodes-inline-css\">#default-btn-8123cccd773456a13ca2d55549ef4bfa.ico-right-side > i {\n  margin-right: 0px;\n  margin-left: 8px;\n}\n#default-btn-8123cccd773456a13ca2d55549ef4bfa > i {\n  margin-right: 8px;\n}\n<\/style><a href=\"\/de\/gateway\/beronet-2-pri-voip-gateway\/\" class=\"default-btn-shortcode dt-btn dt-btn-s link-hover-off btn-inline-left \" id=\"default-btn-8123cccd773456a13ca2d55549ef4bfa\"><span>MEHR ERFAHREN<\/span><\/a>[vc_empty_space][\/vc_column][\/vc_row][vc_row][vc_column][vc_separator][\/vc_column][\/vc_row][vc_row content_placement=&#8221;middle&#8221; css=&#8221;.vc_custom_1551181429734{padding-right: 15px !important;padding-bottom: 30px !important;padding-left: 15px !important;}&#8221;][vc_column width=&#8221;1\/2&#8243;][vc_empty_space][vc_column_text]<\/p>\n<h3>beroNet 4 BRI SBC VoIP Gateway<\/h3>\n<p>Das beroNet 4 BRI Gateway (BNSBC-M-4BRI) verf\u00fcgt \u00fcber vier BRI (S0) Ports mit High Precision Clock (HPC). Es kann an das \u00f6ffentliche Telefonnetz oder an einen internen S0 Anschluss der TK-Anlage angeschlossen werden. Au\u00dferdem kann man die klassische TK-Anlage \u00fcber das Gateway mit einem VoIP-Anschluss oder einer VoIP-Anlage verbinden. \u00dcber eine virtuelle CAPI k\u00f6nnen auch Faxserver angeschlossen werden. Das beroNet 4 BRI Gateway ist ideal, um eine PSTN-Verbindung ohne Qualit\u00e4tsverlust zu erm\u00f6glichen und verbindet optimal die Vorteile von ISDN &amp; VoIP.[\/vc_column_text]<style type=\"text\/css\" data-type=\"the7_shortcodes-inline-css\">#default-btn-f567a9e750a385c616b154dc56fbaeac.ico-right-side > i {\n  margin-right: 0px;\n  margin-left: 8px;\n}\n#default-btn-f567a9e750a385c616b154dc56fbaeac > i {\n  margin-right: 8px;\n}\n<\/style><a href=\"\/de\/gateway\/beronet-4-bri-voip-gateway\/\" class=\"default-btn-shortcode dt-btn dt-btn-s link-hover-off btn-inline-left \" id=\"default-btn-f567a9e750a385c616b154dc56fbaeac\"><span>MEHR ERFAHREN<\/span><\/a>[\/vc_column][vc_column width=&#8221;1\/2&#8243;][vc_single_image image=&#8221;59513&#8243; img_size=&#8221;large&#8221; alignment=&#8221;center&#8221; css=&#8221;.vc_custom_1675695551129{padding-top: 25px !important;padding-bottom: 25px !important;}&#8221;][\/vc_column][\/vc_row][vc_row][vc_column][vc_separator][\/vc_column][\/vc_row][vc_row full_width=&#8221;stretch_row&#8221; content_placement=&#8221;middle&#8221; css=&#8221;.vc_custom_1551181437564{padding-top: 35px !important;padding-bottom: 30px !important;background-color: #ffffff !important;}&#8221;][vc_column width=&#8221;1\/2&#8243;][vc_single_image image=&#8221;59126&#8243; img_size=&#8221;full&#8221; alignment=&#8221;center&#8221;][\/vc_column][vc_column width=&#8221;1\/2&#8243;][vc_empty_space][vc_column_text]<\/p>\n<h3>beroNet 8 BRI SBC VoIP Gateway<\/h3>\n<p>Das beroNet 8 BRI Gateway (BNSBC-M-8BRI) verf\u00fcgt \u00fcber acht BRI (S0) Ports mit High Precision Clock (HPC). Es kann an das \u00f6ffentliche Telefonnetz oder an einen internen S0 Anschluss der TK-Anlage angeschlossen werden. Au\u00dferdem kann man die klassische TK-Anlage \u00fcber das Gateway mit einem VoIP-Anschluss oder einer VoIP-Anlage verbinden. \u00dcber eine virtuelle CAPI k\u00f6nnen auch Faxserver angeschlossen werden. Das beroNet 8 BRI Gateway ist ideal, um eine PSTN-Verbindung ohne Qualit\u00e4tsverlust zu erm\u00f6glichen und verbindet optimal die Vorteile von ISDN &amp; VoIP.[\/vc_column_text]<style type=\"text\/css\" data-type=\"the7_shortcodes-inline-css\">#default-btn-bd7f0a19ee81566b45f0711086890991.ico-right-side > i {\n  margin-right: 0px;\n  margin-left: 8px;\n}\n#default-btn-bd7f0a19ee81566b45f0711086890991 > i {\n  margin-right: 8px;\n}\n<\/style><a href=\"\/de\/gateway\/beronet-8-bri-voip-gateway\/\" class=\"default-btn-shortcode dt-btn dt-btn-s link-hover-off btn-inline-left \" id=\"default-btn-bd7f0a19ee81566b45f0711086890991\"><span>MEHR ERFAHREN<\/span><\/a>[vc_empty_space][\/vc_column][\/vc_row][vc_row][vc_column][vc_separator][\/vc_column][\/vc_row][vc_row content_placement=&#8221;middle&#8221; css=&#8221;.vc_custom_1551181448042{padding-right: 15px !important;padding-bottom: 30px !important;padding-left: 15px !important;}&#8221;][vc_column width=&#8221;1\/2&#8243;][vc_empty_space][vc_column_text]<\/p>\n<h3>beroNet BRI und FXS SBC VoIP Gateway<\/h3>\n<p>Das beroNet 2 BRI \/ 2 FXS Gateway (BNSBC-M-2HYB) verf\u00fcgt \u00fcber zwei BRI (S0) und zwei FXS-Ports. Es verbindet SIP mit ISDN und Analog (FXS) zum Anschluss analoger Endger\u00e4te wie Telefon, Fax, Alarmanlage, EC-Cash und Modems. Das Umschalten der jeweiligen Betriebsmodi vom TE- oder NT-Modus, sowie der Abschlusswiderst\u00e4nde f\u00fcr jeden einzelnen Port erfolgt Jumper Free \u00fcber die komfortable Web-GUI. \u00dcber eine virtuelle CAPI k\u00f6nnen auch Fax-Server angeschlossen werden.[\/vc_column_text]<style type=\"text\/css\" data-type=\"the7_shortcodes-inline-css\">#default-btn-634b86d13aac479015b0d309a4c5c3ce.ico-right-side > i {\n  margin-right: 0px;\n  margin-left: 8px;\n}\n#default-btn-634b86d13aac479015b0d309a4c5c3ce > i {\n  margin-right: 8px;\n}\n<\/style><a href=\"\/de\/gateway\/beronet-fxs-bri-voip-gateway\/\" class=\"default-btn-shortcode dt-btn dt-btn-s link-hover-off btn-inline-left \" id=\"default-btn-634b86d13aac479015b0d309a4c5c3ce\"><span>MEHR ERFAHREN<\/span><\/a>[\/vc_column][vc_column width=&#8221;1\/2&#8243;][vc_single_image image=&#8221;59535&#8243; img_size=&#8221;large&#8221; alignment=&#8221;center&#8221; css=&#8221;.vc_custom_1675695811403{padding-top: 25px !important;padding-bottom: 25px !important;}&#8221;][\/vc_column][\/vc_row]<\/p>\n","protected":false},"excerpt":{"rendered":"<p>[vc_row content_placement=&#8221;middle&#8221; css=&#8221;.vc_custom_1551181411343{padding-right: 15px !important;padding-bottom: 30px !important;padding-left: 15px !important;}&#8221;][vc_column width=&#8221;1\/2&#8243;][vc_empty_space][vc_column_text] beroNet 1 PRI E1 SBC VoIP Gateway Die beroNet\u00a01 PRI E1 Gateways\u00a0(BNSBC-M-1PRI, BNSBC-L-1PRI) sind mit dem 1 Port PRI E1 (S2M) Modul (BNMO-1E1) ausgestattet. F\u00fcr M\u00e4rkte, die eine T1-Schnittstelle ben\u00f6tigen, k\u00f6nnen die Modelle BNSBC-M\/ BNSBC-L mit einem 1 Port PRI T1\/E1 Modul (BNMO-1PRI) erg\u00e4nzt werden.&hellip;<\/p>\n","protected":false},"author":1,"featured_media":0,"parent":52999,"menu_order":0,"comment_status":"closed","ping_status":"closed","template":"","meta":{"content-type":""},"tags":[],"class_list":["post-54694","page","type-page","status-publish","hentry","description-off"],"yoast_head":"<!-- This site is optimized with the Yoast SEO plugin v24.1 - https:\/\/yoast.com\/wordpress\/plugins\/seo\/ -->\n<title>ISDN VoIP Gateways | beroNet<\/title>\n<meta name=\"description\" content=\"Beronet ISDN VoIP Gateways machen Ihre bestehende ISDN-Telefonanlage VoIP-f\u00e4hig. Die Ger\u00e4te sind mit weiteren Modulen erweiterbar.\" \/>\n<meta name=\"robots\" content=\"index, follow, max-snippet:-1, max-image-preview:large, max-video-preview:-1\" \/>\n<link rel=\"canonical\" href=\"https:\/\/www.beronet.com\/de\/voip-gateways\/isdn-voip-gateways\/\" \/>\n<meta property=\"og:locale\" content=\"de_DE\" \/>\n<meta property=\"og:type\" content=\"article\" \/>\n<meta property=\"og:title\" content=\"ISDN VoIP Gateways | beroNet\" \/>\n<meta property=\"og:description\" content=\"Beronet ISDN VoIP Gateways machen Ihre bestehende ISDN-Telefonanlage VoIP-f\u00e4hig. Die Ger\u00e4te sind mit weiteren Modulen erweiterbar.\" \/>\n<meta property=\"og:url\" content=\"https:\/\/www.beronet.com\/de\/voip-gateways\/isdn-voip-gateways\/\" \/>\n<meta property=\"og:site_name\" content=\"beroNet\" \/>\n<meta property=\"article:modified_time\" content=\"2023-02-06T15:03:53+00:00\" \/>\n<meta name=\"twitter:card\" content=\"summary_large_image\" \/>\n<meta name=\"twitter:label1\" content=\"Gesch\u00e4tzte Lesezeit\" \/>\n\t<meta name=\"twitter:data1\" content=\"5\u00a0Minuten\" \/>\n<script type=\"application\/ld+json\" class=\"yoast-schema-graph\">{\"@context\":\"https:\/\/schema.org\",\"@graph\":[{\"@type\":\"WebPage\",\"@id\":\"https:\/\/www.beronet.com\/de\/voip-gateways\/isdn-voip-gateways\/\",\"url\":\"https:\/\/www.beronet.com\/de\/voip-gateways\/isdn-voip-gateways\/\",\"name\":\"ISDN VoIP Gateways | beroNet\",\"isPartOf\":{\"@id\":\"https:\/\/www.beronet.com\/de\/#website\"},\"datePublished\":\"2019-02-26T11:31:00+00:00\",\"dateModified\":\"2023-02-06T15:03:53+00:00\",\"description\":\"Beronet ISDN VoIP Gateways machen Ihre bestehende ISDN-Telefonanlage VoIP-f\u00e4hig. Die Ger\u00e4te sind mit weiteren Modulen erweiterbar.\",\"breadcrumb\":{\"@id\":\"https:\/\/www.beronet.com\/de\/voip-gateways\/isdn-voip-gateways\/#breadcrumb\"},\"inLanguage\":\"de\",\"potentialAction\":[{\"@type\":\"ReadAction\",\"target\":[\"https:\/\/www.beronet.com\/de\/voip-gateways\/isdn-voip-gateways\/\"]}]},{\"@type\":\"BreadcrumbList\",\"@id\":\"https:\/\/www.beronet.com\/de\/voip-gateways\/isdn-voip-gateways\/#breadcrumb\",\"itemListElement\":[{\"@type\":\"ListItem\",\"position\":1,\"name\":\"Start\",\"item\":\"https:\/\/www.beronet.com\/de\/\"},{\"@type\":\"ListItem\",\"position\":2,\"name\":\"beroNet VoIP Gateways und E-SBCs\",\"item\":\"https:\/\/www.beronet.com\/de\/voip-gateways\/\"},{\"@type\":\"ListItem\",\"position\":3,\"name\":\"ISDN VoIP Gateways\"}]},{\"@type\":\"WebSite\",\"@id\":\"https:\/\/www.beronet.com\/de\/#website\",\"url\":\"https:\/\/www.beronet.com\/de\/\",\"name\":\"beroNet\",\"description\":\"Cloud-optimierte VoIP-Hardware\",\"publisher\":{\"@id\":\"https:\/\/www.beronet.com\/de\/#organization\"},\"potentialAction\":[{\"@type\":\"SearchAction\",\"target\":{\"@type\":\"EntryPoint\",\"urlTemplate\":\"https:\/\/www.beronet.com\/de\/?s={search_term_string}\"},\"query-input\":{\"@type\":\"PropertyValueSpecification\",\"valueRequired\":true,\"valueName\":\"search_term_string\"}}],\"inLanguage\":\"de\"},{\"@type\":\"Organization\",\"@id\":\"https:\/\/www.beronet.com\/de\/#organization\",\"name\":\"beroNet GmbH\",\"url\":\"https:\/\/www.beronet.com\/de\/\",\"logo\":{\"@type\":\"ImageObject\",\"inLanguage\":\"de\",\"@id\":\"https:\/\/www.beronet.com\/de\/#\/schema\/logo\/image\/\",\"url\":\"https:\/\/www.beronet.com\/wp-content\/uploads\/2018\/09\/logo-1.png\",\"contentUrl\":\"https:\/\/www.beronet.com\/wp-content\/uploads\/2018\/09\/logo-1.png\",\"width\":197,\"height\":40,\"caption\":\"beroNet GmbH\"},\"image\":{\"@id\":\"https:\/\/www.beronet.com\/de\/#\/schema\/logo\/image\/\"}}]}<\/script>\n<!-- \/ Yoast SEO plugin. -->","yoast_head_json":{"title":"ISDN VoIP Gateways | beroNet","description":"Beronet ISDN VoIP Gateways machen Ihre bestehende ISDN-Telefonanlage VoIP-f\u00e4hig. Die Ger\u00e4te sind mit weiteren Modulen erweiterbar.","robots":{"index":"index","follow":"follow","max-snippet":"max-snippet:-1","max-image-preview":"max-image-preview:large","max-video-preview":"max-video-preview:-1"},"canonical":"https:\/\/www.beronet.com\/de\/voip-gateways\/isdn-voip-gateways\/","og_locale":"de_DE","og_type":"article","og_title":"ISDN VoIP Gateways | beroNet","og_description":"Beronet ISDN VoIP Gateways machen Ihre bestehende ISDN-Telefonanlage VoIP-f\u00e4hig. Die Ger\u00e4te sind mit weiteren Modulen erweiterbar.","og_url":"https:\/\/www.beronet.com\/de\/voip-gateways\/isdn-voip-gateways\/","og_site_name":"beroNet","article_modified_time":"2023-02-06T15:03:53+00:00","twitter_card":"summary_large_image","twitter_misc":{"Gesch\u00e4tzte Lesezeit":"5\u00a0Minuten"},"schema":{"@context":"https:\/\/schema.org","@graph":[{"@type":"WebPage","@id":"https:\/\/www.beronet.com\/de\/voip-gateways\/isdn-voip-gateways\/","url":"https:\/\/www.beronet.com\/de\/voip-gateways\/isdn-voip-gateways\/","name":"ISDN VoIP Gateways | beroNet","isPartOf":{"@id":"https:\/\/www.beronet.com\/de\/#website"},"datePublished":"2019-02-26T11:31:00+00:00","dateModified":"2023-02-06T15:03:53+00:00","description":"Beronet ISDN VoIP Gateways machen Ihre bestehende ISDN-Telefonanlage VoIP-f\u00e4hig. Die Ger\u00e4te sind mit weiteren Modulen erweiterbar.","breadcrumb":{"@id":"https:\/\/www.beronet.com\/de\/voip-gateways\/isdn-voip-gateways\/#breadcrumb"},"inLanguage":"de","potentialAction":[{"@type":"ReadAction","target":["https:\/\/www.beronet.com\/de\/voip-gateways\/isdn-voip-gateways\/"]}]},{"@type":"BreadcrumbList","@id":"https:\/\/www.beronet.com\/de\/voip-gateways\/isdn-voip-gateways\/#breadcrumb","itemListElement":[{"@type":"ListItem","position":1,"name":"Start","item":"https:\/\/www.beronet.com\/de\/"},{"@type":"ListItem","position":2,"name":"beroNet VoIP Gateways und E-SBCs","item":"https:\/\/www.beronet.com\/de\/voip-gateways\/"},{"@type":"ListItem","position":3,"name":"ISDN VoIP Gateways"}]},{"@type":"WebSite","@id":"https:\/\/www.beronet.com\/de\/#website","url":"https:\/\/www.beronet.com\/de\/","name":"beroNet","description":"Cloud-optimierte VoIP-Hardware","publisher":{"@id":"https:\/\/www.beronet.com\/de\/#organization"},"potentialAction":[{"@type":"SearchAction","target":{"@type":"EntryPoint","urlTemplate":"https:\/\/www.beronet.com\/de\/?s={search_term_string}"},"query-input":{"@type":"PropertyValueSpecification","valueRequired":true,"valueName":"search_term_string"}}],"inLanguage":"de"},{"@type":"Organization","@id":"https:\/\/www.beronet.com\/de\/#organization","name":"beroNet GmbH","url":"https:\/\/www.beronet.com\/de\/","logo":{"@type":"ImageObject","inLanguage":"de","@id":"https:\/\/www.beronet.com\/de\/#\/schema\/logo\/image\/","url":"https:\/\/www.beronet.com\/wp-content\/uploads\/2018\/09\/logo-1.png","contentUrl":"https:\/\/www.beronet.com\/wp-content\/uploads\/2018\/09\/logo-1.png","width":197,"height":40,"caption":"beroNet GmbH"},"image":{"@id":"https:\/\/www.beronet.com\/de\/#\/schema\/logo\/image\/"}}]}},"_links":{"self":[{"href":"https:\/\/www.beronet.com\/de\/wp-json\/wp\/v2\/pages\/54694","targetHints":{"allow":["GET"]}}],"collection":[{"href":"https:\/\/www.beronet.com\/de\/wp-json\/wp\/v2\/pages"}],"about":[{"href":"https:\/\/www.beronet.com\/de\/wp-json\/wp\/v2\/types\/page"}],"author":[{"embeddable":true,"href":"https:\/\/www.beronet.com\/de\/wp-json\/wp\/v2\/users\/1"}],"replies":[{"embeddable":true,"href":"https:\/\/www.beronet.com\/de\/wp-json\/wp\/v2\/comments?post=54694"}],"version-history":[{"count":18,"href":"https:\/\/www.beronet.com\/de\/wp-json\/wp\/v2\/pages\/54694\/revisions"}],"predecessor-version":[{"id":59558,"href":"https:\/\/www.beronet.com\/de\/wp-json\/wp\/v2\/pages\/54694\/revisions\/59558"}],"up":[{"embeddable":true,"href":"https:\/\/www.beronet.com\/de\/wp-json\/wp\/v2\/pages\/52999"}],"wp:attachment":[{"href":"https:\/\/www.beronet.com\/de\/wp-json\/wp\/v2\/media?parent=54694"}],"wp:term":[{"taxonomy":"post_tag","embeddable":true,"href":"https:\/\/www.beronet.com\/de\/wp-json\/wp\/v2\/tags?post=54694"}],"curies":[{"name":"wp","href":"https:\/\/api.w.org\/{rel}","templated":true}]}}