{"id":55029,"date":"2019-03-12T19:59:58","date_gmt":"2019-03-12T19:59:58","guid":{"rendered":"http:\/\/alpha.beronet.com\/beronet-cloud-management\/"},"modified":"2021-03-01T13:23:09","modified_gmt":"2021-03-01T13:23:09","slug":"beronet-cloud-management","status":"publish","type":"page","link":"https:\/\/www.beronet.com\/de\/beronet-cloud-management\/","title":{"rendered":"beroNet Cloud Management"},"content":{"rendered":"<p>[vc_row full_width=&#8221;stretch_row&#8221; full_height=&#8221;yes&#8221; css=&#8221;.vc_custom_1554830083469{margin-top: -70px !important;padding-top: 30px !important;padding-bottom: 50px !important;background-image: url(https:\/\/www.beronet.com\/wp-content\/uploads\/2018\/11\/BG-gray.jpg?id=52986) !important;background-position: center !important;background-repeat: no-repeat !important;background-size: cover !important;}&#8221;][vc_column][vc_column_text css=&#8221;.vc_custom_1552422210033{margin-top: -15px !important;padding-right: 40px !important;padding-left: 40px !important;}&#8221;]<\/p>\n<h1 style=\"text-align: center;\">Die weltweit erste SaaS Cloud-basierte L\u00f6sung im VoIP Bereich<\/h1>\n<p>[\/vc_column_text][vc_empty_space height=&#8221;35&#8243;]<style type=\"text\/css\" data-type=\"the7_shortcodes-inline-css\">.shortcode-single-image-wrap.shortcode-single-image-4f9cd9a27449d9508f45893c51086974.enable-bg-rollover .rollover i,\n.shortcode-single-image-wrap.shortcode-single-image-4f9cd9a27449d9508f45893c51086974.enable-bg-rollover .rollover-video i {\n  background: -webkit-linear-gradient();\n  background: linear-gradient();\n}\n.shortcode-single-image-wrap.shortcode-single-image-4f9cd9a27449d9508f45893c51086974 .rollover-icon {\n  font-size: 32px;\n  color: #ffffff;\n  min-width: 44px;\n  min-height: 44px;\n  line-height: 44px;\n  border-radius: 100px;\n  border-style: solid;\n  border-width: 0px;\n}\n.dt-icon-bg-on.shortcode-single-image-wrap.shortcode-single-image-4f9cd9a27449d9508f45893c51086974 .rollover-icon {\n  background: rgba(255,255,255,0.3);\n  box-shadow: none;\n}\n<\/style><div class=\"shortcode-single-image-wrap shortcode-single-image-4f9cd9a27449d9508f45893c51086974 alignnone fadeInUp animate-element  enable-bg-rollover dt-icon-bg-off\" style=\"margin-top:0px; margin-bottom:0px; margin-left:0px; margin-right:0px; width:1031px;\"><div class=\"shortcode-single-image\"><div class=\"fancy-media-wrap  layzr-bg\" style=\"\"><img loading=\"lazy\" decoding=\"async\" class=\"preload-me lazy-load\" src=\"data:image\/svg+xml,%3Csvg%20xmlns%3D&#39;http%3A%2F%2Fwww.w3.org%2F2000%2Fsvg&#39;%20viewBox%3D&#39;0%200%201000%20484&#39;%2F%3E\" data-src=\"https:\/\/www.beronet.com\/wp-content\/uploads\/2019\/03\/beroNet-Cloud-on-responsive-devices.png\" data-srcset=\"https:\/\/www.beronet.com\/wp-content\/uploads\/2019\/03\/beroNet-Cloud-on-responsive-devices.png 1000w\" width=\"1000\" height=\"484\"  data-dt-location=\"https:\/\/www.beronet.com\/de\/beronet-cloud-management\/attachment\/beronet-cloud-on-responsive-devices\/\" style=\"\" alt=\"beroNet-Cloud-on-devices\" \/><\/div><\/div><\/div>[\/vc_column][\/vc_row][vc_row content_placement=&#8221;middle&#8221; css=&#8221;.vc_custom_1550248647897{padding-right: 15px !important;padding-bottom: 50px !important;padding-left: 15px !important;}&#8221;][vc_column width=&#8221;1\/2&#8243;][vc_column_text]<\/p>\n<h3>Bequem, einfach, sicher.<\/h3>\n<p>Mit der beroNet Cloud k\u00f6nnen Solution Provider und Carrier ihre im Feld installierten beroNet Ger\u00e4te \u00fcber jeden beliebigen Webbrowser in der Cloud verwalten. Dabei kommunizieren die Ger\u00e4te mit der Cloud, ganz ohne Sicherheitseinbu\u00dfen, da kein Signal von Au\u00dfen nach Innen gelangt.<\/p>\n<p>Machen Sie mit der beroNet Cloud bequem Updates, kontrollieren Sie beroNet Ger\u00e4te an mehreren Standorten, verwalten Sie Projekte und vieles mehr.<\/p>\n<p><strong>Melden Sie sich an und erhalten Sie eine KOSTENLOSE 30-Tage-Testversion:<\/strong><br \/>\n<a href=\"https:\/\/berocloud.beronet.com\/\" target=\"_blank\" rel=\"noopener noreferrer\">https:\/\/berocloud.beronet.com\/<\/a>[\/vc_column_text][\/vc_column][vc_column width=&#8221;1\/2&#8243;][vc_empty_space][vc_single_image image=&#8221;54749&#8243; img_size=&#8221;full&#8221; alignment=&#8221;center&#8221;][\/vc_column][\/vc_row][vc_row full_width=&#8221;stretch_row&#8221; content_placement=&#8221;middle&#8221; css=&#8221;.vc_custom_1542988189222{padding-top: 35px !important;padding-bottom: 50px !important;background-color: #f8f8f8 !important;}&#8221;][vc_column width=&#8221;1\/2&#8243;][vc_single_image image=&#8221;54752&#8243; img_size=&#8221;large&#8221; alignment=&#8221;center&#8221; css=&#8221;.vc_custom_1552129152639{padding-top: 25px !important;padding-bottom: 25px !important;}&#8221;][\/vc_column][vc_column width=&#8221;1\/2&#8243;][vc_column_text]<\/p>\n<h3>Filialmanagement<\/h3>\n<p>Mit der einfach zu bedienenden Web-GUI der beroNet Cloud k\u00f6nnen beroNet VoIP-Gateways und PCI(e) Karten, Session Border Controller und Appliances einfach und sicher verwaltet werden. Mit dem Dashboard k\u00f6nnen alle Statistiken der Ger\u00e4te auf einen Blick erkannt werden.[\/vc_column_text]<style type=\"text\/css\" data-type=\"the7_shortcodes-inline-css\">#default-btn-1adc6cc24cb1b2dafcdb9d59456427e0.ico-right-side > i {\n  margin-right: 0px;\n  margin-left: 8px;\n}\n#default-btn-1adc6cc24cb1b2dafcdb9d59456427e0 > i {\n  margin-right: 8px;\n}\n<\/style><a href=\"https:\/\/beronet.atlassian.net\/wiki\/spaces\/PUB\/overview\" class=\"default-btn-shortcode dt-btn dt-btn-s link-hover-off btn-inline-left  vc_custom_1590414919127\" id=\"default-btn-1adc6cc24cb1b2dafcdb9d59456427e0\"><span>TECHNISCHE DATEN<\/span><\/a><style type=\"text\/css\" data-type=\"the7_shortcodes-inline-css\">#default-btn-535e4e94fae2f3fb13d3bcb6f8e90be0.ico-right-side > i {\n  margin-right: 0px;\n  margin-left: 8px;\n}\n#default-btn-535e4e94fae2f3fb13d3bcb6f8e90be0 > i {\n  margin-right: 8px;\n}\n<\/style><a href=\"https:\/\/berocloud.beronet.com\/\" class=\"default-btn-shortcode dt-btn dt-btn-s link-hover-off btn-inline-left \" target=\"_blank\" id=\"default-btn-535e4e94fae2f3fb13d3bcb6f8e90be0\" rel=\"noopener\"><span>ANMELDUNG &#8211; KOSTENLOSE 30-TAGE-TESTVERSION<\/span><\/a>[\/vc_column][\/vc_row][vc_row css=&#8221;.vc_custom_1542747413709{padding-top: 60px !important;padding-right: 20px !important;padding-bottom: 60px !important;padding-left: 20px !important;}&#8221;][vc_column css=&#8221;.vc_custom_1542747300005{padding-right: 15px !important;padding-left: 15px !important;}&#8221;][vc_column_text el_id=&#8221;details&#8221;]<\/p>\n<h2 id=\"#details\" style=\"text-align: center;\">Vorteile der beroNet Cloud<\/h2>\n<p>[\/vc_column_text][\/vc_column][\/vc_row][vc_row css=&#8221;.vc_custom_1542747320846{padding-right: 15px !important;padding-left: 15px !important;}&#8221;][vc_column width=&#8221;1\/2&#8243;]<div class=\"aio-icon-component    style_1\"><div id=\"Info-box-wrap-7300\" class=\"aio-icon-box left-icon\" style=\"\"  ><div class=\"aio-icon-left\"><div class=\"ult-just-icon-wrapper  \"><div class=\"align-icon\" style=\"text-align:center;\">\n<div class=\"aio-icon-img \" style=\"font-size:85px;display:inline-block;\" >\n\t<img decoding=\"async\" class=\"img-icon\" alt=\"null\" src=\"https:\/\/www.beronet.com\/wp-content\/uploads\/2018\/11\/Easy-to-configure.png\"\/>\n<\/div><\/div><\/div><\/div><div class=\"aio-ibd-block\"><div class=\"aio-icon-header\" ><h3 class=\"aio-icon-title ult-responsive\"  data-ultimate-target='#Info-box-wrap-7300 .aio-icon-title'  data-responsive-json-new='{\"font-size\":\"desktop:18px;\",\"line-height\":\"\"}'  style=\"\">Intuitive Web GUI:<\/h3><\/div> <!-- header --><div class=\"aio-icon-description ult-responsive\"  data-ultimate-target='#Info-box-wrap-7300 .aio-icon-description'  data-responsive-json-new='{\"font-size\":\"\",\"line-height\":\"\"}'  style=\"\">Einfache Bedienung der Cloud von jedem Webbrowser aus<\/div> <!-- description --><\/div> <!-- aio-ibd-block --><\/div> <!-- aio-icon-box --><\/div> <!-- aio-icon-component -->[\/vc_column][vc_column width=&#8221;1\/2&#8243;]<div class=\"aio-icon-component    style_1\"><div id=\"Info-box-wrap-8130\" class=\"aio-icon-box left-icon\" style=\"\"  ><div class=\"aio-icon-left\"><div class=\"ult-just-icon-wrapper  \"><div class=\"align-icon\" style=\"text-align:center;\">\n<div class=\"aio-icon-img \" style=\"font-size:85px;display:inline-block;\" >\n\t<img decoding=\"async\" class=\"img-icon\" alt=\"null\" src=\"https:\/\/www.beronet.com\/wp-content\/uploads\/2018\/11\/Cloud-managed-and-monitored.png\"\/>\n<\/div><\/div><\/div><\/div><div class=\"aio-ibd-block\"><div class=\"aio-icon-header\" ><h3 class=\"aio-icon-title ult-responsive\"  data-ultimate-target='#Info-box-wrap-8130 .aio-icon-title'  data-responsive-json-new='{\"font-size\":\"desktop:18px;\",\"line-height\":\"\"}'  style=\"\">Standortverwaltung:<\/h3><\/div> <!-- header --><div class=\"aio-icon-description ult-responsive\"  data-ultimate-target='#Info-box-wrap-8130 .aio-icon-description'  data-responsive-json-new='{\"font-size\":\"\",\"line-height\":\"\"}'  style=\"\">Verwaltung mehrerer Ger\u00e4te von einem zentralen Standort aus<\/div> <!-- description --><\/div> <!-- aio-ibd-block --><\/div> <!-- aio-icon-box --><\/div> <!-- aio-icon-component -->[\/vc_column][\/vc_row][vc_row css=&#8221;.vc_custom_1542747312597{padding-right: 15px !important;padding-left: 15px !important;}&#8221;][vc_column width=&#8221;1\/2&#8243;]<div class=\"aio-icon-component    style_1\"><div id=\"Info-box-wrap-3818\" class=\"aio-icon-box left-icon\" style=\"\"  ><div class=\"aio-icon-left\"><div class=\"ult-just-icon-wrapper  \"><div class=\"align-icon\" style=\"text-align:center;\">\n<div class=\"aio-icon-img \" style=\"font-size:85px;display:inline-block;\" >\n\t<img decoding=\"async\" class=\"img-icon\" alt=\"null\" src=\"https:\/\/www.beronet.com\/wp-content\/uploads\/2018\/11\/5-Minute-Installation.png\"\/>\n<\/div><\/div><\/div><\/div><div class=\"aio-ibd-block\"><div class=\"aio-icon-header\" ><h3 class=\"aio-icon-title ult-responsive\"  data-ultimate-target='#Info-box-wrap-3818 .aio-icon-title'  data-responsive-json-new='{\"font-size\":\"desktop:18px;\",\"line-height\":\"\"}'  style=\"\">Updates &amp; Konfiguration:<\/h3><\/div> <!-- header --><div class=\"aio-icon-description ult-responsive\"  data-ultimate-target='#Info-box-wrap-3818 .aio-icon-description'  data-responsive-json-new='{\"font-size\":\"\",\"line-height\":\"\"}'  style=\"\">Konfiguration und Aktualisierung aller Ger\u00e4te gleichzeitig im Feld<\/div> <!-- description --><\/div> <!-- aio-ibd-block --><\/div> <!-- aio-icon-box --><\/div> <!-- aio-icon-component -->[\/vc_column][vc_column width=&#8221;1\/2&#8243;]<div class=\"aio-icon-component    style_1\"><div id=\"Info-box-wrap-4033\" class=\"aio-icon-box left-icon\" style=\"\"  ><div class=\"aio-icon-left\"><div class=\"ult-just-icon-wrapper  \"><div class=\"align-icon\" style=\"text-align:center;\">\n<div class=\"aio-icon-img \" style=\"font-size:85px;display:inline-block;\" >\n\t<img decoding=\"async\" class=\"img-icon\" alt=\"null\" src=\"https:\/\/www.beronet.com\/wp-content\/uploads\/2018\/11\/Compatible.png\"\/>\n<\/div><\/div><\/div><\/div><div class=\"aio-ibd-block\"><div class=\"aio-icon-header\" ><h3 class=\"aio-icon-title ult-responsive\"  data-ultimate-target='#Info-box-wrap-4033 .aio-icon-title'  data-responsive-json-new='{\"font-size\":\"desktop:18px;\",\"line-height\":\"\"}'  style=\"\">Absolute Sicherheit:<\/h3><\/div> <!-- header --><div class=\"aio-icon-description ult-responsive\"  data-ultimate-target='#Info-box-wrap-4033 .aio-icon-description'  data-responsive-json-new='{\"font-size\":\"\",\"line-height\":\"\"}'  style=\"\">Das Ger\u00e4t sendet von innen \u00fcber die Firewall den aktuellen Status in die Cloud<\/div> <!-- description --><\/div> <!-- aio-ibd-block --><\/div> <!-- aio-icon-box --><\/div> <!-- aio-icon-component -->[\/vc_column][\/vc_row][vc_row][vc_column][vc_empty_space height=&#8221;40&#8243;][\/vc_column][\/vc_row][vc_row css=&#8221;.vc_custom_1552212026465{padding-top: 60px !important;padding-right: 20px !important;padding-bottom: 60px !important;padding-left: 20px !important;}&#8221;][vc_column css=&#8221;.vc_custom_1542747300005{padding-right: 15px !important;padding-left: 15px !important;}&#8221;][vc_column_text]<\/p>\n<h2 id=\"#details\" style=\"text-align: center;\">Merkmale und Spezifikationen<\/h2>\n<p>[\/vc_column_text][\/vc_column][\/vc_row][vc_row][vc_column width=&#8221;1\/2&#8243;][vc_column_text css=&#8221;.vc_custom_1552422546192{margin-top: -15px !important;padding-right: 40px !important;padding-left: 40px !important;}&#8221;]<\/p>\n<h4>Fernverwaltung von<\/h4>\n<p>[\/vc_column_text]<div class=\"image-arrow list-divider bullet-top\"><ul>\n<li>Verwaltung von VoIP Ger\u00e4ten (SBCs, Gateways, Appliances, PCI Karten), Kunden sowie Projekten<\/li>\n<li>Fernzugriff der Ger\u00e4te im Feld<\/li>\n<li>Aufgaben und Tasks mit dem Zeitplaner (z.B. automatische Updates)<\/li>\n<li>Dashboard mit Status aller Ger\u00e4te im Feld<\/li>\n<li>Benachrichtigung im St\u00f6rungsfall<\/li>\n<li>Sichern und Wiederherstellen der Konfiguration<\/li>\n<li>Alles im Blick: Mit dem Dashboard den Status der Ger\u00e4te sofort erkennen<\/li>\n<\/ul>\n<\/div>[\/vc_column][vc_column width=&#8221;1\/2&#8243;][vc_column_text css=&#8221;.vc_custom_1552422602777{margin-top: -15px !important;padding-right: 40px !important;padding-left: 40px !important;}&#8221;]<\/p>\n<h4>Funktionen, Benachrichtigungen, Projektmanagement<\/h4>\n<p>[\/vc_column_text]<div class=\"image-arrow list-divider bullet-top\"><ul>\n<li>Ger\u00e4te senden jede Minute https Pings an die beroNet Cloud, kein NAT erforderlich<\/li>\n<li>Aufgaben werden angefordert und ausgef\u00fchrt<\/li>\n<li>Gesamtsituation der Ger\u00e4te<\/li>\n<li>Verbindungs- und Status\u00e4nderungen<\/li>\n<li>CRC-Fehlerz\u00e4hler<\/li>\n<li>SIP- und LTE-Registrierung<\/li>\n<li>Weisen Sie Aufgaben gleichzeitig mehreren Ger\u00e4ten zu<\/li>\n<li>Client-Management (Nur Partner- und Professional-Konten)<\/li>\n<li>Remote Provisioning beim Start (Nur Partner- und Professional-Konten)<\/li>\n<li><span style=\"color: #cb001c;\"><a style=\"color: #cb001c;\" href=\"\/wp-content\/uploads\/2019\/03\/beronet-cloud-en.pdf\">DATENBLATT HERUNTERLADEN<\/a><\/span><\/li>\n<\/ul>\n<\/div>[\/vc_column][\/vc_row][vc_row full_width=&#8221;stretch_row&#8221; content_placement=&#8221;middle&#8221; bg_type=&#8221;image&#8221; css=&#8221;.vc_custom_1554830114719{margin-top: 70px !important;margin-bottom: -70px !important;padding-top: 80px !important;padding-right: 0px !important;padding-bottom: 80px !important;padding-left: 0px !important;background-image: url(https:\/\/www.beronet.com\/wp-content\/uploads\/2018\/10\/BG-1.jpg?id=53691) !important;background-position: center !important;background-repeat: no-repeat !important;background-size: cover !important;}&#8221;][vc_column css=&#8221;.vc_custom_1540210235282{padding-right: 50px !important;padding-left: 50px !important;background-position: center !important;background-repeat: no-repeat !important;background-size: contain !important;}&#8221;][vc_column_text]<\/p>\n<h4 style=\"text-align: center;\">Ben\u00f6tigen Sie eine Funktion, die Sie nicht finden k\u00f6nnen? Kontaktieren Sie uns direkt per E-Mail an <strong><a href=\"mailto:sales@beronet.com\">sales@beronet.com<\/a>.<\/strong><\/h4>\n<h4 style=\"text-align: center;\">Wenn wir es nicht anbieten, k\u00f6nnen wir es entwickeln oder Sie in unsere API einf\u00fchren.<\/h4>\n<p>[\/vc_column_text][vc_column_text]<\/p>\n<p style=\"text-align: center;\"><strong><a href=\"\/de\/services\/#development\">KUNDENSPEZIFISCHE ENTWICKLUNG<\/a><\/strong><\/p>\n<p>[\/vc_column_text][\/vc_column][\/vc_row]<\/p>\n","protected":false},"excerpt":{"rendered":"<p>[vc_row full_width=&#8221;stretch_row&#8221; full_height=&#8221;yes&#8221; css=&#8221;.vc_custom_1554830083469{margin-top: -70px !important;padding-top: 30px !important;padding-bottom: 50px !important;background-image: url(https:\/\/www.beronet.com\/wp-content\/uploads\/2018\/11\/BG-gray.jpg?id=52986) !important;background-position: center !important;background-repeat: no-repeat !important;background-size: cover !important;}&#8221;][vc_column][vc_column_text css=&#8221;.vc_custom_1552422210033{margin-top: -15px !important;padding-right: 40px !important;padding-left: 40px !important;}&#8221;] Die weltweit erste SaaS Cloud-basierte L\u00f6sung im VoIP Bereich [\/vc_column_text][vc_empty_space height=&#8221;35&#8243;][\/vc_column][\/vc_row][vc_row content_placement=&#8221;middle&#8221; css=&#8221;.vc_custom_1550248647897{padding-right: 15px !important;padding-bottom: 50px !important;padding-left: 15px !important;}&#8221;][vc_column width=&#8221;1\/2&#8243;][vc_column_text] Bequem, einfach, sicher. Mit der beroNet Cloud k\u00f6nnen Solution Provider&hellip;<\/p>\n","protected":false},"author":2,"featured_media":0,"parent":0,"menu_order":0,"comment_status":"closed","ping_status":"closed","template":"","meta":{"content-type":""},"tags":[],"class_list":["post-55029","page","type-page","status-publish","hentry","description-off"],"yoast_head":"<!-- This site is optimized with the Yoast SEO plugin v24.1 - https:\/\/yoast.com\/wordpress\/plugins\/seo\/ -->\n<title>Cloud-Management-Software f\u00fcr Ihre VoIP Hardware | beroNet<\/title>\n<meta name=\"description\" content=\"Die weltweit erste Saas-basierte Cloud-L\u00f6sung f\u00fcr VoIP-Technologien erm\u00f6glicht Ihnen die sichere Fern\u00fcberwachung und Verwaltung Ihrer beroNet-Ger\u00e4te.\" \/>\n<meta name=\"robots\" content=\"index, follow, max-snippet:-1, max-image-preview:large, max-video-preview:-1\" \/>\n<link rel=\"canonical\" href=\"https:\/\/www.beronet.com\/de\/beronet-cloud-management\/\" \/>\n<meta property=\"og:locale\" content=\"de_DE\" \/>\n<meta property=\"og:type\" content=\"article\" \/>\n<meta property=\"og:title\" content=\"Cloud-Management-Software f\u00fcr Ihre VoIP Hardware | beroNet\" \/>\n<meta property=\"og:description\" content=\"Die weltweit erste Saas-basierte Cloud-L\u00f6sung f\u00fcr VoIP-Technologien erm\u00f6glicht Ihnen die sichere Fern\u00fcberwachung und Verwaltung Ihrer beroNet-Ger\u00e4te.\" \/>\n<meta property=\"og:url\" content=\"https:\/\/www.beronet.com\/de\/beronet-cloud-management\/\" \/>\n<meta property=\"og:site_name\" content=\"beroNet\" \/>\n<meta property=\"article:modified_time\" content=\"2021-03-01T13:23:09+00:00\" \/>\n<meta name=\"twitter:card\" content=\"summary_large_image\" \/>\n<meta name=\"twitter:label1\" content=\"Gesch\u00e4tzte Lesezeit\" \/>\n\t<meta name=\"twitter:data1\" content=\"5\u00a0Minuten\" \/>\n<script type=\"application\/ld+json\" class=\"yoast-schema-graph\">{\"@context\":\"https:\/\/schema.org\",\"@graph\":[{\"@type\":\"WebPage\",\"@id\":\"https:\/\/www.beronet.com\/de\/beronet-cloud-management\/\",\"url\":\"https:\/\/www.beronet.com\/de\/beronet-cloud-management\/\",\"name\":\"Cloud-Management-Software f\u00fcr Ihre VoIP Hardware | beroNet\",\"isPartOf\":{\"@id\":\"https:\/\/www.beronet.com\/de\/#website\"},\"datePublished\":\"2019-03-12T19:59:58+00:00\",\"dateModified\":\"2021-03-01T13:23:09+00:00\",\"description\":\"Die weltweit erste Saas-basierte Cloud-L\u00f6sung f\u00fcr VoIP-Technologien erm\u00f6glicht Ihnen die sichere Fern\u00fcberwachung und Verwaltung Ihrer beroNet-Ger\u00e4te.\",\"breadcrumb\":{\"@id\":\"https:\/\/www.beronet.com\/de\/beronet-cloud-management\/#breadcrumb\"},\"inLanguage\":\"de\",\"potentialAction\":[{\"@type\":\"ReadAction\",\"target\":[\"https:\/\/www.beronet.com\/de\/beronet-cloud-management\/\"]}]},{\"@type\":\"BreadcrumbList\",\"@id\":\"https:\/\/www.beronet.com\/de\/beronet-cloud-management\/#breadcrumb\",\"itemListElement\":[{\"@type\":\"ListItem\",\"position\":1,\"name\":\"Start\",\"item\":\"https:\/\/www.beronet.com\/de\/\"},{\"@type\":\"ListItem\",\"position\":2,\"name\":\"beroNet Cloud Management\"}]},{\"@type\":\"WebSite\",\"@id\":\"https:\/\/www.beronet.com\/de\/#website\",\"url\":\"https:\/\/www.beronet.com\/de\/\",\"name\":\"beroNet\",\"description\":\"Cloud-optimierte VoIP-Hardware\",\"publisher\":{\"@id\":\"https:\/\/www.beronet.com\/de\/#organization\"},\"potentialAction\":[{\"@type\":\"SearchAction\",\"target\":{\"@type\":\"EntryPoint\",\"urlTemplate\":\"https:\/\/www.beronet.com\/de\/?s={search_term_string}\"},\"query-input\":{\"@type\":\"PropertyValueSpecification\",\"valueRequired\":true,\"valueName\":\"search_term_string\"}}],\"inLanguage\":\"de\"},{\"@type\":\"Organization\",\"@id\":\"https:\/\/www.beronet.com\/de\/#organization\",\"name\":\"beroNet GmbH\",\"url\":\"https:\/\/www.beronet.com\/de\/\",\"logo\":{\"@type\":\"ImageObject\",\"inLanguage\":\"de\",\"@id\":\"https:\/\/www.beronet.com\/de\/#\/schema\/logo\/image\/\",\"url\":\"https:\/\/www.beronet.com\/wp-content\/uploads\/2018\/09\/logo-1.png\",\"contentUrl\":\"https:\/\/www.beronet.com\/wp-content\/uploads\/2018\/09\/logo-1.png\",\"width\":197,\"height\":40,\"caption\":\"beroNet GmbH\"},\"image\":{\"@id\":\"https:\/\/www.beronet.com\/de\/#\/schema\/logo\/image\/\"}}]}<\/script>\n<!-- \/ Yoast SEO plugin. -->","yoast_head_json":{"title":"Cloud-Management-Software f\u00fcr Ihre VoIP Hardware | beroNet","description":"Die weltweit erste Saas-basierte Cloud-L\u00f6sung f\u00fcr VoIP-Technologien erm\u00f6glicht Ihnen die sichere Fern\u00fcberwachung und Verwaltung Ihrer beroNet-Ger\u00e4te.","robots":{"index":"index","follow":"follow","max-snippet":"max-snippet:-1","max-image-preview":"max-image-preview:large","max-video-preview":"max-video-preview:-1"},"canonical":"https:\/\/www.beronet.com\/de\/beronet-cloud-management\/","og_locale":"de_DE","og_type":"article","og_title":"Cloud-Management-Software f\u00fcr Ihre VoIP Hardware | beroNet","og_description":"Die weltweit erste Saas-basierte Cloud-L\u00f6sung f\u00fcr VoIP-Technologien erm\u00f6glicht Ihnen die sichere Fern\u00fcberwachung und Verwaltung Ihrer beroNet-Ger\u00e4te.","og_url":"https:\/\/www.beronet.com\/de\/beronet-cloud-management\/","og_site_name":"beroNet","article_modified_time":"2021-03-01T13:23:09+00:00","twitter_card":"summary_large_image","twitter_misc":{"Gesch\u00e4tzte Lesezeit":"5\u00a0Minuten"},"schema":{"@context":"https:\/\/schema.org","@graph":[{"@type":"WebPage","@id":"https:\/\/www.beronet.com\/de\/beronet-cloud-management\/","url":"https:\/\/www.beronet.com\/de\/beronet-cloud-management\/","name":"Cloud-Management-Software f\u00fcr Ihre VoIP Hardware | beroNet","isPartOf":{"@id":"https:\/\/www.beronet.com\/de\/#website"},"datePublished":"2019-03-12T19:59:58+00:00","dateModified":"2021-03-01T13:23:09+00:00","description":"Die weltweit erste Saas-basierte Cloud-L\u00f6sung f\u00fcr VoIP-Technologien erm\u00f6glicht Ihnen die sichere Fern\u00fcberwachung und Verwaltung Ihrer beroNet-Ger\u00e4te.","breadcrumb":{"@id":"https:\/\/www.beronet.com\/de\/beronet-cloud-management\/#breadcrumb"},"inLanguage":"de","potentialAction":[{"@type":"ReadAction","target":["https:\/\/www.beronet.com\/de\/beronet-cloud-management\/"]}]},{"@type":"BreadcrumbList","@id":"https:\/\/www.beronet.com\/de\/beronet-cloud-management\/#breadcrumb","itemListElement":[{"@type":"ListItem","position":1,"name":"Start","item":"https:\/\/www.beronet.com\/de\/"},{"@type":"ListItem","position":2,"name":"beroNet Cloud Management"}]},{"@type":"WebSite","@id":"https:\/\/www.beronet.com\/de\/#website","url":"https:\/\/www.beronet.com\/de\/","name":"beroNet","description":"Cloud-optimierte VoIP-Hardware","publisher":{"@id":"https:\/\/www.beronet.com\/de\/#organization"},"potentialAction":[{"@type":"SearchAction","target":{"@type":"EntryPoint","urlTemplate":"https:\/\/www.beronet.com\/de\/?s={search_term_string}"},"query-input":{"@type":"PropertyValueSpecification","valueRequired":true,"valueName":"search_term_string"}}],"inLanguage":"de"},{"@type":"Organization","@id":"https:\/\/www.beronet.com\/de\/#organization","name":"beroNet GmbH","url":"https:\/\/www.beronet.com\/de\/","logo":{"@type":"ImageObject","inLanguage":"de","@id":"https:\/\/www.beronet.com\/de\/#\/schema\/logo\/image\/","url":"https:\/\/www.beronet.com\/wp-content\/uploads\/2018\/09\/logo-1.png","contentUrl":"https:\/\/www.beronet.com\/wp-content\/uploads\/2018\/09\/logo-1.png","width":197,"height":40,"caption":"beroNet GmbH"},"image":{"@id":"https:\/\/www.beronet.com\/de\/#\/schema\/logo\/image\/"}}]}},"_links":{"self":[{"href":"https:\/\/www.beronet.com\/de\/wp-json\/wp\/v2\/pages\/55029","targetHints":{"allow":["GET"]}}],"collection":[{"href":"https:\/\/www.beronet.com\/de\/wp-json\/wp\/v2\/pages"}],"about":[{"href":"https:\/\/www.beronet.com\/de\/wp-json\/wp\/v2\/types\/page"}],"author":[{"embeddable":true,"href":"https:\/\/www.beronet.com\/de\/wp-json\/wp\/v2\/users\/2"}],"replies":[{"embeddable":true,"href":"https:\/\/www.beronet.com\/de\/wp-json\/wp\/v2\/comments?post=55029"}],"version-history":[{"count":14,"href":"https:\/\/www.beronet.com\/de\/wp-json\/wp\/v2\/pages\/55029\/revisions"}],"predecessor-version":[{"id":58838,"href":"https:\/\/www.beronet.com\/de\/wp-json\/wp\/v2\/pages\/55029\/revisions\/58838"}],"wp:attachment":[{"href":"https:\/\/www.beronet.com\/de\/wp-json\/wp\/v2\/media?parent=55029"}],"wp:term":[{"taxonomy":"post_tag","embeddable":true,"href":"https:\/\/www.beronet.com\/de\/wp-json\/wp\/v2\/tags?post=55029"}],"curies":[{"name":"wp","href":"https:\/\/api.w.org\/{rel}","templated":true}]}}