{"id":52946,"date":"2018-12-19T15:20:06","date_gmt":"2018-12-19T15:20:06","guid":{"rendered":"http:\/\/alpha.beronet.com\/?page_id=52946"},"modified":"2021-05-21T08:57:15","modified_gmt":"2021-05-21T08:57:15","slug":"beronet-accessories","status":"publish","type":"page","link":"https:\/\/www.beronet.com\/fr\/voip-gateways\/beronet-accessories\/","title":{"rendered":"Modules et Accessoires pour SBC, passerelles et appliances beroNet"},"content":{"rendered":"<p>[vc_row equal_height=&#8221;yes&#8221; content_placement=&#8221;top&#8221;][vc_column][vc_column_text]<\/p>\n<h4 style=\"text-align: center;\">Modules beroNet d&#8217;extension d&#8217;interfaces<\/h4>\n<p>[\/vc_column_text][vc_single_image image=&#8221;57870&#8243; img_size=&#8221;full&#8221; alignment=&#8221;center&#8221;][vc_row_inner css=&#8221;.vc_custom_1556554566116{padding-right: 15px !important;padding-left: 15px !important;}&#8221;][vc_column_inner][vc_column_text]<\/p>\n<p style=\"text-align: center;\">BNMO-4FXO : 4 ports FXO<br \/>\nBNMO-4FXS : 4 ports FXS<br \/>\nBNMO-2HYB : hybride 2 ports T0\/BRI et 2 ports FXS<br \/>\nBNMO-4BRI : 4 ports T0\/BRI avec horloge haute pr\u00e9cision<br \/>\nBNMO-1E1 : 1 port T2\/PRI E1 avec horloge haute pr\u00e9cision<br \/>\nBNMO-2E1 : 2 ports T2\/PRI E1 avec horloge haute pr\u00e9cision<br \/>\nBNMO-1PRI : 1 port T2\/PRI E1\/T1 avec horloge haute pr\u00e9cision<br \/>\nBNMO-2PRI : 2 ports T2\/PRI E1\/T1 avec horloge haute pr\u00e9cision<\/p>\n<p>[\/vc_column_text][\/vc_column_inner][\/vc_row_inner][\/vc_column][\/vc_row][vc_row css=&#8221;.vc_custom_1541864783192{padding-top: 30px !important;padding-bottom: 30px !important;}&#8221;][vc_column]<div class=\"hr-thin style-line\" style=\"width: 100%;border-top-width: 1px;\"><\/div>[\/vc_column][\/vc_row][vc_row equal_height=&#8221;yes&#8221; content_placement=&#8221;top&#8221; css=&#8221;.vc_custom_1556554574074{padding-right: 15px !important;padding-left: 15px !important;}&#8221;][vc_column width=&#8221;1\/2&#8243;][vc_column_text]<\/p>\n<h4 style=\"text-align: center;\">C\u00e2ble crois\u00e9 E1 (BF1E1Cross)<\/h4>\n<p>[\/vc_column_text][vc_empty_space]<div class=\"ult-content-box-container \" >\t\t<div class=\"ult-content-box\" style=\"box-shadow: px px px px none;border-style:none;border-width:1px;border-color:#f4f4f4;min-height:100px;-webkit-transition: all 700ms ease;-moz-transition: all 700ms ease;-ms-transition: all 700ms ease;-o-transition: all 700ms ease;transition: all 700ms ease;\"  data-hover_box_shadow=\"none\"     data-border_color=\"#f4f4f4\" >[vc_single_image image=&#8221;52956&#8243; img_size=&#8221;full&#8221; alignment=&#8221;center&#8221;]\t\t<\/div><\/div>[vc_empty_space][vc_column_text]<\/p>\n<p style=\"text-align: center;\">Le c\u00e2ble crois\u00e9 beroNet E1 (BF1E1Cross) est un c\u00e2ble crois\u00e9 E1\/T1 d&#8217;environ 1,8 m. Le c\u00e2ble utilise le brochage 1,2,4,5 et est utile pour le raccordement des ports beroNet E1 \u00e0 des appareils o\u00f9 il faut interchanger Tx\/Rx.<\/p>\n<p>[\/vc_column_text][\/vc_column][vc_column width=&#8221;1\/2&#8243;][vc_column_text]<\/p>\n<h4 style=\"text-align: center;\">Adaptateur en T beroNet (BFTAdapter)<\/h4>\n<p>[\/vc_column_text][vc_empty_space]<div class=\"ult-content-box-container \" >\t\t<div class=\"ult-content-box\" style=\"box-shadow: px px px px none;border-style:none;border-width:1px;border-color:#f2f2f2;min-height:100px;-webkit-transition: all 700ms ease;-moz-transition: all 700ms ease;-ms-transition: all 700ms ease;-o-transition: all 700ms ease;transition: all 700ms ease;\"  data-hover_box_shadow=\"none\"     data-border_color=\"#f2f2f2\" >[vc_single_image image=&#8221;52958&#8243; img_size=&#8221;full&#8221; alignment=&#8221;center&#8221;]\t\t<\/div><\/div>[vc_empty_space][vc_column_text]<\/p>\n<p style=\"text-align: center;\">Un adaptateur en T beroNet divise un port RJ45 en fa\u00e7ade en 2 ports RJ45 indiqu\u00e9s par &#8220;A&#8221; et &#8220;B&#8221;. Quatre adaptateurs BFTAdapter permettent de raccorder jusqu&#8217;\u00e0 8 BRI ou lignes analogiques sur les quatre RJ45 des cartes et passerelles beroNet.<\/p>\n<p>[\/vc_column_text][\/vc_column][\/vc_row][vc_row css=&#8221;.vc_custom_1541864783192{padding-top: 30px !important;padding-bottom: 30px !important;}&#8221;][vc_column]<div class=\"hr-thin style-line\" style=\"width: 100%;border-top-width: 1px;\"><\/div>[\/vc_column][\/vc_row][vc_row equal_height=&#8221;yes&#8221; content_placement=&#8221;top&#8221; css=&#8221;.vc_custom_1556554574074{padding-right: 15px !important;padding-left: 15px !important;}&#8221;][vc_column width=&#8221;1\/2&#8243;][vc_column_text]<\/p>\n<h4 style=\"text-align: center;\">Petite antenne LTE (BFANTLTES)<\/h4>\n<p>[\/vc_column_text][vc_empty_space]<div class=\"ult-content-box-container \" >\t\t<div class=\"ult-content-box\" style=\"box-shadow: px px px px none;border-style:none;border-width:1px;border-color:#f4f4f4;min-height:100px;-webkit-transition: all 700ms ease;-moz-transition: all 700ms ease;-ms-transition: all 700ms ease;-o-transition: all 700ms ease;transition: all 700ms ease;\"  data-hover_box_shadow=\"none\"     data-border_color=\"#f4f4f4\" >[vc_single_image image=&#8221;52957&#8243; img_size=&#8221;full&#8221; alignment=&#8221;center&#8221;]\t\t<\/div><\/div>[vc_empty_space][vc_column_text]<\/p>\n<p style=\"text-align: center;\">Petite antenne LTE de 17 cm pour beroNet VoIP SBC LTE. Elle permet la r\u00e9ception d&#8217;un signal LTE.<\/p>\n<p>[\/vc_column_text][\/vc_column][vc_column width=&#8221;1\/2&#8243;][vc_column_text]<\/p>\n<h4 style=\"text-align: center;\">Antenne LTE avec c\u00e2ble (BFANTLTE)<\/h4>\n<p>[\/vc_column_text]<div class=\"ult-content-box-container \" >\t\t<div class=\"ult-content-box\" style=\"box-shadow: px px px px none;border-style:none;border-width:1px;border-color:#f2f2f2;min-height:100px;-webkit-transition: all 700ms ease;-moz-transition: all 700ms ease;-ms-transition: all 700ms ease;-o-transition: all 700ms ease;transition: all 700ms ease;\"  data-hover_box_shadow=\"none\"     data-border_color=\"#f2f2f2\" >[vc_single_image image=&#8221;52950&#8243; img_size=&#8221;100&#215;166&#8243; alignment=&#8221;center&#8221;]\t\t<\/div><\/div>[vc_column_text]<\/p>\n<p style=\"text-align: center;\">Antenne LTE avec pied magn\u00e9tique pour les VoIP SBC LTE beroNet. Elle est livr\u00e9e avec un c\u00e2ble de 2,5 m de long pour une meilleure r\u00e9ception LTE.<\/p>\n<p>[\/vc_column_text][\/vc_column][\/vc_row][vc_row css=&#8221;.vc_custom_1541864783192{padding-top: 30px !important;padding-bottom: 30px !important;}&#8221;][vc_column]<div class=\"hr-thin style-line\" style=\"width: 100%;border-top-width: 1px;\"><\/div>[\/vc_column][\/vc_row][vc_row equal_height=&#8221;yes&#8221; content_placement=&#8221;top&#8221; css=&#8221;.vc_custom_1556554535163{padding-right: 15px !important;padding-left: 15px !important;}&#8221;][vc_column width=&#8221;1\/2&#8243;][vc_column_text]<\/p>\n<h4 style=\"text-align: center;\">Kit de fixation 19&#8243; pour deux passerelles beroNet (BF19BracketDBL)<\/h4>\n<p>[\/vc_column_text][vc_empty_space]<div class=\"ult-content-box-container \" >\t\t<div class=\"ult-content-box\" style=\"box-shadow: px px px px none;border-style:none;border-width:1px;border-color:#f2f2f2;min-height:100px;-webkit-transition: all 700ms ease;-moz-transition: all 700ms ease;-ms-transition: all 700ms ease;-o-transition: all 700ms ease;transition: all 700ms ease;\"  data-hover_box_shadow=\"none\"     data-border_color=\"#f2f2f2\" >[vc_single_image image=&#8221;52947&#8243; img_size=&#8221;full&#8221; alignment=&#8221;center&#8221;]\t\t<\/div><\/div>[vc_empty_space][vc_column_text]<\/p>\n<p style=\"text-align: center;\">Kit de fixation pour associer deux passerelles beroNet modulables sur 1U dans une baie serveurs de 19&#8243;. Le kit contient 2 pi\u00e8ces pour l&#8217;ext\u00e9rieur ainsi qu&#8217;une pi\u00e8ce centrale pour le raccordement des deux passerelles.<\/p>\n<p>[\/vc_column_text][\/vc_column][vc_column width=&#8221;1\/2&#8243;][vc_column_text]<\/p>\n<h4 style=\"text-align: center;\">Fixation rack 19&#8243; pour Appliance de t\u00e9l\u00e9phonie beroNet (BNTA19Bracket)<\/h4>\n<p>[\/vc_column_text][vc_empty_space]<div class=\"ult-content-box-container \" >\t\t<div class=\"ult-content-box\" style=\"box-shadow: px px px px none;border-style:none;border-width:1px;border-color:#f4f4f4;min-height:100px;-webkit-transition: all 700ms ease;-moz-transition: all 700ms ease;-ms-transition: all 700ms ease;-o-transition: all 700ms ease;transition: all 700ms ease;\"  data-hover_box_shadow=\"none\"     data-border_color=\"#f4f4f4\" >[vc_single_image image=&#8221;52952&#8243; img_size=&#8221;full&#8221; alignment=&#8221;center&#8221;]\t\t<\/div><\/div>[vc_column_text]<\/p>\n<p style=\"text-align: center;\">Les supports 19&#8243; en aluminium de haute qualit\u00e9 ont \u00e9t\u00e9 sp\u00e9cialement con\u00e7us pour l&#8217;appliance de t\u00e9l\u00e9phonie beroNet. Ils assurent un montage simple et s\u00fbr dans les armoires de serveurs.<\/p>\n<p>[\/vc_column_text][\/vc_column][\/vc_row][vc_row css=&#8221;.vc_custom_1541864783192{padding-top: 30px !important;padding-bottom: 30px !important;}&#8221;][vc_column]<div class=\"hr-thin style-line\" style=\"width: 100%;border-top-width: 1px;\"><\/div>[\/vc_column][\/vc_row][vc_row equal_height=&#8221;yes&#8221; content_placement=&#8221;top&#8221; css=&#8221;.vc_custom_1556554549976{padding-right: 15px !important;padding-left: 15px !important;}&#8221;][vc_column width=&#8221;1\/2&#8243;][vc_column_text]<\/p>\n<h4 style=\"text-align: center;\">Bridge (BFBridge)<\/h4>\n<p>[\/vc_column_text][vc_empty_space]<div class=\"ult-content-box-container \" >\t\t<div class=\"ult-content-box\" style=\"box-shadow: px px px px none;border-style:none;border-width:1px;border-color:#f2f2f2;min-height:100px;-webkit-transition: all 700ms ease;-moz-transition: all 700ms ease;-ms-transition: all 700ms ease;-o-transition: all 700ms ease;transition: all 700ms ease;\"  data-hover_box_shadow=\"none\"     data-border_color=\"#f2f2f2\" >[vc_single_image image=&#8221;52951&#8243; img_size=&#8221;full&#8221; alignment=&#8221;center&#8221;]\t\t<\/div><\/div>[vc_empty_space][vc_column_text]<\/p>\n<p style=\"text-align: center;\">Le bridge beroNet permet d&#8217;utiliser les 4 ports RJ45 de la carte\/passerelle beroNet lors de l&#8217;utilisation de modules 4T0, 4FXO, 4FXS, 2T0\/2FXS, etc. enfich\u00e9 sur LI de l&#8217;emplacement 0. Par d\u00e9faut, seul 2x RJ45 sont affect\u00e9s \u00e0 un module, ce qui rend n\u00e9cessaire l&#8217;utilisation des adaptateurs BFTAdapter. En utilisant le Bridge, aucun adaptateur en T n&#8217;est n\u00e9cessaire.<\/p>\n<p>[\/vc_column_text][\/vc_column][vc_column width=&#8221;1\/2&#8243;][vc_column_text]<\/p>\n<h4 style=\"text-align: center;\">Fixation rack 19&#8243; (BF19Bracket)<\/h4>\n<p>[\/vc_column_text][vc_empty_space]<div class=\"ult-content-box-container \" >\t\t<div class=\"ult-content-box\" style=\"box-shadow: px px px px none;border-style:none;border-width:1px;border-color:#f4f4f4;min-height:100px;-webkit-transition: all 700ms ease;-moz-transition: all 700ms ease;-ms-transition: all 700ms ease;-o-transition: all 700ms ease;transition: all 700ms ease;\"  data-hover_box_shadow=\"none\"     data-border_color=\"#f4f4f4\" >[vc_single_image image=&#8221;52953&#8243; img_size=&#8221;full&#8221; alignment=&#8221;center&#8221;]\t\t<\/div><\/div>[vc_empty_space][vc_column_text]<\/p>\n<p style=\"text-align: center;\">Les supports 19&#8243; en aluminium de haute qualit\u00e9 ont \u00e9t\u00e9 sp\u00e9cialement con\u00e7us pour les passerelles VoIP beroNet modulables. Ils assurent un montage simple et s\u00fbr dans les armoires serveurs.<\/p>\n<p style=\"text-align: center;\"><a href=\"https:\/\/www.beronet.com\/wp-content\/uploads\/2019\/04\/beronet-Howto-19inch-Bracket.pdf\">GUIDE D&#8217;ASSEMBLAGE<\/a><\/p>\n<p>[\/vc_column_text][\/vc_column][\/vc_row][vc_row css=&#8221;.vc_custom_1541864783192{padding-top: 30px !important;padding-bottom: 30px !important;}&#8221;][vc_column]<div class=\"hr-thin style-line\" style=\"width: 100%;border-top-width: 1px;\"><\/div>[\/vc_column][\/vc_row][vc_row equal_height=&#8221;yes&#8221; content_placement=&#8221;top&#8221; css=&#8221;.vc_custom_1556554542219{padding-right: 15px !important;padding-left: 15px !important;}&#8221;][vc_column width=&#8221;1\/2&#8243;][vc_column_text]<\/p>\n<h4 style=\"text-align: center;\">C\u00e2ble RJ45 vers RJ11 (BFFXXCable)<\/h4>\n<p>[\/vc_column_text][vc_empty_space]<div class=\"ult-content-box-container \" >\t\t<div class=\"ult-content-box\" style=\"box-shadow: px px px px none;border-style:none;border-width:1px;border-color:#f2f2f2;min-height:100px;-webkit-transition: all 700ms ease;-moz-transition: all 700ms ease;-ms-transition: all 700ms ease;-o-transition: all 700ms ease;transition: all 700ms ease;\"  data-hover_box_shadow=\"none\"     data-border_color=\"#f2f2f2\" >[vc_single_image image=&#8221;52949&#8243; img_size=&#8221;full&#8221; alignment=&#8221;center&#8221;]\t\t<\/div><\/div>[vc_empty_space][vc_column_text]<\/p>\n<p style=\"text-align: center;\">Le c\u00e2ble RJ45 vers RJ11 permet l&#8217;utilisation de tous les modules analogiques utilis\u00e9s dans les passerelles beroNet.<\/p>\n<p>[\/vc_column_text][\/vc_column][vc_column width=&#8221;1\/2&#8243;][vc_column_text]<\/p>\n<h4 style=\"text-align: center;\">C\u00e2ble RJ45 vers TAE (BFTAEADAPTER)<\/h4>\n<p>[\/vc_column_text]<div class=\"ult-content-box-container \" >\t\t<div class=\"ult-content-box\" style=\"box-shadow: px px px px none;border-style:none;border-width:1px;border-color:#f4f4f4;min-height:100px;-webkit-transition: all 700ms ease;-moz-transition: all 700ms ease;-ms-transition: all 700ms ease;-o-transition: all 700ms ease;transition: all 700ms ease;\"  data-hover_box_shadow=\"none\"     data-border_color=\"#f4f4f4\" >[vc_single_image image=&#8221;52948&#8243; img_size=&#8221;full&#8221; alignment=&#8221;center&#8221;]\t\t<\/div><\/div>[vc_column_text]<\/p>\n<p style=\"text-align: center;\">Le c\u00e2ble RJ45 vers TAE relie RJ45 (m\u00e2le) \u00e0 TAE (femelle). Il peut \u00eatre utilis\u00e9 avec toutes les passerelles VoIP beroNet avec des modules analogiques (sp\u00e9cialement pour l&#8217;Allemagne).<\/p>\n<p>[\/vc_column_text][\/vc_column][\/vc_row][vc_row css=&#8221;.vc_custom_1541864783192{padding-top: 30px !important;padding-bottom: 30px !important;}&#8221;][vc_column]<div class=\"hr-thin style-line\" style=\"width: 100%;border-top-width: 1px;\"><\/div>[\/vc_column][\/vc_row][vc_row equal_height=&#8221;yes&#8221; content_placement=&#8221;top&#8221;][vc_column][vc_column_text]<\/p>\n<h4 style=\"text-align: center;\">C\u00e2ble PCM (BFPCM)<\/h4>\n<p>[\/vc_column_text][vc_empty_space][vc_row_inner css=&#8221;.vc_custom_1556554566116{padding-right: 15px !important;padding-left: 15px !important;}&#8221;][vc_column_inner width=&#8221;1\/2&#8243;][vc_single_image image=&#8221;52954&#8243; img_size=&#8221;full&#8221; alignment=&#8221;center&#8221;][\/vc_column_inner][vc_column_inner width=&#8221;1\/2&#8243;][vc_single_image image=&#8221;52955&#8243; img_size=&#8221;full&#8221; alignment=&#8221;center&#8221;][\/vc_column_inner][\/vc_row_inner][vc_empty_space][vc_column_text]<\/p>\n<p style=\"text-align: center;\">C\u00e2ble PCM pour interconnecter deux cartes\/passerelles beroNet<\/p>\n<p>[\/vc_column_text][\/vc_column][\/vc_row]<\/p>\n","protected":false},"excerpt":{"rendered":"<p>[vc_row equal_height=&#8221;yes&#8221; content_placement=&#8221;top&#8221;][vc_column][vc_column_text] Modules beroNet d&#8217;extension d&#8217;interfaces [\/vc_column_text][vc_single_image image=&#8221;57870&#8243; img_size=&#8221;full&#8221; alignment=&#8221;center&#8221;][vc_row_inner css=&#8221;.vc_custom_1556554566116{padding-right: 15px !important;padding-left: 15px !important;}&#8221;][vc_column_inner][vc_column_text] BNMO-4FXO : 4 ports FXO BNMO-4FXS : 4 ports FXS BNMO-2HYB : hybride 2 ports T0\/BRI et 2 ports FXS BNMO-4BRI : 4 ports T0\/BRI avec horloge haute pr\u00e9cision BNMO-1E1 : 1 port T2\/PRI E1 avec horloge haute pr\u00e9cision&hellip;<\/p>\n","protected":false},"author":1,"featured_media":52947,"parent":52997,"menu_order":0,"comment_status":"closed","ping_status":"closed","template":"","meta":{"content-type":""},"tags":[],"class_list":["post-52946","page","type-page","status-publish","has-post-thumbnail","hentry","description-off"],"yoast_head":"<!-- This site is optimized with the Yoast SEO plugin v24.1 - https:\/\/yoast.com\/wordpress\/plugins\/seo\/ -->\n<title>Modules et Accessoires pour SBC, passerelles et appliances beroNet - beroNet<\/title>\n<meta name=\"description\" content=\"Nos produits et accessoires sont faciles \u00e0 comprendre et \u00e0 configurer. Nous mettons l&#039;accent sur la construction de produits que vous pouvez installer et oublier.\" \/>\n<meta name=\"robots\" content=\"index, follow, max-snippet:-1, max-image-preview:large, max-video-preview:-1\" \/>\n<link rel=\"canonical\" href=\"https:\/\/www.beronet.com\/fr\/voip-gateways\/beronet-accessories\/\" \/>\n<meta property=\"og:locale\" content=\"fr_FR\" \/>\n<meta property=\"og:type\" content=\"article\" \/>\n<meta property=\"og:title\" content=\"Modules et Accessoires pour SBC, passerelles et appliances beroNet - beroNet\" \/>\n<meta property=\"og:description\" content=\"Nos produits et accessoires sont faciles \u00e0 comprendre et \u00e0 configurer. Nous mettons l&#039;accent sur la construction de produits que vous pouvez installer et oublier.\" \/>\n<meta property=\"og:url\" content=\"https:\/\/www.beronet.com\/fr\/voip-gateways\/beronet-accessories\/\" \/>\n<meta property=\"og:site_name\" content=\"beroNet\" \/>\n<meta property=\"article:modified_time\" content=\"2021-05-21T08:57:15+00:00\" \/>\n<meta property=\"og:image\" content=\"https:\/\/www.beronet.com\/wp-content\/uploads\/2018\/11\/beronet-19-zoll-winkel-2-beronet-gateways.jpg\" \/>\n\t<meta property=\"og:image:width\" content=\"900\" \/>\n\t<meta property=\"og:image:height\" content=\"216\" \/>\n\t<meta property=\"og:image:type\" content=\"image\/jpeg\" \/>\n<meta name=\"twitter:card\" content=\"summary_large_image\" \/>\n<meta name=\"twitter:label1\" content=\"Dur\u00e9e de lecture estim\u00e9e\" \/>\n\t<meta name=\"twitter:data1\" content=\"8 minutes\" \/>\n<script type=\"application\/ld+json\" class=\"yoast-schema-graph\">{\"@context\":\"https:\/\/schema.org\",\"@graph\":[{\"@type\":\"WebPage\",\"@id\":\"https:\/\/www.beronet.com\/fr\/voip-gateways\/beronet-accessories\/\",\"url\":\"https:\/\/www.beronet.com\/fr\/voip-gateways\/beronet-accessories\/\",\"name\":\"Modules et Accessoires pour SBC, passerelles et appliances beroNet - beroNet\",\"isPartOf\":{\"@id\":\"https:\/\/www.beronet.com\/fr\/#website\"},\"primaryImageOfPage\":{\"@id\":\"https:\/\/www.beronet.com\/fr\/voip-gateways\/beronet-accessories\/#primaryimage\"},\"image\":{\"@id\":\"https:\/\/www.beronet.com\/fr\/voip-gateways\/beronet-accessories\/#primaryimage\"},\"thumbnailUrl\":\"https:\/\/www.beronet.com\/wp-content\/uploads\/2018\/11\/beronet-19-zoll-winkel-2-beronet-gateways.jpg\",\"datePublished\":\"2018-12-19T15:20:06+00:00\",\"dateModified\":\"2021-05-21T08:57:15+00:00\",\"description\":\"Nos produits et accessoires sont faciles \u00e0 comprendre et \u00e0 configurer. Nous mettons l'accent sur la construction de produits que vous pouvez installer et oublier.\",\"breadcrumb\":{\"@id\":\"https:\/\/www.beronet.com\/fr\/voip-gateways\/beronet-accessories\/#breadcrumb\"},\"inLanguage\":\"fr-FR\",\"potentialAction\":[{\"@type\":\"ReadAction\",\"target\":[\"https:\/\/www.beronet.com\/fr\/voip-gateways\/beronet-accessories\/\"]}]},{\"@type\":\"ImageObject\",\"inLanguage\":\"fr-FR\",\"@id\":\"https:\/\/www.beronet.com\/fr\/voip-gateways\/beronet-accessories\/#primaryimage\",\"url\":\"https:\/\/www.beronet.com\/wp-content\/uploads\/2018\/11\/beronet-19-zoll-winkel-2-beronet-gateways.jpg\",\"contentUrl\":\"https:\/\/www.beronet.com\/wp-content\/uploads\/2018\/11\/beronet-19-zoll-winkel-2-beronet-gateways.jpg\",\"width\":900,\"height\":216,\"caption\":\"19\u2033 bracket for 2 beroNet Gateways on 1U for the installation in server racks. 2 parts for the outside as well as one middle piece for the connection of the 2 Gateways.\"},{\"@type\":\"BreadcrumbList\",\"@id\":\"https:\/\/www.beronet.com\/fr\/voip-gateways\/beronet-accessories\/#breadcrumb\",\"itemListElement\":[{\"@type\":\"ListItem\",\"position\":1,\"name\":\"Start\",\"item\":\"https:\/\/www.beronet.com\/fr\/\"},{\"@type\":\"ListItem\",\"position\":2,\"name\":\"Passerelles VoIP et E-SBCs beroNet\",\"item\":\"https:\/\/www.beronet.com\/fr\/voip-gateways\/\"},{\"@type\":\"ListItem\",\"position\":3,\"name\":\"Modules et Accessoires pour SBC, passerelles et appliances beroNet\"}]},{\"@type\":\"WebSite\",\"@id\":\"https:\/\/www.beronet.com\/fr\/#website\",\"url\":\"https:\/\/www.beronet.com\/fr\/\",\"name\":\"beroNet\",\"description\":\"Passerelles et appliances VoIP administrables via Cloud\",\"publisher\":{\"@id\":\"https:\/\/www.beronet.com\/fr\/#organization\"},\"potentialAction\":[{\"@type\":\"SearchAction\",\"target\":{\"@type\":\"EntryPoint\",\"urlTemplate\":\"https:\/\/www.beronet.com\/fr\/?s={search_term_string}\"},\"query-input\":{\"@type\":\"PropertyValueSpecification\",\"valueRequired\":true,\"valueName\":\"search_term_string\"}}],\"inLanguage\":\"fr-FR\"},{\"@type\":\"Organization\",\"@id\":\"https:\/\/www.beronet.com\/fr\/#organization\",\"name\":\"beroNet GmbH\",\"url\":\"https:\/\/www.beronet.com\/fr\/\",\"logo\":{\"@type\":\"ImageObject\",\"inLanguage\":\"fr-FR\",\"@id\":\"https:\/\/www.beronet.com\/fr\/#\/schema\/logo\/image\/\",\"url\":\"https:\/\/www.beronet.com\/wp-content\/uploads\/2018\/09\/logo-1.png\",\"contentUrl\":\"https:\/\/www.beronet.com\/wp-content\/uploads\/2018\/09\/logo-1.png\",\"width\":197,\"height\":40,\"caption\":\"beroNet GmbH\"},\"image\":{\"@id\":\"https:\/\/www.beronet.com\/fr\/#\/schema\/logo\/image\/\"}}]}<\/script>\n<!-- \/ Yoast SEO plugin. -->","yoast_head_json":{"title":"Modules et Accessoires pour SBC, passerelles et appliances beroNet - beroNet","description":"Nos produits et accessoires sont faciles \u00e0 comprendre et \u00e0 configurer. Nous mettons l'accent sur la construction de produits que vous pouvez installer et oublier.","robots":{"index":"index","follow":"follow","max-snippet":"max-snippet:-1","max-image-preview":"max-image-preview:large","max-video-preview":"max-video-preview:-1"},"canonical":"https:\/\/www.beronet.com\/fr\/voip-gateways\/beronet-accessories\/","og_locale":"fr_FR","og_type":"article","og_title":"Modules et Accessoires pour SBC, passerelles et appliances beroNet - beroNet","og_description":"Nos produits et accessoires sont faciles \u00e0 comprendre et \u00e0 configurer. Nous mettons l'accent sur la construction de produits que vous pouvez installer et oublier.","og_url":"https:\/\/www.beronet.com\/fr\/voip-gateways\/beronet-accessories\/","og_site_name":"beroNet","article_modified_time":"2021-05-21T08:57:15+00:00","og_image":[{"width":900,"height":216,"url":"https:\/\/www.beronet.com\/wp-content\/uploads\/2018\/11\/beronet-19-zoll-winkel-2-beronet-gateways.jpg","type":"image\/jpeg"}],"twitter_card":"summary_large_image","twitter_misc":{"Dur\u00e9e de lecture estim\u00e9e":"8 minutes"},"schema":{"@context":"https:\/\/schema.org","@graph":[{"@type":"WebPage","@id":"https:\/\/www.beronet.com\/fr\/voip-gateways\/beronet-accessories\/","url":"https:\/\/www.beronet.com\/fr\/voip-gateways\/beronet-accessories\/","name":"Modules et Accessoires pour SBC, passerelles et appliances beroNet - beroNet","isPartOf":{"@id":"https:\/\/www.beronet.com\/fr\/#website"},"primaryImageOfPage":{"@id":"https:\/\/www.beronet.com\/fr\/voip-gateways\/beronet-accessories\/#primaryimage"},"image":{"@id":"https:\/\/www.beronet.com\/fr\/voip-gateways\/beronet-accessories\/#primaryimage"},"thumbnailUrl":"https:\/\/www.beronet.com\/wp-content\/uploads\/2018\/11\/beronet-19-zoll-winkel-2-beronet-gateways.jpg","datePublished":"2018-12-19T15:20:06+00:00","dateModified":"2021-05-21T08:57:15+00:00","description":"Nos produits et accessoires sont faciles \u00e0 comprendre et \u00e0 configurer. Nous mettons l'accent sur la construction de produits que vous pouvez installer et oublier.","breadcrumb":{"@id":"https:\/\/www.beronet.com\/fr\/voip-gateways\/beronet-accessories\/#breadcrumb"},"inLanguage":"fr-FR","potentialAction":[{"@type":"ReadAction","target":["https:\/\/www.beronet.com\/fr\/voip-gateways\/beronet-accessories\/"]}]},{"@type":"ImageObject","inLanguage":"fr-FR","@id":"https:\/\/www.beronet.com\/fr\/voip-gateways\/beronet-accessories\/#primaryimage","url":"https:\/\/www.beronet.com\/wp-content\/uploads\/2018\/11\/beronet-19-zoll-winkel-2-beronet-gateways.jpg","contentUrl":"https:\/\/www.beronet.com\/wp-content\/uploads\/2018\/11\/beronet-19-zoll-winkel-2-beronet-gateways.jpg","width":900,"height":216,"caption":"19\u2033 bracket for 2 beroNet Gateways on 1U for the installation in server racks. 2 parts for the outside as well as one middle piece for the connection of the 2 Gateways."},{"@type":"BreadcrumbList","@id":"https:\/\/www.beronet.com\/fr\/voip-gateways\/beronet-accessories\/#breadcrumb","itemListElement":[{"@type":"ListItem","position":1,"name":"Start","item":"https:\/\/www.beronet.com\/fr\/"},{"@type":"ListItem","position":2,"name":"Passerelles VoIP et E-SBCs beroNet","item":"https:\/\/www.beronet.com\/fr\/voip-gateways\/"},{"@type":"ListItem","position":3,"name":"Modules et Accessoires pour SBC, passerelles et appliances beroNet"}]},{"@type":"WebSite","@id":"https:\/\/www.beronet.com\/fr\/#website","url":"https:\/\/www.beronet.com\/fr\/","name":"beroNet","description":"Passerelles et appliances VoIP administrables via Cloud","publisher":{"@id":"https:\/\/www.beronet.com\/fr\/#organization"},"potentialAction":[{"@type":"SearchAction","target":{"@type":"EntryPoint","urlTemplate":"https:\/\/www.beronet.com\/fr\/?s={search_term_string}"},"query-input":{"@type":"PropertyValueSpecification","valueRequired":true,"valueName":"search_term_string"}}],"inLanguage":"fr-FR"},{"@type":"Organization","@id":"https:\/\/www.beronet.com\/fr\/#organization","name":"beroNet GmbH","url":"https:\/\/www.beronet.com\/fr\/","logo":{"@type":"ImageObject","inLanguage":"fr-FR","@id":"https:\/\/www.beronet.com\/fr\/#\/schema\/logo\/image\/","url":"https:\/\/www.beronet.com\/wp-content\/uploads\/2018\/09\/logo-1.png","contentUrl":"https:\/\/www.beronet.com\/wp-content\/uploads\/2018\/09\/logo-1.png","width":197,"height":40,"caption":"beroNet GmbH"},"image":{"@id":"https:\/\/www.beronet.com\/fr\/#\/schema\/logo\/image\/"}}]}},"_links":{"self":[{"href":"https:\/\/www.beronet.com\/fr\/wp-json\/wp\/v2\/pages\/52946","targetHints":{"allow":["GET"]}}],"collection":[{"href":"https:\/\/www.beronet.com\/fr\/wp-json\/wp\/v2\/pages"}],"about":[{"href":"https:\/\/www.beronet.com\/fr\/wp-json\/wp\/v2\/types\/page"}],"author":[{"embeddable":true,"href":"https:\/\/www.beronet.com\/fr\/wp-json\/wp\/v2\/users\/1"}],"replies":[{"embeddable":true,"href":"https:\/\/www.beronet.com\/fr\/wp-json\/wp\/v2\/comments?post=52946"}],"version-history":[{"count":18,"href":"https:\/\/www.beronet.com\/fr\/wp-json\/wp\/v2\/pages\/52946\/revisions"}],"predecessor-version":[{"id":58994,"href":"https:\/\/www.beronet.com\/fr\/wp-json\/wp\/v2\/pages\/52946\/revisions\/58994"}],"up":[{"embeddable":true,"href":"https:\/\/www.beronet.com\/fr\/wp-json\/wp\/v2\/pages\/52997"}],"wp:featuredmedia":[{"embeddable":true,"href":"https:\/\/www.beronet.com\/fr\/wp-json\/wp\/v2\/media\/52947"}],"wp:attachment":[{"href":"https:\/\/www.beronet.com\/fr\/wp-json\/wp\/v2\/media?parent=52946"}],"wp:term":[{"taxonomy":"post_tag","embeddable":true,"href":"https:\/\/www.beronet.com\/fr\/wp-json\/wp\/v2\/tags?post=52946"}],"curies":[{"name":"wp","href":"https:\/\/api.w.org\/{rel}","templated":true}]}}