{"id":52983,"date":"2018-11-10T16:52:38","date_gmt":"2018-11-10T16:52:38","guid":{"rendered":"http:\/\/alpha.beronet.com\/beronet-os\/"},"modified":"2019-08-12T15:43:30","modified_gmt":"2019-08-12T15:43:30","slug":"beronet-os","status":"publish","type":"page","link":"https:\/\/www.beronet.com\/fr\/beronet-os\/","title":{"rendered":"L\u2019OS beroNet d\u00e9velopp\u00e9 pour les passerelles et SBC VoIP"},"content":{"rendered":"<p>[vc_row full_width=&#8221;stretch_row&#8221; full_height=&#8221;yes&#8221; css=&#8221;.vc_custom_1554830676175{margin-top: -70px !important;padding-top: 30px !important;padding-bottom: 50px !important;background-image: url(https:\/\/www.beronet.com\/wp-content\/uploads\/2018\/11\/BG-gray.jpg?id=52984) !important;background-position: center !important;background-repeat: no-repeat !important;background-size: cover !important;}&#8221;][vc_column][vc_column_text css=&#8221;.vc_custom_1545245446636{margin-top: -15px !important;padding-right: 40px !important;padding-left: 40px !important;}&#8221;]<\/p>\n<h1 style=\"text-align: center;\">L&#8217;OS beroNet offre une gamme \u00e9tendue de fonctionnalit\u00e9s intelligentes et personnalisables.<\/h1>\n<p>[\/vc_column_text]<style type=\"text\/css\" data-type=\"the7_shortcodes-inline-css\">#default-btn-33f0b1276d8cbbcecb0f9beb3039de82.ico-right-side > i {\n  margin-right: 0px;\n  margin-left: 8px;\n}\n#default-btn-33f0b1276d8cbbcecb0f9beb3039de82 > i {\n  margin-right: 8px;\n}\n<\/style><div class=\"btn-align-center\"><a href=\"#details\" class=\"default-btn-shortcode dt-btn dt-btn-l link-hover-off anchor-link \" id=\"default-btn-33f0b1276d8cbbcecb0f9beb3039de82\"><span>SP\u00c9CIFICATIONS ET CARACT\u00c9RISTIQUES<\/span><\/a><\/div>[vc_empty_space height=&#8221;35&#8243;]<style type=\"text\/css\" data-type=\"the7_shortcodes-inline-css\">.shortcode-single-image-wrap.shortcode-single-image-6d6d182fa366973c199da4c255d81ece.enable-bg-rollover .rollover i,\n.shortcode-single-image-wrap.shortcode-single-image-6d6d182fa366973c199da4c255d81ece.enable-bg-rollover .rollover-video i {\n  background: ;\n  background: -webkit-linear-gradient();\n  background: linear-gradient();\n}\n.shortcode-single-image-wrap.shortcode-single-image-6d6d182fa366973c199da4c255d81ece .rollover-icon {\n  font-size: 32px;\n  color: #ffffff;\n  min-width: 44px;\n  min-height: 44px;\n  line-height: 44px;\n  border-radius: 100px;\n  border-style: solid;\n  border-width: 0px;\n}\n.dt-icon-bg-on.shortcode-single-image-wrap.shortcode-single-image-6d6d182fa366973c199da4c255d81ece .rollover-icon {\n  background: rgba(255,255,255,0.3);\n  box-shadow: none;\n}\n<\/style><div class=\"shortcode-single-image-wrap shortcode-single-image-6d6d182fa366973c199da4c255d81ece alignnone fadeInUp animate-element  enable-bg-rollover dt-icon-bg-off\" style=\"margin-top:0px; margin-bottom:0px; margin-left:0px; margin-right:0px; width:1031px;\"><div class=\"shortcode-single-image\"><div class=\"fancy-media-wrap  layzr-bg\" style=\"\"><img loading=\"lazy\" decoding=\"async\" class=\"preload-me lazy-load\" src=\"data:image\/svg+xml,%3Csvg%20xmlns%3D&#39;http%3A%2F%2Fwww.w3.org%2F2000%2Fsvg&#39;%20viewBox%3D&#39;0%200%201000%20484&#39;%2F%3E\" data-src=\"https:\/\/www.beronet.com\/wp-content\/uploads\/2018\/11\/beroNet-OS-responsive-e1542364292948.png\" data-srcset=\"https:\/\/www.beronet.com\/wp-content\/uploads\/2018\/11\/beroNet-OS-responsive-e1542364292948.png 1000w\" width=\"1000\" height=\"484\"  data-dt-location=\"https:\/\/www.beronet.com\/fr\/beronet-os\/attachment\/beronet-os-responsive\/\" style=\"\" alt=\"beroNet OS responsive devices easy installation, apps and XML\" \/><\/div><\/div><\/div>[\/vc_column][\/vc_row][vc_row css=&#8221;.vc_custom_1542747413709{padding-top: 60px !important;padding-right: 20px !important;padding-bottom: 60px !important;padding-left: 20px !important;}&#8221;][vc_column css=&#8221;.vc_custom_1542747300005{padding-right: 15px !important;padding-left: 15px !important;}&#8221;][vc_column_text el_id=&#8221;details&#8221;]<\/p>\n<h2 style=\"text-align: center;\">Chaque passerelle VoIP beroNet poss\u00e8de les caract\u00e9ristiques suivantes<\/h2>\n<p>[\/vc_column_text][\/vc_column][\/vc_row][vc_row css=&#8221;.vc_custom_1542747312597{padding-right: 15px !important;padding-left: 15px !important;}&#8221;][vc_column width=&#8221;1\/2&#8243;]<div class=\"aio-icon-component    style_1\"><div id=\"Info-box-wrap-1584\" class=\"aio-icon-box left-icon\" style=\"\"  ><div class=\"aio-icon-left\"><div class=\"ult-just-icon-wrapper  \"><div class=\"align-icon\" style=\"text-align:center;\">\n<div class=\"aio-icon-img \" style=\"font-size:85px;display:inline-block;\" >\n\t<img decoding=\"async\" class=\"img-icon\" alt=\"null\" src=\"https:\/\/www.beronet.com\/wp-content\/uploads\/2018\/11\/5-Minute-Installation.png\"\/>\n<\/div><\/div><\/div><\/div><div class=\"aio-ibd-block\"><div class=\"aio-icon-header\" ><h3 class=\"aio-icon-title ult-responsive\"  data-ultimate-target='#Info-box-wrap-1584 .aio-icon-title'  data-responsive-json-new='{\"font-size\":\"desktop:18px;\",\"line-height\":\"\"}'  style=\"\">Installation en 5 minutes<\/h3><\/div> <!-- header --><div class=\"aio-icon-description ult-responsive\"  data-ultimate-target='#Info-box-wrap-1584 .aio-icon-description'  data-responsive-json-new='{\"font-size\":\"\",\"line-height\":\"\"}'  style=\"\">Gagnez du temps dans la configuration du plan de num\u00e9rotation et le regroupement des ports en utilisant un assistant de configuration automatique.<\/div> <!-- description --><\/div> <!-- aio-ibd-block --><\/div> <!-- aio-icon-box --><\/div> <!-- aio-icon-component -->[\/vc_column][vc_column width=&#8221;1\/2&#8243;]<div class=\"aio-icon-component    style_1\"><div id=\"Info-box-wrap-2747\" class=\"aio-icon-box left-icon\" style=\"\"  ><div class=\"aio-icon-left\"><div class=\"ult-just-icon-wrapper  \"><div class=\"align-icon\" style=\"text-align:center;\">\n<div class=\"aio-icon-img \" style=\"font-size:85px;display:inline-block;\" >\n\t<img decoding=\"async\" class=\"img-icon\" alt=\"null\" src=\"https:\/\/www.beronet.com\/wp-content\/uploads\/2019\/06\/compatible-with-any-PBX.png\"\/>\n<\/div><\/div><\/div><\/div><div class=\"aio-ibd-block\"><div class=\"aio-icon-header\" ><h3 class=\"aio-icon-title ult-responsive\"  data-ultimate-target='#Info-box-wrap-2747 .aio-icon-title'  data-responsive-json-new='{\"font-size\":\"desktop:18px;\",\"line-height\":\"\"}'  style=\"\">Compatible avec n'importe quel syst\u00e8me PBX<\/h3><\/div> <!-- header --><div class=\"aio-icon-description ult-responsive\"  data-ultimate-target='#Info-box-wrap-2747 .aio-icon-description'  data-responsive-json-new='{\"font-size\":\"\",\"line-height\":\"\"}'  style=\"\">Utilisez votre passerelle VoIP<strong> avec n&#8217;importe quel syst\u00e8me PBX ou IP-PBX.<\/strong><\/div> <!-- description --><\/div> <!-- aio-ibd-block --><\/div> <!-- aio-icon-box --><\/div> <!-- aio-icon-component -->[\/vc_column][\/vc_row][vc_row css=&#8221;.vc_custom_1542747320846{padding-right: 15px !important;padding-left: 15px !important;}&#8221;][vc_column width=&#8221;1\/2&#8243;]<div class=\"aio-icon-component    style_1\"><div id=\"Info-box-wrap-7616\" class=\"aio-icon-box left-icon\" style=\"\"  ><div class=\"aio-icon-left\"><div class=\"ult-just-icon-wrapper  \"><div class=\"align-icon\" style=\"text-align:center;\">\n<div class=\"aio-icon-img \" style=\"font-size:85px;display:inline-block;\" >\n\t<img decoding=\"async\" class=\"img-icon\" alt=\"null\" src=\"https:\/\/www.beronet.com\/wp-content\/uploads\/2018\/11\/Easy-to-configure.png\"\/>\n<\/div><\/div><\/div><\/div><div class=\"aio-ibd-block\"><div class=\"aio-icon-header\" ><h3 class=\"aio-icon-title ult-responsive\"  data-ultimate-target='#Info-box-wrap-7616 .aio-icon-title'  data-responsive-json-new='{\"font-size\":\"desktop:18px;\",\"line-height\":\"\"}'  style=\"\">Facile \u00e0 configurer<\/h3><\/div> <!-- header --><div class=\"aio-icon-description ult-responsive\"  data-ultimate-target='#Info-box-wrap-7616 .aio-icon-description'  data-responsive-json-new='{\"font-size\":\"\",\"line-height\":\"\"}'  style=\"\">Configurer facilement votre passerelle VoIP gr\u00e2ce \u00e0 une interface graphique Web r\u00e9active.<\/div> <!-- description --><\/div> <!-- aio-ibd-block --><\/div> <!-- aio-icon-box --><\/div> <!-- aio-icon-component -->[\/vc_column][vc_column width=&#8221;1\/2&#8243;]<div class=\"aio-icon-component    style_1\"><div id=\"Info-box-wrap-5583\" class=\"aio-icon-box left-icon\" style=\"\"  ><div class=\"aio-icon-left\"><div class=\"ult-just-icon-wrapper  \"><div class=\"align-icon\" style=\"text-align:center;\">\n<div class=\"aio-icon-img \" style=\"font-size:85px;display:inline-block;\" >\n\t<img decoding=\"async\" class=\"img-icon\" alt=\"null\" src=\"https:\/\/www.beronet.com\/wp-content\/uploads\/2018\/11\/Cloud-managed-and-monitored.png\"\/>\n<\/div><\/div><\/div><\/div><div class=\"aio-ibd-block\"><div class=\"aio-icon-header\" ><h3 class=\"aio-icon-title ult-responsive\"  data-ultimate-target='#Info-box-wrap-5583 .aio-icon-title'  data-responsive-json-new='{\"font-size\":\"desktop:18px;\",\"line-height\":\"\"}'  style=\"\">Administrable \u00e0 distance via cloud<\/h3><\/div> <!-- header --><div class=\"aio-icon-description ult-responsive\"  data-ultimate-target='#Info-box-wrap-5583 .aio-icon-description'  data-responsive-json-new='{\"font-size\":\"\",\"line-height\":\"\"}'  style=\"\">Enregistrer votre passerelle VoIP beroNet dans le beroCloud pour un <strong>contr\u00f4le complet<\/strong> \u00e0 distance.<\/div> <!-- description --><\/div> <!-- aio-ibd-block --><\/div> <!-- aio-icon-box --><\/div> <!-- aio-icon-component -->[\/vc_column][\/vc_row][vc_row css=&#8221;.vc_custom_1542747347237{padding-right: 15px !important;padding-left: 15px !important;}&#8221;][vc_column width=&#8221;1\/2&#8243;]<div class=\"aio-icon-component    style_1\"><div id=\"Info-box-wrap-7352\" class=\"aio-icon-box left-icon\" style=\"\"  ><div class=\"aio-icon-left\"><div class=\"ult-just-icon-wrapper  \"><div class=\"align-icon\" style=\"text-align:center;\">\n<div class=\"aio-icon-img \" style=\"font-size:85px;display:inline-block;\" >\n\t<img decoding=\"async\" class=\"img-icon\" alt=\"null\" src=\"https:\/\/www.beronet.com\/wp-content\/uploads\/2018\/11\/Compatible.png\"\/>\n<\/div><\/div><\/div><\/div><div class=\"aio-ibd-block\"><div class=\"aio-icon-header\" ><h3 class=\"aio-icon-title ult-responsive\"  data-ultimate-target='#Info-box-wrap-7352 .aio-icon-title'  data-responsive-json-new='{\"font-size\":\"desktop:18px;\",\"line-height\":\"\"}'  style=\"\">Compatible avec n'importe quel op\u00e9rateur VoIP<\/h3><\/div> <!-- header --><div class=\"aio-icon-description ult-responsive\"  data-ultimate-target='#Info-box-wrap-7352 .aio-icon-description'  data-responsive-json-new='{\"font-size\":\"\",\"line-height\":\"\"}'  style=\"\">Utilisez votre passerelle VoIP avec n&#8217;importe quel op\u00e9rateur SIP.<\/div> <!-- description --><\/div> <!-- aio-ibd-block --><\/div> <!-- aio-icon-box --><\/div> <!-- aio-icon-component -->[\/vc_column][vc_column width=&#8221;1\/2&#8243;]<div class=\"aio-icon-component    style_1\"><div id=\"Info-box-wrap-6973\" class=\"aio-icon-box left-icon\" style=\"\"  ><div class=\"aio-icon-left\"><div class=\"ult-just-icon-wrapper  \"><div class=\"align-icon\" style=\"text-align:center;\">\n<div class=\"aio-icon-img \" style=\"font-size:85px;display:inline-block;\" >\n\t<img decoding=\"async\" class=\"img-icon\" alt=\"null\" src=\"https:\/\/www.beronet.com\/wp-content\/uploads\/2018\/11\/beroNet-App-Market.png\"\/>\n<\/div><\/div><\/div><\/div><div class=\"aio-ibd-block\"><div class=\"aio-icon-header\" ><h3 class=\"aio-icon-title ult-responsive\"  data-ultimate-target='#Info-box-wrap-6973 .aio-icon-title'  data-responsive-json-new='{\"font-size\":\"desktop:18px;\",\"line-height\":\"\"}'  style=\"\">Enrichissez votre passerelle avec des applications<\/h3><\/div> <!-- header --><div class=\"aio-icon-description ult-responsive\"  data-ultimate-target='#Info-box-wrap-6973 .aio-icon-description'  data-responsive-json-new='{\"font-size\":\"\",\"line-height\":\"\"}'  style=\"\">Ajouter des fonctionnalit\u00e9s \u00e0 votre passerelle VoIP en installant des applications, telles beroNet&#8217;s Survival Branch Appliance, OpenVPN et Asterisk.<\/div> <!-- description --><\/div> <!-- aio-ibd-block --><\/div> <!-- aio-icon-box --><\/div> <!-- aio-icon-component -->[\/vc_column][\/vc_row][vc_row css=&#8221;.vc_custom_1542747356318{padding-right: 15px !important;padding-left: 15px !important;}&#8221;][vc_column width=&#8221;1\/2&#8243;]<div class=\"aio-icon-component    style_1\"><div id=\"Info-box-wrap-9377\" class=\"aio-icon-box left-icon\" style=\"\"  ><div class=\"aio-icon-left\"><div class=\"ult-just-icon-wrapper  \"><div class=\"align-icon\" style=\"text-align:center;\">\n<div class=\"aio-icon-img \" style=\"font-size:85px;display:inline-block;\" >\n\t<img decoding=\"async\" class=\"img-icon\" alt=\"null\" src=\"https:\/\/www.beronet.com\/wp-content\/uploads\/2018\/11\/SBC-Functionality.png\"\/>\n<\/div><\/div><\/div><\/div><div class=\"aio-ibd-block\"><div class=\"aio-icon-header\" ><h3 class=\"aio-icon-title ult-responsive\"  data-ultimate-target='#Info-box-wrap-9377 .aio-icon-title'  data-responsive-json-new='{\"font-size\":\"desktop:18px;\",\"line-height\":\"\"}'  style=\"\">Fonctionnalit\u00e9 SBC avec SIP-to-SIP<\/h3><\/div> <!-- header --><div class=\"aio-icon-description ult-responsive\"  data-ultimate-target='#Info-box-wrap-9377 .aio-icon-description'  data-responsive-json-new='{\"font-size\":\"\",\"line-height\":\"\"}'  style=\"\">Connectez deux IP-PBX diff\u00e9rents et cr\u00e9ez des modes de basculement SIP \u00e0 l&#8217;aide de licences SIP-to-SIP beroNet. Utilisez le port r\u00e9seau suppl\u00e9mentaire pour la fonctionnalit\u00e9 SBC.<\/div> <!-- description --><\/div> <!-- aio-ibd-block --><\/div> <!-- aio-icon-box --><\/div> <!-- aio-icon-component -->[\/vc_column][vc_column width=&#8221;1\/2&#8243;]<div class=\"aio-icon-component    style_1\"><div id=\"Info-box-wrap-6258\" class=\"aio-icon-box left-icon\" style=\"\"  ><div class=\"aio-icon-left\"><div class=\"ult-just-icon-wrapper  \"><div class=\"align-icon\" style=\"text-align:center;\">\n<div class=\"aio-icon-img \" style=\"font-size:85px;display:inline-block;\" >\n\t<img decoding=\"async\" class=\"img-icon\" alt=\"null\" src=\"https:\/\/www.beronet.com\/wp-content\/uploads\/2018\/11\/XML.png\"\/>\n<\/div><\/div><\/div><\/div><div class=\"aio-ibd-block\"><div class=\"aio-icon-header\" ><h3 class=\"aio-icon-title ult-responsive\"  data-ultimate-target='#Info-box-wrap-6258 .aio-icon-title'  data-responsive-json-new='{\"font-size\":\"desktop:18px;\",\"line-height\":\"\"}'  style=\"\">Provisionnement facile avec XML<\/h3><\/div> <!-- header --><div class=\"aio-icon-description ult-responsive\"  data-ultimate-target='#Info-box-wrap-6258 .aio-icon-description'  data-responsive-json-new='{\"font-size\":\"\",\"line-height\":\"\"}'  style=\"\">Provisionnement direct des passerelles beroNet avec XML.<\/div> <!-- description --><\/div> <!-- aio-ibd-block --><\/div> <!-- aio-icon-box --><\/div> <!-- aio-icon-component -->[\/vc_column][\/vc_row][vc_row][vc_column][vc_empty_space height=&#8221;40&#8243;][\/vc_column][\/vc_row][vc_row full_width=&#8221;stretch_row&#8221; content_placement=&#8221;middle&#8221; bg_type=&#8221;image&#8221; css=&#8221;.vc_custom_1554830692765{margin-top: 70px !important;margin-bottom: -70px !important;padding-top: 80px !important;padding-right: 0px !important;padding-bottom: 80px !important;padding-left: 0px !important;background-image: url(https:\/\/www.beronet.com\/wp-content\/uploads\/2018\/10\/BG-1.jpg?id=53690) !important;background-position: center !important;background-repeat: no-repeat !important;background-size: cover !important;}&#8221;][vc_column css=&#8221;.vc_custom_1540210235282{padding-right: 50px !important;padding-left: 50px !important;background-position: center !important;background-repeat: no-repeat !important;background-size: contain !important;}&#8221;][vc_column_text]<\/p>\n<h4 style=\"text-align: center;\">Besoin d&#8217;une fonctionnalit\u00e9 que vous ne voyez pas ?\u00a0 Contactez-nous directement en \u00e9crivant un courriel \u00e0 <span style=\"color: #a60000;\"><strong><span style=\"color: #c0001e;\"><a style=\"color: #c0001e;\" href=\"mailto:sales@beronet.com\">sales@beronet.com<\/a><\/span>.<\/strong><\/span><\/h4>\n<h4 style=\"text-align: center;\">Nous aurons le plaisir de vous d\u00e9tailler notre API, et, si la fonctionnalit\u00e9 n&#8217;est pas disponible, nous pouvons la d\u00e9velopper pour vous.<\/h4>\n<p>[\/vc_column_text][vc_column_text]<\/p>\n<p style=\"text-align: center;\"><a href=\"https:\/\/www.beronet.com\/fr\/services\/#development\"><strong>D\u00c9VELOPPEMENT SUR MESURE<\/strong><\/a><\/p>\n<p>[\/vc_column_text][\/vc_column][\/vc_row]<\/p>\n","protected":false},"excerpt":{"rendered":"<p>[vc_row full_width=&#8221;stretch_row&#8221; full_height=&#8221;yes&#8221; css=&#8221;.vc_custom_1554830676175{margin-top: -70px !important;padding-top: 30px !important;padding-bottom: 50px !important;background-image: url(https:\/\/www.beronet.com\/wp-content\/uploads\/2018\/11\/BG-gray.jpg?id=52984) !important;background-position: center !important;background-repeat: no-repeat !important;background-size: cover !important;}&#8221;][vc_column][vc_column_text css=&#8221;.vc_custom_1545245446636{margin-top: -15px !important;padding-right: 40px !important;padding-left: 40px !important;}&#8221;] L&#8217;OS beroNet offre une gamme \u00e9tendue de fonctionnalit\u00e9s intelligentes et personnalisables. [\/vc_column_text][vc_empty_space height=&#8221;35&#8243;][\/vc_column][\/vc_row][vc_row css=&#8221;.vc_custom_1542747413709{padding-top: 60px !important;padding-right: 20px !important;padding-bottom: 60px !important;padding-left: 20px !important;}&#8221;][vc_column css=&#8221;.vc_custom_1542747300005{padding-right: 15px !important;padding-left: 15px !important;}&#8221;][vc_column_text el_id=&#8221;details&#8221;] Chaque passerelle&hellip;<\/p>\n","protected":false},"author":1,"featured_media":0,"parent":0,"menu_order":0,"comment_status":"closed","ping_status":"closed","template":"","meta":{"content-type":""},"tags":[],"class_list":["post-52983","page","type-page","status-publish","hentry","description-off"],"yoast_head":"<!-- This site is optimized with the Yoast SEO plugin v24.1 - https:\/\/yoast.com\/wordpress\/plugins\/seo\/ -->\n<title>L\u2019OS beroNet d\u00e9velopp\u00e9 pour les passerelles et SBC VoIP - beroNet<\/title>\n<meta name=\"description\" content=\"L\u2019OS beroNet offre une gamme \u00e9tendue de fonctionnalit\u00e9s intelligentes: compatible avec n&#039;importe quel syst\u00e8me PBX, administrable via cloud, facile \u00e0 configurer.\" \/>\n<meta name=\"robots\" content=\"index, follow, max-snippet:-1, max-image-preview:large, max-video-preview:-1\" \/>\n<link rel=\"canonical\" href=\"https:\/\/www.beronet.com\/fr\/beronet-os\/\" \/>\n<meta property=\"og:locale\" content=\"fr_FR\" \/>\n<meta property=\"og:type\" content=\"article\" \/>\n<meta property=\"og:title\" content=\"L\u2019OS beroNet d\u00e9velopp\u00e9 pour les passerelles et SBC VoIP - beroNet\" \/>\n<meta property=\"og:description\" content=\"L\u2019OS beroNet offre une gamme \u00e9tendue de fonctionnalit\u00e9s intelligentes: compatible avec n&#039;importe quel syst\u00e8me PBX, administrable via cloud, facile \u00e0 configurer.\" \/>\n<meta property=\"og:url\" content=\"https:\/\/www.beronet.com\/fr\/beronet-os\/\" \/>\n<meta property=\"og:site_name\" content=\"beroNet\" \/>\n<meta property=\"article:modified_time\" content=\"2019-08-12T15:43:30+00:00\" \/>\n<meta name=\"twitter:card\" content=\"summary_large_image\" \/>\n<meta name=\"twitter:label1\" content=\"Dur\u00e9e de lecture estim\u00e9e\" \/>\n\t<meta name=\"twitter:data1\" content=\"4 minutes\" \/>\n<script type=\"application\/ld+json\" class=\"yoast-schema-graph\">{\"@context\":\"https:\/\/schema.org\",\"@graph\":[{\"@type\":\"WebPage\",\"@id\":\"https:\/\/www.beronet.com\/fr\/beronet-os\/\",\"url\":\"https:\/\/www.beronet.com\/fr\/beronet-os\/\",\"name\":\"L\u2019OS beroNet d\u00e9velopp\u00e9 pour les passerelles et SBC VoIP - beroNet\",\"isPartOf\":{\"@id\":\"https:\/\/www.beronet.com\/fr\/#website\"},\"datePublished\":\"2018-11-10T16:52:38+00:00\",\"dateModified\":\"2019-08-12T15:43:30+00:00\",\"description\":\"L\u2019OS beroNet offre une gamme \u00e9tendue de fonctionnalit\u00e9s intelligentes: compatible avec n'importe quel syst\u00e8me PBX, administrable via cloud, facile \u00e0 configurer.\",\"breadcrumb\":{\"@id\":\"https:\/\/www.beronet.com\/fr\/beronet-os\/#breadcrumb\"},\"inLanguage\":\"fr-FR\",\"potentialAction\":[{\"@type\":\"ReadAction\",\"target\":[\"https:\/\/www.beronet.com\/fr\/beronet-os\/\"]}]},{\"@type\":\"BreadcrumbList\",\"@id\":\"https:\/\/www.beronet.com\/fr\/beronet-os\/#breadcrumb\",\"itemListElement\":[{\"@type\":\"ListItem\",\"position\":1,\"name\":\"Start\",\"item\":\"https:\/\/www.beronet.com\/fr\/\"},{\"@type\":\"ListItem\",\"position\":2,\"name\":\"L\u2019OS beroNet d\u00e9velopp\u00e9 pour les passerelles et SBC VoIP\"}]},{\"@type\":\"WebSite\",\"@id\":\"https:\/\/www.beronet.com\/fr\/#website\",\"url\":\"https:\/\/www.beronet.com\/fr\/\",\"name\":\"beroNet\",\"description\":\"Passerelles et appliances VoIP administrables via Cloud\",\"publisher\":{\"@id\":\"https:\/\/www.beronet.com\/fr\/#organization\"},\"potentialAction\":[{\"@type\":\"SearchAction\",\"target\":{\"@type\":\"EntryPoint\",\"urlTemplate\":\"https:\/\/www.beronet.com\/fr\/?s={search_term_string}\"},\"query-input\":{\"@type\":\"PropertyValueSpecification\",\"valueRequired\":true,\"valueName\":\"search_term_string\"}}],\"inLanguage\":\"fr-FR\"},{\"@type\":\"Organization\",\"@id\":\"https:\/\/www.beronet.com\/fr\/#organization\",\"name\":\"beroNet GmbH\",\"url\":\"https:\/\/www.beronet.com\/fr\/\",\"logo\":{\"@type\":\"ImageObject\",\"inLanguage\":\"fr-FR\",\"@id\":\"https:\/\/www.beronet.com\/fr\/#\/schema\/logo\/image\/\",\"url\":\"https:\/\/www.beronet.com\/wp-content\/uploads\/2018\/09\/logo-1.png\",\"contentUrl\":\"https:\/\/www.beronet.com\/wp-content\/uploads\/2018\/09\/logo-1.png\",\"width\":197,\"height\":40,\"caption\":\"beroNet GmbH\"},\"image\":{\"@id\":\"https:\/\/www.beronet.com\/fr\/#\/schema\/logo\/image\/\"}}]}<\/script>\n<!-- \/ Yoast SEO plugin. -->","yoast_head_json":{"title":"L\u2019OS beroNet d\u00e9velopp\u00e9 pour les passerelles et SBC VoIP - beroNet","description":"L\u2019OS beroNet offre une gamme \u00e9tendue de fonctionnalit\u00e9s intelligentes: compatible avec n'importe quel syst\u00e8me PBX, administrable via cloud, facile \u00e0 configurer.","robots":{"index":"index","follow":"follow","max-snippet":"max-snippet:-1","max-image-preview":"max-image-preview:large","max-video-preview":"max-video-preview:-1"},"canonical":"https:\/\/www.beronet.com\/fr\/beronet-os\/","og_locale":"fr_FR","og_type":"article","og_title":"L\u2019OS beroNet d\u00e9velopp\u00e9 pour les passerelles et SBC VoIP - beroNet","og_description":"L\u2019OS beroNet offre une gamme \u00e9tendue de fonctionnalit\u00e9s intelligentes: compatible avec n'importe quel syst\u00e8me PBX, administrable via cloud, facile \u00e0 configurer.","og_url":"https:\/\/www.beronet.com\/fr\/beronet-os\/","og_site_name":"beroNet","article_modified_time":"2019-08-12T15:43:30+00:00","twitter_card":"summary_large_image","twitter_misc":{"Dur\u00e9e de lecture estim\u00e9e":"4 minutes"},"schema":{"@context":"https:\/\/schema.org","@graph":[{"@type":"WebPage","@id":"https:\/\/www.beronet.com\/fr\/beronet-os\/","url":"https:\/\/www.beronet.com\/fr\/beronet-os\/","name":"L\u2019OS beroNet d\u00e9velopp\u00e9 pour les passerelles et SBC VoIP - beroNet","isPartOf":{"@id":"https:\/\/www.beronet.com\/fr\/#website"},"datePublished":"2018-11-10T16:52:38+00:00","dateModified":"2019-08-12T15:43:30+00:00","description":"L\u2019OS beroNet offre une gamme \u00e9tendue de fonctionnalit\u00e9s intelligentes: compatible avec n'importe quel syst\u00e8me PBX, administrable via cloud, facile \u00e0 configurer.","breadcrumb":{"@id":"https:\/\/www.beronet.com\/fr\/beronet-os\/#breadcrumb"},"inLanguage":"fr-FR","potentialAction":[{"@type":"ReadAction","target":["https:\/\/www.beronet.com\/fr\/beronet-os\/"]}]},{"@type":"BreadcrumbList","@id":"https:\/\/www.beronet.com\/fr\/beronet-os\/#breadcrumb","itemListElement":[{"@type":"ListItem","position":1,"name":"Start","item":"https:\/\/www.beronet.com\/fr\/"},{"@type":"ListItem","position":2,"name":"L\u2019OS beroNet d\u00e9velopp\u00e9 pour les passerelles et SBC VoIP"}]},{"@type":"WebSite","@id":"https:\/\/www.beronet.com\/fr\/#website","url":"https:\/\/www.beronet.com\/fr\/","name":"beroNet","description":"Passerelles et appliances VoIP administrables via Cloud","publisher":{"@id":"https:\/\/www.beronet.com\/fr\/#organization"},"potentialAction":[{"@type":"SearchAction","target":{"@type":"EntryPoint","urlTemplate":"https:\/\/www.beronet.com\/fr\/?s={search_term_string}"},"query-input":{"@type":"PropertyValueSpecification","valueRequired":true,"valueName":"search_term_string"}}],"inLanguage":"fr-FR"},{"@type":"Organization","@id":"https:\/\/www.beronet.com\/fr\/#organization","name":"beroNet GmbH","url":"https:\/\/www.beronet.com\/fr\/","logo":{"@type":"ImageObject","inLanguage":"fr-FR","@id":"https:\/\/www.beronet.com\/fr\/#\/schema\/logo\/image\/","url":"https:\/\/www.beronet.com\/wp-content\/uploads\/2018\/09\/logo-1.png","contentUrl":"https:\/\/www.beronet.com\/wp-content\/uploads\/2018\/09\/logo-1.png","width":197,"height":40,"caption":"beroNet GmbH"},"image":{"@id":"https:\/\/www.beronet.com\/fr\/#\/schema\/logo\/image\/"}}]}},"_links":{"self":[{"href":"https:\/\/www.beronet.com\/fr\/wp-json\/wp\/v2\/pages\/52983","targetHints":{"allow":["GET"]}}],"collection":[{"href":"https:\/\/www.beronet.com\/fr\/wp-json\/wp\/v2\/pages"}],"about":[{"href":"https:\/\/www.beronet.com\/fr\/wp-json\/wp\/v2\/types\/page"}],"author":[{"embeddable":true,"href":"https:\/\/www.beronet.com\/fr\/wp-json\/wp\/v2\/users\/1"}],"replies":[{"embeddable":true,"href":"https:\/\/www.beronet.com\/fr\/wp-json\/wp\/v2\/comments?post=52983"}],"version-history":[{"count":19,"href":"https:\/\/www.beronet.com\/fr\/wp-json\/wp\/v2\/pages\/52983\/revisions"}],"predecessor-version":[{"id":57336,"href":"https:\/\/www.beronet.com\/fr\/wp-json\/wp\/v2\/pages\/52983\/revisions\/57336"}],"wp:attachment":[{"href":"https:\/\/www.beronet.com\/fr\/wp-json\/wp\/v2\/media?parent=52983"}],"wp:term":[{"taxonomy":"post_tag","embeddable":true,"href":"https:\/\/www.beronet.com\/fr\/wp-json\/wp\/v2\/tags?post=52983"}],"curies":[{"name":"wp","href":"https:\/\/api.w.org\/{rel}","templated":true}]}}