{"id":52997,"date":"2018-11-19T10:00:12","date_gmt":"2018-11-19T10:00:12","guid":{"rendered":"http:\/\/alpha.beronet.com\/voip-gateways\/"},"modified":"2024-03-06T16:09:39","modified_gmt":"2024-03-06T16:09:39","slug":"voip-gateways","status":"publish","type":"page","link":"https:\/\/www.beronet.com\/fr\/voip-gateways\/","title":{"rendered":"Passerelles VoIP et E-SBCs beroNet"},"content":{"rendered":"<p>[vc_row content_placement=&#8221;middle&#8221; css=&#8221;.vc_custom_1550248647897{padding-right: 15px !important;padding-bottom: 50px !important;padding-left: 15px !important;}&#8221;][vc_column width=&#8221;1\/2&#8243;][vc_empty_space][vc_column_text]<\/p>\n<h3>Passerelles et E-SBCs optimis\u00e9s par l\u2019OS beroNet<\/h3>\n<p>L\u2019OS beroNet est un syst\u00e8me qui enrichit de nombreuses fonctionnalit\u00e9s les passerelles VoIP et E-SBCs beroNet. Ces \u00e9quipements sont facilement configurables via leur interface Web intuitive. De plus ils peuvent \u00e9galement \u00eatre enregistr\u00e9s dans le beroNet Cloud et \u00eatre ainsi administrables \u00e0 distance pour des mises \u00e0 jour ou diverses t\u00e2ches.[\/vc_column_text]<style type=\"text\/css\" data-type=\"the7_shortcodes-inline-css\">#default-btn-05bb5eb9afbe5a6983bfe6d34b3b1583.ico-right-side > i {\n  margin-right: 0px;\n  margin-left: 8px;\n}\n#default-btn-05bb5eb9afbe5a6983bfe6d34b3b1583 > i {\n  margin-right: 8px;\n}\n<\/style><a href=\"\/fr\/beronet-os\/\" class=\"default-btn-shortcode dt-btn dt-btn-s link-hover-off btn-inline-left \" id=\"default-btn-05bb5eb9afbe5a6983bfe6d34b3b1583\"><span>EN SAVOIR PLUS<\/span><\/a>[\/vc_column][vc_column width=&#8221;1\/2&#8243;][vc_single_image image=&#8221;53854&#8243; img_size=&#8221;large&#8221; alignment=&#8221;center&#8221; css=&#8221;.vc_custom_1542988118462{padding-top: 25px !important;padding-bottom: 25px !important;}&#8221;][\/vc_column][\/vc_row][vc_row full_width=&#8221;stretch_row&#8221; content_placement=&#8221;middle&#8221; css=&#8221;.vc_custom_1542988189222{padding-top: 35px !important;padding-bottom: 50px !important;background-color: #f8f8f8 !important;}&#8221;][vc_column width=&#8221;1\/2&#8243;][vc_single_image image=&#8221;59758&#8243; img_size=&#8221;full&#8221; alignment=&#8221;center&#8221;][\/vc_column][vc_column width=&#8221;1\/2&#8243;][vc_empty_space][vc_column_text]<\/p>\n<h3>Rester connect\u00e9 avec la eSBC Small Business Line<\/h3>\n<p>Les passerelles VoIP beroNet de la gamme eSBC Small Business Line offrent aux petites entreprises une solution budg\u00e9taire avantageuse pour se connecter \u00e0 la VoIP. Egalement optimis\u00e9es par l\u2019OS beroNet, elles poss\u00e8dent la plupart des fonctionnalit\u00e9s des passerelles VoIP modulables, sans la modularit\u00e9.[\/vc_column_text]<style type=\"text\/css\" data-type=\"the7_shortcodes-inline-css\">#default-btn-c519ceead755c773dc9c12548b606fbf.ico-right-side > i {\n  margin-right: 0px;\n  margin-left: 8px;\n}\n#default-btn-c519ceead755c773dc9c12548b606fbf > i {\n  margin-right: 8px;\n}\n<\/style><a href=\"\/fr\/gateway\/small-business-line-voip-gateway\/\" class=\"default-btn-shortcode dt-btn dt-btn-s link-hover-off btn-inline-left \" id=\"default-btn-c519ceead755c773dc9c12548b606fbf\"><span>EN SAVOIR PLUS<\/span><\/a>[vc_empty_space][\/vc_column][\/vc_row][vc_row content_placement=&#8221;middle&#8221; css=&#8221;.vc_custom_1550248609555{padding-top: 35px !important;padding-right: 15px !important;padding-bottom: 50px !important;padding-left: 15px !important;background-color: #ffffff !important;}&#8221;][vc_column width=&#8221;1\/2&#8243; css=&#8221;.vc_custom_1550248203214{padding-right: 15px !important;padding-left: 15px !important;}&#8221;][vc_empty_space height=&#8221;50&#8243;][vc_column_text]<\/p>\n<h3>Les passerelles VoIP modulables pour du sur mesure<\/h3>\n<p>Les passerelles VoIP modulables de beroNet peuvent contenir jusqu\u2019\u00e0 deux modules. Le nombre d\u2019interfaces et la combinaison de diff\u00e9rentes technologies sont flexibles pour fournir une solution sur mesure. Optimis\u00e9es par l\u2019OS beroNet, l\u2019ajout de licences SBC permet des appels SIP-to-SIP et notre application de s\u00e9curit\u00e9 <a href=\"https:\/\/www.beronet.com\/fr\/gateway\/survival-branch-appliance-sba-app\/\">Survival Branch Appliance<\/a> un PBX de secours.[\/vc_column_text][vc_column_text]<style type=\"text\/css\" data-type=\"the7_shortcodes-inline-css\">#default-btn-450daf8ca9864fa20806cee8d8c2d893.ico-right-side > i {\n  margin-right: 0px;\n  margin-left: 8px;\n}\n#default-btn-450daf8ca9864fa20806cee8d8c2d893 > i {\n  margin-right: 8px;\n}\n<\/style><a href=\"\/fr\/voip-gateways\/analog-gateways\/\" class=\"default-btn-shortcode dt-btn dt-btn-m link-hover-off \" id=\"default-btn-450daf8ca9864fa20806cee8d8c2d893\"><span>PASSERELLES ANALOGIQUES<\/span><\/a>\u00a0 \u00a0<style type=\"text\/css\" data-type=\"the7_shortcodes-inline-css\">#default-btn-26fd1a39277abbc6167643f3f2405951.ico-right-side > i {\n  margin-right: 0px;\n  margin-left: 8px;\n}\n#default-btn-26fd1a39277abbc6167643f3f2405951 > i {\n  margin-right: 8px;\n}\n<\/style><a href=\"\/fr\/voip-gateways\/isdn-voip-gateways\/\" class=\"default-btn-shortcode dt-btn dt-btn-m link-hover-off \" id=\"default-btn-26fd1a39277abbc6167643f3f2405951\"><span>PASSERELLES RNIS<\/span><\/a>[\/vc_column_text][\/vc_column][vc_column width=&#8221;1\/2&#8243;][vc_single_image image=&#8221;59472&#8243; img_size=&#8221;full&#8221; alignment=&#8221;center&#8221;][\/vc_column][\/vc_row][vc_row full_width=&#8221;stretch_row&#8221; content_placement=&#8221;middle&#8221; css=&#8221;.vc_custom_1542631465770{padding-top: 35px !important;padding-bottom: 50px !important;background-color: #f8f8f8 !important;}&#8221;][vc_column width=&#8221;1\/2&#8243;][vc_single_image image=&#8221;57970&#8243; img_size=&#8221;full&#8221; alignment=&#8221;center&#8221;][\/vc_column][vc_column width=&#8221;1\/2&#8243;][vc_column_text]<\/p>\n<h3>LTE pour le routage au moindre co\u00fbt, la mobilit\u00e9 et le Failover<\/h3>\n<p>Les E-SBCs VoLTE beroNet sont la solution optimale pour assurer un service t\u00e9l\u00e9phonique continu. Envoyer des appels vers des num\u00e9ros mobiles par LTE pour un routage \u00e0 moindre co\u00fbt. Ajouter un E-SBC VoLTE \u00e0 une unit\u00e9 mobile ou \u00e0 un v\u00e9hicule pour appeler de n\u2019importe o\u00f9. Combin\u00e9 \u00e0 l\u2019application <a href=\"https:\/\/www.beronet.com\/fr\/gateway\/survival-branch-appliance-sba-app\/\">beroNet SBA App<\/a>, le SBC VoLTE peut \u00e9galement fonctionner comme une solution de basculement ultime, garantissant que votre entreprise peut envoyer et recevoir des appels, m\u00eame si votre IPBX, local ou h\u00e9berg\u00e9, ou votre op\u00e9rateur SIP est hors ligne.[\/vc_column_text]<style type=\"text\/css\" data-type=\"the7_shortcodes-inline-css\">#default-btn-57cb4d96e99e20d888565ff618111114.ico-right-side > i {\n  margin-right: 0px;\n  margin-left: 8px;\n}\n#default-btn-57cb4d96e99e20d888565ff618111114 > i {\n  margin-right: 8px;\n}\n<\/style><a href=\"\/fr\/gateway\/volte-sbc\/\" class=\"default-btn-shortcode dt-btn dt-btn-s link-hover-off btn-inline-left \" id=\"default-btn-57cb4d96e99e20d888565ff618111114\"><span>EN SAVOIR PLUS<\/span><\/a>[vc_empty_space height=&#8221;50&#8243;][\/vc_column][\/vc_row][vc_row content_placement=&#8221;middle&#8221; css=&#8221;.vc_custom_1550248636977{padding-top: 35px !important;padding-right: 15px !important;padding-bottom: 60px !important;padding-left: 15px !important;}&#8221;][vc_column width=&#8221;1\/2&#8243;][vc_column_text]<\/p>\n<h3>Ajouter une passerelle VoIP \u00e0 votre serveur<\/h3>\n<p>Ajouter une interface PRI, BRI, FXS, FXS et FXO \u00e0 votre serveur ou syst\u00e8me PBX en utilisant une carte PCIe VoIP beroNet. Reconnue comme une carte r\u00e9seau, elle ne n\u00e9cessite aucun pilote suppl\u00e9mentaire et fonctionne exactement comme nos autres passerelles VoIP. Optimis\u00e9e par l\u2019OS beroNet et capable de contenir jusqu\u2019\u00e0 deux modules beroNet, c\u2019est une solution de passerelle VoIP flexible.[\/vc_column_text]<style type=\"text\/css\" data-type=\"the7_shortcodes-inline-css\">#default-btn-2537b669a33fd37bac7c0fd42e23c6fc.ico-right-side > i {\n  margin-right: 0px;\n  margin-left: 8px;\n}\n#default-btn-2537b669a33fd37bac7c0fd42e23c6fc > i {\n  margin-right: 8px;\n}\n<\/style><a href=\"\/fr\/gateway\/pcie-voip-card\/\" class=\"default-btn-shortcode dt-btn dt-btn-s link-hover-off btn-inline-left \" id=\"default-btn-2537b669a33fd37bac7c0fd42e23c6fc\"><span>EN SAVOIR PLUS<\/span><\/a>[vc_empty_space height=&#8221;50&#8243;][\/vc_column][vc_column width=&#8221;1\/2&#8243;][vc_single_image image=&#8221;53926&#8243; img_size=&#8221;400X230&#8243; alignment=&#8221;center&#8221;][\/vc_column][\/vc_row][vc_row full_width=&#8221;stretch_row&#8221; content_placement=&#8221;middle&#8221; css=&#8221;.vc_custom_1542988189222{padding-top: 35px !important;padding-bottom: 50px !important;background-color: #f8f8f8 !important;}&#8221;][vc_column width=&#8221;1\/2&#8243;][vc_single_image image=&#8221;55364&#8243; img_size=&#8221;402&#215;210&#8243; alignment=&#8221;center&#8221;][\/vc_column][vc_column width=&#8221;1\/2&#8243;][vc_empty_space][vc_column_text]<\/p>\n<h3>Enterprise Session Border Controller modulable<\/h3>\n<p>Les E-SBCs modulables de beroNet sont une solution de s\u00e9curit\u00e9 pour les r\u00e9seaux VoIP. Ils combinent la fiabilit\u00e9 du mat\u00e9riel avec flexibilit\u00e9 et une gestion ais\u00e9e. Avec des mod\u00e8les pouvant contenir jusqu\u2019\u00e0 trois modules, ces E-SBCs hybrides b\u00e9n\u00e9ficient de fonctionnalit\u00e9s m\u00e9dia pour n\u2019importe quelle combinaison de BRI, PRI, FXS et FXO. Apportez la r\u00e9ponse adapt\u00e9e aux exigences de vos clients avec notre choix de licences SBC pour des appels SIP-to-SIP.[\/vc_column_text]<style type=\"text\/css\" data-type=\"the7_shortcodes-inline-css\">#default-btn-12c893a8c3653a30c47828eeb785d344.ico-right-side > i {\n  margin-right: 0px;\n  margin-left: 8px;\n}\n#default-btn-12c893a8c3653a30c47828eeb785d344 > i {\n  margin-right: 8px;\n}\n<\/style><a href=\"\/fr\/gateway\/session-border-controller\/\" class=\"default-btn-shortcode dt-btn dt-btn-s link-hover-off btn-inline-left \" id=\"default-btn-12c893a8c3653a30c47828eeb785d344\"><span>EN SAVOIR PLUS<\/span><\/a>[vc_empty_space][\/vc_column][\/vc_row][vc_row content_placement=&#8221;middle&#8221; css=&#8221;.vc_custom_1550248636977{padding-top: 35px !important;padding-right: 15px !important;padding-bottom: 60px !important;padding-left: 15px !important;}&#8221;][vc_column width=&#8221;1\/2&#8243;][vc_column_text]<\/p>\n<h3>Appliance de t\u00e9l\u00e9phonie avec Hyperviseur beroNet<\/h3>\n<p>Notre appliance de t\u00e9l\u00e9phonie \u00e9conerg\u00e9tique est une solution VoIP (uCPE \u2013 Universal Customer Premises Equipment), d\u00e9di\u00e9e \u00e0 l\u2019installation d\u2019un logiciel PBX de votre choix. L\u2019hyperviseur beroNet pr\u00e9install\u00e9 permet de virtualiser diff\u00e9rentes applications et fonctions r\u00e9seaux (VNFs \u2013 virtual network functions) sur un seul mat\u00e9riel, g\u00e9r\u00e9es simplement via une unique interface de contr\u00f4le intuitive.[\/vc_column_text]<style type=\"text\/css\" data-type=\"the7_shortcodes-inline-css\">#default-btn-68ba9225b58ae6b9b2856c044c5cf100.ico-right-side > i {\n  margin-right: 0px;\n  margin-left: 8px;\n}\n#default-btn-68ba9225b58ae6b9b2856c044c5cf100 > i {\n  margin-right: 8px;\n}\n<\/style><a href=\"\/fr\/gateway\/telephony-appliance\/\" class=\"default-btn-shortcode dt-btn dt-btn-s link-hover-off btn-inline-left \" id=\"default-btn-68ba9225b58ae6b9b2856c044c5cf100\"><span>EN SAVOIR PLUS<\/span><\/a>[vc_empty_space height=&#8221;50&#8243;][\/vc_column][vc_column width=&#8221;1\/2&#8243;][vc_empty_space height=&#8221;50&#8243;][vc_single_image image=&#8221;53131&#8243; img_size=&#8221;full&#8221; alignment=&#8221;center&#8221;][\/vc_column][\/vc_row][vc_row full_width=&#8221;stretch_row&#8221; content_placement=&#8221;middle&#8221; css=&#8221;.vc_custom_1542988189222{padding-top: 35px !important;padding-bottom: 50px !important;background-color: #f8f8f8 !important;}&#8221;][vc_column width=&#8221;1\/2&#8243;][vc_single_image image=&#8221;53113&#8243; img_size=&#8221;full&#8221; alignment=&#8221;center&#8221;][\/vc_column][vc_column width=&#8221;1\/2&#8243;][vc_empty_space][vc_column_text]<\/p>\n<h3>Failover Switch de t\u00e9l\u00e9phonie<\/h3>\n<p>Le beroNet Failover Switch (BNFOS) permet de g\u00e9rer les incidents en basculant les communications vers une ligne de secours quand de tels \u00e9v\u00e9nements impr\u00e9vus sont d\u00e9tect\u00e9s. Une solution fort utile en cas de groupements de PBX et de basculements (failover) de liaisons pour lesquels une reconnexion physique de lignes analogiques ou RNIS est n\u00e9cessaire.[\/vc_column_text]<style type=\"text\/css\" data-type=\"the7_shortcodes-inline-css\">#default-btn-731d3679bebab5ff85470015740ea30c.ico-right-side > i {\n  margin-right: 0px;\n  margin-left: 8px;\n}\n#default-btn-731d3679bebab5ff85470015740ea30c > i {\n  margin-right: 8px;\n}\n<\/style><a href=\"\/fr\/gateway\/failover-switch\/\" class=\"default-btn-shortcode dt-btn dt-btn-s link-hover-off btn-inline-left \" id=\"default-btn-731d3679bebab5ff85470015740ea30c\"><span>EN SAVOIR PLUS<\/span><\/a>[vc_empty_space][\/vc_column][\/vc_row][vc_row content_placement=&#8221;middle&#8221; css=&#8221;.vc_custom_1550248636977{padding-top: 35px !important;padding-right: 15px !important;padding-bottom: 60px !important;padding-left: 15px !important;}&#8221;][vc_column width=&#8221;1\/2&#8243;][vc_column_text]<\/p>\n<h3>Le premier service d\u2019administration de passerelles VoIP via Cloud au monde<\/h3>\n<p>Gr\u00e2ce au beroNet Cloud, les int\u00e9grateurs et op\u00e9rateurs partenaires de beroNet peuvent administrer leurs \u00e9quipements beroNet VoIP \u00e0 distance depuis n\u2019importe quel navigateur Internet. Acc\u00e8s \u00e0 distance de tous les appareils, contr\u00f4le et alarme, mise \u00e0 jour planifi\u00e9e, administration de projets etc.[\/vc_column_text]<style type=\"text\/css\" data-type=\"the7_shortcodes-inline-css\">#default-btn-3710f4a499dfc1bf00e84459ac2c7ad9.ico-right-side > i {\n  margin-right: 0px;\n  margin-left: 8px;\n}\n#default-btn-3710f4a499dfc1bf00e84459ac2c7ad9 > i {\n  margin-right: 8px;\n}\n<\/style><a href=\"\/fr\/beronet-cloud-management\/\" class=\"default-btn-shortcode dt-btn dt-btn-s link-hover-off btn-inline-left \" id=\"default-btn-3710f4a499dfc1bf00e84459ac2c7ad9\"><span>EN SAVOIR PLUS<\/span><\/a>[vc_empty_space height=&#8221;50&#8243;][\/vc_column][vc_column width=&#8221;1\/2&#8243;][vc_empty_space height=&#8221;50&#8243;][vc_single_image image=&#8221;55015&#8243; img_size=&#8221;large&#8221; alignment=&#8221;center&#8221;][\/vc_column][\/vc_row][vc_row][vc_column][vc_empty_space][\/vc_column][\/vc_row][vc_row full_width=&#8221;stretch_row&#8221; content_placement=&#8221;middle&#8221; bg_type=&#8221;image&#8221; css=&#8221;.vc_custom_1560941610029{margin-bottom: -80px !important;padding-top: 70px !important;padding-right: 15px !important;padding-bottom: 70px !important;padding-left: 15px !important;background-image: url(https:\/\/www.beronet.com\/wp-content\/uploads\/2019\/06\/Visit-our-Blog.jpg?id=57221) !important;background-position: center !important;background-repeat: no-repeat !important;background-size: cover !important;}&#8221;][vc_column][vc_column_text]<\/p>\n<h2 style=\"text-align: center;\">Vous voulez en savoir plus?<\/h2>\n<h4 style=\"text-align: center;\">Visitez notre blog et profitez d\u2019informations, d\u2019id\u00e9es, de livres blancs, de tutoriels d\u00e9taill\u00e9s, de mises \u00e0 jour techniques et d\u2019offres sp\u00e9ciales.<\/h4>\n<p>[\/vc_column_text][vc_column_text]<\/p>\n<p style=\"text-align: center;\"><strong><a href=\"https:\/\/blog.beronet.com\/fr\">VISITER NOTRE BLOG<\/a><\/strong><\/p>\n<p>[\/vc_column_text][\/vc_column][\/vc_row]<\/p>\n","protected":false},"excerpt":{"rendered":"<p>[vc_row content_placement=&#8221;middle&#8221; css=&#8221;.vc_custom_1550248647897{padding-right: 15px !important;padding-bottom: 50px !important;padding-left: 15px !important;}&#8221;][vc_column width=&#8221;1\/2&#8243;][vc_empty_space][vc_column_text] Passerelles et E-SBCs optimis\u00e9s par l\u2019OS beroNet L\u2019OS beroNet est un syst\u00e8me qui enrichit de nombreuses fonctionnalit\u00e9s les passerelles VoIP et E-SBCs beroNet. Ces \u00e9quipements sont facilement configurables via leur interface Web intuitive. De plus ils peuvent \u00e9galement \u00eatre enregistr\u00e9s dans le beroNet Cloud et&hellip;<\/p>\n","protected":false},"author":1,"featured_media":55059,"parent":0,"menu_order":0,"comment_status":"closed","ping_status":"closed","template":"","meta":{"content-type":""},"tags":[],"class_list":["post-52997","page","type-page","status-publish","has-post-thumbnail","hentry","description-off"],"yoast_head":"<!-- This site is optimized with the Yoast SEO plugin v24.1 - https:\/\/yoast.com\/wordpress\/plugins\/seo\/ -->\n<title>Passerelles VoIP et E-SBCs beroNet - beroNet<\/title>\n<meta name=\"description\" content=\"Nos produits sont con\u00e7us pour \u00eatre faciles \u00e0 comprendre et \u00e0 configurer. D\u00e9couvrez l&#039;univers des passerelles VoIP et des E-SBCs beroNet optimis\u00e9e par l\u2019OS beroNet!\" \/>\n<meta name=\"robots\" content=\"index, follow, max-snippet:-1, max-image-preview:large, max-video-preview:-1\" \/>\n<link rel=\"canonical\" href=\"https:\/\/www.beronet.com\/fr\/voip-gateways\/\" \/>\n<meta property=\"og:locale\" content=\"fr_FR\" \/>\n<meta property=\"og:type\" content=\"article\" \/>\n<meta property=\"og:title\" content=\"Passerelles VoIP et E-SBCs beroNet - beroNet\" \/>\n<meta property=\"og:description\" content=\"Nos produits sont con\u00e7us pour \u00eatre faciles \u00e0 comprendre et \u00e0 configurer. D\u00e9couvrez l&#039;univers des passerelles VoIP et des E-SBCs beroNet optimis\u00e9e par l\u2019OS beroNet!\" \/>\n<meta property=\"og:url\" content=\"https:\/\/www.beronet.com\/fr\/voip-gateways\/\" \/>\n<meta property=\"og:site_name\" content=\"beroNet\" \/>\n<meta property=\"article:modified_time\" content=\"2024-03-06T16:09:39+00:00\" \/>\n<meta property=\"og:image\" content=\"https:\/\/www.beronet.com\/wp-content\/uploads\/2018\/11\/beronet-4-FXS-voIP-gateway.jpg\" \/>\n\t<meta property=\"og:image:width\" content=\"584\" \/>\n\t<meta property=\"og:image:height\" content=\"584\" \/>\n\t<meta property=\"og:image:type\" content=\"image\/jpeg\" \/>\n<meta name=\"twitter:card\" content=\"summary_large_image\" \/>\n<meta name=\"twitter:label1\" content=\"Dur\u00e9e de lecture estim\u00e9e\" \/>\n\t<meta name=\"twitter:data1\" content=\"7 minutes\" \/>\n<script type=\"application\/ld+json\" class=\"yoast-schema-graph\">{\"@context\":\"https:\/\/schema.org\",\"@graph\":[{\"@type\":\"WebPage\",\"@id\":\"https:\/\/www.beronet.com\/fr\/voip-gateways\/\",\"url\":\"https:\/\/www.beronet.com\/fr\/voip-gateways\/\",\"name\":\"Passerelles VoIP et E-SBCs beroNet - beroNet\",\"isPartOf\":{\"@id\":\"https:\/\/www.beronet.com\/fr\/#website\"},\"primaryImageOfPage\":{\"@id\":\"https:\/\/www.beronet.com\/fr\/voip-gateways\/#primaryimage\"},\"image\":{\"@id\":\"https:\/\/www.beronet.com\/fr\/voip-gateways\/#primaryimage\"},\"thumbnailUrl\":\"https:\/\/www.beronet.com\/wp-content\/uploads\/2018\/11\/beronet-4-FXS-voIP-gateway.jpg\",\"datePublished\":\"2018-11-19T10:00:12+00:00\",\"dateModified\":\"2024-03-06T16:09:39+00:00\",\"description\":\"Nos produits sont con\u00e7us pour \u00eatre faciles \u00e0 comprendre et \u00e0 configurer. D\u00e9couvrez l'univers des passerelles VoIP et des E-SBCs beroNet optimis\u00e9e par l\u2019OS beroNet!\",\"breadcrumb\":{\"@id\":\"https:\/\/www.beronet.com\/fr\/voip-gateways\/#breadcrumb\"},\"inLanguage\":\"fr-FR\",\"potentialAction\":[{\"@type\":\"ReadAction\",\"target\":[\"https:\/\/www.beronet.com\/fr\/voip-gateways\/\"]}]},{\"@type\":\"ImageObject\",\"inLanguage\":\"fr-FR\",\"@id\":\"https:\/\/www.beronet.com\/fr\/voip-gateways\/#primaryimage\",\"url\":\"https:\/\/www.beronet.com\/wp-content\/uploads\/2018\/11\/beronet-4-FXS-voIP-gateway.jpg\",\"contentUrl\":\"https:\/\/www.beronet.com\/wp-content\/uploads\/2018\/11\/beronet-4-FXS-voIP-gateway.jpg\",\"width\":584,\"height\":584,\"caption\":\"beronet-4-FXS-voIP-gateway\"},{\"@type\":\"BreadcrumbList\",\"@id\":\"https:\/\/www.beronet.com\/fr\/voip-gateways\/#breadcrumb\",\"itemListElement\":[{\"@type\":\"ListItem\",\"position\":1,\"name\":\"Start\",\"item\":\"https:\/\/www.beronet.com\/fr\/\"},{\"@type\":\"ListItem\",\"position\":2,\"name\":\"Passerelles VoIP et E-SBCs beroNet\"}]},{\"@type\":\"WebSite\",\"@id\":\"https:\/\/www.beronet.com\/fr\/#website\",\"url\":\"https:\/\/www.beronet.com\/fr\/\",\"name\":\"beroNet\",\"description\":\"Passerelles et appliances VoIP administrables via Cloud\",\"publisher\":{\"@id\":\"https:\/\/www.beronet.com\/fr\/#organization\"},\"potentialAction\":[{\"@type\":\"SearchAction\",\"target\":{\"@type\":\"EntryPoint\",\"urlTemplate\":\"https:\/\/www.beronet.com\/fr\/?s={search_term_string}\"},\"query-input\":{\"@type\":\"PropertyValueSpecification\",\"valueRequired\":true,\"valueName\":\"search_term_string\"}}],\"inLanguage\":\"fr-FR\"},{\"@type\":\"Organization\",\"@id\":\"https:\/\/www.beronet.com\/fr\/#organization\",\"name\":\"beroNet GmbH\",\"url\":\"https:\/\/www.beronet.com\/fr\/\",\"logo\":{\"@type\":\"ImageObject\",\"inLanguage\":\"fr-FR\",\"@id\":\"https:\/\/www.beronet.com\/fr\/#\/schema\/logo\/image\/\",\"url\":\"https:\/\/www.beronet.com\/wp-content\/uploads\/2018\/09\/logo-1.png\",\"contentUrl\":\"https:\/\/www.beronet.com\/wp-content\/uploads\/2018\/09\/logo-1.png\",\"width\":197,\"height\":40,\"caption\":\"beroNet GmbH\"},\"image\":{\"@id\":\"https:\/\/www.beronet.com\/fr\/#\/schema\/logo\/image\/\"}}]}<\/script>\n<!-- \/ Yoast SEO plugin. -->","yoast_head_json":{"title":"Passerelles VoIP et E-SBCs beroNet - beroNet","description":"Nos produits sont con\u00e7us pour \u00eatre faciles \u00e0 comprendre et \u00e0 configurer. D\u00e9couvrez l'univers des passerelles VoIP et des E-SBCs beroNet optimis\u00e9e par l\u2019OS beroNet!","robots":{"index":"index","follow":"follow","max-snippet":"max-snippet:-1","max-image-preview":"max-image-preview:large","max-video-preview":"max-video-preview:-1"},"canonical":"https:\/\/www.beronet.com\/fr\/voip-gateways\/","og_locale":"fr_FR","og_type":"article","og_title":"Passerelles VoIP et E-SBCs beroNet - beroNet","og_description":"Nos produits sont con\u00e7us pour \u00eatre faciles \u00e0 comprendre et \u00e0 configurer. D\u00e9couvrez l'univers des passerelles VoIP et des E-SBCs beroNet optimis\u00e9e par l\u2019OS beroNet!","og_url":"https:\/\/www.beronet.com\/fr\/voip-gateways\/","og_site_name":"beroNet","article_modified_time":"2024-03-06T16:09:39+00:00","og_image":[{"width":584,"height":584,"url":"https:\/\/www.beronet.com\/wp-content\/uploads\/2018\/11\/beronet-4-FXS-voIP-gateway.jpg","type":"image\/jpeg"}],"twitter_card":"summary_large_image","twitter_misc":{"Dur\u00e9e de lecture estim\u00e9e":"7 minutes"},"schema":{"@context":"https:\/\/schema.org","@graph":[{"@type":"WebPage","@id":"https:\/\/www.beronet.com\/fr\/voip-gateways\/","url":"https:\/\/www.beronet.com\/fr\/voip-gateways\/","name":"Passerelles VoIP et E-SBCs beroNet - beroNet","isPartOf":{"@id":"https:\/\/www.beronet.com\/fr\/#website"},"primaryImageOfPage":{"@id":"https:\/\/www.beronet.com\/fr\/voip-gateways\/#primaryimage"},"image":{"@id":"https:\/\/www.beronet.com\/fr\/voip-gateways\/#primaryimage"},"thumbnailUrl":"https:\/\/www.beronet.com\/wp-content\/uploads\/2018\/11\/beronet-4-FXS-voIP-gateway.jpg","datePublished":"2018-11-19T10:00:12+00:00","dateModified":"2024-03-06T16:09:39+00:00","description":"Nos produits sont con\u00e7us pour \u00eatre faciles \u00e0 comprendre et \u00e0 configurer. D\u00e9couvrez l'univers des passerelles VoIP et des E-SBCs beroNet optimis\u00e9e par l\u2019OS beroNet!","breadcrumb":{"@id":"https:\/\/www.beronet.com\/fr\/voip-gateways\/#breadcrumb"},"inLanguage":"fr-FR","potentialAction":[{"@type":"ReadAction","target":["https:\/\/www.beronet.com\/fr\/voip-gateways\/"]}]},{"@type":"ImageObject","inLanguage":"fr-FR","@id":"https:\/\/www.beronet.com\/fr\/voip-gateways\/#primaryimage","url":"https:\/\/www.beronet.com\/wp-content\/uploads\/2018\/11\/beronet-4-FXS-voIP-gateway.jpg","contentUrl":"https:\/\/www.beronet.com\/wp-content\/uploads\/2018\/11\/beronet-4-FXS-voIP-gateway.jpg","width":584,"height":584,"caption":"beronet-4-FXS-voIP-gateway"},{"@type":"BreadcrumbList","@id":"https:\/\/www.beronet.com\/fr\/voip-gateways\/#breadcrumb","itemListElement":[{"@type":"ListItem","position":1,"name":"Start","item":"https:\/\/www.beronet.com\/fr\/"},{"@type":"ListItem","position":2,"name":"Passerelles VoIP et E-SBCs beroNet"}]},{"@type":"WebSite","@id":"https:\/\/www.beronet.com\/fr\/#website","url":"https:\/\/www.beronet.com\/fr\/","name":"beroNet","description":"Passerelles et appliances VoIP administrables via Cloud","publisher":{"@id":"https:\/\/www.beronet.com\/fr\/#organization"},"potentialAction":[{"@type":"SearchAction","target":{"@type":"EntryPoint","urlTemplate":"https:\/\/www.beronet.com\/fr\/?s={search_term_string}"},"query-input":{"@type":"PropertyValueSpecification","valueRequired":true,"valueName":"search_term_string"}}],"inLanguage":"fr-FR"},{"@type":"Organization","@id":"https:\/\/www.beronet.com\/fr\/#organization","name":"beroNet GmbH","url":"https:\/\/www.beronet.com\/fr\/","logo":{"@type":"ImageObject","inLanguage":"fr-FR","@id":"https:\/\/www.beronet.com\/fr\/#\/schema\/logo\/image\/","url":"https:\/\/www.beronet.com\/wp-content\/uploads\/2018\/09\/logo-1.png","contentUrl":"https:\/\/www.beronet.com\/wp-content\/uploads\/2018\/09\/logo-1.png","width":197,"height":40,"caption":"beroNet GmbH"},"image":{"@id":"https:\/\/www.beronet.com\/fr\/#\/schema\/logo\/image\/"}}]}},"_links":{"self":[{"href":"https:\/\/www.beronet.com\/fr\/wp-json\/wp\/v2\/pages\/52997","targetHints":{"allow":["GET"]}}],"collection":[{"href":"https:\/\/www.beronet.com\/fr\/wp-json\/wp\/v2\/pages"}],"about":[{"href":"https:\/\/www.beronet.com\/fr\/wp-json\/wp\/v2\/types\/page"}],"author":[{"embeddable":true,"href":"https:\/\/www.beronet.com\/fr\/wp-json\/wp\/v2\/users\/1"}],"replies":[{"embeddable":true,"href":"https:\/\/www.beronet.com\/fr\/wp-json\/wp\/v2\/comments?post=52997"}],"version-history":[{"count":35,"href":"https:\/\/www.beronet.com\/fr\/wp-json\/wp\/v2\/pages\/52997\/revisions"}],"predecessor-version":[{"id":59823,"href":"https:\/\/www.beronet.com\/fr\/wp-json\/wp\/v2\/pages\/52997\/revisions\/59823"}],"wp:featuredmedia":[{"embeddable":true,"href":"https:\/\/www.beronet.com\/fr\/wp-json\/wp\/v2\/media\/55059"}],"wp:attachment":[{"href":"https:\/\/www.beronet.com\/fr\/wp-json\/wp\/v2\/media?parent=52997"}],"wp:term":[{"taxonomy":"post_tag","embeddable":true,"href":"https:\/\/www.beronet.com\/fr\/wp-json\/wp\/v2\/tags?post=52997"}],"curies":[{"name":"wp","href":"https:\/\/api.w.org\/{rel}","templated":true}]}}