{"id":53007,"date":"2018-10-21T10:19:44","date_gmt":"2018-10-21T10:19:44","guid":{"rendered":"http:\/\/alpha.beronet.com\/careers\/"},"modified":"2020-01-15T15:04:07","modified_gmt":"2020-01-15T15:04:07","slug":"careers","status":"publish","type":"page","link":"https:\/\/www.beronet.com\/fr\/careers\/","title":{"rendered":"Les opportunit\u00e9s d&#8217;emploi chez beroNet"},"content":{"rendered":"<p>[vc_row full_width=&#8221;stretch_row&#8221; content_placement=&#8221;middle&#8221; css=&#8221;.vc_custom_1540144337993{margin-top: -70px !important;padding-top: 50px !important;padding-bottom: 30px !important;background-color: #f9f9f9 !important;}&#8221;][vc_column width=&#8221;1\/6&#8243;][\/vc_column][vc_column width=&#8221;2\/3&#8243;][vc_column_text css=&#8221;.vc_custom_1545299539517{margin-top: -20px !important;}&#8221;]<\/p>\n<h4 style=\"text-align: center;\"><span style=\"color: #8f8f8f;\">Profitez de l&#8217;occasion pour grandir avec nous. Nous recherchons de nouveaux coll\u00e8gues qui enrichissent notre \u00e9quipe internationale et apportent leur expertise, leur enthousiasme et leurs id\u00e9es nouvelles et cr\u00e9atives pour un succ\u00e8s commun.<\/span><\/h4>\n<h4 style=\"text-align: center;\"><span style=\"color: #8f8f8f;\">Vous trouverez ici nos postes \u00e0 pourvoir &#8211; au plaisir de faire votre connaissance !<\/span><\/h4>\n<p>[\/vc_column_text][\/vc_column][vc_column width=&#8221;1\/6&#8243;][\/vc_column][\/vc_row][vc_row css=&#8221;.vc_custom_1539199700625{padding-top: 70px !important;padding-bottom: 70px !important;}&#8221;][vc_column width=&#8221;1\/2&#8243;][vc_tta_accordion style=&#8221;modern&#8221; shape=&#8221;square&#8221; color=&#8221;white&#8221; spacing=&#8221;5&#8243; gap=&#8221;5&#8243; c_icon=&#8221;chevron&#8221; c_position=&#8221;right&#8221; active_section=&#8221;8&#8243; no_fill=&#8221;true&#8221; collapsible_all=&#8221;true&#8221; css=&#8221;.vc_custom_1539451898778{border-bottom-width: 0px !important;border-bottom-style: none !important;}&#8221;][vc_tta_section title=&#8221;Stagiaire en marketing et relations publiques&#8221; tab_id=&#8221;1539191404562-6257f3be-16f58eb8-af9d&#8221;][vc_column_text]D\u00e9velopper des comp\u00e9tences fondamentales en marketing et en communication tout en participant aux activit\u00e9s quotidiennes de marketing et de communication de beroNet.<\/p>\n<p><strong>Fonctions principales :<\/strong><\/p>\n<ul>\n<li>D\u00e9velopper un inventaire de tout le contenu de beroNet, mettre \u00e0 jour les anciens contenus pour les adapter aux standards d&#8217;une marque actuelle.<\/li>\n<li>Cr\u00e9er du contenu en accord avec notre strat\u00e9gie de marketing de contenu<\/li>\n<li>D\u00e9velopper des graphiques pour le site Web et les campagnes de publipostage<\/li>\n<li>Aider avec les m\u00e9dias sociaux de beroNet (Twitter, Google Plus, Facebook, LinkedIn)<\/li>\n<li>Identifier des contacts potentiels avec les m\u00e9dias et participer \u00e0 des activit\u00e9s de sensibilisation des m\u00e9dias<\/li>\n<\/ul>\n<p><strong>Vos t\u00e2ches pendant votre p\u00e9riode aupr\u00e8s de beroNet :<\/strong><\/p>\n<ul>\n<li>Effectuer des recherches qualitatives et quantitatives de base<\/li>\n<li>Adapter la recherche pour d\u00e9velopper la messagerie et l&#8217;infographie en utilisant Adobe CC Illustrator, InDesign et Photoshop.<\/li>\n<li>Dressez une liste des m\u00e9dias et communiquez avec des interlocuteurs des m\u00e9dias.<\/li>\n<\/ul>\n<p><strong>Qualifications:<\/strong><\/p>\n<ul>\n<li>Int\u00e9r\u00eat marqu\u00e9 pour la technologie<\/li>\n<li>En cours d&#8217;\u00e9tudes pour un bachelor en marketing, communication ou dans un domaine connexe (\u00e9tudiants en master de pr\u00e9f\u00e9rence).<\/li>\n<li>Exp\u00e9rience en marketing\/communication ou fort d\u00e9sir d&#8217;apprendre ; exp\u00e9rience en conception cr\u00e9ative et fonctionnelle.<\/li>\n<li>Excellentes aptitudes \u00e0 la communication \u00e9crite et verbale<\/li>\n<li>Exp\u00e9rience avec Adobe Creative Suite (Illustrator, Photoshop et InDesign sp\u00e9cifiquement) et les applications Microsoft Office<\/li>\n<li>Capacit\u00e9 de fixer et de respecter les \u00e9ch\u00e9ances, d&#8217;\u00e9tablir les priorit\u00e9s et de g\u00e9rer plusieurs projets en m\u00eame temps.<\/li>\n<li>Capacit\u00e9 de travailler dans un environnement \u00e0 forte \u00e9volution<\/li>\n<li>Exp\u00e9rience avec WordPress (de pr\u00e9f\u00e9rence)<\/li>\n<li>Parler couramment l&#8217;allemand et l&#8217;anglais.<\/li>\n<\/ul>\n<p>Pour postuler, veuillez soumettre un CV complet avec r\u00e9f\u00e9rences \u00e0 <a href=\"mailto:jobs@beronet.com\">jobs@beronet.com<\/a>[\/vc_column_text][\/vc_tta_section][vc_tta_section title=&#8221;Stagiaire ventes&#8221; tab_id=&#8221;1539191689330-e714ed66-845f8eb8-af9d&#8221;][vc_column_text]Nous souhaitons accueillir des stagiaires pour les ventes sur les march\u00e9s suivants :<\/p>\n<ul>\n<li>France<\/li>\n<li>Italie<\/li>\n<li>\u00c9tats-Unis<\/li>\n<\/ul>\n<p>Ces postes requi\u00e8rent des personnes multilingues, communicatives et orient\u00e9es vers la vente avec un int\u00e9r\u00eat pour la technologie. Pour \u00eatre invit\u00e9(e) \u00e0 un entretien, vous devez :<\/p>\n<ul>\n<li>Vous ma\u00eetriser la langue du march\u00e9 pour laquelle vous postulez \u00e0 un niveau natif<\/li>\n<li>Aimer les relations clients pour r\u00e9pondre \u00e0 leurs besoins et exigences<\/li>\n<\/ul>\n<p>\u00c0 ce poste, vous aurez \u00e0 continuellement appeler et maintenir une relation avec nos partenaires. Vous devez \u00e9galement appeler des prospects potentiels r\u00e9sultant de nos efforts de marketing et prendre rendez-vous avec eux.<\/p>\n<p>&nbsp;<\/p>\n<p>Si vous \u00eates int\u00e9ress\u00e9(e), envoyez votre CV \u00e0 jobs[at]beronet.com[\/vc_column_text][\/vc_tta_section][\/vc_tta_accordion][\/vc_column][vc_column width=&#8221;1\/2&#8243;][vc_tta_accordion style=&#8221;modern&#8221; shape=&#8221;square&#8221; color=&#8221;white&#8221; spacing=&#8221;5&#8243; gap=&#8221;5&#8243; c_icon=&#8221;chevron&#8221; c_position=&#8221;right&#8221; active_section=&#8221;0&#8243; no_fill=&#8221;true&#8221; collapsible_all=&#8221;true&#8221;][vc_tta_section title=&#8221;Stagiaire d\u00e9veloppement&#8221; tab_id=&#8221;1539206286084-da29a0af-ed338eb8-af9d&#8221;][vc_column_text]Ce poste requiert des comp\u00e9tences en C\/C+++, Java, Linux, HTML, PHP, PHP, Python.<\/p>\n<p>Nous offrons un stage r\u00e9mun\u00e9r\u00e9 en tant que d\u00e9veloppeur.<\/p>\n<p>Vos t\u00e2ches seront :<\/p>\n<ul>\n<li>Aider au d\u00e9veloppement d&#8217;applications sp\u00e9cifiques pour nos appareils<\/li>\n<li>Cr\u00e9er des interfaces graphiques et des connecteurs entre diff\u00e9rents composants logiciels<\/li>\n<\/ul>\n<p>Si vous \u00eates int\u00e9ress\u00e9(e), envoyez votre CV \u00e0 jobs[at]beronet.com[\/vc_column_text][\/vc_tta_section][vc_tta_section title=&#8221;Support technique France&#8221; tab_id=&#8221;1539193394572-b8839118-33ac8eb8-af9d&#8221;][vc_column_text]Pour notre soci\u00e9t\u00e9 situ\u00e9e \u00e0 Berlin dans le quartier de Kreuzberg, nous recherchons un(e) collaborateur\/collaboratrice \u00e0 plein temps pour le support technique avec une parfaite connaissance du fran\u00e7ais.<\/p>\n<p><strong>Vos t\u00e2ches seront :<\/strong><\/p>\n<ul>\n<li>R\u00e9pondre aux questions techniques par courriel\/t\u00e9l\u00e9phone<\/li>\n<li>Analyse de traces r\u00e9seaux<\/li>\n<li>Analyse, correction et impl\u00e9mentation de configurations<\/li>\n<li>T\u00e9l\u00e9maintenance de syst\u00e8mes clients<\/li>\n<li>Conseils professionnels sur nos solutions produits<\/li>\n<li>D\u00e9placements occasionnels aupr\u00e8s de clients et pour des \u00e9v\u00e9nements commerciaux<\/li>\n<li>Documentation de produits, tutoriels et manuels d\u2019utilisation<\/li>\n<\/ul>\n<p><strong>Votre profil :<\/strong><\/p>\n<ul>\n<li>Vous avez de l\u2019exp\u00e9rience en VoIP et en t\u00e9l\u00e9communication<\/li>\n<li>Vous avez une connaissance approfondie des PC et des r\u00e9seaux<\/li>\n<li>Id\u00e9alement, vous connaissez bien Linux<\/li>\n<li>Vous appr\u00e9ciez le contact avec les clients<\/li>\n<li>Langue maternelle fran\u00e7aise<\/li>\n<li>Tr\u00e8s bonnes connaissances de l&#8217;anglais\/allemand parl\u00e9 et \u00e9crit<\/li>\n<li>Vous disposez d\u2019une capacit\u00e9 remarquable de compr\u00e9hension rapide<\/li>\n<li>Int\u00e9r\u00eat pour les produits techniques globalement<\/li>\n<\/ul>\n<p><strong>Votre avenir avec beroNet :<\/strong><\/p>\n<ul>\n<li>Perspective \u00e0 long terme dans une entreprise de technologie innovante<\/li>\n<li>Formation compl\u00e8te et continue \u00e0 nos produits et solutions<\/li>\n<li>Travail autonome avec des t\u00e2ches int\u00e9ressantes au sein d&#8217;une petite \u00e9quipe de support motiv\u00e9e<\/li>\n<li>Structure moderne avec une communication ouverte directe, et sans complication<\/li>\n<li>Influence sur le d\u00e9veloppement de nos produits<\/li>\n<li>Un revenu attrayant et une formation professionnelle continue<\/li>\n<\/ul>\n<p>Nous attendons de chaque collaborateur un niveau \u00e9lev\u00e9 d&#8217;engagement et d&#8217;autonomie.<\/p>\n<p>Veuillez envoyer votre candidature avec un curriculum vit\u00e6 \u00e0 <a href=\"mailto:jobs@beronet.com\">jobs@beronet.com<\/a>.[\/vc_column_text][\/vc_tta_section][\/vc_tta_accordion][\/vc_column][\/vc_row]<\/p>\n","protected":false},"excerpt":{"rendered":"<p>[vc_row full_width=&#8221;stretch_row&#8221; content_placement=&#8221;middle&#8221; css=&#8221;.vc_custom_1540144337993{margin-top: -70px !important;padding-top: 50px !important;padding-bottom: 30px !important;background-color: #f9f9f9 !important;}&#8221;][vc_column width=&#8221;1\/6&#8243;][\/vc_column][vc_column width=&#8221;2\/3&#8243;][vc_column_text css=&#8221;.vc_custom_1545299539517{margin-top: -20px !important;}&#8221;] Profitez de l&#8217;occasion pour grandir avec nous. Nous recherchons de nouveaux coll\u00e8gues qui enrichissent notre \u00e9quipe internationale et apportent leur expertise, leur enthousiasme et leurs id\u00e9es nouvelles et cr\u00e9atives pour un succ\u00e8s commun. Vous trouverez ici nos postes&hellip;<\/p>\n","protected":false},"author":1,"featured_media":0,"parent":0,"menu_order":0,"comment_status":"closed","ping_status":"closed","template":"","meta":{"content-type":""},"tags":[],"class_list":["post-53007","page","type-page","status-publish","hentry","description-off"],"yoast_head":"<!-- This site is optimized with the Yoast SEO plugin v24.1 - https:\/\/yoast.com\/wordpress\/plugins\/seo\/ -->\n<title>Les opportunit\u00e9s d&#039;emploi chez beroNet - beroNet<\/title>\n<meta name=\"description\" content=\"Nous recherchons de nouveaux coll\u00e8gues qui enrichissent notre \u00e9quipe et apportent leur expertise, leur enthousiasme et leurs id\u00e9es nouvelles.\" \/>\n<meta name=\"robots\" content=\"index, follow, max-snippet:-1, max-image-preview:large, max-video-preview:-1\" \/>\n<link rel=\"canonical\" href=\"https:\/\/www.beronet.com\/fr\/careers\/\" \/>\n<meta property=\"og:locale\" content=\"fr_FR\" \/>\n<meta property=\"og:type\" content=\"article\" \/>\n<meta property=\"og:title\" content=\"Les opportunit\u00e9s d&#039;emploi chez beroNet - beroNet\" \/>\n<meta property=\"og:description\" content=\"Nous recherchons de nouveaux coll\u00e8gues qui enrichissent notre \u00e9quipe et apportent leur expertise, leur enthousiasme et leurs id\u00e9es nouvelles.\" \/>\n<meta property=\"og:url\" content=\"https:\/\/www.beronet.com\/fr\/careers\/\" \/>\n<meta property=\"og:site_name\" content=\"beroNet\" \/>\n<meta property=\"article:modified_time\" content=\"2020-01-15T15:04:07+00:00\" \/>\n<meta name=\"twitter:card\" content=\"summary_large_image\" \/>\n<meta name=\"twitter:label1\" content=\"Dur\u00e9e de lecture estim\u00e9e\" \/>\n\t<meta name=\"twitter:data1\" content=\"5 minutes\" \/>\n<script type=\"application\/ld+json\" class=\"yoast-schema-graph\">{\"@context\":\"https:\/\/schema.org\",\"@graph\":[{\"@type\":\"WebPage\",\"@id\":\"https:\/\/www.beronet.com\/fr\/careers\/\",\"url\":\"https:\/\/www.beronet.com\/fr\/careers\/\",\"name\":\"Les opportunit\u00e9s d'emploi chez beroNet - beroNet\",\"isPartOf\":{\"@id\":\"https:\/\/www.beronet.com\/fr\/#website\"},\"datePublished\":\"2018-10-21T10:19:44+00:00\",\"dateModified\":\"2020-01-15T15:04:07+00:00\",\"description\":\"Nous recherchons de nouveaux coll\u00e8gues qui enrichissent notre \u00e9quipe et apportent leur expertise, leur enthousiasme et leurs id\u00e9es nouvelles.\",\"breadcrumb\":{\"@id\":\"https:\/\/www.beronet.com\/fr\/careers\/#breadcrumb\"},\"inLanguage\":\"fr-FR\",\"potentialAction\":[{\"@type\":\"ReadAction\",\"target\":[\"https:\/\/www.beronet.com\/fr\/careers\/\"]}]},{\"@type\":\"BreadcrumbList\",\"@id\":\"https:\/\/www.beronet.com\/fr\/careers\/#breadcrumb\",\"itemListElement\":[{\"@type\":\"ListItem\",\"position\":1,\"name\":\"Start\",\"item\":\"https:\/\/www.beronet.com\/fr\/\"},{\"@type\":\"ListItem\",\"position\":2,\"name\":\"Les opportunit\u00e9s d&#8217;emploi chez beroNet\"}]},{\"@type\":\"WebSite\",\"@id\":\"https:\/\/www.beronet.com\/fr\/#website\",\"url\":\"https:\/\/www.beronet.com\/fr\/\",\"name\":\"beroNet\",\"description\":\"Passerelles et appliances VoIP administrables via Cloud\",\"publisher\":{\"@id\":\"https:\/\/www.beronet.com\/fr\/#organization\"},\"potentialAction\":[{\"@type\":\"SearchAction\",\"target\":{\"@type\":\"EntryPoint\",\"urlTemplate\":\"https:\/\/www.beronet.com\/fr\/?s={search_term_string}\"},\"query-input\":{\"@type\":\"PropertyValueSpecification\",\"valueRequired\":true,\"valueName\":\"search_term_string\"}}],\"inLanguage\":\"fr-FR\"},{\"@type\":\"Organization\",\"@id\":\"https:\/\/www.beronet.com\/fr\/#organization\",\"name\":\"beroNet GmbH\",\"url\":\"https:\/\/www.beronet.com\/fr\/\",\"logo\":{\"@type\":\"ImageObject\",\"inLanguage\":\"fr-FR\",\"@id\":\"https:\/\/www.beronet.com\/fr\/#\/schema\/logo\/image\/\",\"url\":\"https:\/\/www.beronet.com\/wp-content\/uploads\/2018\/09\/logo-1.png\",\"contentUrl\":\"https:\/\/www.beronet.com\/wp-content\/uploads\/2018\/09\/logo-1.png\",\"width\":197,\"height\":40,\"caption\":\"beroNet GmbH\"},\"image\":{\"@id\":\"https:\/\/www.beronet.com\/fr\/#\/schema\/logo\/image\/\"}}]}<\/script>\n<!-- \/ Yoast SEO plugin. -->","yoast_head_json":{"title":"Les opportunit\u00e9s d'emploi chez beroNet - beroNet","description":"Nous recherchons de nouveaux coll\u00e8gues qui enrichissent notre \u00e9quipe et apportent leur expertise, leur enthousiasme et leurs id\u00e9es nouvelles.","robots":{"index":"index","follow":"follow","max-snippet":"max-snippet:-1","max-image-preview":"max-image-preview:large","max-video-preview":"max-video-preview:-1"},"canonical":"https:\/\/www.beronet.com\/fr\/careers\/","og_locale":"fr_FR","og_type":"article","og_title":"Les opportunit\u00e9s d'emploi chez beroNet - beroNet","og_description":"Nous recherchons de nouveaux coll\u00e8gues qui enrichissent notre \u00e9quipe et apportent leur expertise, leur enthousiasme et leurs id\u00e9es nouvelles.","og_url":"https:\/\/www.beronet.com\/fr\/careers\/","og_site_name":"beroNet","article_modified_time":"2020-01-15T15:04:07+00:00","twitter_card":"summary_large_image","twitter_misc":{"Dur\u00e9e de lecture estim\u00e9e":"5 minutes"},"schema":{"@context":"https:\/\/schema.org","@graph":[{"@type":"WebPage","@id":"https:\/\/www.beronet.com\/fr\/careers\/","url":"https:\/\/www.beronet.com\/fr\/careers\/","name":"Les opportunit\u00e9s d'emploi chez beroNet - beroNet","isPartOf":{"@id":"https:\/\/www.beronet.com\/fr\/#website"},"datePublished":"2018-10-21T10:19:44+00:00","dateModified":"2020-01-15T15:04:07+00:00","description":"Nous recherchons de nouveaux coll\u00e8gues qui enrichissent notre \u00e9quipe et apportent leur expertise, leur enthousiasme et leurs id\u00e9es nouvelles.","breadcrumb":{"@id":"https:\/\/www.beronet.com\/fr\/careers\/#breadcrumb"},"inLanguage":"fr-FR","potentialAction":[{"@type":"ReadAction","target":["https:\/\/www.beronet.com\/fr\/careers\/"]}]},{"@type":"BreadcrumbList","@id":"https:\/\/www.beronet.com\/fr\/careers\/#breadcrumb","itemListElement":[{"@type":"ListItem","position":1,"name":"Start","item":"https:\/\/www.beronet.com\/fr\/"},{"@type":"ListItem","position":2,"name":"Les opportunit\u00e9s d&#8217;emploi chez beroNet"}]},{"@type":"WebSite","@id":"https:\/\/www.beronet.com\/fr\/#website","url":"https:\/\/www.beronet.com\/fr\/","name":"beroNet","description":"Passerelles et appliances VoIP administrables via Cloud","publisher":{"@id":"https:\/\/www.beronet.com\/fr\/#organization"},"potentialAction":[{"@type":"SearchAction","target":{"@type":"EntryPoint","urlTemplate":"https:\/\/www.beronet.com\/fr\/?s={search_term_string}"},"query-input":{"@type":"PropertyValueSpecification","valueRequired":true,"valueName":"search_term_string"}}],"inLanguage":"fr-FR"},{"@type":"Organization","@id":"https:\/\/www.beronet.com\/fr\/#organization","name":"beroNet GmbH","url":"https:\/\/www.beronet.com\/fr\/","logo":{"@type":"ImageObject","inLanguage":"fr-FR","@id":"https:\/\/www.beronet.com\/fr\/#\/schema\/logo\/image\/","url":"https:\/\/www.beronet.com\/wp-content\/uploads\/2018\/09\/logo-1.png","contentUrl":"https:\/\/www.beronet.com\/wp-content\/uploads\/2018\/09\/logo-1.png","width":197,"height":40,"caption":"beroNet GmbH"},"image":{"@id":"https:\/\/www.beronet.com\/fr\/#\/schema\/logo\/image\/"}}]}},"_links":{"self":[{"href":"https:\/\/www.beronet.com\/fr\/wp-json\/wp\/v2\/pages\/53007","targetHints":{"allow":["GET"]}}],"collection":[{"href":"https:\/\/www.beronet.com\/fr\/wp-json\/wp\/v2\/pages"}],"about":[{"href":"https:\/\/www.beronet.com\/fr\/wp-json\/wp\/v2\/types\/page"}],"author":[{"embeddable":true,"href":"https:\/\/www.beronet.com\/fr\/wp-json\/wp\/v2\/users\/1"}],"replies":[{"embeddable":true,"href":"https:\/\/www.beronet.com\/fr\/wp-json\/wp\/v2\/comments?post=53007"}],"version-history":[{"count":5,"href":"https:\/\/www.beronet.com\/fr\/wp-json\/wp\/v2\/pages\/53007\/revisions"}],"predecessor-version":[{"id":57988,"href":"https:\/\/www.beronet.com\/fr\/wp-json\/wp\/v2\/pages\/53007\/revisions\/57988"}],"wp:attachment":[{"href":"https:\/\/www.beronet.com\/fr\/wp-json\/wp\/v2\/media?parent=53007"}],"wp:term":[{"taxonomy":"post_tag","embeddable":true,"href":"https:\/\/www.beronet.com\/fr\/wp-json\/wp\/v2\/tags?post=53007"}],"curies":[{"name":"wp","href":"https:\/\/api.w.org\/{rel}","templated":true}]}}