{"id":53108,"date":"2018-12-22T08:26:42","date_gmt":"2018-12-22T08:26:42","guid":{"rendered":"http:\/\/alpha.beronet.com\/terms-and-conditions-agb\/"},"modified":"2023-05-12T13:21:42","modified_gmt":"2023-05-12T13:21:42","slug":"terms-and-conditions-agb","status":"publish","type":"page","link":"https:\/\/www.beronet.com\/fr\/terms-and-conditions-agb\/","title":{"rendered":"Terms and Conditions \/ AGB"},"content":{"rendered":"<p>[vc_row][vc_column width=&#8221;1\/2&#8243;][vc_column_text]<strong>Terms and Conditions (04\/2010)<\/strong><br \/>\nof the beroNet GmbH in the following named as beroNet<\/p>\n<hr \/>\n<p>PLEASE READ THIS DOCUMENT CAREFULLY! IT CONTAINS VERY IMPORTANT INFORMATION ABOUT YOUR RIGHTS AND OBLIGATIONS, AS WELL AS LIMITATIONS AND EXCLUSIONS THAT MAY APPLY TO YOU. THIS DOCUMENT CONTAINS A DISPUTE RESOLUTION CLAUSE.This Agreement contains the terms and conditions that apply to purchases from beroNet that will be provided to you (\u201cCustomer\u201d) on orders for computer systems and\/or related products and\/or services and support sold by beroNet. By accepting delivery of the computer systems, other products and\/or services and support described on that invoice, Customer agrees to be bound by and accepts these terms and conditions. THESE TERMS AND CONDITIONS APPLY (I) UNLESS THE CUSTOMER HAS SIGNED A SEPARATE PURCHASE AGREEMENT WITH beroNet, IN WHICH CASE THE SEPARATE AGREEMENT SHALL GOVERN; OR (II) UNLESS OTHER beroNet STANDARD TERMS APPLY TO THE TRANSACTION. These terms and conditions are subject to change without prior written notice at any time, in beroNet\u2019s sole discretion.<\/p>\n<p>1.\u00a0<strong>Other Documents<\/strong>. Other than as specifically provided in any separate formal purchase agreement between Customer and beroNet, these terms and conditions may NOT be altered, supplemented, or amended by the use of any other document(s). Any attempt to alter, supplement or amend this document or to enter an order for product(s) which is subject to additional or altered terms and conditions will be null and void, unless otherwise agreed to in a written agreement signed by both Customer and beroNet.<\/p>\n<p>2. Governing Law. THIS AGREEMENT AND ANY SALES THEREUNDER SHALL BE GOVERNED BY THE LAWS OF GERMANY, WITHOUT REGARD TO CONFLICTS OF LAWS RULES.<\/p>\n<p>3.\u00a0<strong>Payment Terms; Orders; Quotes; Interest<\/strong>. Terms of payment are within beroNet\u2019s sole discretion, and unless otherwise agreed to by beroNet, payment must be received by beroNet prior to beroNet\u2019s acceptance of an order. Payment for the products and services and support may be made by wire transfer,payPal or some other prearranged payment method unless beroNet has agreed to credit terms. Invoices are due and payable within the time period noted on the invoice, measured from the date of the invoice. beroNet may invoice parts of an order separately. Orders are not binding upon beroNet until accepted by beroNet. Any quotations given by beroNet will be valid for the period stated on the quotation. Customer agrees to pay interest on all past-due sums at the highest rate allowed by law.<\/p>\n<p>4.<strong>\u00a0Shipping Charges; Taxes<\/strong>. Separate charges for shipping and handling will be shown on the invoice(s). Unless Customer provides beroNet with a valid and correct tax exemption certificate applicable to the product ship-to location prior to beroNet\u2019s acceptance of the order, the Customer is responsible for sales and all other taxes associated with the order, except for beroNet\u2019s taxes on beroNet\u2019s net income. If applicable, a separate charge for taxes will be shown on the invoice.<\/p>\n<p>5.\u00a0<strong>Title; Risk of Loss<\/strong>. Title to products passes from beroNet to Customer on shipment from beroNet\u2019s facility. Loss or damage that occurs during shipping by a carrier selected by beroNet is beroNet\u2019s responsibility. Loss or damage that occurs during shipping by a carrier selected by Customer is Customer\u2019s responsibility. Title to software will remain with the applicable licensor(s).<\/p>\n<p>6.\u00a0<strong>Warranties<\/strong>. THE LIMITED WARRANTIES APPLICABLE TO beroNet-BRANDED PRODUCTS ARE INCLUDED IN THE DOCUMENTATION PROVIDED WITH THE PRODUCTS. THERE ARE NO WARRANTIES FOR SERVICES. beroNet MAKES NO EXPRESS WARRANTIES EXCEPT THOSE STATED IN beroNet\u2019S APPLICABLE WARRANTY STATEMENT IN EFFECT ON THE DATE OF THE INVOICE. ANY SUCH WARRANTIES WILL BE EFFECTIVE, AND beroNet WILL BE OBLIGATED TO HONOR ANY SUCH WARRANTIES, ONLY UPON beroNet\u2019S RECEIPT OF PAYMENT IN FULL FOR THE ITEM TO BE WARRANTED.<\/p>\n<p>7.\u00a0<strong>Software<\/strong>. All software is provided subject to the license agreement that is part of the package. Customer agrees that it will be bound by the license agreement once the package is opened or its seal is broken. beroNet does not warrant any software under this Agreement. Warranties, if any, for the software are contained in the license agreement that governs its purchase and use.<\/p>\n<p>8.\u00a0<strong>Return Policies<\/strong>. beroNet-branded hardware systems and parts that are purchased directly from beroNet by an end-user Customer may be returned by Customer in accordance with the return policy in effect on the date of the invoice. The return policy can be found in the documentation provided with the beroNet-branded systems.<\/p>\n<p>9.\u00a0<strong>Exchanges<\/strong>. From time to time, beroNet may, in its sole discretion, exchange products or portions of a product. Any exchanges will be made in accordance with beroNet\u2019s exchange policies in effect on the date of the exchange.<\/p>\n<p>10.\u00a0<strong>Products<\/strong>. beroNet continually upgrades and revises its products and service offerings to provide beroNet customers with new products and service offerings. beroNet may revise and discontinue products at any time without prior notice to customers. beroNet will ship products that have the functionality and performance of the products ordered, but changes between what is shipped and what is described in a specification sheet or catalog are possible. The parts and assemblies used in building beroNet products are selected from new and equivalent-to-new parts and assemblies in accordance with industry practices. Spare parts may be new or reconditioned.<\/p>\n<p>11.\u00a0<strong>beroNet Software and Peripherals Products<\/strong>. Any warranty and technical support provided on third-party products purchased through beroNet are provided by the original manufacturer and not by beroNet. These products may be returned only in accordance with the return policy in effect on the date of invoice. The warranties and technical support may vary from product to product. beroNet-branded products purchased through beroNet carry the same warranty terms as described in Section 6, Warranties, above.<\/p>\n<p>12.\u00a0<strong>Limitation of Liability<\/strong>. beroNet DOES NOT ACCEPT LIABILITY BEYOND THE REMEDIES SET FORTH HEREIN, INCLUDING ANY LIABILITY FOR PRODUCTS NOT BEING AVAILABLE FOR USE OR FOR LOST OR CORRUPTED DATA OR SOFTWARE, OR THE PROVISION OF SERVICES AND SUPPORT. beroNet WILL NOT BE LIABLE FOR LOST PROFITS, LOSS OF BUSINESS OR OTHER CONSEQUENTIAL, SPECIAL, INDIRECT, OR PUNITIVE DAMAGES, EVEN IF ADVISED OF THE POSSIBILITY OF SUCH DAMAGES, OR FOR ANY CLAIM BY ANY THIRD PARTY EXCEPT AS EXPRESSLY PROVIDED HEREIN. CUSTOMER AGREES THAT FOR ANY LIABILITY RELATED TO THE PURCHASE OF PRODUCTS OR SERVICES BUNDLED WITH THE PRODUCTS, beroNet IS NOT LIABLE OR RESPONSIBLE FOR ANY AMOUNT OF DAMAGES ABOVE THE AGGREGATE EURO AMOUNT PAID BY CUSTOMER FOR THE PURCHASE OF PRODUCTS OR SERVICES UNDER THIS AGREEMENT.<\/p>\n<p>13.\u00a0<strong>Applicable Law; Not For Resale or Export<\/strong>. Customer agrees to comply with all applicable laws and regulations. Customer agrees and represents that it is buying for its own internal use only, and not for resale or export.<\/p>\n<p>14.\u00a0<strong>Service and Support<\/strong>. beroNet has no obligation to provide service or support but may provide general technical support by telephone or internet. beroNet and\/or the third-party service provider may, at their discretion, revise their general and optional service and support programs and the terms and conditions that govern them. The optional services and support programs and their terms and conditions in place at the time or purchase will apply to Customer\u2019s purchase. beroNet has no obligation to provide service or support until beroNet has received full payment for the product or service\/support contract for which service or support is requested.<\/p>\n<p>15.\u00a0<strong>Headings<\/strong>. The section headings used herein are for convenience of reference only and do not form a part of these terms and conditions, and no construction or inference shall be derived therefrom.[\/vc_column_text][\/vc_column][vc_column width=&#8221;1\/2&#8243;][vc_column_text]<strong>Allgemeine Gesch\u00e4ftsbedingungen (Stand 04\/2010)<\/strong><br \/>\nder beroNet GmbH im folgendem beroNet genannnt<\/p>\n<hr \/>\n<p><strong>\u00a71 Geltungsbereich<\/strong><br \/>\n(1) Lieferungen und Leistungen von beroNet erfolgen ausschlie\u00dflich unter Zugrundelegung dieser Gesch\u00e4ftsbedingungen. Abweichende Gesch\u00e4ftsbedingungen bed\u00fcrfen der schriftlichen Best\u00e4tigung durch beroNet, sofern nicht anders vereinbart.<br \/>\n(2) Dies gilt auch dann, wenn der K\u00e4ufer seine eigenen abweichenden Allgemeinen Gesch\u00e4ftsbedingungen mitgeteilt hat.<br \/>\nMit der Erteilung des Auftrages, sp\u00e4testens jedoch mit der Entgegennahme der Lieferung oder Leistung werden diese Gesch\u00e4ftsbedingungen anerkannt.<\/p>\n<p><strong>\u00a7 2 Angebote, Preise und Zahlungsbedingungen, F\u00e4lligkeiten<\/strong><br \/>\n(1) Die Angebote der beroNet sind freibleibend.<br \/>\n(2) Die Preise verstehen sich ab Lager einschlie\u00dflich Verpackung, soweit nichts anderes vereinbart.<br \/>\n(3) Die angegebenen Preise sind Nettopreise, hinzu kommt die gesetzliche Mehrwertsteuer.<br \/>\n(4) Die bei Vertragsabschluss vereinbarten Preise basieren auf den zum Zeitpunkt des Vertragsschlusses g\u00fcltigen Kostenfaktoren. Sie sind f\u00fcr 6 Wochen verbindlich. Liegt der vereinbarte Liefertermin mehr als 6 Wochen nach Vertragsabschluss, ist beroNet berechtigt, eine Preiskorrektur vorzunehmen, soweit dies dem Kunden zumutbar ist. Widerspricht der Kunde einer mitgeteilten Preis\u00e4nderung, kann beroNet innerhalb von 2 Wochen nach Zugang einer entsprechenden Mitteilung vom Vertrag zur\u00fccktreten.<br \/>\n(5) Der Kaufpreis ist zum vertraglich vereinbarten Termin zur Zahlung f\u00e4llig, sp\u00e4testens aber 30 Tage nach Lieferung oder Abnahme. Bei Verzug gelten die gesetzlichen Bestimmungen zur Verzinsung der f\u00e4lligen Forderung.<br \/>\n(6) Zahlungsvereinbarungen m\u00fcssen schriftlich erfolgen.<br \/>\n(7) BeroNet beh\u00e4lt sich vor, nur gegen Vorkasse oder Nachnahme zu liefern.<br \/>\n(8) Wechsel oder Schecks werden nur zahlungshalber angenommen. Gehen Wechsel oder Schecks zu Protest oder werden nicht eingel\u00f6st, kann beroNet sofortige Barzahlung gegen R\u00fcckgabe der Schecks oder Wechsel verlangen.<\/p>\n<p><strong>\u00a73 Lieferung und Abnahme<\/strong><br \/>\n(1) Lieferung und Abnahme: Die in Auftragsbest\u00e4tigungen angegebenen Lieferzeiten sind nur dann verbindlich, wenn sie schriftlich ausdr\u00fccklich als verbindlich bezeichnet wurden. Ansonsten handelt es sich um Angaben, die von beroNet nach bester Kenntnis gemacht werden, nicht aber eine feste Terminvereinbarung darstellen.<br \/>\n(2) Die Lieferfrist beginnt mit dem Datum der schriftlichen Auftragsbest\u00e4tigung und ist eingehalten, wenn bis zu ihrem Ablauf der Liefergegenstand das Werk, Lager oder B\u00fcro verlassen hat oder die Versandbereitschaft dem Kunden mitgeteilt wurde.<br \/>\n(3) BeroNet ist in berechtigten Sonderf\u00e4llen befugt, Teillieferungen und Teilleistungen nach vorheriger Ank\u00fcndigung auszuf\u00fchren und gegebenenfalls gesondert zu berechnen.<br \/>\n(4) Liefer- u. Leistungsverz\u00f6gerungen aufgrund h\u00f6herer Gewalt oder sonstiger Ereignisse, auf die beroNet keinen Einfluss hat, sind von beroNet nicht zu vertreten.<br \/>\n(5) Bei Lieferungen ist der Kunde verpflichtet, offensichtliche M\u00e4ngel binnen einer Frist von 2 Wochen beroNet mitzuteilen. Wird die Mitteilung versp\u00e4tet abgeben, besteht keine Haftung von beroNet.<br \/>\nAndere M\u00e4ngel sind unverz\u00fcglich mitzuteilen.<\/p>\n<p><strong>\u00a74 Gefahr\u00fcbergang<\/strong><br \/>\n(1) Wird die Ware auf Wunsch des Kunden an diesen versandt, so geht mit der Absendung an den Kunden, sp\u00e4testens jedoch mit Verlassen des Werks\/Lagers\/B\u00fcros die Gefahr des zuf\u00e4lligen Untergangs oder der zuf\u00e4lligen Verschlechterung der Ware auf den Kunden \u00fcber. Dies gilt unabh\u00e4ngig davon, ob die Versendung der Ware vom Erf\u00fcllungsort erfolgt und unabh\u00e4ngig von der Regelung betreffend der Tragung der Frachtkosten.<br \/>\nBeronet verpflichtet sich, eventuell bei ihr bestehende Anspr\u00fcche gegen Dritte (insbesondere Frachtf\u00fchrer) auf Wunsch des Kunden an diesen abzutreten.<\/p>\n<p><strong>\u00a75 Gew\u00e4hrleistung und Schadensersatz<\/strong><br \/>\n(1) Gew\u00e4hrleistungsanspr\u00fcche wegen offensichtlicher M\u00e4ngel erl\u00f6schen, wenn der Kunde sie nicht innerhalb von 2 Wochen schriftlich anzeigt.<br \/>\n(2) Gew\u00e4hrleistung erfolgt in der Weise, dass beroNet zun\u00e4chst Gelegenheit zur Nachbesserung zu geben ist. Es besteht das Recht zu zwei Nachbesserungsversuchen in angemessenen Fristen. Dies gilt f\u00fcr Lieferungen und Ersatzlieferungen.<br \/>\nErst im Falle des endg\u00fcltigen Fehlschlagens von Nachbesserung oder Ersatzlieferung kann der Auftraggeber andere gesetzliche Gew\u00e4hrleistungen geltend machen.<br \/>\n(3) Gew\u00e4hrleistungspflichten bestehen nicht, soweit Fehler durch fehlerhafte Behandlung oder in der Anwendung eigener oder beschaffter Software durch den Kunden verursacht werden.<br \/>\n(4) Dem Kunden ist bekannt, dass auch \u201cOpen Source\u201d \u2013 Software verwendet wird. Eine Haftung von beroNet f\u00fcr verdeckte M\u00e4ngel dieser Software wird ausgeschlossen.<br \/>\n(5) Die Gew\u00e4hrleistungsfrist f\u00fcr neu hergestellte Sachen betr\u00e4gt gegen\u00fcber dem Unternehmer 2 Jahre.<br \/>\nBei Werkvertr\u00e4gen betr\u00e4gt die Gew\u00e4hrleistungsfrist ein Jahr.<\/p>\n<p><strong>\u00a76 Haftung<\/strong><br \/>\nDie Haftung von beroNet f\u00fcr Sach- und Verm\u00f6genssch\u00e4den ist auf F\u00e4lle von vors\u00e4tzlichem oder grob fahrl\u00e4ssigem Handelns beschr\u00e4nkt. Sofern der Kunde Unternehmer ist, haftet beroNet lediglich in F\u00e4llen von vors\u00e4tzlichem oder grob fahrl\u00e4ssigem Handeln. Eine dar\u00fcber hinaus gehende Haftung wird ausgeschlossen.<\/p>\n<p><strong>\u00a77 Eigentumsvorbehalt<\/strong><br \/>\n(1) BeroNet beh\u00e4lt sich das Eigentum an den gelieferten Waren und Leistungen f\u00fcr alle Forderungen aus der gegenw\u00e4rtigen und k\u00fcnftigen Gesch\u00e4ftsverbindung vor.<br \/>\nDie gelieferte Ware oder erbrachte Leistung bleibt bis zur Erf\u00fcllung aller Forderungen Eigentum von<br \/>\nberoNet.<br \/>\n(2) Sollte ein Eigentumswechsel durch Verbindung, Vermischung oder Verarbeitung gem. \u00a7\u00a7 946 bis 948 BGB erfolgen, geschieht dies f\u00fcr beroNet als Berechtigte, jedoch ohne Verpflichtung f\u00fcr diese.<br \/>\n(3) Erlischt das Eigentum durch Verbindung, Vermischung oder Verarbeitung, so wird bereits jetzt vereinbart, dass der Entsch\u00e4digungsanspruch beroNet zusteht. Soweit der Kunde durch Verbindung, Vermischung oder Verarbeitung Miteigentum erwirbt, steht dieses in H\u00f6he des Wertes, der dem Rechnungswert von beroNet entspricht, beroNet zu. BeroNet wird insoweit der (Mit-)Besitz einger\u00e4umt. Der Auftraggeber verwahrt das (Mit-)Eigentum von beroNet unentgeltlich.<\/p>\n<p><strong>\u00a78 Patent- und Urheberrechte<\/strong><br \/>\n(1) An Schaltschemata, Zeichnungen, Entw\u00fcrfen, Beschreibungen, der gesamten Software und \u00e4hnlichen Unterlagen beh\u00e4lt beroNet sich das Eigentum- und Urheberrecht vor. Auf ihr Verlangen hin sind Unterlagen unverz\u00fcglich an sie zur\u00fcckzugeben. Andere Vereinbarungen m\u00fcssen schriftlich erfolgen.<\/p>\n<p><strong>\u00a79 Datenschutz<\/strong><br \/>\n(1) beroNet behandelt Informationen vertraulich und entsprechend den gesetzlichen Bestimmungen. Sofern eine besondere Geheimhaltung erforderlich ist, obliegt es dem Kunden dies schriftlich mit beroNet zu vereinbaren.<br \/>\n(2) BeroNet darf personenbezogene Daten des Kunden in maschinenlesbarer Form erheben, verarbeiten und nutzen, soweit die Daten f\u00fcr die Begr\u00fcndung, die inhaltliche Ausgestaltung oder die \u00c4nderung der Vertragsverh\u00e4ltnisse erforderlich sind. Der Kunde wird hiermit unterrichtet.<br \/>\n(3) BeroNet darf die personenbezogenen Daten verarbeiten und nutzen, soweit dies f\u00fcr seine eigenen Zwecke der Werbung, Kundenberatung oder Marktforschung erforderlich ist. Der Kunde kann dem binnen eines Monats ab Vertragsbeginn widersprechen. Ansonsten gilt sein Einverst\u00e4ndnis als erteilt. Der Kunde wird hiermit davon unterrichtet. Soweit sich beroNet Dritter zur Erbringung der angebotenen Dienste Dritter bedient, ist beroNet berechtigt, die Kundendaten dem Dritten offen zu legen, wenn dies f\u00fcr die Vertragszwecke erforderlich ist.<\/p>\n<p><strong>\u00a710 Erg\u00e4nzende Bestimmungen, Gerichtsstand, G\u00fcltigkeit<\/strong><br \/>\n(1) Bei Projekten sind die \u201eZus\u00e4tzlichen Allgemeinen Vertragsbedingungen f\u00fcr Projekte\u201c der beroNet GmbH zu beachten.<br \/>\n(2) Erf\u00fcllungsort f\u00fcr die Leistungen des K\u00e4ufers ist Berlin.<br \/>\n(3) Als Gerichtsstand bei Vertr\u00e4gen mit Unternehmern wird Berlin vereinbart. BeroNet beh\u00e4lt sich jedoch das Recht vor, den Kunden an jedem anderen gesetzlichen Gerichtsstand zu verklagen.<br \/>\n(4) Sollten eine der Bestimmungen unwirksam sein, bleibt die Wirksamkeit der \u00fcbrigen Bestimmungen unber\u00fchrt. Die Vertragspartner verpflichten sich, eine Bestimmung zu vereinbaren, die wirtschaftlich der unwirksamen Bestimmung entspricht.[\/vc_column_text][\/vc_column][\/vc_row]<\/p>\n","protected":false},"excerpt":{"rendered":"<p>[vc_row][vc_column width=&#8221;1\/2&#8243;][vc_column_text]Terms and Conditions (04\/2010) of the beroNet GmbH in the following named as beroNet PLEASE READ THIS DOCUMENT CAREFULLY! IT CONTAINS VERY IMPORTANT INFORMATION ABOUT YOUR RIGHTS AND OBLIGATIONS, AS WELL AS LIMITATIONS AND EXCLUSIONS THAT MAY APPLY TO YOU. THIS DOCUMENT CONTAINS A DISPUTE RESOLUTION CLAUSE.This Agreement contains the terms and conditions that&hellip;<\/p>\n","protected":false},"author":1,"featured_media":0,"parent":0,"menu_order":0,"comment_status":"closed","ping_status":"closed","template":"","meta":{"content-type":""},"tags":[],"class_list":["post-53108","page","type-page","status-publish","hentry","description-off"],"yoast_head":"<!-- This site is optimized with the Yoast SEO plugin v24.1 - https:\/\/yoast.com\/wordpress\/plugins\/seo\/ -->\n<title>Terms and Conditions \/ AGB - beroNet<\/title>\n<meta name=\"description\" content=\"The terms and conditions that apply to purchases from beroNet that will be provided to you on orders for computer systems and\/or related products and\/or services and support sold by beroNet.\" \/>\n<meta name=\"robots\" content=\"index, follow, max-snippet:-1, max-image-preview:large, max-video-preview:-1\" \/>\n<link rel=\"canonical\" href=\"https:\/\/www.beronet.com\/fr\/terms-and-conditions-agb\/\" \/>\n<meta property=\"og:locale\" content=\"fr_FR\" \/>\n<meta property=\"og:type\" content=\"article\" \/>\n<meta property=\"og:title\" content=\"Terms and Conditions \/ AGB - beroNet\" \/>\n<meta property=\"og:description\" content=\"The terms and conditions that apply to purchases from beroNet that will be provided to you on orders for computer systems and\/or related products and\/or services and support sold by beroNet.\" \/>\n<meta property=\"og:url\" content=\"https:\/\/www.beronet.com\/fr\/terms-and-conditions-agb\/\" \/>\n<meta property=\"og:site_name\" content=\"beroNet\" \/>\n<meta property=\"article:modified_time\" content=\"2023-05-12T13:21:42+00:00\" \/>\n<meta name=\"twitter:card\" content=\"summary_large_image\" \/>\n<meta name=\"twitter:label1\" content=\"Dur\u00e9e de lecture estim\u00e9e\" \/>\n\t<meta name=\"twitter:data1\" content=\"12 minutes\" \/>\n<script type=\"application\/ld+json\" class=\"yoast-schema-graph\">{\"@context\":\"https:\/\/schema.org\",\"@graph\":[{\"@type\":\"WebPage\",\"@id\":\"https:\/\/www.beronet.com\/fr\/terms-and-conditions-agb\/\",\"url\":\"https:\/\/www.beronet.com\/fr\/terms-and-conditions-agb\/\",\"name\":\"Terms and Conditions \/ AGB - beroNet\",\"isPartOf\":{\"@id\":\"https:\/\/www.beronet.com\/fr\/#website\"},\"datePublished\":\"2018-12-22T08:26:42+00:00\",\"dateModified\":\"2023-05-12T13:21:42+00:00\",\"description\":\"The terms and conditions that apply to purchases from beroNet that will be provided to you on orders for computer systems and\/or related products and\/or services and support sold by beroNet.\",\"breadcrumb\":{\"@id\":\"https:\/\/www.beronet.com\/fr\/terms-and-conditions-agb\/#breadcrumb\"},\"inLanguage\":\"fr-FR\",\"potentialAction\":[{\"@type\":\"ReadAction\",\"target\":[\"https:\/\/www.beronet.com\/fr\/terms-and-conditions-agb\/\"]}]},{\"@type\":\"BreadcrumbList\",\"@id\":\"https:\/\/www.beronet.com\/fr\/terms-and-conditions-agb\/#breadcrumb\",\"itemListElement\":[{\"@type\":\"ListItem\",\"position\":1,\"name\":\"Start\",\"item\":\"https:\/\/www.beronet.com\/fr\/\"},{\"@type\":\"ListItem\",\"position\":2,\"name\":\"Terms and Conditions \/ AGB\"}]},{\"@type\":\"WebSite\",\"@id\":\"https:\/\/www.beronet.com\/fr\/#website\",\"url\":\"https:\/\/www.beronet.com\/fr\/\",\"name\":\"beroNet\",\"description\":\"Passerelles et appliances VoIP administrables via Cloud\",\"publisher\":{\"@id\":\"https:\/\/www.beronet.com\/fr\/#organization\"},\"potentialAction\":[{\"@type\":\"SearchAction\",\"target\":{\"@type\":\"EntryPoint\",\"urlTemplate\":\"https:\/\/www.beronet.com\/fr\/?s={search_term_string}\"},\"query-input\":{\"@type\":\"PropertyValueSpecification\",\"valueRequired\":true,\"valueName\":\"search_term_string\"}}],\"inLanguage\":\"fr-FR\"},{\"@type\":\"Organization\",\"@id\":\"https:\/\/www.beronet.com\/fr\/#organization\",\"name\":\"beroNet GmbH\",\"url\":\"https:\/\/www.beronet.com\/fr\/\",\"logo\":{\"@type\":\"ImageObject\",\"inLanguage\":\"fr-FR\",\"@id\":\"https:\/\/www.beronet.com\/fr\/#\/schema\/logo\/image\/\",\"url\":\"https:\/\/www.beronet.com\/wp-content\/uploads\/2018\/09\/logo-1.png\",\"contentUrl\":\"https:\/\/www.beronet.com\/wp-content\/uploads\/2018\/09\/logo-1.png\",\"width\":197,\"height\":40,\"caption\":\"beroNet GmbH\"},\"image\":{\"@id\":\"https:\/\/www.beronet.com\/fr\/#\/schema\/logo\/image\/\"}}]}<\/script>\n<!-- \/ Yoast SEO plugin. -->","yoast_head_json":{"title":"Terms and Conditions \/ AGB - beroNet","description":"The terms and conditions that apply to purchases from beroNet that will be provided to you on orders for computer systems and\/or related products and\/or services and support sold by beroNet.","robots":{"index":"index","follow":"follow","max-snippet":"max-snippet:-1","max-image-preview":"max-image-preview:large","max-video-preview":"max-video-preview:-1"},"canonical":"https:\/\/www.beronet.com\/fr\/terms-and-conditions-agb\/","og_locale":"fr_FR","og_type":"article","og_title":"Terms and Conditions \/ AGB - beroNet","og_description":"The terms and conditions that apply to purchases from beroNet that will be provided to you on orders for computer systems and\/or related products and\/or services and support sold by beroNet.","og_url":"https:\/\/www.beronet.com\/fr\/terms-and-conditions-agb\/","og_site_name":"beroNet","article_modified_time":"2023-05-12T13:21:42+00:00","twitter_card":"summary_large_image","twitter_misc":{"Dur\u00e9e de lecture estim\u00e9e":"12 minutes"},"schema":{"@context":"https:\/\/schema.org","@graph":[{"@type":"WebPage","@id":"https:\/\/www.beronet.com\/fr\/terms-and-conditions-agb\/","url":"https:\/\/www.beronet.com\/fr\/terms-and-conditions-agb\/","name":"Terms and Conditions \/ AGB - beroNet","isPartOf":{"@id":"https:\/\/www.beronet.com\/fr\/#website"},"datePublished":"2018-12-22T08:26:42+00:00","dateModified":"2023-05-12T13:21:42+00:00","description":"The terms and conditions that apply to purchases from beroNet that will be provided to you on orders for computer systems and\/or related products and\/or services and support sold by beroNet.","breadcrumb":{"@id":"https:\/\/www.beronet.com\/fr\/terms-and-conditions-agb\/#breadcrumb"},"inLanguage":"fr-FR","potentialAction":[{"@type":"ReadAction","target":["https:\/\/www.beronet.com\/fr\/terms-and-conditions-agb\/"]}]},{"@type":"BreadcrumbList","@id":"https:\/\/www.beronet.com\/fr\/terms-and-conditions-agb\/#breadcrumb","itemListElement":[{"@type":"ListItem","position":1,"name":"Start","item":"https:\/\/www.beronet.com\/fr\/"},{"@type":"ListItem","position":2,"name":"Terms and Conditions \/ AGB"}]},{"@type":"WebSite","@id":"https:\/\/www.beronet.com\/fr\/#website","url":"https:\/\/www.beronet.com\/fr\/","name":"beroNet","description":"Passerelles et appliances VoIP administrables via Cloud","publisher":{"@id":"https:\/\/www.beronet.com\/fr\/#organization"},"potentialAction":[{"@type":"SearchAction","target":{"@type":"EntryPoint","urlTemplate":"https:\/\/www.beronet.com\/fr\/?s={search_term_string}"},"query-input":{"@type":"PropertyValueSpecification","valueRequired":true,"valueName":"search_term_string"}}],"inLanguage":"fr-FR"},{"@type":"Organization","@id":"https:\/\/www.beronet.com\/fr\/#organization","name":"beroNet GmbH","url":"https:\/\/www.beronet.com\/fr\/","logo":{"@type":"ImageObject","inLanguage":"fr-FR","@id":"https:\/\/www.beronet.com\/fr\/#\/schema\/logo\/image\/","url":"https:\/\/www.beronet.com\/wp-content\/uploads\/2018\/09\/logo-1.png","contentUrl":"https:\/\/www.beronet.com\/wp-content\/uploads\/2018\/09\/logo-1.png","width":197,"height":40,"caption":"beroNet GmbH"},"image":{"@id":"https:\/\/www.beronet.com\/fr\/#\/schema\/logo\/image\/"}}]}},"_links":{"self":[{"href":"https:\/\/www.beronet.com\/fr\/wp-json\/wp\/v2\/pages\/53108","targetHints":{"allow":["GET"]}}],"collection":[{"href":"https:\/\/www.beronet.com\/fr\/wp-json\/wp\/v2\/pages"}],"about":[{"href":"https:\/\/www.beronet.com\/fr\/wp-json\/wp\/v2\/types\/page"}],"author":[{"embeddable":true,"href":"https:\/\/www.beronet.com\/fr\/wp-json\/wp\/v2\/users\/1"}],"replies":[{"embeddable":true,"href":"https:\/\/www.beronet.com\/fr\/wp-json\/wp\/v2\/comments?post=53108"}],"version-history":[{"count":3,"href":"https:\/\/www.beronet.com\/fr\/wp-json\/wp\/v2\/pages\/53108\/revisions"}],"predecessor-version":[{"id":59735,"href":"https:\/\/www.beronet.com\/fr\/wp-json\/wp\/v2\/pages\/53108\/revisions\/59735"}],"wp:attachment":[{"href":"https:\/\/www.beronet.com\/fr\/wp-json\/wp\/v2\/media?parent=53108"}],"wp:term":[{"taxonomy":"post_tag","embeddable":true,"href":"https:\/\/www.beronet.com\/fr\/wp-json\/wp\/v2\/tags?post=53108"}],"curies":[{"name":"wp","href":"https:\/\/api.w.org\/{rel}","templated":true}]}}