{"id":54234,"date":"2018-11-01T16:28:33","date_gmt":"2018-11-01T16:28:33","guid":{"rendered":"http:\/\/alpha.beronet.com\/partner-program\/technology-partners\/"},"modified":"2023-01-19T17:38:02","modified_gmt":"2023-01-19T17:38:02","slug":"technology-partners","status":"publish","type":"page","link":"https:\/\/www.beronet.com\/fr\/technology-partners\/","title":{"rendered":"Fournisseurs de technologie et de PBX partenaires de beroNet"},"content":{"rendered":"<p>[vc_row content_placement=&#8221;middle&#8221;][vc_column width=&#8221;1\/4&#8243;][vc_single_image image=&#8221;53788&#8243; img_size=&#8221;192&#215;192&#8243;][\/vc_column][vc_column width=&#8221;3\/4&#8243;][vc_column_text]<\/p>\n<h5 class=\"benefit-title\">3CX Phone System<\/h5>\n<p>3CX is a software-based, open standard, IP PBX that offers complete Unified Communications features, out of the box. As an affordable software-based solution 3CX makes installation, management and maintenance ever so easy while at the same time offering your business a number of benefits.<br \/>\nWebsite: <a href=\"https:\/\/www.3cx.com\/\">https:\/\/www.3cx.com\/<\/a>[\/vc_column_text][\/vc_column][\/vc_row][vc_row][vc_column][vc_separator][\/vc_column][\/vc_row][vc_row content_placement=&#8221;middle&#8221;][vc_column width=&#8221;1\/4&#8243;][vc_single_image image=&#8221;53784&#8243; img_size=&#8221;196&#215;38&#8243;][\/vc_column][vc_column width=&#8221;3\/4&#8243;][vc_column_text]<\/p>\n<h5 class=\"benefit-title\">Starface<\/h5>\n<p>Die STARFACE GmbH ist ein dynamisch wachsendes Technologieunternehmen mit Sitz in Karlsruhe. 2005 gegr\u00fcndet, hat sich der Hersteller von IP-Telefonanlagen und -Kommunikationsl\u00f6sungen fest im Markt etabliert und gilt als innovativer Trendsetter.<br \/>\nWebsite:\u00a0<a href=\"http:\/\/www.askozia.com\/\">https:\/\/www.starface.com<\/a>[\/vc_column_text][\/vc_column][\/vc_row][vc_row][vc_column][vc_separator][\/vc_column][\/vc_row][vc_row content_placement=&#8221;middle&#8221;][vc_column width=&#8221;1\/4&#8243;][vc_single_image image=&#8221;53770&#8243; img_size=&#8221;192&#215;192&#8243;][\/vc_column][vc_column width=&#8221;3\/4&#8243;][vc_column_text]<\/p>\n<h5 class=\"benefit-title\">IPTAM<\/h5>\n<p>IPTAM bietet Ihnen eine ma\u00dfgeschneiderte Softwarel\u00f6sung, die aus einem Standard PC eine IP Telefonanlage macht. Sie erhalten die Software als CD, die s\u00e4mtliche ben\u00f6tigten Komponenten inklusive des Betriebssystems enth\u00e4lt. Sie m\u00fcssen lediglich den PC, der zu Ihrer Telefonanlage werden soll, von der CD starten und den Anweisungen des Installationsprogramms folgen. \u2013 Oder sie entscheiden sich f\u00fcr die IPTAM Appliance, eine kompakte Komplettl\u00f6sung aus Hard- und Software.<br \/>\nWebsite: <a href=\"https:\/\/www.iptam.com\/\">https:\/\/www.iptam.com\/<\/a>[\/vc_column_text][\/vc_column][\/vc_row][vc_row][vc_column][vc_separator][\/vc_column][\/vc_row][vc_row content_placement=&#8221;middle&#8221;][vc_column width=&#8221;1\/4&#8243;][vc_single_image image=&#8221;53772&#8243; img_size=&#8221;192&#215;31&#8243;][\/vc_column][vc_column width=&#8221;3\/4&#8243;][vc_column_text]<\/p>\n<h5 class=\"benefit-title\">Kerio<\/h5>\n<p>Stay connected to your customers and colleagues without being chained to your desk.<br \/>\nKerio Operator is a VoIP based phone system that provides powerful yet affordable enterprise-class voice and video communication capabilities for small and mid-sized businesses globally.<br \/>\nWebsite: <a href=\"https:\/\/www.brainworks.de\/\">https:\/\/www.brainworks.de\/<\/a>[\/vc_column_text][\/vc_column][\/vc_row][vc_row][vc_column][vc_separator][\/vc_column][\/vc_row][vc_row content_placement=&#8221;middle&#8221;][vc_column width=&#8221;1\/4&#8243;][vc_single_image image=&#8221;53774&#8243; img_size=&#8221;249&#215;62&#8243;][\/vc_column][vc_column width=&#8221;3\/4&#8243;][vc_column_text]<\/p>\n<h5 class=\"benefit-title\">NGMedia<\/h5>\n<p>\u201cSIP Communication Server\u201d enables telephony applications based on CAPI to connect to beroNet Gateways for Voice and Fax Service.<br \/>\nWebsite:\u00a0<a href=\"https:\/\/www.3cx.com\/\">http:\/\/www.n-g-media.com<\/a>[\/vc_column_text][\/vc_column][\/vc_row][vc_row][vc_column][vc_separator][\/vc_column][\/vc_row][vc_row content_placement=&#8221;middle&#8221;][vc_column width=&#8221;1\/4&#8243;][vc_single_image image=&#8221;53776&#8243; img_size=&#8221;168&#215;32&#8243;][\/vc_column][vc_column width=&#8221;3\/4&#8243;][vc_column_text]<\/p>\n<h5 class=\"benefit-title\">Pascom<\/h5>\n<p>Pascom\u2019s Voice over IP (VoIP) PBX software appliance unifies and manages all your business communication needs, applications and hardware in one simple, easy to use platform.<br \/>\nWebsite: <a href=\"https:\/\/www.pascom.net\/en\/\">https:\/\/www.pascom.net\/en\/<\/a>[\/vc_column_text][\/vc_column][\/vc_row][vc_row][vc_column][vc_separator][\/vc_column][\/vc_row][vc_row content_placement=&#8221;middle&#8221;][vc_column width=&#8221;1\/4&#8243;][vc_single_image image=&#8221;53778&#8243; img_size=&#8221;200&#215;37&#8243;][\/vc_column][vc_column width=&#8221;3\/4&#8243;][vc_column_text]<\/p>\n<h5 class=\"benefit-title\">Phonalisa Europe GmbH<\/h5>\n<p>Phonalisa ist ein modernes und mitwachsendes IP-Telekommunikationssystem\/ eine IP Telefonanlage\/ IP PBX mit intelligenten und mitdenkenden Funktionen.<br \/>\nWebsite: <a href=\"https:\/\/www.phonalisa.de\/\">https:\/\/www.phonalisa.de\/<\/a>[\/vc_column_text][\/vc_column][\/vc_row][vc_row][vc_column][vc_separator][\/vc_column][\/vc_row][vc_row content_placement=&#8221;middle&#8221;][vc_column width=&#8221;1\/4&#8243;][vc_single_image image=&#8221;53780&#8243; img_size=&#8221;172&#215;45&#8243;][\/vc_column][vc_column width=&#8221;3\/4&#8243;][vc_column_text]<\/p>\n<h5 class=\"benefit-title\">ScopServ International<\/h5>\n<p>A Canadian leader in IP Telephony Solutions and Development (VoIP).<br \/>\nWebsite:\u00a0<a href=\"https:\/\/www.scopserv.com\/\">https:\/\/www.scopserv.com\/<\/a>[\/vc_column_text][\/vc_column][\/vc_row][vc_row][vc_column][vc_separator][\/vc_column][\/vc_row][vc_row content_placement=&#8221;middle&#8221;][vc_column width=&#8221;1\/4&#8243;][vc_single_image image=&#8221;53782&#8243; img_size=&#8221;249&#215;62&#8243;][\/vc_column][vc_column width=&#8221;3\/4&#8243;][vc_column_text]<\/p>\n<h5 class=\"benefit-title\">Snom<\/h5>\n<p>Snom designs and manufactures professional and enterprise VoIP telephones. Snom produces robust, high-quality and feature-rich business telephones designed exclusively for the trained and certified professional IT and PBX installer, and universally compatible with the leading PBX platforms.<br \/>\nWebsite:\u00a0<a href=\"https:\/\/www.snom.com\/\">https:\/\/www.snom.com\/<\/a>[\/vc_column_text][\/vc_column][\/vc_row][vc_row][vc_column][vc_separator][\/vc_column][\/vc_row][vc_row content_placement=&#8221;middle&#8221;][vc_column width=&#8221;1\/4&#8243;][vc_single_image image=&#8221;53786&#8243; img_size=&#8221;160&#215;42&#8243;][\/vc_column][vc_column width=&#8221;3\/4&#8243;][vc_column_text]<\/p>\n<h5 class=\"benefit-title\">TELCAT KOMMUNIKATIONSTECHNIK GmbH<\/h5>\n<p>Manufacturer of the well known Asterisk based Software PBX \u201cTelcat-UC\u201d.<br \/>\nWebsite: <a href=\"https:\/\/www.telcat.de\/\">https:\/\/www.telcat.de\/<\/a>[\/vc_column_text][\/vc_column][\/vc_row]<\/p>\n","protected":false},"excerpt":{"rendered":"<p>[vc_row content_placement=&#8221;middle&#8221;][vc_column width=&#8221;1\/4&#8243;][vc_single_image image=&#8221;53788&#8243; img_size=&#8221;192&#215;192&#8243;][\/vc_column][vc_column width=&#8221;3\/4&#8243;][vc_column_text] 3CX Phone System 3CX is a software-based, open standard, IP PBX that offers complete Unified Communications features, out of the box. As an affordable software-based solution 3CX makes installation, management and maintenance ever so easy while at the same time offering your business a number of benefits. Website: https:\/\/www.3cx.com\/[\/vc_column_text][\/vc_column][\/vc_row][vc_row][vc_column][vc_separator][\/vc_column][\/vc_row][vc_row&hellip;<\/p>\n","protected":false},"author":1,"featured_media":0,"parent":0,"menu_order":0,"comment_status":"closed","ping_status":"closed","template":"","meta":{"content-type":""},"tags":[],"class_list":["post-54234","page","type-page","status-publish","hentry","description-off"],"yoast_head":"<!-- This site is optimized with the Yoast SEO plugin v24.1 - https:\/\/yoast.com\/wordpress\/plugins\/seo\/ -->\n<title>Fournisseurs de technologie et de PBX partenaires de beroNet - beroNet<\/title>\n<meta name=\"description\" content=\"Devenir partenaire technologique beroNet. En tant que partenaire beroNet, vous b\u00e9n\u00e9ficiez de nombreux avantages, tels que des remises exclusives pour les partenaires, des outils de marketing et de d\u00e9veloppement commercial, etc.\" \/>\n<meta name=\"robots\" content=\"index, follow, max-snippet:-1, max-image-preview:large, max-video-preview:-1\" \/>\n<link rel=\"canonical\" href=\"https:\/\/www.beronet.com\/fr\/technology-partners\/\" \/>\n<meta property=\"og:locale\" content=\"fr_FR\" \/>\n<meta property=\"og:type\" content=\"article\" \/>\n<meta property=\"og:title\" content=\"Fournisseurs de technologie et de PBX partenaires de beroNet - beroNet\" \/>\n<meta property=\"og:description\" content=\"Devenir partenaire technologique beroNet. En tant que partenaire beroNet, vous b\u00e9n\u00e9ficiez de nombreux avantages, tels que des remises exclusives pour les partenaires, des outils de marketing et de d\u00e9veloppement commercial, etc.\" \/>\n<meta property=\"og:url\" content=\"https:\/\/www.beronet.com\/fr\/technology-partners\/\" \/>\n<meta property=\"og:site_name\" content=\"beroNet\" \/>\n<meta property=\"article:modified_time\" content=\"2023-01-19T17:38:02+00:00\" \/>\n<meta name=\"twitter:card\" content=\"summary_large_image\" \/>\n<meta name=\"twitter:label1\" content=\"Dur\u00e9e de lecture estim\u00e9e\" \/>\n\t<meta name=\"twitter:data1\" content=\"4 minutes\" \/>\n<script type=\"application\/ld+json\" class=\"yoast-schema-graph\">{\"@context\":\"https:\/\/schema.org\",\"@graph\":[{\"@type\":\"WebPage\",\"@id\":\"https:\/\/www.beronet.com\/fr\/technology-partners\/\",\"url\":\"https:\/\/www.beronet.com\/fr\/technology-partners\/\",\"name\":\"Fournisseurs de technologie et de PBX partenaires de beroNet - beroNet\",\"isPartOf\":{\"@id\":\"https:\/\/www.beronet.com\/fr\/#website\"},\"datePublished\":\"2018-11-01T16:28:33+00:00\",\"dateModified\":\"2023-01-19T17:38:02+00:00\",\"description\":\"Devenir partenaire technologique beroNet. En tant que partenaire beroNet, vous b\u00e9n\u00e9ficiez de nombreux avantages, tels que des remises exclusives pour les partenaires, des outils de marketing et de d\u00e9veloppement commercial, etc.\",\"breadcrumb\":{\"@id\":\"https:\/\/www.beronet.com\/fr\/technology-partners\/#breadcrumb\"},\"inLanguage\":\"fr-FR\",\"potentialAction\":[{\"@type\":\"ReadAction\",\"target\":[\"https:\/\/www.beronet.com\/fr\/technology-partners\/\"]}]},{\"@type\":\"BreadcrumbList\",\"@id\":\"https:\/\/www.beronet.com\/fr\/technology-partners\/#breadcrumb\",\"itemListElement\":[{\"@type\":\"ListItem\",\"position\":1,\"name\":\"Start\",\"item\":\"https:\/\/www.beronet.com\/fr\/\"},{\"@type\":\"ListItem\",\"position\":2,\"name\":\"Fournisseurs de technologie et de PBX partenaires de beroNet\"}]},{\"@type\":\"WebSite\",\"@id\":\"https:\/\/www.beronet.com\/fr\/#website\",\"url\":\"https:\/\/www.beronet.com\/fr\/\",\"name\":\"beroNet\",\"description\":\"Passerelles et appliances VoIP administrables via Cloud\",\"publisher\":{\"@id\":\"https:\/\/www.beronet.com\/fr\/#organization\"},\"potentialAction\":[{\"@type\":\"SearchAction\",\"target\":{\"@type\":\"EntryPoint\",\"urlTemplate\":\"https:\/\/www.beronet.com\/fr\/?s={search_term_string}\"},\"query-input\":{\"@type\":\"PropertyValueSpecification\",\"valueRequired\":true,\"valueName\":\"search_term_string\"}}],\"inLanguage\":\"fr-FR\"},{\"@type\":\"Organization\",\"@id\":\"https:\/\/www.beronet.com\/fr\/#organization\",\"name\":\"beroNet GmbH\",\"url\":\"https:\/\/www.beronet.com\/fr\/\",\"logo\":{\"@type\":\"ImageObject\",\"inLanguage\":\"fr-FR\",\"@id\":\"https:\/\/www.beronet.com\/fr\/#\/schema\/logo\/image\/\",\"url\":\"https:\/\/www.beronet.com\/wp-content\/uploads\/2018\/09\/logo-1.png\",\"contentUrl\":\"https:\/\/www.beronet.com\/wp-content\/uploads\/2018\/09\/logo-1.png\",\"width\":197,\"height\":40,\"caption\":\"beroNet GmbH\"},\"image\":{\"@id\":\"https:\/\/www.beronet.com\/fr\/#\/schema\/logo\/image\/\"}}]}<\/script>\n<!-- \/ Yoast SEO plugin. -->","yoast_head_json":{"title":"Fournisseurs de technologie et de PBX partenaires de beroNet - beroNet","description":"Devenir partenaire technologique beroNet. En tant que partenaire beroNet, vous b\u00e9n\u00e9ficiez de nombreux avantages, tels que des remises exclusives pour les partenaires, des outils de marketing et de d\u00e9veloppement commercial, etc.","robots":{"index":"index","follow":"follow","max-snippet":"max-snippet:-1","max-image-preview":"max-image-preview:large","max-video-preview":"max-video-preview:-1"},"canonical":"https:\/\/www.beronet.com\/fr\/technology-partners\/","og_locale":"fr_FR","og_type":"article","og_title":"Fournisseurs de technologie et de PBX partenaires de beroNet - beroNet","og_description":"Devenir partenaire technologique beroNet. En tant que partenaire beroNet, vous b\u00e9n\u00e9ficiez de nombreux avantages, tels que des remises exclusives pour les partenaires, des outils de marketing et de d\u00e9veloppement commercial, etc.","og_url":"https:\/\/www.beronet.com\/fr\/technology-partners\/","og_site_name":"beroNet","article_modified_time":"2023-01-19T17:38:02+00:00","twitter_card":"summary_large_image","twitter_misc":{"Dur\u00e9e de lecture estim\u00e9e":"4 minutes"},"schema":{"@context":"https:\/\/schema.org","@graph":[{"@type":"WebPage","@id":"https:\/\/www.beronet.com\/fr\/technology-partners\/","url":"https:\/\/www.beronet.com\/fr\/technology-partners\/","name":"Fournisseurs de technologie et de PBX partenaires de beroNet - beroNet","isPartOf":{"@id":"https:\/\/www.beronet.com\/fr\/#website"},"datePublished":"2018-11-01T16:28:33+00:00","dateModified":"2023-01-19T17:38:02+00:00","description":"Devenir partenaire technologique beroNet. En tant que partenaire beroNet, vous b\u00e9n\u00e9ficiez de nombreux avantages, tels que des remises exclusives pour les partenaires, des outils de marketing et de d\u00e9veloppement commercial, etc.","breadcrumb":{"@id":"https:\/\/www.beronet.com\/fr\/technology-partners\/#breadcrumb"},"inLanguage":"fr-FR","potentialAction":[{"@type":"ReadAction","target":["https:\/\/www.beronet.com\/fr\/technology-partners\/"]}]},{"@type":"BreadcrumbList","@id":"https:\/\/www.beronet.com\/fr\/technology-partners\/#breadcrumb","itemListElement":[{"@type":"ListItem","position":1,"name":"Start","item":"https:\/\/www.beronet.com\/fr\/"},{"@type":"ListItem","position":2,"name":"Fournisseurs de technologie et de PBX partenaires de beroNet"}]},{"@type":"WebSite","@id":"https:\/\/www.beronet.com\/fr\/#website","url":"https:\/\/www.beronet.com\/fr\/","name":"beroNet","description":"Passerelles et appliances VoIP administrables via Cloud","publisher":{"@id":"https:\/\/www.beronet.com\/fr\/#organization"},"potentialAction":[{"@type":"SearchAction","target":{"@type":"EntryPoint","urlTemplate":"https:\/\/www.beronet.com\/fr\/?s={search_term_string}"},"query-input":{"@type":"PropertyValueSpecification","valueRequired":true,"valueName":"search_term_string"}}],"inLanguage":"fr-FR"},{"@type":"Organization","@id":"https:\/\/www.beronet.com\/fr\/#organization","name":"beroNet GmbH","url":"https:\/\/www.beronet.com\/fr\/","logo":{"@type":"ImageObject","inLanguage":"fr-FR","@id":"https:\/\/www.beronet.com\/fr\/#\/schema\/logo\/image\/","url":"https:\/\/www.beronet.com\/wp-content\/uploads\/2018\/09\/logo-1.png","contentUrl":"https:\/\/www.beronet.com\/wp-content\/uploads\/2018\/09\/logo-1.png","width":197,"height":40,"caption":"beroNet GmbH"},"image":{"@id":"https:\/\/www.beronet.com\/fr\/#\/schema\/logo\/image\/"}}]}},"_links":{"self":[{"href":"https:\/\/www.beronet.com\/fr\/wp-json\/wp\/v2\/pages\/54234","targetHints":{"allow":["GET"]}}],"collection":[{"href":"https:\/\/www.beronet.com\/fr\/wp-json\/wp\/v2\/pages"}],"about":[{"href":"https:\/\/www.beronet.com\/fr\/wp-json\/wp\/v2\/types\/page"}],"author":[{"embeddable":true,"href":"https:\/\/www.beronet.com\/fr\/wp-json\/wp\/v2\/users\/1"}],"replies":[{"embeddable":true,"href":"https:\/\/www.beronet.com\/fr\/wp-json\/wp\/v2\/comments?post=54234"}],"version-history":[{"count":12,"href":"https:\/\/www.beronet.com\/fr\/wp-json\/wp\/v2\/pages\/54234\/revisions"}],"predecessor-version":[{"id":59465,"href":"https:\/\/www.beronet.com\/fr\/wp-json\/wp\/v2\/pages\/54234\/revisions\/59465"}],"wp:attachment":[{"href":"https:\/\/www.beronet.com\/fr\/wp-json\/wp\/v2\/media?parent=54234"}],"wp:term":[{"taxonomy":"post_tag","embeddable":true,"href":"https:\/\/www.beronet.com\/fr\/wp-json\/wp\/v2\/tags?post=54234"}],"curies":[{"name":"wp","href":"https:\/\/api.w.org\/{rel}","templated":true}]}}