{"id":54682,"date":"2019-02-26T10:11:38","date_gmt":"2019-02-26T10:11:38","guid":{"rendered":"http:\/\/alpha.beronet.com\/voip-gateways\/analog-gateways\/"},"modified":"2023-02-06T16:44:04","modified_gmt":"2023-02-06T16:44:04","slug":"analog-gateways","status":"publish","type":"page","link":"https:\/\/www.beronet.com\/fr\/voip-gateways\/analog-gateways\/","title":{"rendered":"Passerelles VoIP Analogiques"},"content":{"rendered":"<p>[vc_row content_placement=&#8221;middle&#8221; css=&#8221;.vc_custom_1551177975223{padding-right: 15px !important;padding-bottom: 30px !important;padding-left: 15px !important;}&#8221;][vc_column width=&#8221;1\/2&#8243;][vc_empty_space][vc_column_text]<\/p>\n<h3>Passerelle beroNet 4 FXO<\/h3>\n<p>La passerelle beroNet 4 FXO (BNSBC-M-4FXO) est \u00e9quip\u00e9e de 4 ports analogiques FXO (Foreign Exchange Office). Les ports FXO permettent de connecter un logiciel PBX \u00e0 des lignes analogiques op\u00e9rateurs. La passerelle connecte le SIP au r\u00e9seau t\u00e9l\u00e9phonique analogique public ou bien \u00e0 une interface analogique interne \u00e0 un syst\u00e8me t\u00e9l\u00e9phonique. Elle peut \u00eatre facilement compl\u00e9t\u00e9e par un module suppl\u00e9mentaire FXO ou autre.[\/vc_column_text]<style type=\"text\/css\" data-type=\"the7_shortcodes-inline-css\">#default-btn-179f88bf9b47829325b565c97155e747.ico-right-side > i {\n  margin-right: 0px;\n  margin-left: 8px;\n}\n#default-btn-179f88bf9b47829325b565c97155e747 > i {\n  margin-right: 8px;\n}\n<\/style><a href=\"\/fr\/gateway\/4-fxo-gateway\/\" class=\"default-btn-shortcode dt-btn dt-btn-s link-hover-off btn-inline-left \" id=\"default-btn-179f88bf9b47829325b565c97155e747\"><span>EN SAVOIR PLUS<\/span><\/a>[\/vc_column][vc_column width=&#8221;1\/2&#8243;][vc_single_image image=&#8221;59478&#8243; img_size=&#8221;large&#8221; alignment=&#8221;center&#8221; css=&#8221;.vc_custom_1675701548628{padding-top: 25px !important;padding-bottom: 25px !important;}&#8221;][\/vc_column][\/vc_row][vc_row][vc_column][vc_separator][\/vc_column][\/vc_row][vc_row full_width=&#8221;stretch_row&#8221; content_placement=&#8221;middle&#8221; css=&#8221;.vc_custom_1551177927961{padding-top: 35px !important;padding-bottom: 50px !important;background-color: #ffffff !important;}&#8221;][vc_column width=&#8221;1\/2&#8243;][vc_single_image image=&#8221;59486&#8243; img_size=&#8221;full&#8221; alignment=&#8221;center&#8221;][\/vc_column][vc_column width=&#8221;1\/2&#8243;][vc_empty_space][vc_column_text]<\/p>\n<h3>Passerelles VoIP beroNet 4 FXS<\/h3>\n<p>La passerelle VoIP beroNet 4 FXS (BNSBC-M-4FXS) offre 4 ports FXS analogiques pour la connexion de p\u00e9riph\u00e9riques analogiques, t\u00e9l\u00e9phone ou t\u00e9l\u00e9copie. Gr\u00e2ce \u00e0 un pont mat\u00e9riel transparent, des services potentiellement difficiles de fax peuvent \u00eatre connect\u00e9s \u00e0 un SIP Trunk ou \u00e0 un IPBX via une passerelle beroNet. La passerelle VoIP 4 FXS est \u00e9galement disponible en version 8 et 24 FXS (BNSBC-M-8FXS et BNSBC-12FXS).[\/vc_column_text]<style type=\"text\/css\" data-type=\"the7_shortcodes-inline-css\">#default-btn-cdedf515da09ec61a69f3c1f0ae5c301.ico-right-side > i {\n  margin-right: 0px;\n  margin-left: 8px;\n}\n#default-btn-cdedf515da09ec61a69f3c1f0ae5c301 > i {\n  margin-right: 8px;\n}\n<\/style><a href=\"\/fr\/gateway\/beronet-4-fxs-voip-gateway\/\" class=\"default-btn-shortcode dt-btn dt-btn-s link-hover-off btn-inline-left \" id=\"default-btn-cdedf515da09ec61a69f3c1f0ae5c301\"><span>EN SAVOIR PLUS<\/span><\/a>[vc_empty_space][\/vc_column][\/vc_row][vc_row full_width=&#8221;stretch_row&#8221; content_placement=&#8221;middle&#8221; css=&#8221;.vc_custom_1551177927961{padding-top: 35px !important;padding-bottom: 50px !important;background-color: #ffffff !important;}&#8221;][vc_column width=&#8221;1\/2&#8243;][vc_single_image image=&#8221;59122&#8243; img_size=&#8221;full&#8221; alignment=&#8221;center&#8221;][\/vc_column][vc_column width=&#8221;1\/2&#8243;][vc_empty_space][vc_column_text]<\/p>\n<h3>Passerelles VoIP beroNet 8 FXS<\/h3>\n<p>La passerelle VoIP beroNet 8 FXS (BNSBC-M-8FXS) offre 8 ports FXS analogiques pour la connexion de p\u00e9riph\u00e9riques analogiques, t\u00e9l\u00e9phone ou t\u00e9l\u00e9copie. Gr\u00e2ce \u00e0 un pont mat\u00e9riel transparent, des services potentiellement difficiles de fax peuvent \u00eatre connect\u00e9s \u00e0 un SIP Trunk ou \u00e0 un IPBX via une passerelle beroNet. La passerelle VoIP 8 FXS est \u00e9galement disponible en version 12 FXS (BNSBC-12FXS).[\/vc_column_text]<style type=\"text\/css\" data-type=\"the7_shortcodes-inline-css\">#default-btn-7e01a1e181775e3e2dd9b081eaef9905.ico-right-side > i {\n  margin-right: 0px;\n  margin-left: 8px;\n}\n#default-btn-7e01a1e181775e3e2dd9b081eaef9905 > i {\n  margin-right: 8px;\n}\n<\/style><a href=\"\/fr\/gateway\/beronet-8-fxs-voip-gateway\/\" class=\"default-btn-shortcode dt-btn dt-btn-s link-hover-off btn-inline-left \" id=\"default-btn-7e01a1e181775e3e2dd9b081eaef9905\" title=\"Passerelle VoIP beroNet 8 FXS\"><span>EN SAVOIR PLUS<\/span><\/a>[vc_empty_space][\/vc_column][\/vc_row][vc_row][vc_column][vc_separator][\/vc_column][\/vc_row][vc_row content_placement=&#8221;middle&#8221; css=&#8221;.vc_custom_1551177958591{padding-right: 15px !important;padding-bottom: 30px !important;padding-left: 15px !important;}&#8221;][vc_column width=&#8221;1\/2&#8243;][vc_empty_space][vc_column_text]<\/p>\n<h3>SBC-Passerelle VoIP beroNet 12 FXS<\/h3>\n<p>Le SBC beroNet 12 FXS (BNSBC-12FXS) a \u00e9t\u00e9 con\u00e7u pour permettre l\u2019int\u00e9gration facile d\u2019anciens \u00e9quipements de t\u00e9l\u00e9communications dans une infrastructure IP. Il peut connecter jusqu\u2019\u00e0 12 appareils analogiques (t\u00e9l\u00e9phone, fax ou portier) \u00e0 un IPBX. Avec deux cartes d\u2019interface r\u00e9seau et un choix de licences logicielles SBC, les SBC VoIP beroNet sont une solution de s\u00e9curit\u00e9 pour les r\u00e9seaux VoIP. Ils simplifient les configurations et rendent compatibles les syst\u00e8mes IPBX et les op\u00e9rateurs de services VoIP. Cloud g\u00e9r\u00e9 avec beroCloud.[\/vc_column_text]<style type=\"text\/css\" data-type=\"the7_shortcodes-inline-css\">#default-btn-1918b87410b64752c479e4d0e855b002.ico-right-side > i {\n  margin-right: 0px;\n  margin-left: 8px;\n}\n#default-btn-1918b87410b64752c479e4d0e855b002 > i {\n  margin-right: 8px;\n}\n<\/style><a href=\"\/fr\/gateway\/beronet-24-fxs-sbc-voip-gateway\/\" class=\"default-btn-shortcode dt-btn dt-btn-s link-hover-off btn-inline-left \" id=\"default-btn-1918b87410b64752c479e4d0e855b002\"><span>EN SAVOIR PLUS<\/span><\/a>[\/vc_column][vc_column width=&#8221;1\/2&#8243;][vc_single_image image=&#8221;59489&#8243; img_size=&#8221;full&#8221; alignment=&#8221;center&#8221; css=&#8221;.vc_custom_1675701767185{padding-top: 25px !important;padding-bottom: 25px !important;}&#8221;][\/vc_column][\/vc_row]<\/p>\n","protected":false},"excerpt":{"rendered":"<p>[vc_row content_placement=&#8221;middle&#8221; css=&#8221;.vc_custom_1551177975223{padding-right: 15px !important;padding-bottom: 30px !important;padding-left: 15px !important;}&#8221;][vc_column width=&#8221;1\/2&#8243;][vc_empty_space][vc_column_text] Passerelle beroNet 4 FXO La passerelle beroNet 4 FXO (BNSBC-M-4FXO) est \u00e9quip\u00e9e de 4 ports analogiques FXO (Foreign Exchange Office). Les ports FXO permettent de connecter un logiciel PBX \u00e0 des lignes analogiques op\u00e9rateurs. La passerelle connecte le SIP au r\u00e9seau t\u00e9l\u00e9phonique analogique public ou&hellip;<\/p>\n","protected":false},"author":1,"featured_media":0,"parent":52997,"menu_order":0,"comment_status":"closed","ping_status":"closed","template":"","meta":{"content-type":""},"tags":[],"class_list":["post-54682","page","type-page","status-publish","hentry","description-off"],"yoast_head":"<!-- This site is optimized with the Yoast SEO plugin v24.1 - https:\/\/yoast.com\/wordpress\/plugins\/seo\/ -->\n<title>Passerelles VoIP Analogiques - beroNet<\/title>\n<meta name=\"description\" content=\"Extensible par module, ces passerelles peuvent \u00eatre personnalis\u00e9es pour r\u00e9pondre \u00e0 tous les besoins en combinant diff\u00e9rentes types d&#039;interfaces analogiques et num\u00e9riques.\" \/>\n<meta name=\"robots\" content=\"index, follow, max-snippet:-1, max-image-preview:large, max-video-preview:-1\" \/>\n<link rel=\"canonical\" href=\"https:\/\/www.beronet.com\/fr\/voip-gateways\/analog-gateways\/\" \/>\n<meta property=\"og:locale\" content=\"fr_FR\" \/>\n<meta property=\"og:type\" content=\"article\" \/>\n<meta property=\"og:title\" content=\"Passerelles VoIP Analogiques - beroNet\" \/>\n<meta property=\"og:description\" content=\"Extensible par module, ces passerelles peuvent \u00eatre personnalis\u00e9es pour r\u00e9pondre \u00e0 tous les besoins en combinant diff\u00e9rentes types d&#039;interfaces analogiques et num\u00e9riques.\" \/>\n<meta property=\"og:url\" content=\"https:\/\/www.beronet.com\/fr\/voip-gateways\/analog-gateways\/\" \/>\n<meta property=\"og:site_name\" content=\"beroNet\" \/>\n<meta property=\"article:modified_time\" content=\"2023-02-06T16:44:04+00:00\" \/>\n<meta name=\"twitter:card\" content=\"summary_large_image\" \/>\n<meta name=\"twitter:label1\" content=\"Dur\u00e9e de lecture estim\u00e9e\" \/>\n\t<meta name=\"twitter:data1\" content=\"3 minutes\" \/>\n<script type=\"application\/ld+json\" class=\"yoast-schema-graph\">{\"@context\":\"https:\/\/schema.org\",\"@graph\":[{\"@type\":\"WebPage\",\"@id\":\"https:\/\/www.beronet.com\/fr\/voip-gateways\/analog-gateways\/\",\"url\":\"https:\/\/www.beronet.com\/fr\/voip-gateways\/analog-gateways\/\",\"name\":\"Passerelles VoIP Analogiques - beroNet\",\"isPartOf\":{\"@id\":\"https:\/\/www.beronet.com\/fr\/#website\"},\"datePublished\":\"2019-02-26T10:11:38+00:00\",\"dateModified\":\"2023-02-06T16:44:04+00:00\",\"description\":\"Extensible par module, ces passerelles peuvent \u00eatre personnalis\u00e9es pour r\u00e9pondre \u00e0 tous les besoins en combinant diff\u00e9rentes types d'interfaces analogiques et num\u00e9riques.\",\"breadcrumb\":{\"@id\":\"https:\/\/www.beronet.com\/fr\/voip-gateways\/analog-gateways\/#breadcrumb\"},\"inLanguage\":\"fr-FR\",\"potentialAction\":[{\"@type\":\"ReadAction\",\"target\":[\"https:\/\/www.beronet.com\/fr\/voip-gateways\/analog-gateways\/\"]}]},{\"@type\":\"BreadcrumbList\",\"@id\":\"https:\/\/www.beronet.com\/fr\/voip-gateways\/analog-gateways\/#breadcrumb\",\"itemListElement\":[{\"@type\":\"ListItem\",\"position\":1,\"name\":\"Start\",\"item\":\"https:\/\/www.beronet.com\/fr\/\"},{\"@type\":\"ListItem\",\"position\":2,\"name\":\"Passerelles VoIP et E-SBCs beroNet\",\"item\":\"https:\/\/www.beronet.com\/fr\/voip-gateways\/\"},{\"@type\":\"ListItem\",\"position\":3,\"name\":\"Passerelles VoIP Analogiques\"}]},{\"@type\":\"WebSite\",\"@id\":\"https:\/\/www.beronet.com\/fr\/#website\",\"url\":\"https:\/\/www.beronet.com\/fr\/\",\"name\":\"beroNet\",\"description\":\"Passerelles et appliances VoIP administrables via Cloud\",\"publisher\":{\"@id\":\"https:\/\/www.beronet.com\/fr\/#organization\"},\"potentialAction\":[{\"@type\":\"SearchAction\",\"target\":{\"@type\":\"EntryPoint\",\"urlTemplate\":\"https:\/\/www.beronet.com\/fr\/?s={search_term_string}\"},\"query-input\":{\"@type\":\"PropertyValueSpecification\",\"valueRequired\":true,\"valueName\":\"search_term_string\"}}],\"inLanguage\":\"fr-FR\"},{\"@type\":\"Organization\",\"@id\":\"https:\/\/www.beronet.com\/fr\/#organization\",\"name\":\"beroNet GmbH\",\"url\":\"https:\/\/www.beronet.com\/fr\/\",\"logo\":{\"@type\":\"ImageObject\",\"inLanguage\":\"fr-FR\",\"@id\":\"https:\/\/www.beronet.com\/fr\/#\/schema\/logo\/image\/\",\"url\":\"https:\/\/www.beronet.com\/wp-content\/uploads\/2018\/09\/logo-1.png\",\"contentUrl\":\"https:\/\/www.beronet.com\/wp-content\/uploads\/2018\/09\/logo-1.png\",\"width\":197,\"height\":40,\"caption\":\"beroNet GmbH\"},\"image\":{\"@id\":\"https:\/\/www.beronet.com\/fr\/#\/schema\/logo\/image\/\"}}]}<\/script>\n<!-- \/ Yoast SEO plugin. -->","yoast_head_json":{"title":"Passerelles VoIP Analogiques - beroNet","description":"Extensible par module, ces passerelles peuvent \u00eatre personnalis\u00e9es pour r\u00e9pondre \u00e0 tous les besoins en combinant diff\u00e9rentes types d'interfaces analogiques et num\u00e9riques.","robots":{"index":"index","follow":"follow","max-snippet":"max-snippet:-1","max-image-preview":"max-image-preview:large","max-video-preview":"max-video-preview:-1"},"canonical":"https:\/\/www.beronet.com\/fr\/voip-gateways\/analog-gateways\/","og_locale":"fr_FR","og_type":"article","og_title":"Passerelles VoIP Analogiques - beroNet","og_description":"Extensible par module, ces passerelles peuvent \u00eatre personnalis\u00e9es pour r\u00e9pondre \u00e0 tous les besoins en combinant diff\u00e9rentes types d'interfaces analogiques et num\u00e9riques.","og_url":"https:\/\/www.beronet.com\/fr\/voip-gateways\/analog-gateways\/","og_site_name":"beroNet","article_modified_time":"2023-02-06T16:44:04+00:00","twitter_card":"summary_large_image","twitter_misc":{"Dur\u00e9e de lecture estim\u00e9e":"3 minutes"},"schema":{"@context":"https:\/\/schema.org","@graph":[{"@type":"WebPage","@id":"https:\/\/www.beronet.com\/fr\/voip-gateways\/analog-gateways\/","url":"https:\/\/www.beronet.com\/fr\/voip-gateways\/analog-gateways\/","name":"Passerelles VoIP Analogiques - beroNet","isPartOf":{"@id":"https:\/\/www.beronet.com\/fr\/#website"},"datePublished":"2019-02-26T10:11:38+00:00","dateModified":"2023-02-06T16:44:04+00:00","description":"Extensible par module, ces passerelles peuvent \u00eatre personnalis\u00e9es pour r\u00e9pondre \u00e0 tous les besoins en combinant diff\u00e9rentes types d'interfaces analogiques et num\u00e9riques.","breadcrumb":{"@id":"https:\/\/www.beronet.com\/fr\/voip-gateways\/analog-gateways\/#breadcrumb"},"inLanguage":"fr-FR","potentialAction":[{"@type":"ReadAction","target":["https:\/\/www.beronet.com\/fr\/voip-gateways\/analog-gateways\/"]}]},{"@type":"BreadcrumbList","@id":"https:\/\/www.beronet.com\/fr\/voip-gateways\/analog-gateways\/#breadcrumb","itemListElement":[{"@type":"ListItem","position":1,"name":"Start","item":"https:\/\/www.beronet.com\/fr\/"},{"@type":"ListItem","position":2,"name":"Passerelles VoIP et E-SBCs beroNet","item":"https:\/\/www.beronet.com\/fr\/voip-gateways\/"},{"@type":"ListItem","position":3,"name":"Passerelles VoIP Analogiques"}]},{"@type":"WebSite","@id":"https:\/\/www.beronet.com\/fr\/#website","url":"https:\/\/www.beronet.com\/fr\/","name":"beroNet","description":"Passerelles et appliances VoIP administrables via Cloud","publisher":{"@id":"https:\/\/www.beronet.com\/fr\/#organization"},"potentialAction":[{"@type":"SearchAction","target":{"@type":"EntryPoint","urlTemplate":"https:\/\/www.beronet.com\/fr\/?s={search_term_string}"},"query-input":{"@type":"PropertyValueSpecification","valueRequired":true,"valueName":"search_term_string"}}],"inLanguage":"fr-FR"},{"@type":"Organization","@id":"https:\/\/www.beronet.com\/fr\/#organization","name":"beroNet GmbH","url":"https:\/\/www.beronet.com\/fr\/","logo":{"@type":"ImageObject","inLanguage":"fr-FR","@id":"https:\/\/www.beronet.com\/fr\/#\/schema\/logo\/image\/","url":"https:\/\/www.beronet.com\/wp-content\/uploads\/2018\/09\/logo-1.png","contentUrl":"https:\/\/www.beronet.com\/wp-content\/uploads\/2018\/09\/logo-1.png","width":197,"height":40,"caption":"beroNet GmbH"},"image":{"@id":"https:\/\/www.beronet.com\/fr\/#\/schema\/logo\/image\/"}}]}},"_links":{"self":[{"href":"https:\/\/www.beronet.com\/fr\/wp-json\/wp\/v2\/pages\/54682","targetHints":{"allow":["GET"]}}],"collection":[{"href":"https:\/\/www.beronet.com\/fr\/wp-json\/wp\/v2\/pages"}],"about":[{"href":"https:\/\/www.beronet.com\/fr\/wp-json\/wp\/v2\/types\/page"}],"author":[{"embeddable":true,"href":"https:\/\/www.beronet.com\/fr\/wp-json\/wp\/v2\/users\/1"}],"replies":[{"embeddable":true,"href":"https:\/\/www.beronet.com\/fr\/wp-json\/wp\/v2\/comments?post=54682"}],"version-history":[{"count":19,"href":"https:\/\/www.beronet.com\/fr\/wp-json\/wp\/v2\/pages\/54682\/revisions"}],"predecessor-version":[{"id":59572,"href":"https:\/\/www.beronet.com\/fr\/wp-json\/wp\/v2\/pages\/54682\/revisions\/59572"}],"up":[{"embeddable":true,"href":"https:\/\/www.beronet.com\/fr\/wp-json\/wp\/v2\/pages\/52997"}],"wp:attachment":[{"href":"https:\/\/www.beronet.com\/fr\/wp-json\/wp\/v2\/media?parent=54682"}],"wp:term":[{"taxonomy":"post_tag","embeddable":true,"href":"https:\/\/www.beronet.com\/fr\/wp-json\/wp\/v2\/tags?post=54682"}],"curies":[{"name":"wp","href":"https:\/\/api.w.org\/{rel}","templated":true}]}}