{"id":54693,"date":"2019-02-26T11:31:00","date_gmt":"2019-02-26T11:31:00","guid":{"rendered":"http:\/\/alpha.beronet.com\/voip-gateways\/isdn-voip-gateways\/"},"modified":"2023-02-06T17:10:57","modified_gmt":"2023-02-06T17:10:57","slug":"isdn-voip-gateways","status":"publish","type":"page","link":"https:\/\/www.beronet.com\/fr\/voip-gateways\/isdn-voip-gateways\/","title":{"rendered":"Passerelles RNIS VoIP"},"content":{"rendered":"<p>[vc_row content_placement=&#8221;middle&#8221; css=&#8221;.vc_custom_1551181411343{padding-right: 15px !important;padding-bottom: 30px !important;padding-left: 15px !important;}&#8221;][vc_column width=&#8221;1\/2&#8243;][vc_empty_space][vc_column_text]<\/p>\n<h3>Passerelle VoIP RNIS beroNet 1 T2<\/h3>\n<p>Les passerelles VoIP RNIS beroNet BNSBC-M-1PRI et BNSBC-L-1PRI sont \u00e9quip\u00e9es d\u2019un module avec un port RNIS E1\/T2 (BNMO-1E1). Un module RNIS avec une interface E1\/T1 (BNMO-1PRI) peut \u00eatre ajout\u00e9 dans la r\u00e9f\u00e9rence BNSBC-L pour satisfaire les environnements exigeant une interface T1. Tous ces modules RNIS int\u00e8grent une horloge de haute pr\u00e9cision. Le port peut \u00eatre commut\u00e9 individuellement en mode NT (Network Termination) ou TE (Terminal Equipment). Un serveur de fax peut \u00e9galement \u00eatre connect\u00e9 gr\u00e2ce au protocole CAPI. La passerelle est compatible SIP. Une connexion aux PaBX courants est possible via l\u2019interface RNIS.[\/vc_column_text]<style type=\"text\/css\" data-type=\"the7_shortcodes-inline-css\">#default-btn-9f19dbfd87d7423e92b78297e771e8cb.ico-right-side > i {\n  margin-right: 0px;\n  margin-left: 8px;\n}\n#default-btn-9f19dbfd87d7423e92b78297e771e8cb > i {\n  margin-right: 8px;\n}\n<\/style><a href=\"\/fr\/gateway\/beronet-1-pri-voip-gateway\/\" class=\"default-btn-shortcode dt-btn dt-btn-s link-hover-off btn-inline-left \" id=\"default-btn-9f19dbfd87d7423e92b78297e771e8cb\"><span>EN SAVOIR PLUS<\/span><\/a>[\/vc_column][vc_column width=&#8221;1\/2&#8243;][vc_single_image image=&#8221;59506&#8243; img_size=&#8221;large&#8221; alignment=&#8221;center&#8221; css=&#8221;.vc_custom_1675702380310{padding-top: 25px !important;padding-bottom: 25px !important;}&#8221;][\/vc_column][\/vc_row][vc_row][vc_column][vc_separator][\/vc_column][\/vc_row][vc_row full_width=&#8221;stretch_row&#8221; content_placement=&#8221;middle&#8221; css=&#8221;.vc_custom_1551181421293{padding-top: 35px !important;padding-bottom: 30px !important;background-color: #ffffff !important;}&#8221;][vc_column width=&#8221;1\/2&#8243;][vc_single_image image=&#8221;59523&#8243; img_size=&#8221;full&#8221; alignment=&#8221;center&#8221;][\/vc_column][vc_column width=&#8221;1\/2&#8243;][vc_empty_space][vc_column_text]<\/p>\n<h3>Passerelle VoIP RNIS beroNet 2 T2<\/h3>\n<p>La passerelle VoIP RNIS beroNet BNSBC-L-2PRI est \u00e9quip\u00e9e d\u2019un module avec deux port RNIS E1\/T2 (BNMO-2E1). Un module avec deux ports RNIS E1\/T1 (BNMO-2PRI) peut \u00eatre ajout\u00e9 dans la r\u00e9f\u00e9rence BNSBC-L pour satisfaire les environnements exigeant une interface T1. Tous ces modules RNIS int\u00e8grent une horloge de haute pr\u00e9cision. Chaque port peut \u00eatre utilis\u00e9 en mode NT (Network Termination) ou TE (Terminal Equipment). Une connexion \u00e0 un serveur de fax est \u00e9galement possible gr\u00e2ce au protocole CAPI. C\u2019est la passerelle id\u00e9ale pour effectuer une migration douce d\u2019un PBX classique vers un syst\u00e8me VoIP. La passerelle peut \u00eatre facilement administrable et contr\u00f4lable \u00e0 distance via le beroNet Cloud.[\/vc_column_text]<style type=\"text\/css\" data-type=\"the7_shortcodes-inline-css\">#default-btn-c3da3b92f5fb0dce95fe49412127c30a.ico-right-side > i {\n  margin-right: 0px;\n  margin-left: 8px;\n}\n#default-btn-c3da3b92f5fb0dce95fe49412127c30a > i {\n  margin-right: 8px;\n}\n<\/style><a href=\"\/fr\/gateway\/beronet-2-pri-voip-gateway\/\" class=\"default-btn-shortcode dt-btn dt-btn-s link-hover-off btn-inline-left \" id=\"default-btn-c3da3b92f5fb0dce95fe49412127c30a\"><span>EN SAVOIR PLUS<\/span><\/a>[vc_empty_space][\/vc_column][\/vc_row][vc_row][vc_column][vc_separator][\/vc_column][\/vc_row][vc_row content_placement=&#8221;middle&#8221; css=&#8221;.vc_custom_1551181429734{padding-right: 15px !important;padding-bottom: 30px !important;padding-left: 15px !important;}&#8221;][vc_column width=&#8221;1\/2&#8243;][vc_empty_space][vc_column_text]<\/p>\n<h3>Passerelle VoIP RNIS beroNet 4 T0<\/h3>\n<p>La passerelle beroNet BNSBC-M-4BRI a 4 ports T0\/BRI avec horloge de haute pr\u00e9cision. Elle peut \u00eatre connect\u00e9e au r\u00e9seau RNIS ou \u00e0 un PABX traditionnel afin de le rendre compatible VoIP. La passerelle est compatible SIP et ses capacit\u00e9s peuvent \u00eatre augment\u00e9es gr\u00e2ce \u00e0 un second module. Une connexion \u00e0 un serveur de fax est \u00e9galement possible gr\u00e2ce au protocole CAPI. Cette passerelle est id\u00e9ale pour connecter un IPBX au RNIS et pour combiner les avantages des mondes de la t\u00e9l\u00e9phonie classique et IP sans d\u00e9gradation de qualit\u00e9.[\/vc_column_text]<style type=\"text\/css\" data-type=\"the7_shortcodes-inline-css\">#default-btn-1b3392a93f9ecc070ff9f4417b808ed3.ico-right-side > i {\n  margin-right: 0px;\n  margin-left: 8px;\n}\n#default-btn-1b3392a93f9ecc070ff9f4417b808ed3 > i {\n  margin-right: 8px;\n}\n<\/style><a href=\"\/fr\/gateway\/beronet-4-bri-voip-gateway\/\" class=\"default-btn-shortcode dt-btn dt-btn-s link-hover-off btn-inline-left \" id=\"default-btn-1b3392a93f9ecc070ff9f4417b808ed3\"><span>EN SAVOIR PLUS<\/span><\/a>[\/vc_column][vc_column width=&#8221;1\/2&#8243;][vc_single_image image=&#8221;59512&#8243; img_size=&#8221;large&#8221; alignment=&#8221;center&#8221; css=&#8221;.vc_custom_1675702690194{padding-top: 25px !important;padding-bottom: 25px !important;}&#8221;][\/vc_column][\/vc_row][vc_row][vc_column][vc_separator][\/vc_column][\/vc_row][vc_row full_width=&#8221;stretch_row&#8221; content_placement=&#8221;middle&#8221; css=&#8221;.vc_custom_1551181437564{padding-top: 35px !important;padding-bottom: 30px !important;background-color: #ffffff !important;}&#8221;][vc_column width=&#8221;1\/2&#8243;][vc_single_image image=&#8221;59125&#8243; img_size=&#8221;full&#8221; alignment=&#8221;center&#8221;][\/vc_column][vc_column width=&#8221;1\/2&#8243;][vc_empty_space][vc_column_text]<\/p>\n<h3>Passerelle VoIP beroNet 8 T0<\/h3>\n<p>La passerelle beroNet BNSBC-M-8BRI a 8 ports T0\/BRI avec horloge de haute pr\u00e9cision. Elle peut \u00eatre connect\u00e9e au r\u00e9seau t\u00e9l\u00e9phonique public ou \u00e0 une connexion interne de l\u2019installation t\u00e9l\u00e9phonique. De plus, un syst\u00e8me t\u00e9l\u00e9phonique classique peut \u00eatre connect\u00e9 \u00e0 une connexion VoIP ou \u00e0 un IPBX VoIP via la passerelle. Une connexion \u00e0 un serveur de fax est \u00e9galement possible gr\u00e2ce au protocole CAPI. Cette passerelle est id\u00e9ale pour permettre une connexion RTC sans d\u00e9gradation de la qualit\u00e9 en combinant les avantages du RNIS et de la VoIP.[\/vc_column_text]<style type=\"text\/css\" data-type=\"the7_shortcodes-inline-css\">#default-btn-a418dd62405e2f44abf4b7a0756cd235.ico-right-side > i {\n  margin-right: 0px;\n  margin-left: 8px;\n}\n#default-btn-a418dd62405e2f44abf4b7a0756cd235 > i {\n  margin-right: 8px;\n}\n<\/style><a href=\"\/fr\/gateway\/beronet-8-bri-voip-gateway\/\" class=\"default-btn-shortcode dt-btn dt-btn-s link-hover-off btn-inline-left \" id=\"default-btn-a418dd62405e2f44abf4b7a0756cd235\"><span>EN SAVOIR PLUS<\/span><\/a>[vc_empty_space][\/vc_column][\/vc_row][vc_row][vc_column][vc_separator][\/vc_column][\/vc_row][vc_row content_placement=&#8221;middle&#8221; css=&#8221;.vc_custom_1551181448042{padding-right: 15px !important;padding-bottom: 30px !important;padding-left: 15px !important;}&#8221;][vc_column width=&#8221;1\/2&#8243;][vc_empty_space][vc_column_text]<\/p>\n<h3>Passerelle VoIP beroNet FXS &amp; T0<\/h3>\n<p>La passerelle VoIP beroNet BNSBC-M-2HYB contient deux ports RNIS T0\/BRI et deux ports analogiques FXS permettant de connecter deux lignes RNIS et deux terminaux analogiques, tels que t\u00e9l\u00e9phone, fax, syst\u00e8me d\u2019alarme, terminaux de paiement et modems \u00e0 un compte SIP. La commutation du mode TE ou NT ainsi que les r\u00e9sistances de terminaison pour chaque port se fait \u00e0 l\u2019aide de l\u2019interface graphique beroNet. Un serveur de fax peut \u00e9galement \u00eatre connect\u00e9 \u00e0 un CAPI virtuel.[\/vc_column_text]<style type=\"text\/css\" data-type=\"the7_shortcodes-inline-css\">#default-btn-310560c4f71662f82a05efe06bddd85f.ico-right-side > i {\n  margin-right: 0px;\n  margin-left: 8px;\n}\n#default-btn-310560c4f71662f82a05efe06bddd85f > i {\n  margin-right: 8px;\n}\n<\/style><a href=\"\/fr\/gateway\/beronet-fxs-bri-voip-gateway\/\" class=\"default-btn-shortcode dt-btn dt-btn-s link-hover-off btn-inline-left \" id=\"default-btn-310560c4f71662f82a05efe06bddd85f\"><span>EN SAVOIR PLUS<\/span><\/a>[\/vc_column][vc_column width=&#8221;1\/2&#8243;][vc_single_image image=&#8221;59534&#8243; img_size=&#8221;large&#8221; alignment=&#8221;center&#8221; css=&#8221;.vc_custom_1675703373295{padding-top: 25px !important;padding-bottom: 25px !important;}&#8221;][\/vc_column][\/vc_row]<\/p>\n","protected":false},"excerpt":{"rendered":"<p>[vc_row content_placement=&#8221;middle&#8221; css=&#8221;.vc_custom_1551181411343{padding-right: 15px !important;padding-bottom: 30px !important;padding-left: 15px !important;}&#8221;][vc_column width=&#8221;1\/2&#8243;][vc_empty_space][vc_column_text] Passerelle VoIP RNIS beroNet 1 T2 Les passerelles VoIP RNIS beroNet BNSBC-M-1PRI et BNSBC-L-1PRI sont \u00e9quip\u00e9es d\u2019un module avec un port RNIS E1\/T2 (BNMO-1E1). Un module RNIS avec une interface E1\/T1 (BNMO-1PRI) peut \u00eatre ajout\u00e9 dans la r\u00e9f\u00e9rence BNSBC-L pour satisfaire les environnements exigeant une&hellip;<\/p>\n","protected":false},"author":1,"featured_media":0,"parent":52997,"menu_order":0,"comment_status":"closed","ping_status":"closed","template":"","meta":{"content-type":""},"tags":[],"class_list":["post-54693","page","type-page","status-publish","hentry","description-off"],"yoast_head":"<!-- This site is optimized with the Yoast SEO plugin v24.1 - https:\/\/yoast.com\/wordpress\/plugins\/seo\/ -->\n<title>Passerelles RNIS VoIP - beroNet<\/title>\n<meta name=\"description\" content=\"Les passerelles RNIS beroNet permettent facilement de rendre tout PABX compatible VoIP sans modifier l&#039;installation existante.\" \/>\n<meta name=\"robots\" content=\"index, follow, max-snippet:-1, max-image-preview:large, max-video-preview:-1\" \/>\n<link rel=\"canonical\" href=\"https:\/\/www.beronet.com\/fr\/voip-gateways\/isdn-voip-gateways\/\" \/>\n<meta property=\"og:locale\" content=\"fr_FR\" \/>\n<meta property=\"og:type\" content=\"article\" \/>\n<meta property=\"og:title\" content=\"Passerelles RNIS VoIP - beroNet\" \/>\n<meta property=\"og:description\" content=\"Les passerelles RNIS beroNet permettent facilement de rendre tout PABX compatible VoIP sans modifier l&#039;installation existante.\" \/>\n<meta property=\"og:url\" content=\"https:\/\/www.beronet.com\/fr\/voip-gateways\/isdn-voip-gateways\/\" \/>\n<meta property=\"og:site_name\" content=\"beroNet\" \/>\n<meta property=\"article:modified_time\" content=\"2023-02-06T17:10:57+00:00\" \/>\n<meta name=\"twitter:card\" content=\"summary_large_image\" \/>\n<meta name=\"twitter:label1\" content=\"Dur\u00e9e de lecture estim\u00e9e\" \/>\n\t<meta name=\"twitter:data1\" content=\"5 minutes\" \/>\n<script type=\"application\/ld+json\" class=\"yoast-schema-graph\">{\"@context\":\"https:\/\/schema.org\",\"@graph\":[{\"@type\":\"WebPage\",\"@id\":\"https:\/\/www.beronet.com\/fr\/voip-gateways\/isdn-voip-gateways\/\",\"url\":\"https:\/\/www.beronet.com\/fr\/voip-gateways\/isdn-voip-gateways\/\",\"name\":\"Passerelles RNIS VoIP - beroNet\",\"isPartOf\":{\"@id\":\"https:\/\/www.beronet.com\/fr\/#website\"},\"datePublished\":\"2019-02-26T11:31:00+00:00\",\"dateModified\":\"2023-02-06T17:10:57+00:00\",\"description\":\"Les passerelles RNIS beroNet permettent facilement de rendre tout PABX compatible VoIP sans modifier l'installation existante.\",\"breadcrumb\":{\"@id\":\"https:\/\/www.beronet.com\/fr\/voip-gateways\/isdn-voip-gateways\/#breadcrumb\"},\"inLanguage\":\"fr-FR\",\"potentialAction\":[{\"@type\":\"ReadAction\",\"target\":[\"https:\/\/www.beronet.com\/fr\/voip-gateways\/isdn-voip-gateways\/\"]}]},{\"@type\":\"BreadcrumbList\",\"@id\":\"https:\/\/www.beronet.com\/fr\/voip-gateways\/isdn-voip-gateways\/#breadcrumb\",\"itemListElement\":[{\"@type\":\"ListItem\",\"position\":1,\"name\":\"Start\",\"item\":\"https:\/\/www.beronet.com\/fr\/\"},{\"@type\":\"ListItem\",\"position\":2,\"name\":\"Passerelles VoIP et E-SBCs beroNet\",\"item\":\"https:\/\/www.beronet.com\/fr\/voip-gateways\/\"},{\"@type\":\"ListItem\",\"position\":3,\"name\":\"Passerelles RNIS VoIP\"}]},{\"@type\":\"WebSite\",\"@id\":\"https:\/\/www.beronet.com\/fr\/#website\",\"url\":\"https:\/\/www.beronet.com\/fr\/\",\"name\":\"beroNet\",\"description\":\"Passerelles et appliances VoIP administrables via Cloud\",\"publisher\":{\"@id\":\"https:\/\/www.beronet.com\/fr\/#organization\"},\"potentialAction\":[{\"@type\":\"SearchAction\",\"target\":{\"@type\":\"EntryPoint\",\"urlTemplate\":\"https:\/\/www.beronet.com\/fr\/?s={search_term_string}\"},\"query-input\":{\"@type\":\"PropertyValueSpecification\",\"valueRequired\":true,\"valueName\":\"search_term_string\"}}],\"inLanguage\":\"fr-FR\"},{\"@type\":\"Organization\",\"@id\":\"https:\/\/www.beronet.com\/fr\/#organization\",\"name\":\"beroNet GmbH\",\"url\":\"https:\/\/www.beronet.com\/fr\/\",\"logo\":{\"@type\":\"ImageObject\",\"inLanguage\":\"fr-FR\",\"@id\":\"https:\/\/www.beronet.com\/fr\/#\/schema\/logo\/image\/\",\"url\":\"https:\/\/www.beronet.com\/wp-content\/uploads\/2018\/09\/logo-1.png\",\"contentUrl\":\"https:\/\/www.beronet.com\/wp-content\/uploads\/2018\/09\/logo-1.png\",\"width\":197,\"height\":40,\"caption\":\"beroNet GmbH\"},\"image\":{\"@id\":\"https:\/\/www.beronet.com\/fr\/#\/schema\/logo\/image\/\"}}]}<\/script>\n<!-- \/ Yoast SEO plugin. -->","yoast_head_json":{"title":"Passerelles RNIS VoIP - beroNet","description":"Les passerelles RNIS beroNet permettent facilement de rendre tout PABX compatible VoIP sans modifier l'installation existante.","robots":{"index":"index","follow":"follow","max-snippet":"max-snippet:-1","max-image-preview":"max-image-preview:large","max-video-preview":"max-video-preview:-1"},"canonical":"https:\/\/www.beronet.com\/fr\/voip-gateways\/isdn-voip-gateways\/","og_locale":"fr_FR","og_type":"article","og_title":"Passerelles RNIS VoIP - beroNet","og_description":"Les passerelles RNIS beroNet permettent facilement de rendre tout PABX compatible VoIP sans modifier l'installation existante.","og_url":"https:\/\/www.beronet.com\/fr\/voip-gateways\/isdn-voip-gateways\/","og_site_name":"beroNet","article_modified_time":"2023-02-06T17:10:57+00:00","twitter_card":"summary_large_image","twitter_misc":{"Dur\u00e9e de lecture estim\u00e9e":"5 minutes"},"schema":{"@context":"https:\/\/schema.org","@graph":[{"@type":"WebPage","@id":"https:\/\/www.beronet.com\/fr\/voip-gateways\/isdn-voip-gateways\/","url":"https:\/\/www.beronet.com\/fr\/voip-gateways\/isdn-voip-gateways\/","name":"Passerelles RNIS VoIP - beroNet","isPartOf":{"@id":"https:\/\/www.beronet.com\/fr\/#website"},"datePublished":"2019-02-26T11:31:00+00:00","dateModified":"2023-02-06T17:10:57+00:00","description":"Les passerelles RNIS beroNet permettent facilement de rendre tout PABX compatible VoIP sans modifier l'installation existante.","breadcrumb":{"@id":"https:\/\/www.beronet.com\/fr\/voip-gateways\/isdn-voip-gateways\/#breadcrumb"},"inLanguage":"fr-FR","potentialAction":[{"@type":"ReadAction","target":["https:\/\/www.beronet.com\/fr\/voip-gateways\/isdn-voip-gateways\/"]}]},{"@type":"BreadcrumbList","@id":"https:\/\/www.beronet.com\/fr\/voip-gateways\/isdn-voip-gateways\/#breadcrumb","itemListElement":[{"@type":"ListItem","position":1,"name":"Start","item":"https:\/\/www.beronet.com\/fr\/"},{"@type":"ListItem","position":2,"name":"Passerelles VoIP et E-SBCs beroNet","item":"https:\/\/www.beronet.com\/fr\/voip-gateways\/"},{"@type":"ListItem","position":3,"name":"Passerelles RNIS VoIP"}]},{"@type":"WebSite","@id":"https:\/\/www.beronet.com\/fr\/#website","url":"https:\/\/www.beronet.com\/fr\/","name":"beroNet","description":"Passerelles et appliances VoIP administrables via Cloud","publisher":{"@id":"https:\/\/www.beronet.com\/fr\/#organization"},"potentialAction":[{"@type":"SearchAction","target":{"@type":"EntryPoint","urlTemplate":"https:\/\/www.beronet.com\/fr\/?s={search_term_string}"},"query-input":{"@type":"PropertyValueSpecification","valueRequired":true,"valueName":"search_term_string"}}],"inLanguage":"fr-FR"},{"@type":"Organization","@id":"https:\/\/www.beronet.com\/fr\/#organization","name":"beroNet GmbH","url":"https:\/\/www.beronet.com\/fr\/","logo":{"@type":"ImageObject","inLanguage":"fr-FR","@id":"https:\/\/www.beronet.com\/fr\/#\/schema\/logo\/image\/","url":"https:\/\/www.beronet.com\/wp-content\/uploads\/2018\/09\/logo-1.png","contentUrl":"https:\/\/www.beronet.com\/wp-content\/uploads\/2018\/09\/logo-1.png","width":197,"height":40,"caption":"beroNet GmbH"},"image":{"@id":"https:\/\/www.beronet.com\/fr\/#\/schema\/logo\/image\/"}}]}},"_links":{"self":[{"href":"https:\/\/www.beronet.com\/fr\/wp-json\/wp\/v2\/pages\/54693","targetHints":{"allow":["GET"]}}],"collection":[{"href":"https:\/\/www.beronet.com\/fr\/wp-json\/wp\/v2\/pages"}],"about":[{"href":"https:\/\/www.beronet.com\/fr\/wp-json\/wp\/v2\/types\/page"}],"author":[{"embeddable":true,"href":"https:\/\/www.beronet.com\/fr\/wp-json\/wp\/v2\/users\/1"}],"replies":[{"embeddable":true,"href":"https:\/\/www.beronet.com\/fr\/wp-json\/wp\/v2\/comments?post=54693"}],"version-history":[{"count":16,"href":"https:\/\/www.beronet.com\/fr\/wp-json\/wp\/v2\/pages\/54693\/revisions"}],"predecessor-version":[{"id":59582,"href":"https:\/\/www.beronet.com\/fr\/wp-json\/wp\/v2\/pages\/54693\/revisions\/59582"}],"up":[{"embeddable":true,"href":"https:\/\/www.beronet.com\/fr\/wp-json\/wp\/v2\/pages\/52997"}],"wp:attachment":[{"href":"https:\/\/www.beronet.com\/fr\/wp-json\/wp\/v2\/media?parent=54693"}],"wp:term":[{"taxonomy":"post_tag","embeddable":true,"href":"https:\/\/www.beronet.com\/fr\/wp-json\/wp\/v2\/tags?post=54693"}],"curies":[{"name":"wp","href":"https:\/\/api.w.org\/{rel}","templated":true}]}}