{"id":55019,"date":"2019-03-12T19:59:58","date_gmt":"2019-03-12T19:59:58","guid":{"rendered":"http:\/\/alpha.beronet.com\/beronet-cloud-management\/"},"modified":"2020-12-07T15:55:48","modified_gmt":"2020-12-07T15:55:48","slug":"beronet-cloud-management","status":"publish","type":"page","link":"https:\/\/www.beronet.com\/fr\/beronet-cloud-management\/","title":{"rendered":"beroNet Cloud Management"},"content":{"rendered":"<p>[vc_row full_width=&#8221;stretch_row&#8221; full_height=&#8221;yes&#8221; css=&#8221;.vc_custom_1554830048712{margin-top: -70px !important;padding-top: 30px !important;padding-bottom: 50px !important;background-image: url(https:\/\/www.beronet.com\/wp-content\/uploads\/2018\/11\/BG-gray.jpg?id=52984) !important;background-position: center !important;background-repeat: no-repeat !important;background-size: cover !important;}&#8221;][vc_column][vc_column_text css=&#8221;.vc_custom_1552215594991{margin-top: -15px !important;padding-right: 40px !important;padding-left: 40px !important;}&#8221;]<\/p>\n<h1 style=\"text-align: center;\">Le premier service d\u2019administration de passerelles VoIP via Cloud au monde<\/h1>\n<p>[\/vc_column_text][vc_empty_space height=&#8221;35&#8243;]<style type=\"text\/css\" data-type=\"the7_shortcodes-inline-css\">.shortcode-single-image-wrap.shortcode-single-image-a03000f888832c501d670c9030494f5f.enable-bg-rollover .rollover i,\n.shortcode-single-image-wrap.shortcode-single-image-a03000f888832c501d670c9030494f5f.enable-bg-rollover .rollover-video i {\n  background: ;\n  background: -webkit-linear-gradient();\n  background: linear-gradient();\n}\n.shortcode-single-image-wrap.shortcode-single-image-a03000f888832c501d670c9030494f5f .rollover-icon {\n  font-size: 32px;\n  color: #ffffff;\n  min-width: 44px;\n  min-height: 44px;\n  line-height: 44px;\n  border-radius: 100px;\n  border-style: solid;\n  border-width: 0px;\n}\n.dt-icon-bg-on.shortcode-single-image-wrap.shortcode-single-image-a03000f888832c501d670c9030494f5f .rollover-icon {\n  background: rgba(255,255,255,0.3);\n  box-shadow: none;\n}\n<\/style><div class=\"shortcode-single-image-wrap shortcode-single-image-a03000f888832c501d670c9030494f5f alignnone fadeInUp animate-element  enable-bg-rollover dt-icon-bg-off\" style=\"margin-top:0px; margin-bottom:0px; margin-left:0px; margin-right:0px; width:1031px;\"><div class=\"shortcode-single-image\"><div class=\"fancy-media-wrap  layzr-bg\" style=\"\"><img loading=\"lazy\" decoding=\"async\" class=\"preload-me lazy-load\" src=\"data:image\/svg+xml,%3Csvg%20xmlns%3D&#39;http%3A%2F%2Fwww.w3.org%2F2000%2Fsvg&#39;%20viewBox%3D&#39;0%200%201000%20484&#39;%2F%3E\" data-src=\"https:\/\/www.beronet.com\/wp-content\/uploads\/2019\/03\/beroNet-Cloud-on-responsive-devices.png\" data-srcset=\"https:\/\/www.beronet.com\/wp-content\/uploads\/2019\/03\/beroNet-Cloud-on-responsive-devices.png 1000w\" width=\"1000\" height=\"484\"  data-dt-location=\"https:\/\/www.beronet.com\/fr\/beronet-cloud-management\/attachment\/beronet-cloud-on-responsive-devices-2\/\" style=\"\" alt=\"beroNet-Cloud-on-devices\" \/><\/div><\/div><\/div>[\/vc_column][\/vc_row][vc_row content_placement=&#8221;middle&#8221; css=&#8221;.vc_custom_1550248647897{padding-right: 15px !important;padding-bottom: 50px !important;padding-left: 15px !important;}&#8221;][vc_column width=&#8221;1\/2&#8243;][vc_column_text]<\/p>\n<h3>Facile, pratique, s\u00fbr.<\/h3>\n<p>Gr\u00e2ce au beroNet Cloud, les int\u00e9grateurs et op\u00e9rateurs peuvent administrer leurs \u00e9quipements beroNet VoIP \u00e0 distance depuis n\u2019importe quel navigateur Internet. Les \u00e9quipements envoient des informations au cloud sans cr\u00e9er de probl\u00e8me de s\u00e9curit\u00e9 et sans modification pr\u00e9alable des param\u00e8tres du pare-feu.<\/p>\n<p>Mise \u00e0 jour, acc\u00e8s \u00e0 distance de toutes les appareils, administration de projets etc.<\/p>\n<p><strong>Inscription avec ESSAI GRATUIT de 30 jours :<\/strong><br \/>\n<a href=\"https:\/\/berocloud.beronet.com\/\" target=\"_blank\" rel=\"noopener noreferrer\">https:\/\/berocloud.beronet.com\/<\/a>[\/vc_column_text][\/vc_column][vc_column width=&#8221;1\/2&#8243;][vc_empty_space][vc_single_image image=&#8221;54748&#8243; img_size=&#8221;full&#8221; alignment=&#8221;center&#8221;][\/vc_column][\/vc_row][vc_row full_width=&#8221;stretch_row&#8221; content_placement=&#8221;middle&#8221; css=&#8221;.vc_custom_1542988189222{padding-top: 35px !important;padding-bottom: 50px !important;background-color: #f8f8f8 !important;}&#8221;][vc_column width=&#8221;1\/2&#8243;][vc_single_image image=&#8221;54751&#8243; img_size=&#8221;large&#8221; alignment=&#8221;center&#8221; css=&#8221;.vc_custom_1552129152639{padding-top: 25px !important;padding-bottom: 25px !important;}&#8221;][\/vc_column][vc_column width=&#8221;1\/2&#8243;][vc_column_text]<\/p>\n<h3>Gestion des filiales<\/h3>\n<p>Gr\u00e2ce \u00e0 la convivialit\u00e9 de l&#8217;interface graphique Web de beroNet Cloud, les passerelles et les cartes PCI(e) VoIP, les session border controllers et appliances de t\u00e9l\u00e9phonie beroNet peuvent \u00eatre administr\u00e9es facilement et en toute s\u00e9curit\u00e9. Tout est en vue avec le tableau de bord, toutes les statistiques des appareils peuvent \u00eatre reconnues en un coup d&#8217;\u0153il.[\/vc_column_text]<style type=\"text\/css\" data-type=\"the7_shortcodes-inline-css\">#default-btn-4ebba8f153600c253a80dd2b9bf9572e.ico-right-side > i {\n  margin-right: 0px;\n  margin-left: 8px;\n}\n#default-btn-4ebba8f153600c253a80dd2b9bf9572e > i {\n  margin-right: 8px;\n}\n<\/style><a href=\"https:\/\/beronet.atlassian.net\/wiki\/spaces\/PUB\/overview\" class=\"default-btn-shortcode dt-btn dt-btn-s link-hover-off btn-inline-left  vc_custom_1590413693487\" id=\"default-btn-4ebba8f153600c253a80dd2b9bf9572e\"><span>DOCUMENTATION TECHNIQUE<\/span><\/a><style type=\"text\/css\" data-type=\"the7_shortcodes-inline-css\">#default-btn-535e4e94fae2f3fb13d3bcb6f8e90be0.ico-right-side > i {\n  margin-right: 0px;\n  margin-left: 8px;\n}\n#default-btn-535e4e94fae2f3fb13d3bcb6f8e90be0 > i {\n  margin-right: 8px;\n}\n<\/style><a href=\"https:\/\/berocloud.beronet.com\/\" class=\"default-btn-shortcode dt-btn dt-btn-s link-hover-off btn-inline-left \" target=\"_blank\" id=\"default-btn-535e4e94fae2f3fb13d3bcb6f8e90be0\" rel=\"noopener\"><span>INSCRIPTION &#8211; ESSAI GRATUIT 30 JOURS<\/span><\/a>[\/vc_column][\/vc_row][vc_row css=&#8221;.vc_custom_1542747413709{padding-top: 60px !important;padding-right: 20px !important;padding-bottom: 60px !important;padding-left: 20px !important;}&#8221;][vc_column css=&#8221;.vc_custom_1542747300005{padding-right: 15px !important;padding-left: 15px !important;}&#8221;][vc_column_text el_id=&#8221;details&#8221;]<\/p>\n<h2 id=\"#details\" style=\"text-align: center;\">Avantages du cloud beroNet<\/h2>\n<p>[\/vc_column_text][\/vc_column][\/vc_row][vc_row css=&#8221;.vc_custom_1542747320846{padding-right: 15px !important;padding-left: 15px !important;}&#8221;][vc_column width=&#8221;1\/2&#8243;]<div class=\"aio-icon-component    style_1\"><div id=\"Info-box-wrap-2395\" class=\"aio-icon-box left-icon\" style=\"\"  ><div class=\"aio-icon-left\"><div class=\"ult-just-icon-wrapper  \"><div class=\"align-icon\" style=\"text-align:center;\">\n<div class=\"aio-icon-img \" style=\"font-size:85px;display:inline-block;\" >\n\t<img decoding=\"async\" class=\"img-icon\" alt=\"null\" src=\"https:\/\/www.beronet.com\/wp-content\/uploads\/2018\/11\/Easy-to-configure.png\"\/>\n<\/div><\/div><\/div><\/div><div class=\"aio-ibd-block\"><div class=\"aio-icon-header\" ><h3 class=\"aio-icon-title ult-responsive\"  data-ultimate-target='#Info-box-wrap-2395 .aio-icon-title'  data-responsive-json-new='{\"font-size\":\"desktop:18px;\",\"line-height\":\"\"}'  style=\"\">Interface utilisateur graphique Web intuitive:<\/h3><\/div> <!-- header --><div class=\"aio-icon-description ult-responsive\"  data-ultimate-target='#Info-box-wrap-2395 .aio-icon-description'  data-responsive-json-new='{\"font-size\":\"\",\"line-height\":\"\"}'  style=\"\">Utilisation facile du cloud depuis n&#8217;importe quel navigateur Web<\/div> <!-- description --><\/div> <!-- aio-ibd-block --><\/div> <!-- aio-icon-box --><\/div> <!-- aio-icon-component -->[\/vc_column][vc_column width=&#8221;1\/2&#8243;]<div class=\"aio-icon-component    style_1\"><div id=\"Info-box-wrap-5954\" class=\"aio-icon-box left-icon\" style=\"\"  ><div class=\"aio-icon-left\"><div class=\"ult-just-icon-wrapper  \"><div class=\"align-icon\" style=\"text-align:center;\">\n<div class=\"aio-icon-img \" style=\"font-size:85px;display:inline-block;\" >\n\t<img decoding=\"async\" class=\"img-icon\" alt=\"null\" src=\"https:\/\/www.beronet.com\/wp-content\/uploads\/2018\/11\/Cloud-managed-and-monitored.png\"\/>\n<\/div><\/div><\/div><\/div><div class=\"aio-ibd-block\"><div class=\"aio-icon-header\" ><h3 class=\"aio-icon-title ult-responsive\"  data-ultimate-target='#Info-box-wrap-5954 .aio-icon-title'  data-responsive-json-new='{\"font-size\":\"desktop:18px;\",\"line-height\":\"\"}'  style=\"\">Gestion de la localisation:<\/h3><\/div> <!-- header --><div class=\"aio-icon-description ult-responsive\"  data-ultimate-target='#Info-box-wrap-5954 .aio-icon-description'  data-responsive-json-new='{\"font-size\":\"\",\"line-height\":\"\"}'  style=\"\">Gestion de plusieurs appareils d&#8217;un emplacement central<\/div> <!-- description --><\/div> <!-- aio-ibd-block --><\/div> <!-- aio-icon-box --><\/div> <!-- aio-icon-component -->[\/vc_column][\/vc_row][vc_row css=&#8221;.vc_custom_1542747312597{padding-right: 15px !important;padding-left: 15px !important;}&#8221;][vc_column width=&#8221;1\/2&#8243;]<div class=\"aio-icon-component    style_1\"><div id=\"Info-box-wrap-2411\" class=\"aio-icon-box left-icon\" style=\"\"  ><div class=\"aio-icon-left\"><div class=\"ult-just-icon-wrapper  \"><div class=\"align-icon\" style=\"text-align:center;\">\n<div class=\"aio-icon-img \" style=\"font-size:85px;display:inline-block;\" >\n\t<img decoding=\"async\" class=\"img-icon\" alt=\"null\" src=\"https:\/\/www.beronet.com\/wp-content\/uploads\/2018\/11\/5-Minute-Installation.png\"\/>\n<\/div><\/div><\/div><\/div><div class=\"aio-ibd-block\"><div class=\"aio-icon-header\" ><h3 class=\"aio-icon-title ult-responsive\"  data-ultimate-target='#Info-box-wrap-2411 .aio-icon-title'  data-responsive-json-new='{\"font-size\":\"desktop:18px;\",\"line-height\":\"\"}'  style=\"\">Mises \u00e0 jour et configuration:<\/h3><\/div> <!-- header --><div class=\"aio-icon-description ult-responsive\"  data-ultimate-target='#Info-box-wrap-2411 .aio-icon-description'  data-responsive-json-new='{\"font-size\":\"\",\"line-height\":\"\"}'  style=\"\">Configuration et mise \u00e0 jour de tous les appareils en m\u00eame temps sur le terrain<\/div> <!-- description --><\/div> <!-- aio-ibd-block --><\/div> <!-- aio-icon-box --><\/div> <!-- aio-icon-component -->[\/vc_column][vc_column width=&#8221;1\/2&#8243;]<div class=\"aio-icon-component    style_1\"><div id=\"Info-box-wrap-8620\" class=\"aio-icon-box left-icon\" style=\"\"  ><div class=\"aio-icon-left\"><div class=\"ult-just-icon-wrapper  \"><div class=\"align-icon\" style=\"text-align:center;\">\n<div class=\"aio-icon-img \" style=\"font-size:85px;display:inline-block;\" >\n\t<img decoding=\"async\" class=\"img-icon\" alt=\"null\" src=\"https:\/\/www.beronet.com\/wp-content\/uploads\/2018\/11\/Compatible.png\"\/>\n<\/div><\/div><\/div><\/div><div class=\"aio-ibd-block\"><div class=\"aio-icon-header\" ><h3 class=\"aio-icon-title ult-responsive\"  data-ultimate-target='#Info-box-wrap-8620 .aio-icon-title'  data-responsive-json-new='{\"font-size\":\"desktop:18px;\",\"line-height\":\"\"}'  style=\"\">S\u00e9curit\u00e9 absolue:<\/h3><\/div> <!-- header --><div class=\"aio-icon-description ult-responsive\"  data-ultimate-target='#Info-box-wrap-8620 .aio-icon-description'  data-responsive-json-new='{\"font-size\":\"\",\"line-height\":\"\"}'  style=\"\">L&#8217;appareil envoie de l&#8217;int\u00e9rieur \u00e0 travers le pare-feu son \u00e9tat actuel vers le cloud.<\/div> <!-- description --><\/div> <!-- aio-ibd-block --><\/div> <!-- aio-icon-box --><\/div> <!-- aio-icon-component -->[\/vc_column][\/vc_row][vc_row][vc_column][vc_empty_space height=&#8221;40&#8243;][\/vc_column][\/vc_row][vc_row css=&#8221;.vc_custom_1552212026465{padding-top: 60px !important;padding-right: 20px !important;padding-bottom: 60px !important;padding-left: 20px !important;}&#8221;][vc_column css=&#8221;.vc_custom_1542747300005{padding-right: 15px !important;padding-left: 15px !important;}&#8221;][vc_column_text]<\/p>\n<h2 id=\"#details\" style=\"text-align: center;\">Caract\u00e9ristiques et sp\u00e9cifications<\/h2>\n<p>[\/vc_column_text][\/vc_column][\/vc_row][vc_row][vc_column width=&#8221;1\/2&#8243;][vc_column_text css=&#8221;.vc_custom_1552216971579{margin-top: -15px !important;padding-right: 40px !important;padding-left: 40px !important;}&#8221;]<\/p>\n<h4 style=\"text-align: left;\">Gestion \u00e0 distance de<\/h4>\n<p>[\/vc_column_text]<div class=\"image-arrow list-divider bullet-top\"><ul>\n<li>P\u00e9riph\u00e9riques VoIP (passerelles, cartes PCI(e), session border controllers, appliances)<\/li>\n<li>Clients, Projets<\/li>\n<li>Planification de t\u00e2ches automatiques<\/li>\n<li>Administration et surveillance \u00e0 distance<\/li>\n<li>Notification en cas de panne<\/li>\n<li>Mise \u00e0 jour des micrologiciels<\/li>\n<li>Sauvegardes de vos param\u00e8tres<\/li>\n<li>R\u00e9tablissement de vos r\u00e9glages<\/li>\n<li>Mise en place rapide de projets<\/li>\n<\/ul>\n<\/div>[\/vc_column][vc_column width=&#8221;1\/2&#8243;][vc_column_text css=&#8221;.vc_custom_1552212786238{margin-top: -15px !important;padding-right: 40px !important;padding-left: 40px !important;}&#8221;]<\/p>\n<h4 style=\"text-align: left;\">Functions, Notifications,\u00a0Project Management<\/h4>\n<p>[\/vc_column_text]<div class=\"image-arrow list-divider bullet-top\"><ul>\n<li>Les appareils envoient tous les min. Https Pings vers le cloud beroNet, aucun NAT n\u00e9cessaire<\/li>\n<li>Les t\u00e2ches sont demand\u00e9es et effectu\u00e9es<\/li>\n<li>Situation g\u00e9n\u00e9rale des appareils<\/li>\n<li>Changements de connexion et d&#8217;\u00e9tat<\/li>\n<li>Compteur d&#8217;erreur CRC<\/li>\n<li>Enregistrement SIP et LTE<\/li>\n<li>Attribuer des t\u00e2ches \u00e0 plusieurs appareils simultan\u00e9ment<\/li>\n<li>La gestion de clients (seulement comptes professionnel et partenaire)<\/li>\n<li>Provisioning \u00e0 distance au d\u00e9marrage (seulement comptes professionnel et partenaire)<\/li>\n<li><span style=\"color: #cb001c;\"><a style=\"color: #cb001c;\" href=\"\/wp-content\/uploads\/2019\/03\/beronet-cloud-en.pdf\">T\u00c9L\u00c9CHARGER LA FICHE TECHNIQUE<\/a><\/span><\/li>\n<\/ul>\n<\/div>[\/vc_column][\/vc_row][vc_row full_width=&#8221;stretch_row&#8221; content_placement=&#8221;middle&#8221; bg_type=&#8221;image&#8221; css=&#8221;.vc_custom_1554830063742{margin-top: 70px !important;margin-bottom: -70px !important;padding-top: 80px !important;padding-right: 0px !important;padding-bottom: 80px !important;padding-left: 0px !important;background-image: url(https:\/\/www.beronet.com\/wp-content\/uploads\/2018\/10\/BG-1.jpg?id=53690) !important;background-position: center !important;background-repeat: no-repeat !important;background-size: cover !important;}&#8221;][vc_column css=&#8221;.vc_custom_1540210235282{padding-right: 50px !important;padding-left: 50px !important;background-position: center !important;background-repeat: no-repeat !important;background-size: contain !important;}&#8221;][vc_column_text]<\/p>\n<h4 style=\"text-align: center;\">Besoin d&#8217;une fonctionnalit\u00e9 que vous ne voyez pas? Contactez-nous directement en \u00e9crivant un courriel\u00a0\u00e0\u00a0<span style=\"color: #c0001e;\"><strong><a style=\"color: #c0001e;\" href=\"mailto:sales@beronet.com\">sales@beronet.com<\/a>.<\/strong><\/span><\/h4>\n<h4 style=\"text-align: center;\">Si nous ne l\u2019avons pas, nous pouvons le construire ou vous pr\u00e9senter notre API.<\/h4>\n<p>[\/vc_column_text][vc_column_text]<\/p>\n<p style=\"text-align: center;\"><strong><a href=\"\/fr\/services\/#development\">D\u00c9VELOPPEMENT SUR MESURE<\/a><\/strong><\/p>\n<p>[\/vc_column_text][\/vc_column][\/vc_row]<\/p>\n","protected":false},"excerpt":{"rendered":"<p>[vc_row full_width=&#8221;stretch_row&#8221; full_height=&#8221;yes&#8221; css=&#8221;.vc_custom_1554830048712{margin-top: -70px !important;padding-top: 30px !important;padding-bottom: 50px !important;background-image: url(https:\/\/www.beronet.com\/wp-content\/uploads\/2018\/11\/BG-gray.jpg?id=52984) !important;background-position: center !important;background-repeat: no-repeat !important;background-size: cover !important;}&#8221;][vc_column][vc_column_text css=&#8221;.vc_custom_1552215594991{margin-top: -15px !important;padding-right: 40px !important;padding-left: 40px !important;}&#8221;] Le premier service d\u2019administration de passerelles VoIP via Cloud au monde [\/vc_column_text][vc_empty_space height=&#8221;35&#8243;][\/vc_column][\/vc_row][vc_row content_placement=&#8221;middle&#8221; css=&#8221;.vc_custom_1550248647897{padding-right: 15px !important;padding-bottom: 50px !important;padding-left: 15px !important;}&#8221;][vc_column width=&#8221;1\/2&#8243;][vc_column_text] Facile, pratique, s\u00fbr. Gr\u00e2ce au beroNet Cloud, les&hellip;<\/p>\n","protected":false},"author":2,"featured_media":0,"parent":0,"menu_order":0,"comment_status":"closed","ping_status":"closed","template":"","meta":{"content-type":""},"tags":[],"class_list":["post-55019","page","type-page","status-publish","hentry","description-off"],"yoast_head":"<!-- This site is optimized with the Yoast SEO plugin v24.1 - https:\/\/yoast.com\/wordpress\/plugins\/seo\/ -->\n<title>beroNet Cloud Management - beroNet<\/title>\n<meta name=\"description\" content=\"La premi\u00e8re solution cloud en mode SaaS au monde pour les technologies VoIP. Gr\u00e2ce \u00e0 la t\u00e9l\u00e9surveillance, une efficacit\u00e9 \u00e9lev\u00e9e et des \u00e9conomies de co\u00fbts peuvent \u00eatre obtenues.\" \/>\n<meta name=\"robots\" content=\"index, follow, max-snippet:-1, max-image-preview:large, max-video-preview:-1\" \/>\n<link rel=\"canonical\" href=\"https:\/\/www.beronet.com\/fr\/beronet-cloud-management\/\" \/>\n<meta property=\"og:locale\" content=\"fr_FR\" \/>\n<meta property=\"og:type\" content=\"article\" \/>\n<meta property=\"og:title\" content=\"beroNet Cloud Management - beroNet\" \/>\n<meta property=\"og:description\" content=\"La premi\u00e8re solution cloud en mode SaaS au monde pour les technologies VoIP. Gr\u00e2ce \u00e0 la t\u00e9l\u00e9surveillance, une efficacit\u00e9 \u00e9lev\u00e9e et des \u00e9conomies de co\u00fbts peuvent \u00eatre obtenues.\" \/>\n<meta property=\"og:url\" content=\"https:\/\/www.beronet.com\/fr\/beronet-cloud-management\/\" \/>\n<meta property=\"og:site_name\" content=\"beroNet\" \/>\n<meta property=\"article:modified_time\" content=\"2020-12-07T15:55:48+00:00\" \/>\n<meta name=\"twitter:card\" content=\"summary_large_image\" \/>\n<meta name=\"twitter:label1\" content=\"Dur\u00e9e de lecture estim\u00e9e\" \/>\n\t<meta name=\"twitter:data1\" content=\"5 minutes\" \/>\n<script type=\"application\/ld+json\" class=\"yoast-schema-graph\">{\"@context\":\"https:\/\/schema.org\",\"@graph\":[{\"@type\":\"WebPage\",\"@id\":\"https:\/\/www.beronet.com\/fr\/beronet-cloud-management\/\",\"url\":\"https:\/\/www.beronet.com\/fr\/beronet-cloud-management\/\",\"name\":\"beroNet Cloud Management - beroNet\",\"isPartOf\":{\"@id\":\"https:\/\/www.beronet.com\/fr\/#website\"},\"datePublished\":\"2019-03-12T19:59:58+00:00\",\"dateModified\":\"2020-12-07T15:55:48+00:00\",\"description\":\"La premi\u00e8re solution cloud en mode SaaS au monde pour les technologies VoIP. Gr\u00e2ce \u00e0 la t\u00e9l\u00e9surveillance, une efficacit\u00e9 \u00e9lev\u00e9e et des \u00e9conomies de co\u00fbts peuvent \u00eatre obtenues.\",\"breadcrumb\":{\"@id\":\"https:\/\/www.beronet.com\/fr\/beronet-cloud-management\/#breadcrumb\"},\"inLanguage\":\"fr-FR\",\"potentialAction\":[{\"@type\":\"ReadAction\",\"target\":[\"https:\/\/www.beronet.com\/fr\/beronet-cloud-management\/\"]}]},{\"@type\":\"BreadcrumbList\",\"@id\":\"https:\/\/www.beronet.com\/fr\/beronet-cloud-management\/#breadcrumb\",\"itemListElement\":[{\"@type\":\"ListItem\",\"position\":1,\"name\":\"Start\",\"item\":\"https:\/\/www.beronet.com\/fr\/\"},{\"@type\":\"ListItem\",\"position\":2,\"name\":\"beroNet Cloud Management\"}]},{\"@type\":\"WebSite\",\"@id\":\"https:\/\/www.beronet.com\/fr\/#website\",\"url\":\"https:\/\/www.beronet.com\/fr\/\",\"name\":\"beroNet\",\"description\":\"Passerelles et appliances VoIP administrables via Cloud\",\"publisher\":{\"@id\":\"https:\/\/www.beronet.com\/fr\/#organization\"},\"potentialAction\":[{\"@type\":\"SearchAction\",\"target\":{\"@type\":\"EntryPoint\",\"urlTemplate\":\"https:\/\/www.beronet.com\/fr\/?s={search_term_string}\"},\"query-input\":{\"@type\":\"PropertyValueSpecification\",\"valueRequired\":true,\"valueName\":\"search_term_string\"}}],\"inLanguage\":\"fr-FR\"},{\"@type\":\"Organization\",\"@id\":\"https:\/\/www.beronet.com\/fr\/#organization\",\"name\":\"beroNet GmbH\",\"url\":\"https:\/\/www.beronet.com\/fr\/\",\"logo\":{\"@type\":\"ImageObject\",\"inLanguage\":\"fr-FR\",\"@id\":\"https:\/\/www.beronet.com\/fr\/#\/schema\/logo\/image\/\",\"url\":\"https:\/\/www.beronet.com\/wp-content\/uploads\/2018\/09\/logo-1.png\",\"contentUrl\":\"https:\/\/www.beronet.com\/wp-content\/uploads\/2018\/09\/logo-1.png\",\"width\":197,\"height\":40,\"caption\":\"beroNet GmbH\"},\"image\":{\"@id\":\"https:\/\/www.beronet.com\/fr\/#\/schema\/logo\/image\/\"}}]}<\/script>\n<!-- \/ Yoast SEO plugin. -->","yoast_head_json":{"title":"beroNet Cloud Management - beroNet","description":"La premi\u00e8re solution cloud en mode SaaS au monde pour les technologies VoIP. Gr\u00e2ce \u00e0 la t\u00e9l\u00e9surveillance, une efficacit\u00e9 \u00e9lev\u00e9e et des \u00e9conomies de co\u00fbts peuvent \u00eatre obtenues.","robots":{"index":"index","follow":"follow","max-snippet":"max-snippet:-1","max-image-preview":"max-image-preview:large","max-video-preview":"max-video-preview:-1"},"canonical":"https:\/\/www.beronet.com\/fr\/beronet-cloud-management\/","og_locale":"fr_FR","og_type":"article","og_title":"beroNet Cloud Management - beroNet","og_description":"La premi\u00e8re solution cloud en mode SaaS au monde pour les technologies VoIP. Gr\u00e2ce \u00e0 la t\u00e9l\u00e9surveillance, une efficacit\u00e9 \u00e9lev\u00e9e et des \u00e9conomies de co\u00fbts peuvent \u00eatre obtenues.","og_url":"https:\/\/www.beronet.com\/fr\/beronet-cloud-management\/","og_site_name":"beroNet","article_modified_time":"2020-12-07T15:55:48+00:00","twitter_card":"summary_large_image","twitter_misc":{"Dur\u00e9e de lecture estim\u00e9e":"5 minutes"},"schema":{"@context":"https:\/\/schema.org","@graph":[{"@type":"WebPage","@id":"https:\/\/www.beronet.com\/fr\/beronet-cloud-management\/","url":"https:\/\/www.beronet.com\/fr\/beronet-cloud-management\/","name":"beroNet Cloud Management - beroNet","isPartOf":{"@id":"https:\/\/www.beronet.com\/fr\/#website"},"datePublished":"2019-03-12T19:59:58+00:00","dateModified":"2020-12-07T15:55:48+00:00","description":"La premi\u00e8re solution cloud en mode SaaS au monde pour les technologies VoIP. Gr\u00e2ce \u00e0 la t\u00e9l\u00e9surveillance, une efficacit\u00e9 \u00e9lev\u00e9e et des \u00e9conomies de co\u00fbts peuvent \u00eatre obtenues.","breadcrumb":{"@id":"https:\/\/www.beronet.com\/fr\/beronet-cloud-management\/#breadcrumb"},"inLanguage":"fr-FR","potentialAction":[{"@type":"ReadAction","target":["https:\/\/www.beronet.com\/fr\/beronet-cloud-management\/"]}]},{"@type":"BreadcrumbList","@id":"https:\/\/www.beronet.com\/fr\/beronet-cloud-management\/#breadcrumb","itemListElement":[{"@type":"ListItem","position":1,"name":"Start","item":"https:\/\/www.beronet.com\/fr\/"},{"@type":"ListItem","position":2,"name":"beroNet Cloud Management"}]},{"@type":"WebSite","@id":"https:\/\/www.beronet.com\/fr\/#website","url":"https:\/\/www.beronet.com\/fr\/","name":"beroNet","description":"Passerelles et appliances VoIP administrables via Cloud","publisher":{"@id":"https:\/\/www.beronet.com\/fr\/#organization"},"potentialAction":[{"@type":"SearchAction","target":{"@type":"EntryPoint","urlTemplate":"https:\/\/www.beronet.com\/fr\/?s={search_term_string}"},"query-input":{"@type":"PropertyValueSpecification","valueRequired":true,"valueName":"search_term_string"}}],"inLanguage":"fr-FR"},{"@type":"Organization","@id":"https:\/\/www.beronet.com\/fr\/#organization","name":"beroNet GmbH","url":"https:\/\/www.beronet.com\/fr\/","logo":{"@type":"ImageObject","inLanguage":"fr-FR","@id":"https:\/\/www.beronet.com\/fr\/#\/schema\/logo\/image\/","url":"https:\/\/www.beronet.com\/wp-content\/uploads\/2018\/09\/logo-1.png","contentUrl":"https:\/\/www.beronet.com\/wp-content\/uploads\/2018\/09\/logo-1.png","width":197,"height":40,"caption":"beroNet GmbH"},"image":{"@id":"https:\/\/www.beronet.com\/fr\/#\/schema\/logo\/image\/"}}]}},"_links":{"self":[{"href":"https:\/\/www.beronet.com\/fr\/wp-json\/wp\/v2\/pages\/55019","targetHints":{"allow":["GET"]}}],"collection":[{"href":"https:\/\/www.beronet.com\/fr\/wp-json\/wp\/v2\/pages"}],"about":[{"href":"https:\/\/www.beronet.com\/fr\/wp-json\/wp\/v2\/types\/page"}],"author":[{"embeddable":true,"href":"https:\/\/www.beronet.com\/fr\/wp-json\/wp\/v2\/users\/2"}],"replies":[{"embeddable":true,"href":"https:\/\/www.beronet.com\/fr\/wp-json\/wp\/v2\/comments?post=55019"}],"version-history":[{"count":17,"href":"https:\/\/www.beronet.com\/fr\/wp-json\/wp\/v2\/pages\/55019\/revisions"}],"predecessor-version":[{"id":58604,"href":"https:\/\/www.beronet.com\/fr\/wp-json\/wp\/v2\/pages\/55019\/revisions\/58604"}],"wp:attachment":[{"href":"https:\/\/www.beronet.com\/fr\/wp-json\/wp\/v2\/media?parent=55019"}],"wp:term":[{"taxonomy":"post_tag","embeddable":true,"href":"https:\/\/www.beronet.com\/fr\/wp-json\/wp\/v2\/tags?post=55019"}],"curies":[{"name":"wp","href":"https:\/\/api.w.org\/{rel}","templated":true}]}}